{"id":105,"date":"2018-10-29T00:00:00","date_gmt":"2018-10-29T04:00:00","guid":{"rendered":"http:\/\/egyptianwisdomcenter.org\/egyptian-ideograms-pictorial-representations-and-meanings\/"},"modified":"2023-10-20T10:28:13","modified_gmt":"2023-10-20T14:28:13","slug":"egyptian-ideograms-pictorial-representations-and-meanings","status":"publish","type":"page","link":"https:\/\/egyptianwisdomcenter.org\/de\/agyptische-ideogramme-bildliche-darstellungen-und-bedeutungen-2\/","title":{"rendered":"\u00c4gyptische Ideogramme [bildliche Darstellungen und Bedeutungen]"},"content":{"rendered":"<h2>\u00c4gyptische Ideogramme [bildliche Darstellungen und Bedeutungen]<\/h2>\n<ul>\n<li><a href=\"https:\/\/egyptianwisdomcenter.org\/de\/die-bildlichen-und-alphabetischen-schreibmodi-2\/\">Die bildlichen und alphabetischen Schreibmodi<\/a><\/li>\n<li><a href=\"https:\/\/egyptianwisdomcenter.org\/de\/bilder-sprache-des-geistes-bewusstsein-gottlich-2\/\">Bilder: Sprache des Geistes\/Bewusstseins\/G\u00f6ttliches<\/a><\/li>\n<li><a href=\"https:\/\/egyptianwisdomcenter.org\/de\/das-agyptische-bildliche-metaphysische-bilderskript-2\/\">Die \u00e4gyptischen bildlichen metaphysischen Bilder\/Schrift<\/a><\/li>\n<li><a href=\"https:\/\/egyptianwisdomcenter.org\/de\/die-drei-rollen-jedes-agyptischen-hieroglyphenbildes-2\/\">Die drei Rollen jedes \u00e4gyptischen Hieroglyphenbildes<\/a><\/li>\n<li><a href=\"https:\/\/egyptianwisdomcenter.org\/de\/ein-uberblick-uber-die-agyptische-bildung-von-ideogrammen\/\">Ein \u00dcberblick \u00fcber die \u00e4gyptische Ideogrammbildung<\/a><\/li>\n<\/ul>","protected":false},"excerpt":{"rendered":"<p>Egyptian Ideograms [Pictorial Representations and Meanings] The Imagery and Alphabetical Writing Modes Images: Language of the Mind\/Consciousness\/Divine The Egyptian Pictorial Metaphysical Images\/Script [&hellip;]<\/p>","protected":false},"author":3,"featured_media":0,"parent":0,"menu_order":0,"comment_status":"closed","ping_status":"closed","template":"","meta":{"footnotes":""},"class_list":["post-105","page","type-page","status-publish","hentry"],"aioseo_notices":[],"_links":{"self":[{"href":"https:\/\/egyptianwisdomcenter.org\/de\/wp-json\/wp\/v2\/pages\/105","targetHints":{"allow":["GET"]}}],"collection":[{"href":"https:\/\/egyptianwisdomcenter.org\/de\/wp-json\/wp\/v2\/pages"}],"about":[{"href":"https:\/\/egyptianwisdomcenter.org\/de\/wp-json\/wp\/v2\/types\/page"}],"author":[{"embeddable":true,"href":"https:\/\/egyptianwisdomcenter.org\/de\/wp-json\/wp\/v2\/users\/3"}],"replies":[{"embeddable":true,"href":"https:\/\/egyptianwisdomcenter.org\/de\/wp-json\/wp\/v2\/comments?post=105"}],"version-history":[{"count":1,"href":"https:\/\/egyptianwisdomcenter.org\/de\/wp-json\/wp\/v2\/pages\/105\/revisions"}],"predecessor-version":[{"id":68343,"href":"https:\/\/egyptianwisdomcenter.org\/de\/wp-json\/wp\/v2\/pages\/105\/revisions\/68343"}],"wp:attachment":[{"href":"https:\/\/egyptianwisdomcenter.org\/de\/wp-json\/wp\/v2\/media?parent=105"}],"curies":[{"name":"wp","href":"https:\/\/api.w.org\/{rel}","templated":true}]}}