{"id":106,"date":"2018-10-29T00:00:00","date_gmt":"2018-10-29T04:00:00","guid":{"rendered":"http:\/\/egyptianwisdomcenter.org\/the-egyptian-musical-heritage\/"},"modified":"2019-04-29T17:15:21","modified_gmt":"2019-04-29T21:15:21","slug":"the-egyptian-musical-heritage","status":"publish","type":"page","link":"https:\/\/egyptianwisdomcenter.org\/de\/das-agyptische-musikerbe\/","title":{"rendered":"Das \u00e4gyptische Musikerbe"},"content":{"rendered":"<h1 style=\"text-align: center;\">Das \u00e4gyptische Musikerbe<\/h1>\n<ul>\n<li><a href=\"https:\/\/egyptianwisdomcenter.org\/de\/ein-uberblick-uber-das-agyptische-musikerbe-2\/\">Ein \u00dcberblick \u00fcber das \u00e4gyptische Musikerbe<\/a><\/li>\n<li><a href=\"https:\/\/egyptianwisdomcenter.org\/de\/das-archetypische-kosmische-musiksystem-spharenharmonie-2\/\">Das archetypische kosmische Musiksystem \u2013 Harmonie der Sph\u00e4ren<\/a><\/li>\n<li><a href=\"https:\/\/egyptianwisdomcenter.org\/de\/energetisierung-der-diatonischen-woche-2\/\">Die diatonische Woche mit Energie versorgen<\/a><\/li>\n<li><a href=\"https:\/\/egyptianwisdomcenter.org\/de\/der-quintenzyklus-und-die-agyptische-musikalische-maseinheit-2\/\">Der Quintenzyklus und die \u00e4gyptische musikalische Ma\u00dfeinheit<\/a><\/li>\n<li><a href=\"https:\/\/egyptianwisdomcenter.org\/de\/die-allumfassenden-fahigkeiten-der-altagyptischen-harfen-2\/\">Die allumfassenden F\u00e4higkeiten der alt\u00e4gyptischen Harfen<\/a><\/li>\n<li><a href=\"https:\/\/egyptianwisdomcenter.org\/de\/die-musikorchester-2\/\">Die Musikorchester<\/a><\/li>\n<li><a href=\"https:\/\/egyptianwisdomcenter.org\/de\/das-rhythmische-timing-2\/\">Das rhythmische Timing<\/a><\/li>\n<li><a href=\"https:\/\/egyptianwisdomcenter.org\/de\/das-umfassende-agyptische-tonale-musikschriftsystem-2\/\">Das umfassende \u00e4gyptische tonale [musikalische] Schriftsystem<\/a><\/li>\n<\/ul>","protected":false},"excerpt":{"rendered":"<p>The Egyptian Musical Heritage An overview of the Egyptian Musical Heritage The Archetypal Cosmic Musical System &#8211; Harmony of The Spheres Energizing [&hellip;]<\/p>","protected":false},"author":3,"featured_media":0,"parent":0,"menu_order":0,"comment_status":"closed","ping_status":"closed","template":"","meta":{"footnotes":""},"class_list":["post-106","page","type-page","status-publish","hentry"],"aioseo_notices":[],"_links":{"self":[{"href":"https:\/\/egyptianwisdomcenter.org\/de\/wp-json\/wp\/v2\/pages\/106","targetHints":{"allow":["GET"]}}],"collection":[{"href":"https:\/\/egyptianwisdomcenter.org\/de\/wp-json\/wp\/v2\/pages"}],"about":[{"href":"https:\/\/egyptianwisdomcenter.org\/de\/wp-json\/wp\/v2\/types\/page"}],"author":[{"embeddable":true,"href":"https:\/\/egyptianwisdomcenter.org\/de\/wp-json\/wp\/v2\/users\/3"}],"replies":[{"embeddable":true,"href":"https:\/\/egyptianwisdomcenter.org\/de\/wp-json\/wp\/v2\/comments?post=106"}],"version-history":[{"count":0,"href":"https:\/\/egyptianwisdomcenter.org\/de\/wp-json\/wp\/v2\/pages\/106\/revisions"}],"wp:attachment":[{"href":"https:\/\/egyptianwisdomcenter.org\/de\/wp-json\/wp\/v2\/media?parent=106"}],"curies":[{"name":"wp","href":"https:\/\/api.w.org\/{rel}","templated":true}]}}