{"id":117,"date":"2018-10-30T00:00:00","date_gmt":"2018-10-30T04:00:00","guid":{"rendered":"http:\/\/egyptianwisdomcenter.org\/the-perfect-egyptian-calendar\/"},"modified":"2023-01-02T01:09:23","modified_gmt":"2023-01-02T06:09:23","slug":"the-perfect-egyptian-calendar-2","status":"publish","type":"page","link":"https:\/\/egyptianwisdomcenter.org\/de\/der-perfekte-agyptische-kalender-2\/","title":{"rendered":"Der perfekte \u00e4gyptische Kalender"},"content":{"rendered":"<h2 style=\"text-align: center;\"><span style=\"color: #ff0000;\"><strong>Der perfekte \u00e4gyptische Kalender<\/strong><\/span><\/h2>\n<p>&nbsp;<\/p>\n<p>Nun wenden wir uns der Ermittlung des Zeitalters der \u00e4gyptischen Antike zu, indem wir den alt\u00e4gyptischen Kalender betrachten.<\/p>\n<p>Das fortgeschrittene Wissen der \u00c4gypter in der Astronomie, das sich in ihrem genauesten Kalender widerspiegelt, wurde vom gro\u00dfen Strabon (64 v. Chr.\u201325 n. Chr.) anerkannt, der schrieb:<\/p>\n<p style=\"padding-left: 30px;\"><strong><em>Sie (die \u00e4gyptischen Priester) enth\u00fcllten den Griechen die Geheimnisse des ganzen Jahres, die diese wie viele andere Dinge ignorierten ...<\/em><\/strong><\/p>\n<p>\u00c4gyptens genialer (und sehr genauer) Kalender basierte auf der Beobachtung und Untersuchung der Bewegungen von Sabt (Sirius) am Himmel. Der alt\u00e4gyptische Kalender wird daher Sothischer Kalender genannt; dh mit Sirius (Sabt), dem Hundestern, zu tun zu haben.<\/p>\n<p>Die alten \u00c4gypter wussten, dass das ganze Jahr etwas mehr als 365\u00bc Tage dauerte. F\u00fcr einen Umlauf um die Sonne ben\u00f6tigt die Erde 365,25636 Tage.<\/p>\n<p>Es sollte beachtet werden, dass die Chronologie von 3.000 Jahren alt\u00e4gyptischer Geschichte durch moderne \u00c4gyptologen nur m\u00f6glich war, weil die alten \u00c4gypter dem genauen Sothischen Jahr von 365,25636 Tagen folgten. Dar\u00fcber hinaus war es der \u00e4gyptische Kalender, der es Geschichtsstudenten weltweit erm\u00f6glichte, die Daten von Ereignissen in allen anderen L\u00e4ndern der Welt abzusch\u00e4tzen \u2013 L\u00e4ndern, die nie einen korrekten (oder gar keinen) Kalender hatten.<\/p>\n<p>Die praktischen alten \u00c4gypter verwendeten einen Kalender, der aus 12 Monaten bestand, von denen jeder 30 Tage entsprach. Die f\u00fcr ein vollst\u00e4ndiges Jahr erforderlichen Anpassungen \u2013 also die Differenz zwischen 365,25636 Tagen und den 360 (30 x 12) Tagen \u2013 wurden wie folgt vorgenommen:<\/p>\n<ol>\n<li>Die Differenz von 5,25 Tagen entsteht am Ende des \u00e4gyptischen Jahres, indem jedes Jahr 5 Tage und alle 4 Jahre ein zus\u00e4tzlicher Tag hinzugef\u00fcgt werden. Das alt\u00e4gyptische Jahr beginnt derzeit (im Jahr 2007) am 11. September. Die 5\/6 Extratage beginnen am 6. September.<\/li>\n<li>Die Differenz von 0,00636 Tagen (365,25636 \u2013 365\u00bc Tagen) f\u00fcr jedes Jahr erfordert die Hinzuf\u00fcgung eines weiteren Tages alle (1\/0,00636) 157\u00bc Jahre, was die \u00c4gypter bis heute taten. Dies wird dadurch erreicht, dass alle Zyklen von 157, 314, 471 und 629 Jahren ein zus\u00e4tzlicher Tag hinzugef\u00fcgt wird. Die oben genannten Anpassungen durch die \u00c4gypter sind in den letzten 2.000 Jahren deutlich zu erkennen, wenn man den alt\u00e4gyptischen Kalender mit dem \u201elateinischen\u201c Kalender vergleicht [wie unten erl\u00e4utert].<\/li>\n<\/ol>\n<p>Nachdem Julius C\u00e4sar im Jahr 48 v. Chr. \u00c4gypten besuchte, beauftragte er den Astronomen Sosigenes (aus Alexandria), einen Kalender im R\u00f6mischen Reich einzuf\u00fchren. Daraus entstand der Julianische Kalender mit 365 Tagen im Jahr und 366 Tagen in jedem Schaltjahr. Der r\u00f6mische (julianische) Kalender wurde buchst\u00e4blich auf einen K\u00f6nig zugeschnitten. Der erste Tag des Jahres war der Kr\u00f6nungstag des \u00e4gyptischen K\u00f6nigs am Ende des j\u00e4hrlichen Verj\u00fcngungsjubil\u00e4ums [siehe <em>\u00c4gyptische Mystiker: Sucher des Weges<\/em>, vom selben Autor, f\u00fcr weitere Informationen].<\/p>\n<p>Allerdings ber\u00fccksichtigte der lateinische Kalender nicht, dass das Jahr etwas l\u00e4nger als 365\u00bc Tage ist. Der Unterschied zwischen 365,25 Tagen und 365,25636 Tagen vom Zeitpunkt der Einf\u00fchrung des Julianischen Kalenders bis zu unserer Gegenwart betr\u00e4gt 13 Tage. Ein solcher Unterschied erkl\u00e4rt die 13-t\u00e4gige Variation der j\u00e4hrlichen Feierlichkeiten zahlreicher christlicher Feste zwischen orthodoxen und nicht-orthodoxen Kirchen. Der Grund daf\u00fcr ist, dass eine Gruppe dem genauen \u00e4gyptischen Kalender folgte, w\u00e4hrend die andere Gruppe dem ungenauen Julianischen Kalender folgte.<\/p>\n<p>Als der lateinische Kalender im Jahr 48 v. Chr. eingef\u00fchrt wurde, war der erste Tag des \u00e4gyptischen Kalenders der 29. August. Jetzt ist es der 11. September \u2013 ein Unterschied von 13 Tagen, der gerade erkl\u00e4rt wurde.<\/p>\n<p>Um das Anfangsdatum des alt\u00e4gyptischen Kalenders (in Bezug auf den (defizit\u00e4ren) lateinischen Kalender) zu finden, m\u00fcssen wir die Differenz von 0,00636 Tagen (365,25636 \u2013 365,25 Tage) f\u00fcr jedes Jahr zwischen dem 29. August und dem 21. Juni ber\u00fccksichtigen 21 bedeutet die Sommersonnenwende, die den Beginn des alt\u00e4gyptischen Kalenders markiert, der den Beginn des Sothic-Zyklus markiert. Der \u00e4gyptische Sothic-Zyklus begann mit dem heliakischen Aufgang von Sabt (Sirius) am Horizont zusammen mit der Sonne und blieb einige Augenblicke lang sichtbar, bis er mit der Morgend\u00e4mmerung verblasste.<\/p>\n<p>Wir stellen zun\u00e4chst fest, dass der Unterschied zwischen dem 29. August und dem 21. Juni 69 Tage betr\u00e4gt. Wenn man 69 Tage durch 0,00636 dividiert, erh\u00e4lt man 10.849 Jahre. Somit war der \u00e4gyptische Kalender am 29. August des Jahres 48 v. Chr. mindestens 10.897 v. Chr. (10.849 + 48).<\/p>\n<p>Vergleichen wir unsere sothischen Kalenderberechnungen von 10.897 mit den Tierkreisberechnungen. Wie bereits erw\u00e4hnt, begann der gegenw\u00e4rtige Tierkreiszyklus im Jahr 10.948 v. Chr. Der Unterschied zwischen 10.897 v. Chr. und dem Beginn des L\u00f6wenzeitalters [10.948 v. Chr.] betr\u00e4gt 51 Jahre. Mit anderen Worten: Im Jahr 48 v. Chr. umfasste der alt\u00e4gyptische Kalender ein Drittel des Zyklus eines Zeitraums von 157 Jahren.<\/p>\n<p>Das Jahr 10.948 v. Chr., der Beginn des Zeitalters des L\u00f6wen, steht im Einklang mit den Aussagen aller fr\u00fchen griechischen und r\u00f6mischen Schriftsteller wie Platon, dessen <em>Gesammelte Dialoge<\/em> weisen darauf hin, dass sich der alt\u00e4gyptische Kanon der Proportionen f\u00fcr Kunst und Architektur in den letzten 10.000 Jahren vor Platons Zeit [428\u2013347 v. Chr.] nicht ge\u00e4ndert hat. Platon erkl\u00e4rte:<\/p>\n<p style=\"padding-left: 30px;\"><strong><em>Dass die Bilder und Statuen, die vor zehntausend Jahren geschaffen wurden, in keiner Weise besser oder schlechter sind als das, was sie heute machen.<\/em><\/strong><\/p>\n<p>Seit der islamisch-arabischen Besetzung \u00c4gyptens [641 n. Chr.] wurde der alt\u00e4gyptische Kalender als \u201ekoptischer\u201c Kalender bekannt, obwohl er Tausende Jahre vor dem Christentum entwickelt wurde. Die heutigen \u00c4gypter folgen bei praktisch allen zahllosen j\u00e4hrlichen Festen, der Landwirtschaft, dem Wetter und anderen Angelegenheiten immer noch dem alt\u00e4gyptischen Kalender (mit nur wenigen Ausnahmen). Es ist mit Abstand der praktischste und genaueste Kalender der Welt.<\/p>\n<p>&nbsp;<\/p>\n<p><strong><span style=\"color: #ff0000;\">[Ein Auszug aus\u00a0<\/span><\/strong><strong>Alt\u00e4gyptisch: Kultur enth\u00fcllt, 2. Auflage<span style=\"color: #ff0000;\"> von Moustafa Gadalla]<br \/>\n<a href=\"https:\/\/egyptianwisdomcenter.org\/de\/produkt\/die-altaegyptische-kultur-enthuellt-zweite-ausgabe-2\/\"><span style=\"color: #0000ff;\">https:\/\/egyptianwisdomcenter.org\/product\/die-altaegyptische-kultur-enthuellt-zweite-ausgabe\/<\/span><\/a><br \/>\n<\/span><\/strong><\/p>\n<p><img decoding=\"async\" class=\"aligncenter\" src=\"https:\/\/egyptianwisdomcenter.org\/wp-content\/uploads\/2023\/01\/die-altagyptische-kultur-enthullt-zweite-ausgabe.jpg\" \/><\/p>\n<div dir=\"auto\" style=\"text-align: center;\"><a href=\"https:\/\/egyptianwisdomcenter.org\/de\/produkt\/die-altaegyptische-kultur-enthuellt-zweite-ausgabe-2\/\"><span style=\"color: #0000ff;\"><strong>https:\/\/egyptianwisdomcenter.org\/product\/die-altaegyptische-kultur-enthuellt-zweite-ausgabe\/<\/strong><\/span><\/a><\/div>","protected":false},"excerpt":{"rendered":"<p>The Perfect Egyptian Calendar &nbsp; Now we turn our attention to finding the age of Egyptian antiquity by reviewing the Ancient Egyptian [&hellip;]<\/p>","protected":false},"author":3,"featured_media":0,"parent":0,"menu_order":0,"comment_status":"closed","ping_status":"closed","template":"","meta":{"footnotes":""},"class_list":["post-117","page","type-page","status-publish","hentry"],"aioseo_notices":[],"_links":{"self":[{"href":"https:\/\/egyptianwisdomcenter.org\/de\/wp-json\/wp\/v2\/pages\/117","targetHints":{"allow":["GET"]}}],"collection":[{"href":"https:\/\/egyptianwisdomcenter.org\/de\/wp-json\/wp\/v2\/pages"}],"about":[{"href":"https:\/\/egyptianwisdomcenter.org\/de\/wp-json\/wp\/v2\/types\/page"}],"author":[{"embeddable":true,"href":"https:\/\/egyptianwisdomcenter.org\/de\/wp-json\/wp\/v2\/users\/3"}],"replies":[{"embeddable":true,"href":"https:\/\/egyptianwisdomcenter.org\/de\/wp-json\/wp\/v2\/comments?post=117"}],"version-history":[{"count":0,"href":"https:\/\/egyptianwisdomcenter.org\/de\/wp-json\/wp\/v2\/pages\/117\/revisions"}],"wp:attachment":[{"href":"https:\/\/egyptianwisdomcenter.org\/de\/wp-json\/wp\/v2\/media?parent=117"}],"curies":[{"name":"wp","href":"https:\/\/api.w.org\/{rel}","templated":true}]}}