{"id":120,"date":"2018-10-30T00:00:00","date_gmt":"2018-10-30T04:00:00","guid":{"rendered":"http:\/\/egyptianwisdomcenter.org\/the-two-lands\/"},"modified":"2023-01-02T01:13:50","modified_gmt":"2023-01-02T06:13:50","slug":"the-two-lands-2","status":"publish","type":"page","link":"https:\/\/egyptianwisdomcenter.org\/de\/die-beiden-lander-2\/","title":{"rendered":"Die zwei L\u00e4nder"},"content":{"rendered":"<h2 style=\"text-align: center;\"><span style=\"color: #ff0000;\"><strong>Die zwei L\u00e4nder<\/strong><\/span><\/h2>\n<p>&nbsp;<\/p>\n<p>Der \u00e4gyptische Pharao wurde immer als der Herr der beiden L\u00e4nder bezeichnet. Die westliche Wissenschaft erkl\u00e4rte unbek\u00fcmmert, dass die beiden L\u00e4nder buchst\u00e4blich und geographisch Ober- und Unter\u00e4gypten seien. Es gibt keinen einzigen alt\u00e4gyptischen Hinweis, der ihre Annahme best\u00e4tigt oder auch nur eine Grenze zwischen Ober- und Unter\u00e4gypten definiert.<\/p>\n<p>\u00dcberall in alt\u00e4gyptischen Tempeln findet man zahlreiche symbolische Darstellungen im Zusammenhang mit der Zeremonie der Vereinigung der beiden L\u00e4nder, bei der zwei Neteru beim Binden der Papyrus- und Lotuspflanzen gezeigt werden. Keine der Pflanzen ist in einem bestimmten Gebiet \u00c4gyptens heimisch. Die h\u00e4ufigste Darstellung zeigt den Zwilling Neteru Hapi (ein Spiegelbild voneinander); jeweils als Unisex, mit einer Brust.<\/p>\n<p><a href=\"http:\/\/egyptianwisdomcenter.org\/wp-content\/uploads\/2019\/02\/ec3-41.jpg\"><img decoding=\"async\" class=\"wp-image-832 aligncenter\" src=\"http:\/\/egyptianwisdomcenter.org\/wp-content\/uploads\/2019\/02\/ec3-41.jpg\" alt=\"\" width=\"169\" height=\"170\" \/><\/a><\/p>\n<p>Der Begriff \u201eZwei L\u00e4nder\u201c ist den Baladi-\u00c4gyptern sehr vertraut und bezieht sich in ihrem t\u00e4glichen Leben darauf. Sie sind fest davon \u00fcberzeugt, dass es zwei L\u00e4nder gibt \u2013 das, in dem wir alle leben, und ein anderes, in dem unsere eineiigen Zwillinge (vom anderen Geschlecht) leben. Die Zwillinge machen vom Geburtsdatum bis zum Todesdatum die gleichen Erfahrungen.<\/p>\n<p>Sie und Ihr \u201esiamesischer\u201c Zwilling, der sich \u201eanscheinend\u201c bei der Geburt trennt, werden sich im Moment des Todes wieder vereinen. Die \u00e4gyptischen Baladi-Z\u00e4hler beschreiben in ihren Klageliedern nach dem Tod einer Person, wie der Verstorbene darauf vorbereitet wird, sich seinem Gegen\u00fcber (des anderen Geschlechts) anzuschlie\u00dfen, als ob es sich um eine Hochzeitszeremonie handeln w\u00fcrde. Dies erinnert an die vielen symbolischen Darstellungen im alten \u00c4gypten \u00fcber die Heirat zwischen den beiden L\u00e4ndern. Heiraten bedeutet, den Bund f\u00fcrs Leben zu schlie\u00dfen. [Mehr zu diesem Konzept finden Sie in <span style=\"color: #ff0000;\"><strong>\u00c4gyptische Kosmologie: Das animierte Universum, dritte Auflage von Moustafa Gadalla<\/strong><\/span> ]<\/p>\n<p>&nbsp;<\/p>\n<p><strong><span style=\"color: #ff0000;\">[Ein Auszug aus\u00a0<\/span><\/strong><strong>Alt\u00e4gyptisch: Kultur enth\u00fcllt, 2. Auflage<span style=\"color: #ff0000;\"> von Moustafa Gadalla]<br \/>\n<a href=\"https:\/\/egyptianwisdomcenter.org\/de\/produkt\/die-altaegyptische-kultur-enthuellt-zweite-ausgabe-2\/\"><span style=\"color: #0000ff;\">https:\/\/egyptianwisdomcenter.org\/product\/die-altaegyptische-kultur-enthuellt-zweite-ausgabe\/<\/span><\/a><br \/>\n<\/span><\/strong><\/p>\n<p><img decoding=\"async\" class=\"aligncenter\" src=\"https:\/\/egyptianwisdomcenter.org\/wp-content\/uploads\/2023\/01\/die-altagyptische-kultur-enthullt-zweite-ausgabe.jpg\" \/><\/p>\n<div dir=\"auto\" style=\"text-align: center;\"><a href=\"https:\/\/egyptianwisdomcenter.org\/de\/produkt\/die-altaegyptische-kultur-enthuellt-zweite-ausgabe-2\/\"><span style=\"color: #0000ff;\"><strong>https:\/\/egyptianwisdomcenter.org\/product\/die-altaegyptische-kultur-enthuellt-zweite-ausgabe\/<\/strong><\/span><\/a><\/div>\n<p>&nbsp;<\/p>\n<p><strong><span style=\"color: #ff0000;\">\u00c4gyptische Kosmologie: Das animierte Universum, dritte Auflage<\/span> von Moustafa Gadalla<\/strong><br \/>\n<a href=\"https:\/\/egyptianwisdomcenter.org\/de\/produkt\/aegyptische-musikinstrumente-2-2\/\"><span style=\"color: #0000ff;\"><strong>https:\/\/egyptianwisdomcenter.org\/product\/aegyptische-kosmologie-das-belebte-universum-dritte-ausgabe\/<\/strong><\/span><\/a><\/p>\n<p><img decoding=\"async\" class=\"aligncenter\" src=\"https:\/\/egyptianwisdomcenter.org\/wp-content\/uploads\/2023\/01\/agyptische-kosmologie-das-belebte-universum-dritte-ausgabe.jpg\" \/><\/p>\n<div dir=\"auto\">\n<p style=\"text-align: center;\"><a href=\"https:\/\/egyptianwisdomcenter.org\/de\/produkt\/aegyptische-musikinstrumente-2-2\/\"><span style=\"color: #0000ff;\"><strong>https:\/\/egyptianwisdomcenter.org\/product\/aegyptische-kosmologie-das-belebte-universum-dritte-ausgabe\/<\/strong><\/span><\/a><\/p>\n<\/div>","protected":false},"excerpt":{"rendered":"<p>The Two Lands &nbsp; The Egyptian Pharaoh was always referred to as the Lord of the Two Lands. Western academia cavalierly stated [&hellip;]<\/p>","protected":false},"author":3,"featured_media":0,"parent":0,"menu_order":0,"comment_status":"closed","ping_status":"closed","template":"","meta":{"footnotes":""},"class_list":["post-120","page","type-page","status-publish","hentry"],"aioseo_notices":[],"_links":{"self":[{"href":"https:\/\/egyptianwisdomcenter.org\/de\/wp-json\/wp\/v2\/pages\/120","targetHints":{"allow":["GET"]}}],"collection":[{"href":"https:\/\/egyptianwisdomcenter.org\/de\/wp-json\/wp\/v2\/pages"}],"about":[{"href":"https:\/\/egyptianwisdomcenter.org\/de\/wp-json\/wp\/v2\/types\/page"}],"author":[{"embeddable":true,"href":"https:\/\/egyptianwisdomcenter.org\/de\/wp-json\/wp\/v2\/users\/3"}],"replies":[{"embeddable":true,"href":"https:\/\/egyptianwisdomcenter.org\/de\/wp-json\/wp\/v2\/comments?post=120"}],"version-history":[{"count":0,"href":"https:\/\/egyptianwisdomcenter.org\/de\/wp-json\/wp\/v2\/pages\/120\/revisions"}],"wp:attachment":[{"href":"https:\/\/egyptianwisdomcenter.org\/de\/wp-json\/wp\/v2\/media?parent=120"}],"curies":[{"name":"wp","href":"https:\/\/api.w.org\/{rel}","templated":true}]}}