{"id":124,"date":"2018-10-30T00:00:00","date_gmt":"2018-10-30T04:00:00","guid":{"rendered":"http:\/\/egyptianwisdomcenter.org\/isis-the-seat-of-legitimacy\/"},"modified":"2023-01-03T00:54:25","modified_gmt":"2023-01-03T05:54:25","slug":"isis-the-seat-of-legitimacy-2","status":"publish","type":"page","link":"https:\/\/egyptianwisdomcenter.org\/de\/isis-ist-der-sitz-der-legitimitat-2\/","title":{"rendered":"Isis: Der Sitz der Legitimit\u00e4t"},"content":{"rendered":"<h2 style=\"text-align: center;\"><span style=\"color: #ff0000;\">Isis: Der Sitz der Legitimit\u00e4t<\/span><\/h2>\n<p>&nbsp;<\/p>\n<p>Im alten \u00c4gypten sowie in allen heutigen L\u00e4ndern symbolisiert der Sitz\/Thron\/Stuhl Legitimit\u00e4t\/Autorit\u00e4t. Die Hauptstadt eines Kreises wird \u201eSitz des Kreises\u201c genannt. Der Titel des Chief of Chiefs lautet \u201e<b>Stuhl<\/b>Mann des Vorstandes\u201c. Dies ist einer der unz\u00e4hligen Einfl\u00fcsse des alten \u00c4gypten auf die Welt in Vergangenheit und Gegenwart.<\/p>\n<p><img decoding=\"async\" class=\"aligncenter\" src=\"http:\/\/egyptianwisdomcenter.org\/wp-content\/uploads\/2019\/02\/isis-ch1-72c-1.jpg\" \/><\/p>\n<p>In \u00c4gypten jedoch war die Bedeutung von Isis als Sitz\/Autorit\u00e4t\/Legitimit\u00e4t die Grundlage f\u00fcr die \u00dcbernahme des matrilinearen\/matriarchalischen Prinzips in der \u00e4gyptischen Gesellschaft.<\/p>\n<p>Im Laufe der \u00e4gyptischen Geschichte war es die K\u00f6nigin, die das Sonnenblut \u00fcbertrug. Die K\u00f6nigin war die wahre Herrscherin, Grundbesitzerin, H\u00fcterin des K\u00f6nigtums und H\u00fcterin der Reinheit der Linie. Der Mann, der die \u00e4lteste \u00e4gyptische Prinzessin heiratete, beanspruchte Anspruch auf den Thron. Durch die Heirat \u00fcbertrug sie die Krone auf ihren Mann, der lediglich als ihr gesch\u00e4ftsf\u00fchrender Vertreter fungierte. Dieses soziale\/politische Gesetz wurde in die \u00e4gyptische Modellgeschichte integriert, in der Osiris durch seine Heirat mit Isis der erste Pharao \u00c4gyptens wurde. Die Pharaonen sowie die Anf\u00fchrer kleinerer Ortschaften hielten an diesem System fest. Wenn der Pharao\/Anf\u00fchrer keine T\u00f6chter hatte, endete eine Dynastie und eine neue Dynastie begann mit einer neuen verehrten Frau als neuem Samen f\u00fcr eine neue Dynastie. Die matrilinearen Praktiken galten auch f\u00fcr die gesamte Gesellschaft, wie aus den Grabstelen aller Arten von Menschen hervorgeht, wo es \u00fcblich ist, die Abstammung des Verstorbenen m\u00fctterlicherseits und nicht v\u00e4terlicherseits zu bestimmen. Die Mutter der Person wird angegeben, der Vater jedoch nicht oder er wird nur am Rande erw\u00e4hnt. Diese Tradition besteht noch immer heimlich unter den\u00a0<i>Baladi<\/i>\u00a0\u00c4gypter.<\/p>\n<p><a href=\"https:\/\/egypt-tehuti.org\/wp-admin\/post.php?post=13748&amp;action=edit&amp;lang=en&amp;classic-editor\" target=\"_blank\" rel=\"noopener\">Moustafa Gadalla<\/a><\/p>\n<hr \/>\n<p><center><\/center><span style=\"color: #ff0000;\"><b>Weitere Informationen finden Sie hier: <\/b><\/span><strong>Isis: Die g\u00f6ttliche Frau von Moustafa Gadalla<\/strong><span style=\"color: #ff0000;\"><strong>]<br \/>\n<a href=\"https:\/\/egyptianwisdomcenter.org\/de\/produkt\/isis-das-goettliche-weibliche-prinzip-2\/\"><span style=\"color: #0000ff;\">https:\/\/egyptianwisdomcenter.org\/product\/isis-das-goettliche-weibliche-prinzip\/<\/span><\/a><br \/>\n<\/strong><\/span><\/p>\n<p><img decoding=\"async\" class=\"aligncenter\" src=\"https:\/\/egyptianwisdomcenter.org\/wp-content\/uploads\/2023\/01\/isis-das-gottliche-weibliche-prinzip-2-1.jpg\" \/><\/p>\n<div dir=\"auto\">\n<p style=\"text-align: center;\"><a href=\"https:\/\/egyptianwisdomcenter.org\/de\/produkt\/isis-das-goettliche-weibliche-prinzip-2\/\"><span style=\"color: #ff0000;\"><strong><span style=\"color: #0000ff;\">https:\/\/egyptianwisdomcenter.org\/product\/isis-das-goettliche-weibliche-prinzip\/<\/span><\/strong><\/span><\/a><\/p>\n<\/div>\n<p>&nbsp;<\/p>\n<p><strong><span style=\"color: #ff0000;\">\u00c4gyptische Kosmologie: Das animierte Universum, dritte Auflage von Moustafa Gadalla<\/span><\/strong><br \/>\n<a href=\"https:\/\/egyptianwisdomcenter.org\/de\/produkt\/aegyptische-musikinstrumente-2-2\/\"><span style=\"color: #0000ff;\"><strong>https:\/\/egyptianwisdomcenter.org\/product\/aegyptische-kosmologie-das-belebte-universum-dritte-ausgabe\/<\/strong><\/span><\/a><\/p>\n<p><img decoding=\"async\" class=\"aligncenter\" src=\"https:\/\/egyptianwisdomcenter.org\/wp-content\/uploads\/2023\/01\/agyptische-kosmologie-das-belebte-universum-dritte-ausgabe.jpg\" \/><\/p>\n<div dir=\"auto\">\n<div dir=\"auto\" style=\"text-align: center;\"><a href=\"https:\/\/egyptianwisdomcenter.org\/de\/produkt\/aegyptische-musikinstrumente-2-2\/\"><span style=\"color: #0000ff;\"><strong>https:\/\/egyptianwisdomcenter.org\/product\/aegyptische-kosmologie-das-belebte-universum-dritte-ausgabe\/<\/strong><\/span><\/a><\/div>\n<\/div>","protected":false},"excerpt":{"rendered":"<p>Isis: The Seat Of Legitimacy &nbsp; In Ancient Egypt, as well as in all countries nowadays, the seat\/throne\/chair symbolizes legitimacy\/authority. The principle [&hellip;]<\/p>","protected":false},"author":3,"featured_media":0,"parent":0,"menu_order":0,"comment_status":"closed","ping_status":"closed","template":"","meta":{"footnotes":""},"class_list":["post-124","page","type-page","status-publish","hentry"],"aioseo_notices":[],"_links":{"self":[{"href":"https:\/\/egyptianwisdomcenter.org\/de\/wp-json\/wp\/v2\/pages\/124","targetHints":{"allow":["GET"]}}],"collection":[{"href":"https:\/\/egyptianwisdomcenter.org\/de\/wp-json\/wp\/v2\/pages"}],"about":[{"href":"https:\/\/egyptianwisdomcenter.org\/de\/wp-json\/wp\/v2\/types\/page"}],"author":[{"embeddable":true,"href":"https:\/\/egyptianwisdomcenter.org\/de\/wp-json\/wp\/v2\/users\/3"}],"replies":[{"embeddable":true,"href":"https:\/\/egyptianwisdomcenter.org\/de\/wp-json\/wp\/v2\/comments?post=124"}],"version-history":[{"count":0,"href":"https:\/\/egyptianwisdomcenter.org\/de\/wp-json\/wp\/v2\/pages\/124\/revisions"}],"wp:attachment":[{"href":"https:\/\/egyptianwisdomcenter.org\/de\/wp-json\/wp\/v2\/media?parent=124"}],"curies":[{"name":"wp","href":"https:\/\/api.w.org\/{rel}","templated":true}]}}