{"id":127,"date":"2018-10-30T00:00:00","date_gmt":"2018-10-30T04:00:00","guid":{"rendered":"http:\/\/egyptianwisdomcenter.org\/matrilineal-matriarchal-society\/"},"modified":"2023-01-03T00:56:05","modified_gmt":"2023-01-03T05:56:05","slug":"matrilineal-matriarchal-society-2","status":"publish","type":"page","link":"https:\/\/egyptianwisdomcenter.org\/de\/matrilineare-matriarchale-gesellschaft-2\/","title":{"rendered":"Matrilineare\/Matriarchalische Gesellschaft"},"content":{"rendered":"<h2 style=\"text-align: center;\"><span style=\"color: #ff0000;\"><strong>Matrilineare\/Matriarchalische Gesellschaft<\/strong><\/span><\/h2>\n<p>&nbsp;<\/p>\n<p>Herodot stellte 500 v. Chr. fest: \u201eVon allen Nationen der Welt sind die \u00c4gypter die gl\u00fccklichsten, ges\u00fcndesten und religi\u00f6sesten.\u201c Dies sind die drei Elemente \u2013 gl\u00fccklich, gesund und religi\u00f6s \u2013 der idealen Gesellschaft. Der Grund f\u00fcr eine solche ideale Gesellschaft ist ihr gesamtes kosmisches Bewusstsein.<\/p>\n<p>Was wir als \u201epolitische\u201c Struktur betrachten, war f\u00fcr sie ein nat\u00fcrlicher Aspekt ihrer sozialen Struktur. Um eine perfekte universelle Harmonie zu erreichen, muss die soziale Struktur dieselbe geordnete Hierarchie wie das geschaffene Universum widerspiegeln. Das \u00dcberleben und der Erfolg des Menschen erfordern die Aufrechterhaltung derselben geordneten Struktur.<\/p>\n<p><em>Wie oben, so unten <\/em>Nur so k\u00f6nnen Ordnung und Harmonie erreicht werden. Infolgedessen \u00fcbernahmen die alten \u00c4gypter (und Baladi) das matrilineare\/matriarchale System als soziale Manifestation der Planetengesetze.<\/p>\n<p>Wie wir bereits gesehen haben, besteht das g\u00f6ttliche weibliche Prinzip darin, dass Isis die Sonne und ihr Ehemann Osiris den Mond darstellt. Das Licht des Mondes (Osiris-m\u00e4nnlich) ist eine Widerspiegelung des Lichts der Sonne (Isis-weiblich). Das alt\u00e4gyptische soziale\/politische System folgt der Beziehung zwischen der Sonne (weiblich) und dem Mond (m\u00e4nnlich).<\/p>\n<p>Der \u00e4gyptische Name Isis bedeutet <em>Sitz<\/em> (d. h. <em>Beh\u00f6rde<\/em>) und ist das Prinzip der Legitimit\u00e4t \u2013 der tats\u00e4chliche physische Thron, wie er in der alt\u00e4gyptischen Symbolik dargestellt wird, wobei Isis einen Thron\/Sitz auf ihrem Kopf tr\u00e4gt.<\/p>\n<p><a href=\"http:\/\/egyptianwisdomcenter.org\/wp-content\/uploads\/2019\/02\/isis-throne-crown.png\"><img decoding=\"async\" class=\"size-full wp-image-394 aligncenter\" src=\"http:\/\/egyptianwisdomcenter.org\/wp-content\/uploads\/2019\/02\/isis-throne-crown.png\" alt=\"\" width=\"138\" height=\"92\" \/><\/a><\/p>\n<p><strong>Ausar<\/strong> (Osiris) ist in Hieroglyphen mit den Glyphen des Throns und des Auges geschrieben und vereint die Konzepte von Legitimit\u00e4t und G\u00f6ttlichkeit.<\/p>\n<p><a href=\"http:\/\/egyptianwisdomcenter.org\/wp-content\/uploads\/2019\/02\/aerx-124top-72c-1-1.jpg\"><img decoding=\"async\" class=\"size-full wp-image-846 aligncenter\" src=\"http:\/\/egyptianwisdomcenter.org\/wp-content\/uploads\/2019\/02\/aerx-124top-72c-1-1.jpg\" alt=\"\" width=\"18\" height=\"33\" \/><\/a><\/p>\n<p><a href=\"http:\/\/egyptianwisdomcenter.org\/wp-content\/uploads\/2019\/02\/aerx-124bot-72c-1.jpg\"><img decoding=\"async\" class=\"size-full wp-image-847 aligncenter\" src=\"http:\/\/egyptianwisdomcenter.org\/wp-content\/uploads\/2019\/02\/aerx-124bot-72c-1.jpg\" alt=\"\" width=\"50\" height=\"14\" \/><\/a><\/p>\n<p>Im Laufe der \u00e4gyptischen Geschichte war es die K\u00f6nigin, die das Sonnenblut \u00fcbertrug. Die K\u00f6nigin war die wahre Herrscherin, H\u00fcterin des K\u00f6nigtums und H\u00fcterin der Reinheit der Linie. \u00c4gyptische K\u00f6nige beanspruchten durch Heirat mit der \u00e4ltesten \u00e4gyptischen Prinzessin Anspruch auf den Thron. Durch Heirat \u00fcbertrug sie die Krone auf ihren Mann, der jedoch nur als ihr gesch\u00e4ftsf\u00fchrender Vertreter fungierte.<\/p>\n<p>Die Pharaonen sowie die Anf\u00fchrer kleinerer Ortschaften hielten an diesem matriarchalischen System fest. Wenn der Pharao\/Anf\u00fchrer keine T\u00f6chter hatte, endete eine Dynastie und eine neue Dynastie begann mit einer neuen verehrten Jungfrau als neuem Samen f\u00fcr eine neue Dynastie.<\/p>\n<p>Da Frauen die rechtm\u00e4\u00dfigen Thronerben waren, spielten sie eine wichtige Rolle in den Staatsangelegenheiten und fungierten als eine Art Machtvermittlerin. Die K\u00f6niginnen \u00c4gyptens \u00fcbten als Berater der Pharaonen au\u00dfergew\u00f6hnlichen Einfluss aus.<\/p>\n<p>Erhaltene Aufzeichnungen aus dem Reich der Mitte (2040\u20131783 v. Chr.) zeigen, dass die Nomes (Provinzen) \u00c4gyptens durch Erbinnen von einer Familie zur anderen \u00fcbergingen; Somit w\u00fcrde derjenige, der die Erbin heiratete, die Provinz regieren.<\/p>\n<p>Die matrilinearen Praktiken in \u00c4gypten galten auch f\u00fcr die gesamte Gesellschaft, wie aus den Grabstelen aller Arten von Menschen in der gesamten bekannten Geschichte \u00c4gyptens hervorgeht, wo es \u00fcblich ist, die Abstammung des Verstorbenen m\u00fctterlicherseits und nicht m\u00fctterlicherseits zu verfolgen auf dem des Vaters. Die Mutter der Person wird angegeben, nicht jedoch der Vater; oder wenn er erw\u00e4hnt wird, dann nur nebenbei.<\/p>\n<p>Diese Tradition wird unter den Baladi-\u00c4gyptern immer noch heimlich fortgef\u00fchrt (weil sie dem Islam widerspricht).<\/p>\n<p>[Weitere Informationen zu den matrilokalen Gemeinschaften in \u00c4gypten finden Sie unter <strong><span style=\"color: #ff0000;\">Alt\u00e4gyptisch: Kultur enth\u00fcllt, 2. Auflage<\/span> von Moustafa Gadalla]<\/strong><\/p>\n<p><strong><span style=\"color: #ff0000;\">[Ein Auszug aus <span style=\"color: #000000;\">\u00c4gyptische Kosmologie: Das animierte Universum, dritte Auflage<\/span> von Moustafa Gadalla]<br \/>\n<a href=\"https:\/\/egyptianwisdomcenter.org\/de\/produkt\/aegyptische-musikinstrumente-2-2\/\"><span style=\"color: #0000ff;\">https:\/\/egyptianwisdomcenter.org\/product\/aegyptische-kosmologie-das-belebte-universum-dritte-ausgabe\/<\/span><\/a><\/span><\/strong><\/p>\n<p><img decoding=\"async\" class=\"aligncenter\" src=\"https:\/\/egyptianwisdomcenter.org\/wp-content\/uploads\/2023\/01\/agyptische-kosmologie-das-belebte-universum-dritte-ausgabe.jpg\" \/><\/p>\n<p style=\"text-align: center;\"><a href=\"https:\/\/egyptianwisdomcenter.org\/de\/produkt\/aegyptische-musikinstrumente-2-2\/\"><strong><span style=\"color: #ff0000;\"><span style=\"color: #0000ff;\">https:\/\/egyptianwisdomcenter.org\/product\/aegyptische-kosmologie-das-belebte-universum-dritte-ausgabe\/<\/span><\/span><\/strong><\/a><\/p>\n<hr \/>\n<p>&nbsp;<\/p>\n<p><strong><span style=\"color: #ff0000;\">Alt\u00e4gyptisch: Kultur enth\u00fcllt, 2. Auflage<\/span> von Moustafa Gadalla<\/strong><br \/>\n<a href=\"https:\/\/egyptianwisdomcenter.org\/de\/produkt\/die-altaegyptische-kultur-enthuellt-zweite-ausgabe-2\/\"><span style=\"color: #0000ff;\"><strong>https:\/\/egyptianwisdomcenter.org\/product\/die-altaegyptische-kultur-enthuellt-zweite-ausgabe\/<\/strong><\/span><\/a><\/p>\n<p><img decoding=\"async\" class=\"aligncenter\" src=\"https:\/\/egyptianwisdomcenter.org\/wp-content\/uploads\/2023\/01\/die-altagyptische-kultur-enthullt-zweite-ausgabe.jpg\" \/><\/p>\n<p style=\"text-align: center;\"><a href=\"https:\/\/egyptianwisdomcenter.org\/de\/produkt\/die-altaegyptische-kultur-enthuellt-zweite-ausgabe-2\/\"><span style=\"color: #ff0000;\"><strong><span style=\"color: #0000ff;\">https:\/\/egyptianwisdomcenter.org\/product\/die-altaegyptische-kultur-enthuellt-zweite-ausgabe\/<\/span><\/strong><\/span><\/a><\/p>\n<p>&nbsp;<\/p>\n<p>&nbsp;<\/p>\n<p>&nbsp;<\/p>\n<div dir=\"auto\">\n<div dir=\"auto\"><\/div>\n<\/div>","protected":false},"excerpt":{"rendered":"<p>Matrilineal\/Matriarchal Society &nbsp; Herodotus, in 500 BCE, stated: \u201cOf all the nations of the world, Egyptians are the happiest, healthiest, and most [&hellip;]<\/p>","protected":false},"author":3,"featured_media":0,"parent":0,"menu_order":0,"comment_status":"closed","ping_status":"closed","template":"","meta":{"footnotes":""},"class_list":["post-127","page","type-page","status-publish","hentry"],"aioseo_notices":[],"_links":{"self":[{"href":"https:\/\/egyptianwisdomcenter.org\/de\/wp-json\/wp\/v2\/pages\/127","targetHints":{"allow":["GET"]}}],"collection":[{"href":"https:\/\/egyptianwisdomcenter.org\/de\/wp-json\/wp\/v2\/pages"}],"about":[{"href":"https:\/\/egyptianwisdomcenter.org\/de\/wp-json\/wp\/v2\/types\/page"}],"author":[{"embeddable":true,"href":"https:\/\/egyptianwisdomcenter.org\/de\/wp-json\/wp\/v2\/users\/3"}],"replies":[{"embeddable":true,"href":"https:\/\/egyptianwisdomcenter.org\/de\/wp-json\/wp\/v2\/comments?post=127"}],"version-history":[{"count":0,"href":"https:\/\/egyptianwisdomcenter.org\/de\/wp-json\/wp\/v2\/pages\/127\/revisions"}],"wp:attachment":[{"href":"https:\/\/egyptianwisdomcenter.org\/de\/wp-json\/wp\/v2\/media?parent=127"}],"curies":[{"name":"wp","href":"https:\/\/api.w.org\/{rel}","templated":true}]}}