{"id":137,"date":"2018-10-30T00:00:00","date_gmt":"2018-10-30T04:00:00","guid":{"rendered":"http:\/\/egyptianwisdomcenter.org\/the-cyclical-renewal-festivals\/"},"modified":"2023-01-03T01:00:08","modified_gmt":"2023-01-03T06:00:08","slug":"the-cyclical-renewal-festivals-2","status":"publish","type":"page","link":"https:\/\/egyptianwisdomcenter.org\/de\/die-zyklischen-erneuerungsfeste-2\/","title":{"rendered":"Die zyklischen Erneuerungsfestivals"},"content":{"rendered":"<h2 style=\"text-align: center;\"><span style=\"color: #ff0000;\"><strong>Die zyklischen Erneuerungsfestivals<\/strong><\/span><\/h2>\n<p>&nbsp;<\/p>\n<p>Das Hauptthema der alt\u00e4gyptischen Texte ist die zyklische Natur des Universums und die st\u00e4ndige Notwendigkeit der Erneuerung solcher Zyklen durch genau festgelegte Feste.<\/p>\n<p>Die \u00c4gypter betrachteten\/betrachten diese Feste als Teil der menschlichen Existenz, die den Rhythmus des Lebens der Gemeinschaft und des Einzelnen darstellt. Dieser Rhythmus ergibt sich aus der Ordnung des kosmischen Lebens.<\/p>\n<p>Die Erneuerung und Verj\u00fcngung des Lebens des Kosmos, der Gemeinschaft und des Einzelnen werden durch Riten beeinflusst. Diese Riten hatten\/haben die Macht, die Verj\u00fcngung und Wiedergeburt des g\u00f6ttlichen Lebens herbeizuf\u00fchren. Das Vers\u00e4umnis, die Festivals zu den richtigen Terminen und Zeiten abzuhalten, k\u00f6nnte durchaus zu individuellen oder kollektiven Schuldgef\u00fchlen f\u00fchren. Als solche hatten die \u00e4gyptischen Feste die Funktion von Inszenierungen kosmologischer (religi\u00f6ser) Erneuerungen.<\/p>\n<p>Die meisten \u00c4gypter erwarten nicht nur, dass ihre Teilnahme einen Segen mit sich bringt, sondern sie f\u00fcrchten auch, dass ihnen Ungl\u00fcck widerfahren k\u00f6nnte, wenn sie diese Tat unterlassen.<\/p>\n<p>Das Ziel der \u00e4gyptischen Feste war (und ist) die Verj\u00fcngung und Erneuerung der kosmischen Energien. W\u00e4hrend der zahlreichen alt\u00e4gyptischen religi\u00f6sen Feste greifen die Teilnehmer auf die archetypische Wahrheit ihres kosmischen Bewusstseins zur\u00fcck (wie oben so unten, und wie unten so oben). Jedes heilige Fest verwirklicht den archetypischen heiligen Zyklus. Diese heiligen Zyklen sind Teil des Kalenders geworden. Genauer gesagt diente der Kalender dazu, anzuzeigen, wann sich die kosmologischen Kr\u00e4fte (neteru\/G\u00f6tter) manifestierten und welche Erneuerungszyklen sie durchf\u00fchrten. Alle fr\u00fchen griechischen und r\u00f6mischen Schriftsteller best\u00e4tigten diese alt\u00e4gyptischen kosmischen Zusammenh\u00e4nge, wie beispielsweise Plutarch in seinem Werk <em>Moralia Vol. V <\/em>(377,65):<\/p>\n<p style=\"padding-left: 30px;\"><strong><em>\u2026 Sie [die \u00c4gypter] verbinden theologische Konzepte<\/em><\/strong><br \/>\n<strong><em>mit den jahreszeitlichen Ver\u00e4nderungen in der umgebenden Atmosph\u00e4re,<\/em><\/strong><br \/>\n<strong><em>oder mit dem Wachstum der Feldfr\u00fcchte und den Saatzeiten und dem Pfl\u00fcgen.<\/em><\/strong><\/p>\n<p>Alle Elemente und Regeln, die die alt\u00e4gyptischen Feste regeln, sind genau auf heutige Feste mit organisierten und detaillierten Pl\u00e4nen anwendbar. Die Baladi-\u00c4gypter betrachten die Feste und ihre Rituale weiterhin als H\u00f6hepunkt ihrer religi\u00f6sen Praktiken, die f\u00fcr die Ordnung und Harmonie des Kosmos und damit auch f\u00fcr das Wohlergehen aller Menschen von entscheidender Bedeutung sind.<\/p>\n<p>Alle heutigen Feste (au\u00dfer denen Mohammeds und seiner unmittelbaren Familie) sind eine Fortsetzung alt\u00e4gyptischer Feste, getarnt unter islamischen Namen.<\/p>\n<p>Die offizielle j\u00e4hrliche Zahl der Feste (Mouleds) im heutigen \u00c4gypten wird auf mehr als 3.000 gesch\u00e4tzt, auch wenn sie im Widerspruch zum Islam stehen. Es gibt keinen einzigen Tag in \u00c4gypten, an dem nicht irgendwo eine Skulptur stattfindet, und die Beteiligung ist sehr tiefgreifend. An der gro\u00dfen Herbstmesse von elBadawi nehmen mehr als zwei Millionen Menschen teil, und an den beiden anderen Weihnachtsfesten nehmen jeweils mehr als eine Million Besucher teil.<\/p>\n<p>All dies ist ein Hinweis darauf, dass die Baladi-\u00c4gypter millionenfach an ihren alten Traditionen festhalten.<\/p>\n<p>&nbsp;<\/p>\n<div dir=\"auto\">\n<p><span style=\"color: #ff0000;\"><strong>[Ein Auszug aus <\/strong><\/span><strong>\u00c4gyptische Mystiker: Sucher des Weges, 2. Auflage<\/strong><span style=\"color: #ff0000;\"><strong> von Moustafa Gadalla]<br \/>\n<a href=\"https:\/\/egyptianwisdomcenter.org\/de\/produkt\/agyptische-mystiker-sucher-des-weges-2\/\"><span style=\"color: #0000ff;\">https:\/\/egyptianwisdomcenter.org\/product\/egyptian-mystics-seekers-of-the-way-2nd-edition\/<\/span><\/a><br \/>\n<\/strong><\/span><\/p>\n<p><img decoding=\"async\" class=\"aligncenter\" src=\"https:\/\/egyptianwisdomcenter.org\/wp-content\/uploads\/2023\/01\/agyptische-mystiker-sucher-des-weges-2.jpg\" \/><\/p>\n<div dir=\"auto\" style=\"text-align: center;\"><a href=\"https:\/\/egyptianwisdomcenter.org\/de\/produkt\/agyptische-mystiker-sucher-des-weges-2\/\"><span style=\"color: #ff0000;\"><strong><span style=\"color: #0000ff;\">https:\/\/egyptianwisdomcenter.org\/product\/egyptian-mystics-seekers-of-the-way-2nd-edition\/<\/span><\/strong><\/span><\/a><\/div>\n<\/div>","protected":false},"excerpt":{"rendered":"<p>The Cyclical Renewal Festivals &nbsp; The main theme of the Ancient Egyptian texts is the cyclical nature of the universe and the [&hellip;]<\/p>","protected":false},"author":3,"featured_media":0,"parent":0,"menu_order":0,"comment_status":"closed","ping_status":"closed","template":"","meta":{"footnotes":""},"class_list":["post-137","page","type-page","status-publish","hentry"],"aioseo_notices":[],"_links":{"self":[{"href":"https:\/\/egyptianwisdomcenter.org\/de\/wp-json\/wp\/v2\/pages\/137","targetHints":{"allow":["GET"]}}],"collection":[{"href":"https:\/\/egyptianwisdomcenter.org\/de\/wp-json\/wp\/v2\/pages"}],"about":[{"href":"https:\/\/egyptianwisdomcenter.org\/de\/wp-json\/wp\/v2\/types\/page"}],"author":[{"embeddable":true,"href":"https:\/\/egyptianwisdomcenter.org\/de\/wp-json\/wp\/v2\/users\/3"}],"replies":[{"embeddable":true,"href":"https:\/\/egyptianwisdomcenter.org\/de\/wp-json\/wp\/v2\/comments?post=137"}],"version-history":[{"count":0,"href":"https:\/\/egyptianwisdomcenter.org\/de\/wp-json\/wp\/v2\/pages\/137\/revisions"}],"wp:attachment":[{"href":"https:\/\/egyptianwisdomcenter.org\/de\/wp-json\/wp\/v2\/media?parent=137"}],"curies":[{"name":"wp","href":"https:\/\/api.w.org\/{rel}","templated":true}]}}