{"id":138,"date":"2018-10-30T00:00:00","date_gmt":"2018-10-30T04:00:00","guid":{"rendered":"http:\/\/egyptianwisdomcenter.org\/amen-renef-the-indefinable\/"},"modified":"2023-02-07T12:34:45","modified_gmt":"2023-02-07T17:34:45","slug":"amen-renef-the-indefinable-2","status":"publish","type":"page","link":"https:\/\/egyptianwisdomcenter.org\/de\/amen-renef-das-undefinierbare-2\/","title":{"rendered":"Amen-Renef: Das Undefinierbare"},"content":{"rendered":"<h2 style=\"text-align: center;\"><span style=\"color: #ff0000;\"><strong>Amen-Renef <\/strong><\/span><strong>:<\/strong><span style=\"color: #ff0000;\"><strong> <span style=\"color: #0000ff;\">Das Undefinierbare<\/span><\/strong><\/span><\/h2>\n<p>&nbsp;<\/p>\n<p>Die zutiefst religi\u00f6sen \u00c4gypter erkannten, dass kein Mensch das Undefinierbare definieren kann, und glaubten an die Anwesenheit einer unbegrenzten und unerkennbaren Macht, die zu majest\u00e4tisch ist, um mit dem geschaffenen Universum zu kommunizieren; aber ohne diese Kraft kann keine Sch\u00f6pfung existieren.<\/p>\n<p>Au\u00dferhalb des Universums und seiner zyklischen Natur befindet sich das, was die alten \u00c4gypter als \u201eAmen-Renef\u201c bezeichneten, was kein Name einer Entit\u00e4t, sondern ein Satz mit Bedeutung ist <em>Das mit Unknown Essence<\/em>. In diesem Bereich des Unerkennbaren konnten keine Worte im Sinne menschlichen Denkens gesprochen werden, und die zutiefst religi\u00f6sen \u00c4gypter taten dies auch nie, sodass sie nur durch die Verneinung aller Qualit\u00e4ten vermittelt werden konnten. Die \u00c4gypter w\u00fcrden sagen:<\/p>\n<p style=\"padding-left: 30px;\"><em><strong>\u2013 Dessen Name allen Neteru unbekannt ist\u00a0<\/strong><\/em>(G\u00f6tter, G\u00f6ttinnen)<br \/>\n<em><strong>\u2013 Wer hat keine Definition, <\/strong><\/em>[d. h. kann nicht mit menschlichen Begriffen definiert\/beschrieben werden]<br \/>\n<em><strong>\u2013 Wer hat kein Bild.<\/strong><\/em><br \/>\n<em><strong>\u2013 Wer hat keine Form.<\/strong><\/em><br \/>\n<em><strong>\u2013 Wer hat keinen Anfang und kein Ende; usw. usw.<\/strong><\/em><\/p>\n<p>Als solches der alte \u00c4gypter <em>Ausdruck<\/em> Amen-Renef \u00fcbertrifft sogar die Qualit\u00e4t des Seins. Amen-Renef ist nicht der Sch\u00f6pfer oder die erste Ursache. Alle Begriffe: Gott, Sch\u00f6pfer, Meister des Universums, Erste Ursache, Die Erste, sind niedere Prinzipien und von Amen-Renef getrennt.<\/p>\n<p>Die \u00c4gypter \u00e4u\u00dferten nichts mehr davon \u2013 und auch dann nur unter unendlicher Zur\u00fcckhaltung, wobei sie sich immer auf einen tiefen Sinn hinter den Worten beriefen: dass Amen-Renef \u00fcberall ist in dem Sinne, dass ohne seine Supra-Existenz nichts existieren k\u00f6nnte.<\/p>\n<p>Wenn wir nun Amen-Renef anerkennen, dessen Wesen unbekannt ist, k\u00f6nnen wir in die Bereiche der Sch\u00f6pfungszyklen eintreten, von denen wir ein Teil sind.<\/p>\n<p>&nbsp;<\/p>\n<p><strong><span style=\"color: #ff0000;\">[Ein Auszug aus <span style=\"color: #333300;\">\u00c4gyptische Kosmologie: Das animierte Universum, dritte Auflage <\/span><span style=\"color: #333300;\">von Moustafa Gadalla<\/span><br \/>\n<\/span><\/strong><\/p>\n<p><a href=\"https:\/\/egyptianwisdomcenter.org\/de\/produkt\/aegyptische-musikinstrumente-2-2\/\"><span style=\"color: #0000ff;\"><strong>https:\/\/egyptianwisdomcenter.org\/product\/aegyptische-kosmologie-das-belebte-universum-dritte-ausgabe\/<\/strong><\/span><\/a><\/p>\n<p><img decoding=\"async\" class=\"aligncenter\" src=\"https:\/\/egyptianwisdomcenter.org\/wp-content\/uploads\/2023\/01\/agyptische-kosmologie-das-belebte-universum-dritte-ausgabe.jpg\" \/><\/p>\n<div dir=\"auto\">\n<div dir=\"auto\" style=\"text-align: center;\"><a href=\"https:\/\/egyptianwisdomcenter.org\/de\/produkt\/aegyptische-musikinstrumente-2-2\/\"><span style=\"color: #0000ff;\"><strong>https:\/\/egyptianwisdomcenter.org\/product\/aegyptische-kosmologie-das-belebte-universum-dritte-ausgabe\/<\/strong><\/span><\/a><\/div>\n<\/div>","protected":false},"excerpt":{"rendered":"<p>Amen-Renef : The Indefinable &nbsp; The deeply religious Egyptians, recognizing that no human being can define the indefinable, believed in the presence [&hellip;]<\/p>","protected":false},"author":3,"featured_media":0,"parent":0,"menu_order":0,"comment_status":"closed","ping_status":"closed","template":"","meta":{"footnotes":""},"class_list":["post-138","page","type-page","status-publish","hentry"],"aioseo_notices":[],"_links":{"self":[{"href":"https:\/\/egyptianwisdomcenter.org\/de\/wp-json\/wp\/v2\/pages\/138","targetHints":{"allow":["GET"]}}],"collection":[{"href":"https:\/\/egyptianwisdomcenter.org\/de\/wp-json\/wp\/v2\/pages"}],"about":[{"href":"https:\/\/egyptianwisdomcenter.org\/de\/wp-json\/wp\/v2\/types\/page"}],"author":[{"embeddable":true,"href":"https:\/\/egyptianwisdomcenter.org\/de\/wp-json\/wp\/v2\/users\/3"}],"replies":[{"embeddable":true,"href":"https:\/\/egyptianwisdomcenter.org\/de\/wp-json\/wp\/v2\/comments?post=138"}],"version-history":[{"count":0,"href":"https:\/\/egyptianwisdomcenter.org\/de\/wp-json\/wp\/v2\/pages\/138\/revisions"}],"wp:attachment":[{"href":"https:\/\/egyptianwisdomcenter.org\/de\/wp-json\/wp\/v2\/media?parent=138"}],"curies":[{"name":"wp","href":"https:\/\/api.w.org\/{rel}","templated":true}]}}