{"id":139,"date":"2018-10-30T00:00:00","date_gmt":"2018-10-30T04:00:00","guid":{"rendered":"http:\/\/egyptianwisdomcenter.org\/neteru-the-divine-energies\/"},"modified":"2023-01-02T01:18:18","modified_gmt":"2023-01-02T06:18:18","slug":"neteru-the-divine-energies-2","status":"publish","type":"page","link":"https:\/\/egyptianwisdomcenter.org\/de\/neteru-die-gottlichen-energien-2\/","title":{"rendered":"Neteru \u2013 Die g\u00f6ttlichen Energien"},"content":{"rendered":"<h2 style=\"text-align: center;\"><span style=\"color: #0000ff;\"><strong>Neteru \u2013 Die g\u00f6ttlichen Energien<\/strong><\/span><\/h2>\n<h1><\/h1>\n<h3><span style=\"color: #ff0000;\"><strong>1. Im Anfang vor der Sch\u00f6pfung \u2013 Nonne \u2013 Nichts<\/strong><\/span><\/h3>\n<div>\n<p>Jeder \u00e4gyptische Sch\u00f6pfungstext beginnt mit dem gleichen Grundglauben: dass es vor dem Anfang der Dinge einen fl\u00fcssigen Urabgrund gab \u2013 \u00fcberall, endlos und ohne Grenzen oder Richtungen. Die \u00c4gypter nannten dieses kosmische Ozean-\/Wasser-Chaos Nu\/Ny\/Nun \u2013 den unpolarisierten Zustand der Materie. Wasser ist formlos und nimmt aus sich selbst heraus keine Form an; Es widersteht auch nicht der Gestaltung.<\/p>\n<p>Wissenschaftler stimmen mit der alt\u00e4gyptischen Beschreibung \u00fcberein, dass der Ursprung des Universums ein Abgrund sei. Wissenschaftler nennen diesen Abgrund \u201eNeutronensuppe\u201c, in dem es weder Elektronen noch Protonen gibt; Nur Neutronen bilden einen riesigen, extrem dichten Kern.<\/p>\n<p>Solch ein Chaos wurde im Zustand vor der Sch\u00f6pfung durch die Kompression der Materie verursacht; Das hei\u00dft, Atome existierten nicht in ihrem Normalzustand, sondern waren so eng zusammengedr\u00fcckt, dass viele Atomkerne in einem Raum zusammengedr\u00e4ngt wurden, der zuvor von einem einzelnen normalen Atom eingenommen wurde. Unter solchen Bedingungen wurden die Elektronen dieser Atome aus ihren Umlaufbahnen verdr\u00e4ngt und bewegten sich frei, also in einem chaotischen, entarteten Zustand.<\/p>\n<\/div>\n<p>Nu\/Ny\/Nun ist das \u201esubjektive Wesen\u201c; das Symbol der ungeformten, undefinierten, undifferenzierten Energie\/Materie, tr\u00e4ge oder inaktiv; der ungeschaffene Zustand vor der Sch\u00f6pfung \u2013 er kann nicht die Ursache f\u00fcr seine Transformation sein.<\/p>\n<p>Der Begriff \u201eunendlich\u201c ist nat\u00fcrlich gleichbedeutend mit \u201enicht endlich\u201c, undefiniert, unbegrenzt, ungeformt, undifferenziert usw. Das bedeutet, dass die Energie\/Materie, aus der alle Dinge bestehen, in ihrem wesentlichen Zustand ungeformt, undefiniert, undifferenziert usw. sein muss. Wenn die materielle Grundlage der Welt wesentliche Definitionen (Formationen) h\u00e4tte, w\u00fcrden diese als begrenzend wirken Faktoren f\u00fcr seine F\u00e4higkeit, unendlich transformiert zu werden. Sein grunds\u00e4tzlicher Mangel an Definition ist eine absolute Voraussetzung f\u00fcr Gottes sch\u00f6pferische Allmacht.<\/p>\n<p>&nbsp;<\/p>\n<h3><span style=\"color: #ff0000;\"><strong>2. Lass die Sch\u00f6pfung beginnen<\/strong><\/span><\/h3>\n<p>Die kondensierte Energie in der Neutronensuppe vor der Sch\u00f6pfung baute sich kontinuierlich auf. Diese kondensierte Energie erreichte vor etwa 15 Milliarden Jahren die optimale Konzentration an Aufbauenergie, die zu ihrer Explosion und Ausbreitung nach au\u00dfen f\u00fchrte.<\/p>\n<p>Das laute Ger\u00e4usch dieser Explosion f\u00fchrte zum Zerfall der Bestandteile des Universums.<\/p>\n<p>Auch in den alt\u00e4gyptischen Texten wurde immer wieder betont, dass die g\u00f6ttliche Befehlsstimme, also der g\u00f6ttliche Ton, die Ursache der Sch\u00f6pfung sei.<\/p>\n<p>Die fr\u00fchesten wiederhergestellten alt\u00e4gyptischen Texte vor 5.000 Jahren zeigen den Glauben, dass das Wort die Erschaffung der Welt verursacht hat. Der \u00c4gypter <em>Buch vom Hervorkommen des Lichts <\/em>(f\u00e4lschlicherweise und allgemein \u00fcbersetzt als <em>Buch der\u00a0<\/em><em>Tot<\/em>), der \u00e4lteste geschriebene Text der Welt, besagt:<\/p>\n<p style=\"padding-left: 30px;\"><em><strong>\u201eIch bin der Ewige \u2026 Ich bin der, der das Wort erschaffen hat \u2026 Ich bin das Wort \u2026\u201c<\/strong><\/em><\/p>\n<p>Wir finden auch im Buch der g\u00f6ttlichen Kuh (in den Schreinen von Tut-Ankh-Amen zu finden), dass die Himmel und ihre Heerscharen lediglich durch das Aussprechen von Worten entstanden, deren Klang allein Dinge hervorruft. So wie sein Name ausgesprochen wird, so entsteht das Ding.<\/p>\n<p>Denn der Name ist eine Realit\u00e4t; die Sache selbst. Mit anderen Worten: Jeder einzelne Laut hat\/hat seine entsprechende Form. Die moderne Wissenschaft hat einen direkten Zusammenhang zwischen der Frequenz und der Form von Schallwellen best\u00e4tigt.<\/p>\n<p>Das Wort (jedes Wort) ist wissenschaftlich gesehen ein komplexes Schwingungselement, bei dem es sich um ein Wellenph\u00e4nomen handelt, das durch Bewegungen variabler Frequenz und Intensit\u00e4t gekennzeichnet ist. Mit anderen Worten: Schall entsteht durch die Komprimierung von Luftpartikeln \u2013 durch die Neuordnung der Abst\u00e4nde und Bewegungen der Luftpartikel, also durch die Schaffung von Formen. Jede Schallwellenfrequenz hat ihre eigene geometrische Form.<\/p>\n<p>Der g\u00f6ttliche Klang verwandelte die potenziell tr\u00e4ge Energie\/Materie in Nun in die Teile des Universums als differenzierte, geordnete, strukturierte kinetische Energien in Form von Objekten, Gedanken, Kr\u00e4ften, physikalischen Ph\u00e4nomenen usw.<\/p>\n<p>Durch die Umwandlung einer Energieart (Potenzial) in eine andere (Kinetik) wurde das Universum im Ganzen und in seinen Bestandteilen zum Leben erweckt.<\/p>\n<p>Es ist alles eine Frage der Energien.<\/p>\n<p>&nbsp;<\/p>\n<h3><span style=\"color: #ff0000;\"><strong>3. Atam \u2013 Die manifestierte kosmische Energie<\/strong><\/span><\/h3>\n<p>Wie wir gesehen haben, kam die Sch\u00f6pfung aus dem Zustand der Nicht-Sch\u00f6pfung heraus. Die \u00c4gypter nannten es Nun. \u201eKeine\u201c oder \u201eNull\u201c repr\u00e4sentiert auch den Zustand des Universums vor der Sch\u00f6pfung. Es gibt KEIN Universum: KEINES NULL NULL. Ein solcher Zustand des Universums repr\u00e4sentiert das subjektive Wesen \u2013 ungeformte, undefinierte und undifferenzierte Energie\/Materie. Seine tr\u00e4ge Energie ist inaktiv.<\/p>\n<p>Andererseits ist der Sch\u00f6pfungszustand geordnet, geformt, definiert und differenziert. Die Gesamtheit der g\u00f6ttlichen Energie w\u00e4hrend des Sch\u00f6pfungszustandes wird von den \u00c4gyptern Atam genannt.<\/p>\n<p>Sch\u00f6pfung ist das Aussortieren (Definition\/Ordnung) des gesamten Chaos (der undifferenzierten Energie\/Materie und des Bewusstseins) des Urzustands. Alle alt\u00e4gyptischen Sch\u00f6pfungsberichte zeigten dies mit genau definierten, klar abgegrenzten Phasen.<\/p>\n<p>Die erste Stufe der Sch\u00f6pfung war die Selbsterschaffung des H\u00f6chsten Wesens als Sch\u00f6pfer und Wesen, also der \u00dcbergang vom Subjektiven Sein (Nu\/Ny\/Nun) zum Objektiven Sein (Atam). In einfachen menschlichen Begriffen entspricht dies dem Moment, in dem man vom Schlaf (unbewusster Zustand, subjektives Sein) in das Bewusstsein seiner selbst \u00fcbergeht (Bewusstwerdung, objektives Sein). Es ist, als st\u00fcnde man auf festem Boden.<\/p>\n<p>Dieses Sch\u00f6pfungsstadium wurde von den \u00e4gyptischen Weisen als Atam\/Atum dargestellt, das aus Nu\/Ny\/Nun aufsteigt. In den Unas-Texten (sogenannten Pyramidentexten) gibt es die folgende Anrufung:<\/p>\n<p style=\"padding-left: 30px;\"><em><strong>Gru\u00df an dich, Atam,<\/strong><\/em><br \/>\n<em><strong> Gru\u00df sei an dich, der aus sich selbst entsteht!<\/strong><\/em><br \/>\n<em><strong> Du bist hoch oben auf diesem hohen H\u00fcgel, der deinen Namen tr\u00e4gt.<\/strong><\/em><br \/>\n<em><strong> Du entsteht in diesem Namen, Khepri<\/strong><\/em> (Eins werden). [\u00a71587]<\/p>\n<p>Atam bedeutet das <em>Einheit von allem<\/em>; das Ganze. Atam ist mit der Wurzel \u201etam\u201c oder \u201etamam\u201c verbunden und bedeutet \u201e<em>vollst\u00e4ndig sein<\/em>&quot; oder &quot;<em>ein Ende machen<\/em>\u201c.<\/p>\n<p>In alt\u00e4gyptischen Texten bedeutet Atam derjenige, der vervollst\u00e4ndigt oder vervollkommnet, und in der Litanei von Re wird Atam als jemand erkannt <em>das Vollendete, das ALLE<\/em><\/p>\n<p>Die alt\u00e4gyptischen Texte betonen, dass das Vollkommene alles enth\u00e4lt. Der alt\u00e4gyptische Text lautet:<\/p>\n<p style=\"padding-left: 30px;\"><em><strong>\u201eIch habe viele Namen und viele Formen, und mein Wesen existiert in jedem Neter.\u201c<\/strong><\/em><\/p>\n<p>Numerisch gesehen ist Eins keine Zahl, sondern die Essenz des zugrunde liegenden Prinzips der Zahl; alle anderen Zahlen werden daraus gebildet. Einer repr\u00e4sentiert die Einheit: das Absolute als unpolarisierte Energie. Atam als Zahl Eins ist weder ungerade noch gerade, sondern beides. Atam ist weder weiblich noch m\u00e4nnlich, sondern beides.<\/p>\n<p>Atam ist die Gesamtheit der geordneten Energiematrix w\u00e4hrend der Sch\u00f6pfungsphase, w\u00e4hrend Nun die ungeordnete Energieverbindung ist \u2013 das subjektive Wesen. Die gesamte g\u00f6ttliche Energie im Universum wird in ihrem chaotischen Zustand Nun und in ihrer geordneten Sch\u00f6pfung und ihrem Zustands-\/Prozesspunkt Atam genannt.<\/p>\n<p>Atam stellt die Freisetzung der vorhandenen Energie in Nun in einer geordneten Reihenfolge dar, dh sie zum Leben zu erwecken. Dies stellt das objektive Wesen dar.<\/p>\n<p>Nun und Atam sind Abbilder voneinander, wie die Zahlen 0 und 1. 0 ist nichts, Null; und 1 bedeutet \u201edas Ganze\u201c.<\/p>\n<p>&nbsp;<\/p>\n<h3><span style=\"color: #ff0000;\"><strong>4. Existenz des Ganzen \u2013 Das Eins-Werden<\/strong><\/span><\/h3>\n<p>Sch\u00f6pfung ist das Aussortieren (Definition\/Ordnung) des gesamten Chaos (der undifferenzierten Energie\/Materie und des Bewusstseins) des Urzustands. Alle alt\u00e4gyptischen Sch\u00f6pfungsberichte zeigten dies mit klar definierten, klar abgegrenzten Phasen.<\/p>\n<p>Der Same der Sch\u00f6pfung, aus dem alles entstand, ist Atam. Und so wie die Pflanze im Samen enthalten ist; also ist auch alles, was im Universum geschaffen wird, Atam.<\/p>\n<p>Atam, der Eine, der das All ist, erkl\u00e4rt als Meister des Universums im alt\u00e4gyptischen Papyrus, der allgemein als Bremner-Rhind-Papyrus bekannt ist:<\/p>\n<p style=\"padding-left: 30px;\"><em><strong>\u201eAls ich mich in der Existenz manifestierte, existierte die Existenz.<\/strong><\/em><br \/>\n<em><strong>Ich entstand in der Form des Existierenden, das im Ersten Mal entstand.<\/strong><\/em><br \/>\n<em><strong>Ich entstand entsprechend der Existenzweise des Existierenden und existierte daher.<\/strong><\/em><br \/>\n<em><strong>Und so entstand das Existierende.\u201c<\/strong><\/em><\/p>\n<p>Mit anderen Worten, als der Meister des Universums entstand, entstand die gesamte Sch\u00f6pfung, weil das Vollendete alles enth\u00e4lt.<\/p>\n<p>&nbsp;<\/p>\n<h3><span style=\"color: #ff0000;\"><strong>5. Neteru \u2013 Die g\u00f6ttlichen Energien<\/strong><\/span><\/h3>\n<p>Wir haben gerade gesehen, dass mit der Entstehung des Meisters des Universums auch die gesamte Sch\u00f6pfung entstand, weil der Vollendete alles enth\u00e4lt.<\/p>\n<p>Der Sch\u00f6pfungszyklus wird durch g\u00f6ttliche Kr\u00e4fte oder Energien verursacht und aufrechterhalten. Diese Energien durchlaufen wie der ewige Sch\u00f6pfungszyklus einen Transformationsprozess von Geburt, Leben, Altern, Sterben, Tod bis hin zur Wiedergeburt. Wir Menschen verf\u00fcgen \u00fcber \u00e4hnliche Lebenskr\u00e4fte, die sich im Laufe unseres Lebens ver\u00e4ndern. Unser menschlicher K\u00f6rper besteht aus zahlreichen Zyklen, die unser Leben bestimmen. Alle Kr\u00e4fte sterben, wenn wir sterben.<\/p>\n<p>Die \u00c4gypter nannten diese g\u00f6ttlichen Kr\u00e4fte Neteru. Das Hauptthema des Universums ist seine zyklische Natur. Die NeTeRu sind die Kr\u00e4fte der NaTuRe, die sozusagen die Welt bewegen. Sie einfach G\u00f6tter und G\u00f6ttinnen zu nennen, erweckt einen falschen Eindruck.<\/p>\n<p>Die g\u00f6ttliche Energie, die sich im Sch\u00f6pfungszyklus manifestiert, wird durch ihre konstituierenden Energieaspekte definiert, die von den alten \u00c4gyptern Neteru genannt wurden. Damit die Sch\u00f6pfung existieren und erhalten bleiben kann, muss diese g\u00f6ttliche Energie in Form m\u00e4nnlicher und weiblicher Prinzipien betrachtet werden.<\/p>\n<p>Daher dr\u00fcckten die alten \u00c4gypter die kosmischen Energiekr\u00e4fte in den Begriffen Netert (weibliches Prinzip) und Neter (m\u00e4nnliches Prinzip) aus.<\/p>\n<p>Das \u00e4gyptische Wort \u201eneter\u201c (oder Natur oder \u201enetjer\u201c) bedeutet <em>eine Kraft, die in der Lage ist, Leben zu erzeugen und es zu erhalten, wenn es erzeugt wird<\/em>. So wie alle Teile der Sch\u00f6pfung den Zyklus von Geburt-Leben-Tod-Wiedergeburt durchlaufen, so durchlaufen auch die treibenden Energien die Phasen dieses Zyklus. Daher durchliefen (und durchlaufen) die alt\u00e4gyptischen Neteru als g\u00f6ttliche Energien denselben Zyklus von Geburt, Wachstum, Tod und Erneuerung. Dieses Verst\u00e4ndnis war allen gemeinsam, wie Plutarch feststellte; dass die Vielzahl der Kr\u00e4fte der Natur (bekannt als Neteru) geboren oder erschaffen wird, st\u00e4ndigen Ver\u00e4nderungen unterliegt, altert und stirbt und wiedergeboren wird.<\/p>\n<p>Wir k\u00f6nnen das Beispiel der Raupe nennen, die geboren wird, lebt, dann ihren eigenen Kokon baut, wo sie stirbt \u2013 oder, noch besser, sich in einen Schmetterling verwandelt, der Eier legt, und so weiter und so weiter. Was wir hier haben, ist die zyklische Umwandlung von einer Energieform\/einem Energiezustand in eine andere.<\/p>\n<p>Ein weiteres Beispiel ist der Wasserkreislauf \u2013 das Wasser verdunstet und bildet Wolken, die zur\u00fcck zur Erde regnen. Es ist alles eine geordnete zyklische Umwandlung von Energien in verschiedenen Formen.<\/p>\n<p>Wenn Sie an Neteru denken, nicht als <em>G\u00f6tter <\/em>Und <em>G\u00f6ttinnen<\/em> Aber als kosmische Energiekr\u00e4fte kann man das alt\u00e4gyptische System als brillante Darstellung des Universums betrachten. Philosophisch gesehen \u00e4hnelt diese zyklische, nat\u00fcrliche Transformation unserem Sprichwort:<\/p>\n<p style=\"padding-left: 30px;\"><em><strong>\u201eJe mehr sich die Dinge \u00e4ndern, desto mehr bleiben sie gleich.\u201c<\/strong><\/em><\/p>\n<p>In wissenschaftlichen Kreisen ist dies als bekannt <strong>das Naturgesetz der Energieerhaltung<\/strong>, was als Prinzip beschrieben wird <em>Energie wird niemals verbraucht, sondern ver\u00e4ndert nur ihre Form, und die Gesamtenergie in einem physikalischen System wie dem Universum kann weder erh\u00f6ht noch verringert werden.<\/em><\/p>\n<p>&nbsp;<\/p>\n<h3><span style=\"color: #ff0000;\"><strong>6. Die universelle Energiematrix und Einstein<\/strong><\/span><\/h3>\n<p>Diese Energiematrix entstand als Ergebnis des ersten Sch\u00f6pfungsakts und der nachfolgenden Effekte, die das Universum erschaffen haben. Diese Matrix besteht aus einer organisierten Hierarchie. Jede Ebene der Existenzhierarchie ist eine Theophanie \u2013 eine Sch\u00f6pfung durch das Bewusstsein der dar\u00fcber liegenden Seinsebene. Die Selbstbetrachtung auf jeder Stufe der Existenz bringt jede niedrigere Stufe ins Leben. Daher ist die Hierarchie der Energien miteinander verbunden und jede Ebene wird von der Ebene darunter getragen. Diese Hierarchie der Energien ist fein s\u00e4uberlich in eine riesige Matrix tiefgreifender Naturgesetze eingef\u00fcgt. Es ist sowohl physisch als auch metaphysisch.<\/p>\n<p>Die alten und Baladi-\u00c4gypter machten\/machen keinen Unterschied zwischen einem metaphysischen Seinszustand und einem mit einem materiellen K\u00f6rper. Eine solche Unterscheidung ist eine mentale Illusion. Wir existieren auf mehreren verschiedenen Ebenen gleichzeitig, von der physischsten bis zur metaphysischsten. Einstein stimmte denselben Prinzipien zu.<\/p>\n<p>Seit Einsteins Relativit\u00e4tstheorie ist bekannt und anerkannt, dass Materie eine Form von Energie ist; eine Koagulation oder Kondensation von Energie. Das Naturgesetz zur Erhaltung von Materie oder Masse besagt daher, dass Materie bei physikalischen oder chemischen Ver\u00e4nderungen weder erzeugt noch zerst\u00f6rt wird.<\/p>\n<p>Energie besteht aus Molek\u00fclen, die mit unterschiedlicher Geschwindigkeit rotieren oder vibrieren. In der \u201ephysikalischen\u201c Welt rotieren Molek\u00fcle mit einer sehr langsamen und konstanten Geschwindigkeit. Deshalb erscheinen Dinge f\u00fcr unsere irdischen Sinne fest: Je langsamer die Geschwindigkeit, desto dichter oder fester ist das Ding. In der metaphysischen (geistigen) Welt schwingen die Molek\u00fcle viel schneller oder in einer \u00e4therischen Dimension, in der die Dinge freier und weniger dicht sind.<\/p>\n<p>Aus dieser Sicht ist das Universum im Grunde eine Hierarchie von Energien unterschiedlicher Dichteordnung. Unsere Sinne haben Zugang zur dichtesten Energieform, der Materie. Die Hierarchie der Energien ist miteinander verbunden und jede Ebene wird von der Ebene darunter getragen. Diese Hierarchie der Energien ist fein s\u00e4uberlich in eine riesige Matrix tiefgreifender Naturgesetze eingef\u00fcgt. Es ist sowohl physisch als auch metaphysisch.<\/p>\n<p>Die universelle Energiematrix umfasst die Welt als Produkt eines komplexen Beziehungssystems zwischen Menschen (lebend und tot), Tieren, Pflanzen sowie nat\u00fcrlichen und \u00fcbernat\u00fcrlichen Ph\u00e4nomenen. Diese Begr\u00fcndung wird oft als Animismus bezeichnet, weil sie im Kern davon ausgeht, dass alle Dinge durch Lebenskr\u00e4fte belebt (mit Energie versorgt) werden. Jedes winzige Teilchen von allem ist in st\u00e4ndiger Bewegung \u2013 also unter Energie, wie in der kinetischen Theorie anerkannt. Mit anderen Worten: Alles ist belebt (energetisiert) \u2013 Tiere, B\u00e4ume, Felsen, V\u00f6gel \u2013 sogar die Luft, Sonne und Mond.<\/p>\n<p>Die schnellere Form der Energien \u2013 diese unsichtbaren Energien im Universum \u2013 werden von vielen als Geister bezeichnet. Geister\/Energien sind in unterschiedlicher Dichteordnung organisiert, was mit den unterschiedlichen Geschwindigkeiten der Molek\u00fcle zusammenh\u00e4ngt. Diese schnelleren (unsichtbaren) Energien bewohnen bestimmte Gebiete oder sind mit bestimmten Naturph\u00e4nomenen verbunden. Geister (Energien) existieren in familien\u00e4hnlichen Gruppen (dh sie sind miteinander verwandt).<\/p>\n<p>Energien k\u00f6nnen nach Belieben eine verdichtetere Energie (Materie) wie Mensch, Tier, Pflanze oder jede andere Form einnehmen. Der Geist belebt den menschlichen K\u00f6rper bei der Geburt und verl\u00e4sst ihn beim Tod. Manchmal dringt mehr als ein Energiegeist in einen K\u00f6rper ein.<\/p>\n<p>Wir h\u00f6ren oft, dass eine Person \u201esich selbst nicht f\u00fchlt\u201c, oder dass sie \u201evor\u00fcbergehend verr\u00fcckt\u201c, \u201ebesessen\u201c oder \u201eau\u00dfer sich\u201c ist, oder wir h\u00f6ren von einer Person mit mehreren Pers\u00f6nlichkeiten. Die Energien (Geister) wirken sich in gewissem Ma\u00dfe auf uns alle aus.<\/p>\n<p>Das Vorhandensein von Energie in allem wurde schon lange von den alten \u00c4gyptern und den Baladi-\u00c4gyptern erkannt. Dass in jedem Stein, jedem Mineral, jedem Holz usw. kosmische Energien (Neteru) stecken, wird in der Shabaka-Stele (8. Jahrhundert v. Chr.) deutlich dargelegt:<\/p>\n<p style=\"padding-left: 30px;\"><em><strong>\u201eUnd so das Neteru <\/strong><\/em>(G\u00f6tter, G\u00f6ttinnen)<em><strong> in ihre K\u00f6rper eingegangen, in Form von jeder Art von Holz, von jeder Art von Mineralien, als jede Art von Ton, als alles, was auf ihm (gemeint ist Erde) w\u00e4chst\u201c.<\/strong><\/em><\/p>\n<p>&nbsp;<\/p>\n<h3><span style=\"color: #ff0000;\"><strong>7. Neteru und Engel<\/strong><\/span><\/h3>\n<p>Die Neteru (G\u00f6tter, G\u00f6ttinnen) sind die g\u00f6ttlichen Energien\/M\u00e4chte\/Kr\u00e4fte, die durch ihre Handlungen und Interaktionen das Universum geschaffen und erhalten haben (und weiterhin erhalten).<\/p>\n<p>Die Neteru (G\u00f6tter, G\u00f6ttinnen) und ihre Funktionen wurden sp\u00e4ter von anderen als anerkannt <em>Engel<\/em>. Das Lied des Mose im Deuteronomium (32:43), das in einer H\u00f6hle in Qumran in der N\u00e4he des Toten Meeres gefunden wurde, erw\u00e4hnt das Wort <em>G\u00f6tter <\/em>im <em>Plural<\/em>:<\/p>\n<p style=\"padding-left: 30px;\"><em><strong>\u201eFreue dich, o Himmel, mit ihm; und gehorcht ihm, ihr G\u00f6tter.\u201c<\/strong><\/em><\/p>\n<p>Wenn die Passage im Neuen Testament (Hebr\u00e4er 1,6) zitiert wird, wird das Wort \u201eG\u00f6tter\u201c durch \u201eEngel Gottes\u201c ersetzt.<\/p>\n<p>Die Sph\u00e4ren von Neteru (im Christentum auch als Engel und Erzengel bekannt) sind zwischen den Ebenen\/Bereichen des Universums hierarchisch angeordnet.<\/p>\n<p>&nbsp;<\/p>\n<h3><span style=\"color: #ff0000;\"><strong>8. Der Sch\u00f6pfungszyklus<\/strong><\/span><\/h3>\n<p>Das System der Sch\u00f6pfung ist ein System notwendiger Emanation, Prozession oder Ausstrahlung, begleitet von notwendigem Streben oder Zur\u00fcckkehren zur Quelle. Alle Formen und Phasen der Existenz entspringen der G\u00f6ttlichkeit, und alle streben danach, dorthin zur\u00fcckzukehren und dort zu bleiben.<\/p>\n<p>Als Folge des Urknalls stehen den Aussto\u00dfkr\u00e4ften, die alle Galaxien nach au\u00dfen bewegen, die Gravitations-\/Kontraktionskr\u00e4fte gegen\u00fcber, die die Galaxien zusammenziehen. Gegenw\u00e4rtig \u00fcbersteigen die nach au\u00dfen gerichteten Kr\u00e4fte die Kontraktionskr\u00e4fte; und deshalb erweitern sich die Grenzen des Universums immer noch.<\/p>\n<p>Wissenschaftler sagen uns, dass das Universum zu einem bestimmten Zeitpunkt in der Zukunft aufh\u00f6ren wird, sich auszudehnen und kleiner wird. Die Mikrowellenstrahlung des Urknall-Feuerballs (der immer noch umherfliegt) beginnt sich zu zerquetschen, erw\u00e4rmt sich und \u00e4ndert erneut die Farbe, bis sie wieder sichtbar wird. Der Himmel wird rot und dann orange, gelb, wei\u00df \u2026 und wird im Big Crunch enden; Das hei\u00dft, die gesamte Materie und die gesamte Strahlung im Universum werden zu einer Einheit zusammensto\u00dfen.<\/p>\n<p>Der Big Crunch ist nicht das Ziel an sich; denn das wiedervereinte, zerkleinerte Universum (Neutronensuppe) wird das Potenzial f\u00fcr eine neue Sch\u00f6pfung haben, die Big Bounce genannt wird.<\/p>\n<p>Daher ist es nicht verwunderlich, dass die alt\u00e4gyptischen Texte in ihren \u00fcblichen \u00e4gyptischen Symbolbegriffen auch \u201eThe Big Crunch\u201c und \u201eThe Big Bounce\u201c beschrieben haben.<\/p>\n<p>Die \u00e4gyptischen Sargtexte, Spell 130, sagen uns Folgendes:<\/p>\n<p style=\"padding-left: 30px;\"><em><strong>\u201eNach den Millionen Jahren der differenzierten Sch\u00f6pfung wird das Chaos vor der Sch\u00f6pfung zur\u00fcckkehren. Nur der Vollkommene [Atam] und Aus-Ra werden \u00fcbrig bleiben. . . nicht mehr r\u00e4umlich und zeitlich getrennt\u201c.<\/strong><\/em><\/p>\n<p>Der alt\u00e4gyptische Text sagt uns zwei Punkte. Das erste ist die R\u00fcckkehr des erschaffenen Universums ins Chaos am Ende des Sch\u00f6pfungszyklus, was die gro\u00dfe Krise bedeutet. Der zweite Punkt ist das Potenzial f\u00fcr eine neue zyklische Wiedergeburt des Universums, symbolisiert durch die Anwesenheit von Aus-Ra.<\/p>\n<p><strong>Lassen Sie uns hier ein paar Minuten innehalten, um zu erfahren, was in \u00c4gypten als \u201eNamen\u201c von Gottheiten beworben wird.<\/strong><\/p>\n<p>Aus-Ra besteht aus zwei W\u00f6rtern. Das Wort <strong>Aus <\/strong>bedeutet <strong><em>Die kraft von<\/em><\/strong><em>, <\/em>oder <strong><em>die Wurzel von<\/em><\/strong>. Als solches bedeutet Aus-Ra <em>die Kraft von Ra<\/em>; Bedeutung: die <strong><em>Wiedergeburt von Ra<\/em><\/strong>.<\/p>\n<p>Das Prinzip, das Leben aus scheinbarem Tod entstehen l\u00e4sst, wurde\/wird Aus-Ra genannt, das die Kraft der Erneuerung symbolisiert. Das Hauptthema der alt\u00e4gyptischen Texte ist die zyklische Natur der Sch\u00f6pfung, die geboren wird, lebt, stirbt und sich wieder regeneriert.<\/p>\n<p>&nbsp;<\/p>\n<p><span style=\"color: #ff0000;\"><strong>[Ein Auszug aus \u201eEgyptian Cosmology: The Animated Universe, Third Edition\u201c von Moustafa Gadalla]<br \/>\n<a href=\"https:\/\/egyptianwisdomcenter.org\/de\/produkt\/aegyptische-musikinstrumente-2-2\/\"><span style=\"color: #0000ff;\">https:\/\/egyptianwisdomcenter.org\/product\/aegyptische-kosmologie-das-belebte-universum-dritte-ausgabe\/<\/span><\/a><\/strong><\/span><\/p>\n<p><img decoding=\"async\" class=\"aligncenter\" src=\"https:\/\/egyptianwisdomcenter.org\/wp-content\/uploads\/2023\/01\/agyptische-kosmologie-das-belebte-universum-dritte-ausgabe.jpg\" \/><\/p>\n<p style=\"text-align: center;\"><a href=\"https:\/\/egyptianwisdomcenter.org\/de\/produkt\/aegyptische-musikinstrumente-2-2\/\"><strong><span style=\"color: #3366ff;\">https:\/\/egyptianwisdomcenter.org\/product\/aegyptische-kosmologie-das-belebte-universum-dritte-ausgabe\/<\/span><\/strong><\/a><\/p>\n<div dir=\"auto\"><\/div>","protected":false},"excerpt":{"rendered":"<p>Neteru\u2014The Divine Energies 1. In The Pre-Creation Beginning\u2014Nun\u2014Nothingness Every Egyptian creation text begins with the same basic belief: that before the beginning [&hellip;]<\/p>","protected":false},"author":3,"featured_media":0,"parent":0,"menu_order":0,"comment_status":"closed","ping_status":"closed","template":"","meta":{"footnotes":""},"class_list":["post-139","page","type-page","status-publish","hentry"],"aioseo_notices":[],"_links":{"self":[{"href":"https:\/\/egyptianwisdomcenter.org\/de\/wp-json\/wp\/v2\/pages\/139","targetHints":{"allow":["GET"]}}],"collection":[{"href":"https:\/\/egyptianwisdomcenter.org\/de\/wp-json\/wp\/v2\/pages"}],"about":[{"href":"https:\/\/egyptianwisdomcenter.org\/de\/wp-json\/wp\/v2\/types\/page"}],"author":[{"embeddable":true,"href":"https:\/\/egyptianwisdomcenter.org\/de\/wp-json\/wp\/v2\/users\/3"}],"replies":[{"embeddable":true,"href":"https:\/\/egyptianwisdomcenter.org\/de\/wp-json\/wp\/v2\/comments?post=139"}],"version-history":[{"count":0,"href":"https:\/\/egyptianwisdomcenter.org\/de\/wp-json\/wp\/v2\/pages\/139\/revisions"}],"wp:attachment":[{"href":"https:\/\/egyptianwisdomcenter.org\/de\/wp-json\/wp\/v2\/media?parent=139"}],"curies":[{"name":"wp","href":"https:\/\/api.w.org\/{rel}","templated":true}]}}