{"id":140,"date":"2018-10-30T00:00:00","date_gmt":"2018-10-30T04:00:00","guid":{"rendered":"http:\/\/egyptianwisdomcenter.org\/the-archetypal-synergies\/"},"modified":"2023-01-02T01:19:27","modified_gmt":"2023-01-02T06:19:27","slug":"the-archetypal-synergies-2","status":"publish","type":"page","link":"https:\/\/egyptianwisdomcenter.org\/de\/die-archetypischen-synergien-2\/","title":{"rendered":"Die archetypischen Synergien"},"content":{"rendered":"<h2 style=\"text-align: center;\"><span style=\"color: #0000ff;\">Die archetypischen Synergien<\/span><\/h2>\n<p>&nbsp;<\/p>\n<h3><span style=\"color: #ff0000;\"><strong>1. Assoziationen und Manifestationen<\/strong><\/span><\/h3>\n<p>Die von den verschiedenen Neteru (G\u00f6ttern\/G\u00f6ttinnen) repr\u00e4sentierten Energien funktionieren selten einzeln, sondern sind oft mit anderen Neteru (G\u00f6ttern\/G\u00f6ttinnen) verb\u00fcndet oder verschmolzen. Die Vereinigung bestimmter Paare komplement\u00e4rer Energien\/Attribute (m\u00e4nnliche und weibliche Formen) f\u00fchrt zu einer dritten Energie\/Attribut. Trinit\u00e4ten werden manchmal zusammen als eine einzige zusammengesetzte Einheit dargestellt; manchmal separat und manchmal in bin\u00e4rer Form.<\/p>\n<p>Menschlich gesehen besteht eine Familie aus einem Mann, einer Frau und einem Kind. Die drei sind eine Einheit \u2013 eine Familie. Es gibt auch bin\u00e4re Beziehungen wie: Mann-Frau (Ehe), Vater-Kind (Vaterschaft) und Mutter-Kind (Mutterschaft).<\/p>\n<p>\u00c4gyptische Gottheiten sind in einer komplexen und wechselnden Reihe von Beziehungen miteinander verbunden. Die Verbindungen und Interaktionen eines Neters mit anderen Gottheiten tragen dazu bei, seinen Charakter zu definieren. Solche Beziehungen bildeten die Grundlage f\u00fcr die Bildung \u00e4gyptischer Allegorien.<\/p>\n<p>Es muss zwischen Assoziationen von Gottheiten und Manifestationen eines Neter-Prinzips in anderen Neteru-Prinzipien\/-Formen unterschieden werden. Es ist beispielsweise falsch anzunehmen, dass es sich bei Re-Sebek um eine Vereinigung zweier Gottheiten handelt. Wenn wir erkennen, was Re DARSTELLT, k\u00f6nnen wir herausfinden, dass Re-Sebek die Manifestation der Sch\u00f6pfungskraft [Re] in der Sebek-Form\/dem Sebek-Aspekt ist. Wie bereits erw\u00e4hnt, ist die <em>Litanei von Re <\/em>zeigt seine Manifestation in 75 Formen\/Aspekten.<\/p>\n<p>Synergetische Kombinationen waren nicht dauerhaft. Ein Neter\/Netert, der an einer Kombination beteiligt war, erschien weiterhin einzeln und bildete neue Kombinationen mit anderen Gottheiten.<\/p>\n<p>Die kombinierten Synergien liegen im Wesentlichen in Doppel-, Dreifach-, Oktaden- und Ennead-Kombinationen vor, die wie folgt detailliert beschrieben werden:<\/p>\n<p>&nbsp;<\/p>\n<h3><span style=\"color: #ff0000;\"><strong>2. Dualit\u00e4ten<\/strong><\/span><\/h3>\n<p>Die universelle Doppelnatur der Sch\u00f6pfung manifestiert sich in verschiedenen Anwendungen, wie sie im alten \u00c4gypten festgestellt wurden. Jeder dualisierende Aspekt des Sch\u00f6pfungsprozesses wird durch zwei g\u00f6ttliche Attribute repr\u00e4sentiert \u2013 Neteru. Abh\u00e4ngig von jedem spezifischen Aspekt kann das dualisierende Neteru [aber immer eine Sonnen- und Mondkombination] sein:<\/p>\n<p style=\"padding-left: 30px;\">\u2013 Eine Frau und ein Mann<br \/>\n\u2013 2 Weibchen<br \/>\n\u2013 2 M\u00e4nner<br \/>\n\u2013 2 H\u00e4lften Unisex<\/p>\n<p>Einige Dualit\u00e4ten wurden in diesem Buch diskutiert. Ausf\u00fchrliche Informationen finden Sie unter <em>\u00c4gyptische Kosmologie: Das belebte Universum <\/em>[Dritte Auflage] von Moustafa Gadalla, wo Sie eine detaillierte Diskussion mehrerer Dualit\u00e4ten finden; Die drei Unterscheidungsbereiche sind:<\/p>\n<p style=\"padding-left: 30px;\"><strong>A. Sch\u00f6pfung \u2013 pr\u00e4gende Aspekte<\/strong><br \/>\n\u2013 Zwillings-Geschlechtsdualit\u00e4ten vor der Sch\u00f6pfung<br \/>\n\u2013 Shu und Tefnut \u2013 Die Blasenmacher<br \/>\n\u2013 Isis und Nephthys \u2013 Zwillingsschwestern<br \/>\n\u2013 Maati<br \/>\n\u2013 Re &amp; Thoth<br \/>\n\u2013 Isis &amp; Osiris \u2013 Das dynamische Dual<br \/>\n\u2013 Seth \u2013 einschlie\u00dflich mit Maat mit Horus mit Osiris mit Ptah<\/p>\n<p style=\"padding-left: 30px;\"><strong>B. Aspekte der Vereinigung<\/strong><br \/>\n\u2013 Die \u201eZwei Pflanzen\u201c<br \/>\n\u2013 Horus und Thoth<br \/>\n\u2013 Zwei Hapis [Unisex]<br \/>\n\u2013 Qareens der zwei L\u00e4nder<\/p>\n<p style=\"padding-left: 30px;\"><strong>C. Zyklische Aspekte<\/strong><br \/>\n\u2013 Osiris &amp; Horus<br \/>\n\u2013 Re &amp; Osiris<br \/>\n\u2013 Aker \u2013 Zwillingsl\u00f6wen<\/p>\n<p>&nbsp;<\/p>\n<h3><span style=\"color: #ff0000;\"><strong>3. Trinit\u00e4ten<\/strong><\/span><\/h3>\n<p>Die alten \u00c4gypter erkannten die Bedeutung der Dreieinigkeit im Sch\u00f6pfungsprozess. Daher stellten alt\u00e4gyptische Texte die Dreieinigkeit als eine Einheit dar, die durch das Singularpronomen ausgedr\u00fcckt wird \u2013 es sind die Drei, die Zwei sind, die Eins sind.<\/p>\n<p>Die Prinzipien der Sch\u00f6pfung sind Einheit, Dualit\u00e4t und Dreieinigkeit. Dies wird im alt\u00e4gyptischen Papyrus deutlich, der als bekannt ist <em>Bremner-Rhind-Papyrus<\/em>:<\/p>\n<p style=\"padding-left: 30px;\">&#8220;<strong><em>Nachdem ich ein Neter geworden bin <\/em><\/strong>(Gott)<strong><em>, es gab [jetzt] drei Neteru <\/em><\/strong>(G\u00f6tter, G\u00f6ttinnen)<strong> <em>in mir \u2026&quot;<\/em><\/strong>\u2013 bezieht sich auf die Triade von Atum und dem dualen Shu- und Tefnut.<\/p>\n<p>Die verschiedenen Trinit\u00e4ten h\u00e4ngen mit der unterschiedlichen Natur der Dualit\u00e4t innerhalb jeder Trinit\u00e4t zusammen.<\/p>\n<p>In diesem Buch wurden einige Trinit\u00e4ten besprochen. Ausf\u00fchrlichere Beispiele finden Sie unter <em>\u00c4gyptische Kosmologie: Das belebte Universum <\/em>[Dritte Auflage] von Moustafa Gadalla.<\/p>\n<p>&nbsp;<\/p>\n<h3><span style=\"color: #ff0000;\"><strong>4. Ogdoads<\/strong><\/span><\/h3>\n<p>Bei Nummer 8 finden wir den Menschen, der nach dem Bild Gottes, dem Ersten Prinzip, geschaffen wurde. Unsere irdische Existenz im 8. Reich ist eine Replikation und keine Duplizierung \u2013 eine Oktave. Eine Oktave ist der zuk\u00fcnftige Zustand der Vergangenheit. Die Fortsetzung der Sch\u00f6pfung besteht aus einer Reihe von Wiederholungen \u2013 Oktaven. Acht entspricht also der manifestierten physischen Welt, wie wir sie erleben.<\/p>\n<p>In \u00c4gypten der bekannte Text <em>Sarg von Petamon <\/em>[Kairo Museum Artikel-Nr. 1160] hei\u00dft es:<\/p>\n<p style=\"padding-left: 30px;\"><strong><em>Ich bin Einer, der Zwei wird,<\/em><\/strong><br \/>\n<strong><em>Wer wird Vier,<\/em><\/strong><br \/>\n<strong><em>Wer wird Acht,<\/em><\/strong><br \/>\n<strong><em>und dann bin ich wieder Eins.<\/em><\/strong><\/p>\n<p>Diese neue Einheit (wieder eins) ist nicht identisch, sondern analog zur ersten Einheit (ich bin eins). Die alte Einheit besteht nicht mehr, eine neue Einheit ist an ihre Stelle getreten: Der K\u00f6nig ist tot, es lebe der K\u00f6nig. Es ist eine Erneuerung oder Selbstreplikation. Und um das Prinzip der Selbstreplikation zu erkl\u00e4ren, sind 8 Begriffe notwendig.<\/p>\n<p>Acht ist die Zahl von Thoth und Khmunu (Hermopolis). Thoth (auch bekannt als Hermes\/Merkur) wird genannt <em><strong>Meister der Stadt der Acht<\/strong><\/em>.<\/p>\n<p>Thoth war der Bote der Neteru (G\u00f6tter, G\u00f6ttinnen) der Schrift, der Sprache und des Wissens. Thoth verschaffte dem Menschen Zugang zu den Geheimnissen der manifestierten Welt, die durch die Zahl Acht symbolisiert wurden.<\/p>\n<p>Strophe 80 des alten \u00c4gypters <em>Leidener Papyrus J350 <\/em>zeichnet die Sch\u00f6pfung nach, wie sie in Khmunu (Hermopolis) erz\u00e4hlt wird und sich mit der Ogdoad befasst \u2013 der Ur-Acht, die die erste Metamorphose von Amon-Re umfasste, dem mysteri\u00f6sen, verborgenen, der in Men-Nefer (Memphis) als Ta-Tenen erkannt wird; dann Ka-Mut-f in Ta-Apet (Theben) \u2013 und blieb doch die ganze Zeit Eins.<\/p>\n<p>Daher ist die Manifestation der Sch\u00f6pfung in 8 Begriffen in allen vier kosmologischen Zentren des alten \u00c4gypten vorhanden:<\/p>\n<ul>\n<li>In Memphis erschuf Ptah in seinen acht Formen das Universum.<\/li>\n<li>In Heliopolis erschuf Atam die acht g\u00f6ttlichen Wesen.<\/li>\n<li>In Khmunu (Hermopolis) erschufen 8 urzeitliche Neteru \u2013 die Ogdoad \u2013 das Universum. Sie waren die Darstellung des Urzustands des Universums.<\/li>\n<li>In Luxor (Theben) erschuf Amun\/Amen, nachdem er sich im Geheimen selbst erschaffen hatte, das Ogdoad.<\/li>\n<\/ul>\n<p>Die Manifestation der Sch\u00f6pfung durch 8 Begriffe spiegelt sich auch im mystischen Prozess der Quadratur des Kreises wider. [Siehe die Details in einem fr\u00fcheren Kapitel, die sich auf die Dualit\u00e4t von Re und Thoth beziehen].<\/p>\n<p><span style=\"text-decoration: underline;\"><em>Geschlechtsspezifische Zwillingsdualit\u00e4ten vor der Sch\u00f6pfung<\/em><\/span><\/p>\n<p>In \u00e4gyptischen Texten hei\u00dft es, dass Nun \u2013 das Chaos vor der Sch\u00f6pfung \u2013 Eigenschaften besa\u00df, die mit vier Paaren urspr\u00fcnglicher M\u00e4chte\/Kr\u00e4fte identifiziert wurden. Jedes Paar repr\u00e4sentiert die urzeitlichen zweigeschlechtlichen Zwillinge \u2013 die m\u00e4nnlichen\/weiblichen Aspekte.<\/p>\n<p>Die vier M\u00e4nnchen der Paare werden als Fr\u00f6sche dargestellt. Die vier Weibchen der Paare werden als Schlangen dargestellt. Die acht Wesen werden mit gefesselten Beinen dargestellt, was auf ihre eigentliche Natur als Handlung hindeutet; aber solange sie sich im subjektiven Bereich (vor der Sch\u00f6pfung) befinden, sind sie tr\u00e4ge. Dass ihnen die Beine gefesselt sind, repr\u00e4sentiert ihre potentiellen Energien.<\/p>\n<p>&nbsp;<\/p>\n<h3><span style=\"color: #ff0000;\"><strong>5. Enneads<\/strong><\/span><\/h3>\n<p>Nummer neun markiert das Ende der Schwangerschaft und das Ende jeder Zahlenreihe. Wenn es mit einer anderen Zahl multipliziert wird, reproduziert es sich immer selbst (3 x 9 = 27 und 2 + 7 = 9 oder 6 x 9 = 54 und 5 + 4 = 9 und so weiter).<\/p>\n<p>Neun markiert den \u00dcbergang von einer Skala (die Zahlen von 1 bis 9) zu einer h\u00f6heren Skala (beginnend mit 10) und ist somit die Zahl der Initiation, die wiederum der Geburt eines Babys nach neun Monaten \u00e4hnelt.<\/p>\n<p>Ein menschliches Kind wird normalerweise innerhalb von neun Monaten gezeugt, geformt und geboren. Eine Tatsache, die viel mit der Rolle und Bedeutung zu tun hat, die der Zahl Neun im alten \u00c4gypten beigemessen wurde.<\/p>\n<p>Dementsprechend bezeichnet das alte \u00c4gypter eine Gruppe von neun Gottheiten als eine Einheit \u2013 ein Ennead. Wie bereits erw\u00e4hnt, offenbaren die Pyramidentexte bereits vor mindestens 5000 Jahren die Existenz von drei Gruppen von G\u00f6ttern, und jede Gruppe bestand aus neun Neteru (G\u00f6ttern, G\u00f6ttinnen).<\/p>\n<p>Die \u00e4gyptischen Texte sprechen von drei Enneaden \u2013 jede repr\u00e4sentiert eine Phase im Sch\u00f6pfungszyklus.<\/p>\n<p>Die neun Aspekte eines Ennead sind keine Abfolge, sondern eine Einheit \u2013 durchdringend, interagierend und ineinandergreifend.<\/p>\n<p>[Weitere Informationen zur Zahlenmystik in \u00c4gypten finden Sie unter <span style=\"color: #ff0000;\"><em>\u00c4gyptische Kosmologie: Das belebte Universum <\/em>von Moustafa Gadalla<\/span>.]<\/p>\n<p>&nbsp;<\/p>\n<p><strong><span style=\"color: #ff0000;\">[Ein Auszug aus <\/span>\u00c4gyptische Gottheiten: Die Alle, die EINS sind, 2. Auflage<span style=\"color: #ff0000;\"> von Moustafa Gadalla]<br \/>\n<a href=\"https:\/\/egyptianwisdomcenter.org\/de\/produkt\/agyptische-gottheiten-alle-die-eins-sind-2-auflage\/\"><span style=\"color: #0000ff;\">https:\/\/egyptianwisdomcenter.org\/product\/egyptian-divinities-the-all-who-are-the-one-2nd-edition\/<\/span><\/a><br \/>\n<\/span><\/strong><\/p>\n<p><img decoding=\"async\" class=\"aligncenter\" src=\"https:\/\/books2read-prod.s3.amazonaws.com\/CACHE\/images\/ubl_book_images\/book_display_image_qOuT56H\/40d95446cc17340ec7b02939eaa44c10\" \/><\/p>\n<div dir=\"auto\">\n<div dir=\"auto\">\n<p style=\"text-align: center;\"><a href=\"https:\/\/egyptianwisdomcenter.org\/de\/produkt\/agyptische-gottheiten-alle-die-eins-sind-2-auflage\/\"><span style=\"color: #ff0000;\"><strong><span style=\"color: #0000ff;\">https:\/\/egyptianwisdomcenter.org\/product\/egyptian-divinities-the-all-who-are-the-one-2nd-edition\/<\/span><\/strong><\/span><\/a><\/p>\n<\/div>\n<\/div>","protected":false},"excerpt":{"rendered":"<p>The Archetypal Synergies &nbsp; 1. Associations And Manifestations The energies represented by the various neteru (gods\/ goddesses) rarely function individually, but are [&hellip;]<\/p>","protected":false},"author":3,"featured_media":0,"parent":0,"menu_order":0,"comment_status":"closed","ping_status":"closed","template":"","meta":{"footnotes":""},"class_list":["post-140","page","type-page","status-publish","hentry"],"aioseo_notices":[],"_links":{"self":[{"href":"https:\/\/egyptianwisdomcenter.org\/de\/wp-json\/wp\/v2\/pages\/140","targetHints":{"allow":["GET"]}}],"collection":[{"href":"https:\/\/egyptianwisdomcenter.org\/de\/wp-json\/wp\/v2\/pages"}],"about":[{"href":"https:\/\/egyptianwisdomcenter.org\/de\/wp-json\/wp\/v2\/types\/page"}],"author":[{"embeddable":true,"href":"https:\/\/egyptianwisdomcenter.org\/de\/wp-json\/wp\/v2\/users\/3"}],"replies":[{"embeddable":true,"href":"https:\/\/egyptianwisdomcenter.org\/de\/wp-json\/wp\/v2\/comments?post=140"}],"version-history":[{"count":0,"href":"https:\/\/egyptianwisdomcenter.org\/de\/wp-json\/wp\/v2\/pages\/140\/revisions"}],"wp:attachment":[{"href":"https:\/\/egyptianwisdomcenter.org\/de\/wp-json\/wp\/v2\/media?parent=140"}],"curies":[{"name":"wp","href":"https:\/\/api.w.org\/{rel}","templated":true}]}}