{"id":144,"date":"2018-10-30T00:00:00","date_gmt":"2018-10-30T04:00:00","guid":{"rendered":"http:\/\/egyptianwisdomcenter.org\/the-spitting-image-of-the-one-shu-and-tef-nut\/"},"modified":"2023-01-02T01:23:18","modified_gmt":"2023-01-02T06:23:18","slug":"the-spitting-image-of-the-one-shu-and-tef-nut","status":"publish","type":"page","link":"https:\/\/egyptianwisdomcenter.org\/de\/das-ebenbild-der-one-shu-und-tef-nuss\/","title":{"rendered":"Das Ebenbild des Einen \u2013 Shu und Tef-Nut"},"content":{"rendered":"<h2 style=\"text-align: center;\"><span style=\"color: #ff0000;\"><strong>Das Ebenbild des Einen \u2013 Shu und Tef-Nut<\/strong><\/span><\/h2>\n<p>&nbsp;<\/p>\n<p>Das duale Shu und Tefnut stellen den ersten Sch\u00f6pfungsakt dar, der die universelle Blase bildet. Das Paar Shu und Tefnut, dargestellt als Ehemann und Ehefrau, ist die typisch \u00e4gyptische Art, Dualit\u00e4t und Polarit\u00e4t auszudr\u00fccken. Diese Doppelnatur manifestierte sich laut geborgenen arch\u00e4ologischen Funden in alt\u00e4gyptischen Texten und Traditionen.<\/p>\n<p>Die \u00e4ltesten Texte des Alten Reiches, n\u00e4mlich die Pyramidentexte \u00a71652, dr\u00fccken die Doppelnatur aus:<\/p>\n<p style=\"padding-left: 30px;\"><strong><em>\u2026und obwohl er als Shu ausspuckte und als Tefnut ausspuckte.<\/em><\/strong><\/p>\n<p>Dies ist eine sehr aussagekr\u00e4ftige Analogie, da wir den Begriff \u201ewie aus dem Nichts\u201c verwenden <em>genau wie der Ursprung<\/em>.<\/p>\n<p>Das alt\u00e4gyptische Konzept des Universums ist wie eine Kiste. Das erste, was das G\u00f6ttliche erschuf, ist eine Art Blase in einem ansonsten unendlichen Ozean aus Wasser. Der Himmel ist die Haut des unendlichen Ozeans, der das enth\u00e4lt, was wir Atmosph\u00e4re nennen, die durch zwei Kr\u00e4fte verursacht wurde, die die alten \u00c4gypter Shu und Tefnut nannten. Sowohl Shu (W\u00e4rme) als auch Tefnut (Wasser\/Feuchtigkeit) bedeuten \u201eAtmosph\u00e4re\u201c. Nun (der kosmische Ozean vor der Sch\u00f6pfung) ist die Wurzel, aus der Shu und Tefnut erschaffen wurden.<\/p>\n<p><a href=\"http:\/\/egyptianwisdomcenter.org\/wp-content\/uploads\/2019\/02\/tefnut-shu.png\"><img decoding=\"async\" class=\"size-full wp-image-365 aligncenter\" src=\"http:\/\/egyptianwisdomcenter.org\/wp-content\/uploads\/2019\/02\/tefnut-shu.png\" alt=\"\" width=\"184\" height=\"196\" \/><\/a><\/p>\n<p>W\u00e4rme (Shu) und Wasser (Tefnut) sind die beiden universellsten Gestaltungsfaktoren von Lebensformen. Diese Begriffe entsprechen Feuer (Hitze) bzw. Feuchtigkeit und sind als Metaphern und tats\u00e4chliche Entsprechungen f\u00fcr die abstrakten Qualit\u00e4ten zu verstehen, die sie darstellen. Shu, dargestellt durch Feuer, Luft und Hitze, entspricht der Qualit\u00e4t von Ausdehnung, Auftrieb, Zentrifugalkr\u00e4ften, positiv, m\u00e4nnlich, aufgeschlossen, nach au\u00dfen gerichteter Extrovertiertheit usw.<\/p>\n<p>Tefnut, dargestellt durch Feuchtigkeit und die objektive materielle Grundlage der Manifestation (Nuss, das Suffix), entspricht Kontraktion, Abw\u00e4rtsbewegung, zentripetalen Kr\u00e4ften, negativ, weiblich, empf\u00e4nglich, innerlich, Selbstbeobachtung usw.<\/p>\n<p>Das obige alt\u00e4gyptische Konzept stimmt mit modernen Wissenschaftlern \u00fcberein, die uns sagen, dass die Galaxien heute haupts\u00e4chlich zwei gegens\u00e4tzlichen Kr\u00e4ften ausgesetzt sind: 1) den Aussto\u00dfkr\u00e4ften, die dazu f\u00fchren, dass sich alle Galaxien von uns entfernen; und 2) die Gravitations-\/Kontraktionskr\u00e4fte, die die Galaxien zusammenziehen.<\/p>\n<p>&nbsp;<\/p>\n<p><strong><span style=\"color: #ff0000;\">[Ein Auszug aus <\/span>\u00c4gyptische Kosmologie: Das animierte Universum, dritte Auflage von Moustafa Gadalla<span style=\"color: #ff0000;\">]<br \/>\n<a href=\"https:\/\/egyptianwisdomcenter.org\/de\/produkt\/aegyptische-musikinstrumente-2-2\/\"><span style=\"color: #0000ff;\">https:\/\/egyptianwisdomcenter.org\/product\/aegyptische-kosmologie-das-belebte-universum-dritte-ausgabe\/<\/span><\/a><\/span><\/strong><\/p>\n<p><img decoding=\"async\" class=\"aligncenter\" src=\"https:\/\/egyptianwisdomcenter.org\/wp-content\/uploads\/2023\/01\/agyptische-kosmologie-das-belebte-universum-dritte-ausgabe.jpg\" \/><\/p>\n<div dir=\"auto\">\n<p style=\"text-align: center;\"><a href=\"https:\/\/egyptianwisdomcenter.org\/de\/produkt\/aegyptische-musikinstrumente-2-2\/\"><strong><span style=\"color: #ff0000;\"><span style=\"color: #0000ff;\">https:\/\/egyptianwisdomcenter.org\/product\/aegyptische-kosmologie-das-belebte-universum-dritte-ausgabe\/<\/span><\/span><\/strong><\/a><\/p>\n<\/div>\n<div dir=\"auto\">\n<p style=\"text-align: center;\">\n<\/div>","protected":false},"excerpt":{"rendered":"<p>The Spitting Image Of The One &#8211; Shu And Tef-nut &nbsp; The dual Shu and Tefnut represent the initial act of creation [&hellip;]<\/p>","protected":false},"author":3,"featured_media":0,"parent":0,"menu_order":0,"comment_status":"closed","ping_status":"closed","template":"","meta":{"footnotes":""},"class_list":["post-144","page","type-page","status-publish","hentry"],"aioseo_notices":[],"_links":{"self":[{"href":"https:\/\/egyptianwisdomcenter.org\/de\/wp-json\/wp\/v2\/pages\/144","targetHints":{"allow":["GET"]}}],"collection":[{"href":"https:\/\/egyptianwisdomcenter.org\/de\/wp-json\/wp\/v2\/pages"}],"about":[{"href":"https:\/\/egyptianwisdomcenter.org\/de\/wp-json\/wp\/v2\/types\/page"}],"author":[{"embeddable":true,"href":"https:\/\/egyptianwisdomcenter.org\/de\/wp-json\/wp\/v2\/users\/3"}],"replies":[{"embeddable":true,"href":"https:\/\/egyptianwisdomcenter.org\/de\/wp-json\/wp\/v2\/comments?post=144"}],"version-history":[{"count":0,"href":"https:\/\/egyptianwisdomcenter.org\/de\/wp-json\/wp\/v2\/pages\/144\/revisions"}],"wp:attachment":[{"href":"https:\/\/egyptianwisdomcenter.org\/de\/wp-json\/wp\/v2\/media?parent=144"}],"curies":[{"name":"wp","href":"https:\/\/api.w.org\/{rel}","templated":true}]}}