{"id":146,"date":"2018-10-30T00:00:00","date_gmt":"2018-10-30T04:00:00","guid":{"rendered":"http:\/\/egyptianwisdomcenter.org\/the-duality-of-ra-and-osiris\/"},"modified":"2023-01-02T01:24:08","modified_gmt":"2023-01-02T06:24:08","slug":"the-duality-of-ra-and-osiris-2","status":"publish","type":"page","link":"https:\/\/egyptianwisdomcenter.org\/de\/die-dualitat-von-ra-und-osiris-2\/","title":{"rendered":"Die Dualit\u00e4t von Ra und Osiris"},"content":{"rendered":"<h2 style=\"text-align: center;\"><span style=\"color: #ff0000;\"><strong>Die Dualit\u00e4t von Ra und Osiris<\/strong><\/span><\/h2>\n<p>&nbsp;<\/p>\n<p>In \u00e4gyptischen Texten werden Re und Osiris als die bezeichnet <em>Zwillingsseelen.<\/em><\/p>\n<p>Etymologisch wird die Beziehung zwischen Re\/Ra und Osiris offensichtlich. Das \u00e4gyptische Wort f\u00fcr Osiris ist Aus-Ra.<\/p>\n<p>Das Wort Aus bedeutet <em>Die kraft von<\/em>, oder <em>die Wurzel von<\/em>. Daher besteht der Name Ausar aus zwei Teilen: Aus-Ra, Bedeutung <em>die Kraft von Ra<\/em>, also das <em>Wiedergeburt von Ra.<\/em><\/p>\n<p>Der ewige Kreislauf der Existenz \u2013 der Kreislauf von Leben und Tod \u2013 wird durch Ra (Re) und Ausar (Osiris) symbolisiert. Ra ist der lebende Neter, der in den Tod hinabsteigt, um Ausar, der Neter der Toten, zu werden. Ausar steigt auf und erwacht als Ra wieder zum Leben. Die Sch\u00f6pfung ist kontinuierlich: Sie ist ein Fluss des Lebens, der sich dem Tod n\u00e4hert. Aber aus dem Tod soll ein neues Ra geboren werden, aus dem neues Leben erw\u00e4chst. Ra ist das kosmische Energieprinzip, das sich auf den Tod zubewegt, und Ausar repr\u00e4sentiert den Prozess der Wiedergeburt. Dadurch werden die Begriffe Leben und Tod austauschbar: Leben bedeutet langsames Sterben und Tod bedeutet Auferstehung zu neuem Leben. Der im Tod Verstorbene wird mit Ausar identifiziert, aber er wird wieder zum Leben erweckt und mit Ra identifiziert.<\/p>\n<p>Der ewige Zyklus von Ausar und Ra dominiert die alt\u00e4gyptischen Texte, wie zum Beispiel:<\/p>\n<ul>\n<li>In <em>Das Buch vom Hervorkommen des Lichts<\/em>Sowohl Ausar als auch Ra leben, sterben und werden wiedergeboren. In der Unterwelt treffen die Seelen von Ausar und Ra aufeinander [siehe Abbildung aus dem Papyrus von Ani unten] und vereinen sich zu einer Einheit, die so eloquent beschrieben wird:<\/li>\n<\/ul>\n<p style=\"padding-left: 30px;\"><strong><em>Ich bin seine zwei Seelen in seinen Zwillingen.<\/em><\/strong><\/p>\n<p><a href=\"http:\/\/egyptianwisdomcenter.org\/wp-content\/uploads\/2019\/02\/ra-ausar.png\"><img fetchpriority=\"high\" decoding=\"async\" class=\"size-full wp-image-368 aligncenter\" src=\"http:\/\/egyptianwisdomcenter.org\/wp-content\/uploads\/2019\/02\/ra-ausar.png\" alt=\"\" width=\"341\" height=\"239\" \/><\/a><\/p>\n<p>In Kapitel 17 von <em>Das Buch vom Hervorkommen des Lichts<\/em>Der mit Ausar identifizierte Verstorbene sagt:<\/p>\n<p style=\"padding-left: 30px;\"><strong><em>Ich bin gestern, ich kenne das Morgen.<\/em><\/strong><\/p>\n<ul>\n<li>Und der \u00e4gyptische Kommentar zu dieser Passage erkl\u00e4rt:<\/li>\n<\/ul>\n<p style=\"padding-left: 30px;\"><em><strong>Was ist das? \u2013 Ausar ist gestern, Ra ist morgen?<\/strong><\/em><\/p>\n<ul>\n<li>Im Grab von K\u00f6nigin Nefertari (Frau von Ramses II.) befindet sich eine bekannte Darstellung des toten Sonnenneter (Gott) als mumienf\u00f6rmiger K\u00f6rper mit dem Kopf eines Widders, begleitet von einer Inschrift rechts und links:<\/li>\n<\/ul>\n<p><a href=\"http:\/\/egyptianwisdomcenter.org\/wp-content\/uploads\/2019\/02\/ec3-ch6-1-72c.jpg\"><img decoding=\"async\" class=\"wp-image-876 aligncenter\" src=\"http:\/\/egyptianwisdomcenter.org\/wp-content\/uploads\/2019\/02\/ec3-ch6-1-72c.jpg\" alt=\"\" width=\"191\" height=\"242\" \/><\/a><\/p>\n<p style=\"text-align: center;\"><strong style=\"text-align: center;\"><em>Das ist Ra, der in Ausar zur Ruhe kommt.<\/em><\/strong><\/p>\n<p style=\"padding-left: 30px; text-align: center;\"><strong><em>Das ist Ausar, der in Ra zur Ruhe kommt.<\/em><\/strong><\/p>\n<ul>\n<li>Die Litanei von Re ist im Grunde eine detaillierte Erweiterung einer kurzen Passage aus Kapitel 17 von The <em>Buch vom Hervorkommen des Lichts<\/em>, beschreibt die Verschmelzung von Ausar und Ra zu a <em><strong>Zwillingsseele<\/strong><\/em>.<\/li>\n<li><\/li>\n<\/ul>\n<p><strong><span style=\"color: #ff0000;\">[Ein Auszug aus <\/span>\u00c4gyptische Kosmologie: Das animierte Universum, dritte Auflage von Moustafa Gadalla<span style=\"color: #ff0000;\">]<br \/>\n<a href=\"https:\/\/egyptianwisdomcenter.org\/de\/produkt\/aegyptische-musikinstrumente-2-2\/\"><span style=\"color: #0000ff;\">https:\/\/egyptianwisdomcenter.org\/product\/aegyptische-kosmologie-das-belebte-universum-dritte-ausgabe\/<\/span><\/a><\/span><\/strong><\/p>\n<p><img decoding=\"async\" class=\"aligncenter\" src=\"https:\/\/egyptianwisdomcenter.org\/wp-content\/uploads\/2023\/01\/agyptische-kosmologie-das-belebte-universum-dritte-ausgabe.jpg\" \/><\/p>\n<div dir=\"auto\">\n<p style=\"text-align: center;\"><a href=\"https:\/\/egyptianwisdomcenter.org\/de\/produkt\/aegyptische-musikinstrumente-2-2\/\"><strong><span style=\"color: #ff0000;\"><span style=\"color: #0000ff;\">https:\/\/egyptianwisdomcenter.org\/product\/aegyptische-kosmologie-das-belebte-universum-dritte-ausgabe\/<\/span><\/span><\/strong><\/a><\/p>\n<\/div>","protected":false},"excerpt":{"rendered":"<p>The Duality Of Ra And Osiris &nbsp; Egyptian texts refer to Re and Osiris as the Twin Souls. Etymologically, the relationship between [&hellip;]<\/p>","protected":false},"author":3,"featured_media":0,"parent":0,"menu_order":0,"comment_status":"closed","ping_status":"closed","template":"","meta":{"footnotes":""},"class_list":["post-146","page","type-page","status-publish","hentry"],"aioseo_notices":[],"_links":{"self":[{"href":"https:\/\/egyptianwisdomcenter.org\/de\/wp-json\/wp\/v2\/pages\/146","targetHints":{"allow":["GET"]}}],"collection":[{"href":"https:\/\/egyptianwisdomcenter.org\/de\/wp-json\/wp\/v2\/pages"}],"about":[{"href":"https:\/\/egyptianwisdomcenter.org\/de\/wp-json\/wp\/v2\/types\/page"}],"author":[{"embeddable":true,"href":"https:\/\/egyptianwisdomcenter.org\/de\/wp-json\/wp\/v2\/users\/3"}],"replies":[{"embeddable":true,"href":"https:\/\/egyptianwisdomcenter.org\/de\/wp-json\/wp\/v2\/comments?post=146"}],"version-history":[{"count":0,"href":"https:\/\/egyptianwisdomcenter.org\/de\/wp-json\/wp\/v2\/pages\/146\/revisions"}],"wp:attachment":[{"href":"https:\/\/egyptianwisdomcenter.org\/de\/wp-json\/wp\/v2\/media?parent=146"}],"curies":[{"name":"wp","href":"https:\/\/api.w.org\/{rel}","templated":true}]}}