{"id":149,"date":"2018-10-30T00:00:00","date_gmt":"2018-10-30T04:00:00","guid":{"rendered":"http:\/\/egyptianwisdomcenter.org\/the-divine-overseer-of-the-created-universe\/"},"modified":"2023-01-02T01:25:23","modified_gmt":"2023-01-02T06:25:23","slug":"the-divine-overseer-of-the-created-universe-2","status":"publish","type":"page","link":"https:\/\/egyptianwisdomcenter.org\/de\/der-gottliche-aufseher-des-erschaffenen-universums-2\/","title":{"rendered":"Der g\u00f6ttliche Aufseher des erschaffenen Universums"},"content":{"rendered":"<h2 style=\"text-align: center;\"><span style=\"color: #ff0000;\"><strong>Der g\u00f6ttliche Aufseher des erschaffenen Universums<\/strong><\/span><\/h2>\n<p>&nbsp;<\/p>\n<p>Diese Kugel 16. Kugel\/Buchstabe &#039;<span style=\"text-decoration: underline;\">A.<\/span>&#039; ist der Ort der Manifestation der Eigenschaften des g\u00f6ttlichen Aufsehers des geschaffenen Wesens \u2013 allwissend, allm\u00e4chtig und allgegenw\u00e4rtig \u2013 der den Glauben im Herzen sch\u00fctzt und festigt, um die Welt der Geheimnisse gegen die M\u00e4chte der Dunkelheit zu verteidigen.<\/p>\n<p>Das markanteste \u00e4gyptische Symbol ist das Auge, das viele komplexe und subtile Rollen spielt. Das Auge symbolisiert folgende Bedeutungen:<\/p>\n<p><span style=\"text-decoration: underline;\">Allwissenheit<\/span>:\u2014Dieser Begriff bezieht sich auf die allwissende Natur Gottes. Webster definiert es als \u201edie Qualit\u00e4t, alle Dinge auf einmal zu wissen; universelles Wissen; Wissen unbegrenzt oder unendlich.\u201c Kurz gesagt, Gott verf\u00fcgt \u00fcber \u00fcberlegenes Wissen und Weisheit \u00fcber alles, und dieses Wissen ist allumfassend.<\/p>\n<p><span style=\"text-decoration: underline;\">Allmacht<\/span>: \u2014Dieser Begriff bezieht sich auf die allm\u00e4chtige Natur Gottes. Schaut man sich Webster noch einmal an, wird dies als \u201eallm\u00e4chtige Macht; unbegrenzte oder unendliche Macht; ein strenges Wort, das nur auf Gott anwendbar ist.\u201c Er ist der allm\u00e4chtige Herr, der alle Dinge erschaffen hat und sie durch sein Wort erh\u00e4lt.<\/p>\n<p><span style=\"text-decoration: underline;\">Allgegenwart<\/span>: \u2013 Dieser Begriff bezieht sich auf die unbegrenzte Natur Gottes oder seine F\u00e4higkeit, immer und \u00fcberall zu sein. Wenn wir uns erneut auf Webster verlassen, sehen wir, dass Omnipr\u00e4senz definiert ist als \u201ePr\u00e4senz an jedem Ort zur gleichen Zeit; unbegrenzte oder universelle Pr\u00e4senz; Allgegenwart.&quot;<\/p>\n<p>&nbsp;<\/p>\n<p><span style=\"color: #ff0000;\"><strong>[Ein Auszug aus <\/strong><\/span><strong>\u00c4gyptisches Alphabet: Zyklus \u201eBuchstaben der Sch\u00f6pfung\u201c von Moustafa Gadalla<\/strong><span style=\"color: #ff0000;\"><strong>]<br \/>\n<a href=\"https:\/\/egyptianwisdomcenter.org\/de\/produkt\/egyptian-alphabetical-letters-of-creation-cycle\/\"><span style=\"color: #0000ff;\">https:\/\/egyptianwisdomcenter.org\/product\/egyptian-alphabetical-letters-of-creation-cycle\/<\/span><\/a><\/strong><\/span><\/p>\n<p><img decoding=\"async\" class=\"aligncenter\" src=\"https:\/\/books2read-prod.s3.amazonaws.com\/CACHE\/images\/ubl_book_images\/book_display_image_TJcU3M0\/80ec96c680e029339b2a4ac5fbacfe93\" \/><\/p>\n<div dir=\"auto\">\n<p style=\"text-align: center;\"><a href=\"https:\/\/egyptianwisdomcenter.org\/de\/produkt\/egyptian-alphabetical-letters-of-creation-cycle\/\"><span style=\"color: #ff0000;\"><strong><span style=\"color: #0000ff;\">https:\/\/egyptianwisdomcenter.org\/product\/egyptian-alphabetical-letters-of-creation-cycle\/<\/span><\/strong><\/span><\/a><\/p>\n<\/div>","protected":false},"excerpt":{"rendered":"<p>The Divine Overseer Of The Created Universe &nbsp; This sphere 16th sphere\/letter \u2018A.\u2018 is the locus of manifestation of the attributes of [&hellip;]<\/p>","protected":false},"author":3,"featured_media":0,"parent":0,"menu_order":0,"comment_status":"closed","ping_status":"closed","template":"","meta":{"footnotes":""},"class_list":["post-149","page","type-page","status-publish","hentry"],"aioseo_notices":[],"_links":{"self":[{"href":"https:\/\/egyptianwisdomcenter.org\/de\/wp-json\/wp\/v2\/pages\/149","targetHints":{"allow":["GET"]}}],"collection":[{"href":"https:\/\/egyptianwisdomcenter.org\/de\/wp-json\/wp\/v2\/pages"}],"about":[{"href":"https:\/\/egyptianwisdomcenter.org\/de\/wp-json\/wp\/v2\/types\/page"}],"author":[{"embeddable":true,"href":"https:\/\/egyptianwisdomcenter.org\/de\/wp-json\/wp\/v2\/users\/3"}],"replies":[{"embeddable":true,"href":"https:\/\/egyptianwisdomcenter.org\/de\/wp-json\/wp\/v2\/comments?post=149"}],"version-history":[{"count":0,"href":"https:\/\/egyptianwisdomcenter.org\/de\/wp-json\/wp\/v2\/pages\/149\/revisions"}],"wp:attachment":[{"href":"https:\/\/egyptianwisdomcenter.org\/de\/wp-json\/wp\/v2\/media?parent=149"}],"curies":[{"name":"wp","href":"https:\/\/api.w.org\/{rel}","templated":true}]}}