{"id":153,"date":"2018-10-30T00:00:00","date_gmt":"2018-10-30T04:00:00","guid":{"rendered":"http:\/\/egyptianwisdomcenter.org\/anubis-the-dog\/"},"modified":"2023-10-20T10:10:19","modified_gmt":"2023-10-20T14:10:19","slug":"anubis-the-dog-2","status":"publish","type":"page","link":"https:\/\/egyptianwisdomcenter.org\/de\/anubis-der-hund-2\/","title":{"rendered":"Anubis, der Hund"},"content":{"rendered":"<h2 style=\"text-align: center;\"><span style=\"color: #ff0000;\"><strong>Anubis, der Hund<\/strong><\/span><\/h2>\n<h4 style=\"text-align: center;\"><span style=\"color: #0000ff;\"><strong>Anubis (Anbu, Ubuat, Web-Wawet)<\/strong><\/span><\/h4>\n<p>&nbsp;<\/p>\n<p>Anubis repr\u00e4sentiert das g\u00f6ttliche Prinzip des richtigen Orientierungssinns.<\/p>\n<p>Der Hund verk\u00f6rpert die Essenz spiritueller F\u00fchrung. Anubis wird oft als Hund\/Schakal oder als menschliche Figur mit dem Kopf eines Hundes\/Schakals dargestellt. Der Hund\/Schakal ist bekannt f\u00fcr seinen zuverl\u00e4ssigen Suchinstinkt, Tag und Nacht. Der Hund ist bei der Suche sehr n\u00fctzlich und das Tier der Wahl, um Blinde zu f\u00fchren. Daher ist es eine ausgezeichnete Wahl, um die Seele des Verstorbenen durch die Regionen des Duat zu f\u00fchren.<\/p>\n<p><a href=\"http:\/\/egyptianwisdomcenter.org\/wp-content\/uploads\/2019\/02\/ed-ch10-photo1-96c.jpg\"><img fetchpriority=\"high\" decoding=\"async\" class=\"size-medium wp-image-926 aligncenter\" src=\"http:\/\/egyptianwisdomcenter.org\/wp-content\/uploads\/2019\/02\/ed-ch10-photo1-96c-300x217.jpg\" alt=\"\" width=\"300\" height=\"217\" \/><\/a><\/p>\n<p>Dieser symbolische Ausdruck eines tiefen spirituellen Verst\u00e4ndnisses wurde f\u00fcr Anubis in zwei Hauptformen pr\u00e4sentiert: als tierk\u00f6pfiger Mensch oder als reine Tierform, wie wir hier sehen.<\/p>\n<p><a href=\"http:\/\/egyptianwisdomcenter.org\/wp-content\/uploads\/2019\/02\/AE-20-011-1.gif\"><img decoding=\"async\" class=\"size-medium wp-image-550 aligncenter\" src=\"http:\/\/egyptianwisdomcenter.org\/wp-content\/uploads\/2019\/02\/AE-20-011-1-230x300.gif\" alt=\"\" width=\"230\" height=\"300\" \/><\/a><\/p>\n<p>Wenn im alten \u00c4gypten ein Gesamttier dargestellt wird, stellt es eine bestimmte Funktion\/Eigenschaft in seiner reinsten Form dar.<\/p>\n<p><a href=\"http:\/\/egyptianwisdomcenter.org\/wp-content\/uploads\/2019\/02\/aecr-ch3-3-72c-1-copy.jpg\"><img decoding=\"async\" class=\"size-full wp-image-1046 aligncenter\" src=\"http:\/\/egyptianwisdomcenter.org\/wp-content\/uploads\/2019\/02\/aecr-ch3-3-72c-1-copy.jpg\" alt=\"\" width=\"166\" height=\"127\" \/><\/a><\/p>\n<p>Wenn eine Figur mit Tierkopf pr\u00e4sentiert wird, vermittelt sie diese besondere Funktion\/Eigenschaft des Menschen.<\/p>\n<p>Verschiedene damit verbundene Attribute beziehen sich alle auf den Hund. Es gibt verschiedene Formen von Hunden\/Schakalen, die in verschiedenen Positionen und in verschiedenen Zusammenh\u00e4ngen gezeigt werden. Das spezifische Attribut wird durch den Kontext bestimmt.<\/p>\n<p>Wir werden einen \u00dcberblick \u00fcber die Funktionen von Anubis geben:<\/p>\n<p style=\"padding-left: 30px;\">\u2013 Der Pfadfinder<br \/>\n\u2013 Die alchemistische Di\u00e4t<br \/>\n\u2013 Der Wahrheitsfinder<\/p>\n<p>\u2013 Bei unserer R\u00fcckkehr zu unserem g\u00f6ttlichen Ursprung brauchen wir alle einen F\u00fchrer\/Leitengel, dem wir vertrauen k\u00f6nnen, dass er uns in die richtige Richtung f\u00fchrt. Dieser Pfadfinder ist Anubis, der den richtigen Orientierungssinn repr\u00e4sentiert \u2013 der g\u00f6ttliche F\u00fchrer. Der Pfadfinder ist in Anubis als DoG verk\u00f6rpert. DoG ist das Gegenteil von GoD \u2013 von der Welt der Materie zur Welt des Geistes. Der Hund\/Schakal ist bekannt f\u00fcr seinen zuverl\u00e4ssigen Suchinstinkt, Tag und Nacht. Daher ist es eine ausgezeichnete Wahl, um die Seele des Verstorbenen durch die Regionen des Duat zu f\u00fchren.<\/p>\n<p>\u2013 Die metaphysische Rolle des Hundes Anubis spiegelt sich in seiner Ern\u00e4hrung wider. Der Hund\/Schakal frisst Aas und verwandelt es in wohltuende Nahrung. Mit anderen Worten: Anubis repr\u00e4sentiert die F\u00e4higkeit, Abf\u00e4lle in n\u00fctzliche Nahrung f\u00fcr den K\u00f6rper (und die Seele) umzuwandeln, wie auf alchemistische Weise Blei in Gold umzuwandeln.<\/p>\n<p>\u2013 Das absolute Gef\u00fchl der Loyalit\u00e4t wird durch den Hund verk\u00f6rpert, der dargestellt ist, wie er die Seele des Verstorbenen in die Halle des Gerichts f\u00fchrt, wo er auch f\u00fcr die Genauigkeit des symbolischen Prozesses der Herzw\u00e4gung sorgt. Anubis repr\u00e4sentiert den richtigen Orientierungssinn bei allem, was wir tun, absolute Loyalit\u00e4t und die F\u00e4higkeit, Blei (Aas) in Gold (W\u00fcrdigkeit) zu verwandeln.<\/p>\n<p>\u2013 Anubis repr\u00e4sentiert auch den Wahrheitsfinder. In der Isis\/Osiris-Allegorie ist es Anubis, der Isis dabei hilft, die verstreuten Teile von Osiris zu finden <em>der Manifestierer der Wahrheit.<\/em><\/p>\n<p>Die zerbrochenen Teile zu finden, um sie zusammenzuf\u00fcgen, ist die Essenz der Religion. Der Ursprung des Wortes Re-ligio-n liegt im \u201eLateinischen\u201c <em>Religion<\/em>, was bedeutet <em>zusammenbinden<\/em>.<\/p>\n<p style=\"text-align: center;\"><strong>&#8212;&#8212;&#8212;&#8212;&#8212;<\/strong><\/p>\n<h3><span style=\"color: #ff0000;\"><strong>Anubis als der Hundestar<\/strong><\/span><\/h3>\n<p>Wir werden einen \u00dcberblick \u00fcber die Funktionen von Anubis geben:<\/p>\n<p style=\"padding-left: 30px;\">A. Der Stern von Isis \u2013 der gro\u00dfe Versorger<br \/>\nB. Der Ursprungspunkt im \u00e4gyptischen Kalender<\/p>\n<p><strong>A.<\/strong> Anubis wird als Hundsstern immer dargestellt, wie er die Archen auf ihren Reisen zum G\u00f6ttlichen f\u00fchrt. Als solcher repr\u00e4sentiert Anubis den g\u00f6ttlichen F\u00fchrer.<\/p>\n<p>Sirius, der Hundestern, ist der Wohnort der universellen Mutter Isis.<\/p>\n<p>In den sehr fernen Perioden der alt\u00e4gyptischen Geschichte wurde Isis mit dem Stern Sabt (Sirius) in Verbindung gebracht, dem hellsten Stern am Himmel, der wie sie der Gro\u00dfe Versorger genannt wurde; und dessen j\u00e4hrlicher Anstieg die \u00dcberschwemmung des Nils einleitete.<\/p>\n<p><strong>B.<\/strong> \u00c4gyptens genialer und sehr genauer Kalender basierte auf der Beobachtung und Untersuchung der Bewegungen des Sirius am Himmel. Diese Tatsache wird im W\u00f6rterbuch von Webster eindeutig anerkannt, das das Sothic-Jahr (Sabt auf \u00c4gyptisch) wie folgt definiert:<\/p>\n<ul>\n<li>dass es etwas mit Sirius, dem Hundestern, zu tun hat.<\/li>\n<li>Bezeichnung eines alt\u00e4gyptischen Zyklus oder Zeitraums basierend auf einem festen Jahr.<\/li>\n<\/ul>\n<p>Die alten \u00c4gypter wussten, dass das ganze Jahr etwas mehr als 365\u00bc Tage dauerte. Die Erde braucht 365,25636 Tage, um einen Umlauf um die Sonne zu vollenden \u2013 und das war\/ist die L\u00e4nge des \u00e4gyptischen Sothischen Jahres. [Weitere Einzelheiten finden Sie in <em>Die alt\u00e4gyptische Kultur enth\u00fcllt <\/em>von Moustafa Gadalla.]<\/p>\n<p>Lassen Sie sich von den Anubis-Eigenschaften in Ihrem Inneren in die richtige Richtung leiten.<\/p>\n<p>&nbsp;<\/p>\n<p><strong><span style=\"color: #ff0000;\">[Ein Auszug aus <\/span>Egyptian Divinities: The All Who Are The ONE, 2. Auflage von Moustafa Gadalla<span style=\"color: #ff0000;\">]<br \/>\n<a href=\"https:\/\/egyptianwisdomcenter.org\/de\/produkt\/agyptische-gottheiten-alle-die-eins-sind-2-auflage\/\"><span style=\"color: #0000ff;\">https:\/\/egyptianwisdomcenter.org\/product\/egyptian-divinities-the-all-who-are-the-one-2nd-edition\/<\/span><\/a><\/span><\/strong><\/p>\n<p><img decoding=\"async\" class=\"aligncenter\" src=\"https:\/\/books2read-prod.s3.amazonaws.com\/CACHE\/images\/ubl_book_images\/book_display_image_qOuT56H\/40d95446cc17340ec7b02939eaa44c10\" \/><\/p>\n<div dir=\"auto\">\n<div dir=\"auto\">\n<p style=\"text-align: center;\"><a href=\"https:\/\/egyptianwisdomcenter.org\/de\/produkt\/agyptische-gottheiten-alle-die-eins-sind-2-auflage\/\"><strong><span style=\"color: #ff0000;\"><span style=\"color: #0000ff;\">https:\/\/egyptianwisdomcenter.org\/product\/egyptian-divinities-the-all-who-are-the-one-2nd-edition\/<\/span><\/span><\/strong><\/a><\/p>\n<\/div>\n<\/div>","protected":false},"excerpt":{"rendered":"<p>Anubis, The Dog Anubis (Anbu, Ubuat, Web-Wawet) &nbsp; Anubis represents the divine principle of the right sense of direction. The dog embodies [&hellip;]<\/p>","protected":false},"author":3,"featured_media":0,"parent":0,"menu_order":0,"comment_status":"closed","ping_status":"closed","template":"","meta":{"footnotes":""},"class_list":["post-153","page","type-page","status-publish","hentry"],"aioseo_notices":[],"_links":{"self":[{"href":"https:\/\/egyptianwisdomcenter.org\/de\/wp-json\/wp\/v2\/pages\/153","targetHints":{"allow":["GET"]}}],"collection":[{"href":"https:\/\/egyptianwisdomcenter.org\/de\/wp-json\/wp\/v2\/pages"}],"about":[{"href":"https:\/\/egyptianwisdomcenter.org\/de\/wp-json\/wp\/v2\/types\/page"}],"author":[{"embeddable":true,"href":"https:\/\/egyptianwisdomcenter.org\/de\/wp-json\/wp\/v2\/users\/3"}],"replies":[{"embeddable":true,"href":"https:\/\/egyptianwisdomcenter.org\/de\/wp-json\/wp\/v2\/comments?post=153"}],"version-history":[{"count":1,"href":"https:\/\/egyptianwisdomcenter.org\/de\/wp-json\/wp\/v2\/pages\/153\/revisions"}],"predecessor-version":[{"id":68341,"href":"https:\/\/egyptianwisdomcenter.org\/de\/wp-json\/wp\/v2\/pages\/153\/revisions\/68341"}],"wp:attachment":[{"href":"https:\/\/egyptianwisdomcenter.org\/de\/wp-json\/wp\/v2\/media?parent=153"}],"curies":[{"name":"wp","href":"https:\/\/api.w.org\/{rel}","templated":true}]}}