{"id":161,"date":"2018-10-30T00:00:00","date_gmt":"2018-10-30T04:00:00","guid":{"rendered":"http:\/\/egyptianwisdomcenter.org\/baboon\/"},"modified":"2023-10-20T10:11:01","modified_gmt":"2023-10-20T14:11:01","slug":"baboon","status":"publish","type":"page","link":"https:\/\/egyptianwisdomcenter.org\/de\/pavian-2\/","title":{"rendered":"Pavian"},"content":{"rendered":"<h2 style=\"text-align: center;\"><span style=\"color: #ff0000;\"><strong>Pavian<\/strong><\/span><\/h2>\n<p>&nbsp;<\/p>\n<p>Der Pavian stellt den Ausgangspunkt eines Zyklus dar (ein Sch\u00f6pfungszyklus oder ein Tageszyklus).<\/p>\n<p>Der Pavian repr\u00e4sentiert diesen Ausgangspunkt sehr gut. Der Pavian ist fast ein Mensch; und als solcher repr\u00e4sentiert es diesen entscheidenden Moment, der dem Erwachen der Sonne vorausgeht.<\/p>\n<p>Der Pavian gibt im Morgengrauen ein knisterndes Ger\u00e4usch von sich, dem Punkt des Anfangs.<\/p>\n<p>In dieser Rolle wird der Pavian mit Thoth [Tehuti] in Verbindung gebracht \u2013 dem g\u00f6ttlichen Vermittler zwischen dem Metaphysischen (der Dunkelheit vor der D\u00e4mmerung) und dem Physischen (wenn das Licht hervorkommt).<\/p>\n<p>In alt\u00e4gyptischen Traditionen wurden die Worte von Re (Ra), offenbart durch Thoth (Hermes, Merkur), zu den Dingen und Gesch\u00f6pfen dieser Welt; Das hei\u00dft, die Worte (gemeint sind Schallenergien) erschufen die Formen im Universum. Als solches stellt Thoth die Verbindung zwischen dem Metaphysischen (au\u00dfermenschlichen) und dem Physischen (Irdischen) dar. Eine solche Verbindung von Thoth stellt den Anbruch der Morgend\u00e4mmerung dar, und daher ist Thoth mit dem Pavian verwandt.<\/p>\n<p>Der Pavian wird normalerweise sitzend dargestellt und wartet auf den Moment Null.<\/p>\n<p><a href=\"http:\/\/egyptianwisdomcenter.org\/wp-content\/uploads\/2019\/02\/ed-ch9-photo1-96c.jpg\"><img fetchpriority=\"high\" decoding=\"async\" class=\"size-medium wp-image-897 aligncenter\" src=\"http:\/\/egyptianwisdomcenter.org\/wp-content\/uploads\/2019\/02\/ed-ch9-photo1-96c-179x300.jpg\" alt=\"\" width=\"179\" height=\"300\" \/><\/a><\/p>\n<p>oder aufstehen und das Kommen eines neuen Zyklus begr\u00fc\u00dfen.<\/p>\n<p><a href=\"http:\/\/egyptianwisdomcenter.org\/wp-content\/uploads\/2019\/02\/ed-ch9-photo2-96c.jpg\"><img decoding=\"async\" class=\"size-medium wp-image-898 aligncenter\" src=\"http:\/\/egyptianwisdomcenter.org\/wp-content\/uploads\/2019\/02\/ed-ch9-photo2-96c-167x300.jpg\" alt=\"\" width=\"167\" height=\"300\" \/><\/a><\/p>\n<p>In \u00dcbereinstimmung mit der Rolle des Pavians finden wir, dass einer der vier J\u00fcnger des Horus einen Paviankopf hat. Seine Aufgabe ist es, \u00fcber den \u00f6stlichen Quadranten zu wachen \u2013 die Region, in der neue\/erneuerte Sch\u00f6pfung entsteht.<\/p>\n<p><a href=\"https:\/\/trfed2.pressbooks.com\/wp-content\/uploads\/sites\/42625\/2015\/11\/uncg-31c-Ani-008c-263x300.gif\"><img decoding=\"async\" class=\"aligncenter wp-image-517\" src=\"http:\/\/egyptianwisdomcenter.org\/wp-content\/uploads\/2019\/02\/uncg-31c-Ani-008c-263x300-e1519754199749.gif\" alt=\"\" width=\"213\" height=\"89\" \/><\/a><\/p>\n<p>&nbsp;<\/p>\n<p><span style=\"color: #ff0000;\"><strong>[Ein Auszug aus <\/strong><\/span><strong>Egyptian Divinities: The All Who Are The ONE, 2. Auflage von Moustafa Gadalla<\/strong><span style=\"color: #ff0000;\"><strong>]<br \/>\n<a href=\"https:\/\/egyptianwisdomcenter.org\/de\/produkt\/agyptische-gottheiten-alle-die-eins-sind-2-auflage\/\"><span style=\"color: #0000ff;\">https:\/\/egyptianwisdomcenter.org\/product\/egyptian-divinities-the-all-who-are-the-one-2nd-edition\/<\/span><\/a><\/strong><\/span><\/p>\n<p><img decoding=\"async\" class=\"aligncenter\" src=\"https:\/\/books2read-prod.s3.amazonaws.com\/CACHE\/images\/ubl_book_images\/book_display_image_qOuT56H\/40d95446cc17340ec7b02939eaa44c10\" \/><\/p>\n<div dir=\"auto\">\n<p style=\"text-align: center;\"><a href=\"https:\/\/egyptianwisdomcenter.org\/de\/produkt\/agyptische-gottheiten-alle-die-eins-sind-2-auflage\/\"><strong><span style=\"color: #ff0000;\"><span style=\"color: #0000ff;\">https:\/\/egyptianwisdomcenter.org\/product\/egyptian-divinities-the-all-who-are-the-one-2nd-edition\/<\/span><\/span><\/strong><\/a><\/p>\n<\/div>","protected":false},"excerpt":{"rendered":"<p>Baboon &nbsp; The baboon represents the starting point of a Cycle (a creation cycle or a daily cycle). The baboon represents this [&hellip;]<\/p>","protected":false},"author":3,"featured_media":0,"parent":0,"menu_order":0,"comment_status":"closed","ping_status":"closed","template":"","meta":{"footnotes":""},"class_list":["post-161","page","type-page","status-publish","hentry"],"aioseo_notices":[],"_links":{"self":[{"href":"https:\/\/egyptianwisdomcenter.org\/de\/wp-json\/wp\/v2\/pages\/161","targetHints":{"allow":["GET"]}}],"collection":[{"href":"https:\/\/egyptianwisdomcenter.org\/de\/wp-json\/wp\/v2\/pages"}],"about":[{"href":"https:\/\/egyptianwisdomcenter.org\/de\/wp-json\/wp\/v2\/types\/page"}],"author":[{"embeddable":true,"href":"https:\/\/egyptianwisdomcenter.org\/de\/wp-json\/wp\/v2\/users\/3"}],"replies":[{"embeddable":true,"href":"https:\/\/egyptianwisdomcenter.org\/de\/wp-json\/wp\/v2\/comments?post=161"}],"version-history":[{"count":1,"href":"https:\/\/egyptianwisdomcenter.org\/de\/wp-json\/wp\/v2\/pages\/161\/revisions"}],"predecessor-version":[{"id":68342,"href":"https:\/\/egyptianwisdomcenter.org\/de\/wp-json\/wp\/v2\/pages\/161\/revisions\/68342"}],"wp:attachment":[{"href":"https:\/\/egyptianwisdomcenter.org\/de\/wp-json\/wp\/v2\/media?parent=161"}],"curies":[{"name":"wp","href":"https:\/\/api.w.org\/{rel}","templated":true}]}}