{"id":165,"date":"2018-10-30T00:00:00","date_gmt":"2018-10-30T04:00:00","guid":{"rendered":"http:\/\/egyptianwisdomcenter.org\/horse\/"},"modified":"2023-01-02T01:30:53","modified_gmt":"2023-01-02T06:30:53","slug":"horse-2","status":"publish","type":"page","link":"https:\/\/egyptianwisdomcenter.org\/de\/pferd-2\/","title":{"rendered":"Pferd"},"content":{"rendered":"<h2 style=\"text-align: center;\"><span style=\"color: #ff0000;\"><strong>Pferd<\/strong><\/span><\/h2>\n<p>&nbsp;<\/p>\n<p>Verschiedene Eigenschaften h\u00e4ngen alle mit dem Pferd zusammen. Das spezifische Attribut wird im Kontext bestimmt.<\/p>\n<p>1. Das Pferd symbolisiert St\u00e4rke und Selbstvertrauen, so Clemens <em>Stromata Buch V<\/em>, Kapitel VII:<\/p>\n<p style=\"padding-left: 30px;\"><strong><em>\u201eDas Pferd symbolisiert St\u00e4rke und Selbstvertrauen\u201c<\/em><\/strong><\/p>\n<p>2. Pferd ist das hieroglyphische Symbol f\u00fcr Noble.<\/p>\n<p>Das Pferd stellt die treibende Kraft dar, die bei richtiger F\u00fchrung zum Adel f\u00fchrt.<\/p>\n<p><a href=\"http:\/\/egyptianwisdomcenter.org\/wp-content\/uploads\/2019\/02\/ed-ch9-photo17-96c.jpg\"><img fetchpriority=\"high\" decoding=\"async\" class=\"size-full wp-image-912 aligncenter\" src=\"http:\/\/egyptianwisdomcenter.org\/wp-content\/uploads\/2019\/02\/ed-ch9-photo17-96c.jpg\" alt=\"\" width=\"269\" height=\"248\" \/><\/a><\/p>\n<p>3. Au\u00dfergew\u00f6hnliche Menschen werden vom Monarchen zum Ritter geschlagen.<\/p>\n<p>Dieses \u00e4gyptische Konzept des Adels findet sich in der heutigen Tradition wieder, wenn eine Person aufgrund au\u00dfergew\u00f6hnlicher Leistungen von keiner anderen Person als dem Monarchen zum Ritter geschlagen wird.<\/p>\n<p>Es ist kein Zufall, dass das englische Wort \u201ePferd\u201c im Grunde dasselbe ist wie die \u00e4gyptische Gottheit Horus.<\/p>\n<p>Horus bedeutet <em>wer er OBEN ist.<\/em><\/p>\n<p>4. Das Pferd ist auch ein sehr sch\u00f6nes und anmutiges Tier.<\/p>\n<p>Das \u00e4gyptische Wort MaHR bedeutet sowohl ein Pony als auch eine Mitgift \u2013 denn eine Jungfrau ist es <em>edel<\/em>.<\/p>\n<p>5. Darstellung der siegreichen Kr\u00e4fte des Chaos.<\/p>\n<p>Der g\u00f6ttliche Mensch wird in \u00e4gyptischen Tempeln als angreifende und besiegende chaotische Kr\u00e4fte dargestellt, dargestellt als Fremde und wilde Tiere.<\/p>\n<p>Diese Darstellungen sind symbolische Darstellungen des inneren Kampfes zwischen den Kr\u00e4ften des Guten und des B\u00f6sen.<\/p>\n<p><a href=\"http:\/\/egyptianwisdomcenter.org\/wp-content\/uploads\/2019\/02\/ed-ch9-photo9-96c.jpg\"><img decoding=\"async\" class=\"size-medium wp-image-905 aligncenter\" src=\"http:\/\/egyptianwisdomcenter.org\/wp-content\/uploads\/2019\/02\/ed-ch9-photo9-96c-300x195.jpg\" alt=\"\" width=\"300\" height=\"195\" \/><\/a><\/p>\n<p>Im allt\u00e4glichen Sinne setzt die berittene Polizei \u00fcberall Pferde ein, um Menschenmengen zu leiten und zu kontrollieren. Pferdest\u00e4rken werden von der Polizei auch eingesetzt, um ungeordnete Menschenmengen aufzul\u00f6sen.<\/p>\n<p>Wir verwenden den Begriff \u201ePferdest\u00e4rke\u201c als Ma\u00df f\u00fcr die Energie.<\/p>\n<p>6. In \u00e4gyptischen Traditionen <strong>Die menschliche Zunge wird mit einem Pferd gleichgesetzt<\/strong>. Die Zunge ist der st\u00e4rkste Muskel im menschlichen K\u00f6rper. Die treibende Kraft des Pferdes oder der Zunge kontrolliert Ihr Schicksal.<\/p>\n<p>Die Symbolik des Pferdes als treibende Kraft ist in der Tat sehr kraftvoll.<\/p>\n<p><a href=\"http:\/\/egyptianwisdomcenter.org\/wp-content\/uploads\/2019\/02\/ed-ch9-photo18-96c.jpg\"><img decoding=\"async\" class=\"size-full wp-image-913 aligncenter\" src=\"http:\/\/egyptianwisdomcenter.org\/wp-content\/uploads\/2019\/02\/ed-ch9-photo18-96c.jpg\" alt=\"\" width=\"269\" height=\"211\" \/><\/a><\/p>\n<p>7. Mensch und Pferd sind sich so nahe, dass die alten \u00c4gypter vor langer Zeit Pferdehaar sowohl f\u00fcr die Saiten als auch f\u00fcr die B\u00f6gen ihrer Geigeninstrumentenfamilie verwendeten. Der Klang dieses Instruments kommt der menschlichen Stimme so nahe wie m\u00f6glich.<\/p>\n<p>&nbsp;<\/p>\n<p><span style=\"color: #ff0000;\"><strong>[Ein Auszug aus <\/strong><\/span><strong>Egyptian Divinities: The All Who Are The ONE, 2. Auflage von Moustafa Gadalla<\/strong><span style=\"color: #ff0000;\"><strong>]<br \/>\n<a href=\"https:\/\/egyptianwisdomcenter.org\/de\/produkt\/agyptische-gottheiten-alle-die-eins-sind-2-auflage\/\"><span style=\"color: #0000ff;\">https:\/\/egyptianwisdomcenter.org\/product\/egyptian-divinities-the-all-who-are-the-one-2nd-edition\/<\/span><\/a><br \/>\n<\/strong><\/span><\/p>\n<p><img decoding=\"async\" class=\"aligncenter\" src=\"https:\/\/books2read-prod.s3.amazonaws.com\/CACHE\/images\/ubl_book_images\/book_display_image_qOuT56H\/40d95446cc17340ec7b02939eaa44c10\" \/><\/p>\n<div dir=\"auto\">\n<div dir=\"auto\">\n<p style=\"text-align: center;\"><a href=\"https:\/\/egyptianwisdomcenter.org\/de\/produkt\/agyptische-gottheiten-alle-die-eins-sind-2-auflage\/\"><strong><span style=\"color: #ff0000;\"><span style=\"color: #0000ff;\">https:\/\/egyptianwisdomcenter.org\/product\/egyptian-divinities-the-all-who-are-the-one-2nd-edition\/<\/span><\/span><\/strong><\/a><\/p>\n<\/div>\n<\/div>","protected":false},"excerpt":{"rendered":"<p>Horse &nbsp; Various attributes are all related to the horse. The specific attribute will be determined in the context. 1. The horse [&hellip;]<\/p>","protected":false},"author":3,"featured_media":0,"parent":0,"menu_order":0,"comment_status":"closed","ping_status":"closed","template":"","meta":{"footnotes":""},"class_list":["post-165","page","type-page","status-publish","hentry"],"aioseo_notices":[],"_links":{"self":[{"href":"https:\/\/egyptianwisdomcenter.org\/de\/wp-json\/wp\/v2\/pages\/165","targetHints":{"allow":["GET"]}}],"collection":[{"href":"https:\/\/egyptianwisdomcenter.org\/de\/wp-json\/wp\/v2\/pages"}],"about":[{"href":"https:\/\/egyptianwisdomcenter.org\/de\/wp-json\/wp\/v2\/types\/page"}],"author":[{"embeddable":true,"href":"https:\/\/egyptianwisdomcenter.org\/de\/wp-json\/wp\/v2\/users\/3"}],"replies":[{"embeddable":true,"href":"https:\/\/egyptianwisdomcenter.org\/de\/wp-json\/wp\/v2\/comments?post=165"}],"version-history":[{"count":0,"href":"https:\/\/egyptianwisdomcenter.org\/de\/wp-json\/wp\/v2\/pages\/165\/revisions"}],"wp:attachment":[{"href":"https:\/\/egyptianwisdomcenter.org\/de\/wp-json\/wp\/v2\/media?parent=165"}],"curies":[{"name":"wp","href":"https:\/\/api.w.org\/{rel}","templated":true}]}}