{"id":169,"date":"2018-10-30T00:00:00","date_gmt":"2018-10-30T04:00:00","guid":{"rendered":"http:\/\/egyptianwisdomcenter.org\/scarab-beetle\/"},"modified":"2023-01-02T01:28:53","modified_gmt":"2023-01-02T06:28:53","slug":"scarab-beetle-2","status":"publish","type":"page","link":"https:\/\/egyptianwisdomcenter.org\/de\/skarabauskafer-2\/","title":{"rendered":"Skarab\u00e4us"},"content":{"rendered":"<h2 style=\"text-align: center;\"><span style=\"color: #ff0000;\"><strong>Skarab\u00e4us<\/strong><\/span><\/h2>\n<p>&nbsp;<\/p>\n<p>Re wird h\u00e4ufig als gro\u00dfer schwarzer Skarab\u00e4us dargestellt, der im Sonnenboot sitzt und die Sonnenscheibe rollt; oder als Mann, dessen menschlicher Kopf durch einen Skarab\u00e4usk\u00e4fer ersetzt wurde.<\/p>\n<p><a href=\"http:\/\/egyptianwisdomcenter.org\/wp-content\/uploads\/2019\/02\/ed-ch9-photo3-96c.jpg\"><img decoding=\"async\" class=\"size-medium wp-image-899 aligncenter\" src=\"http:\/\/egyptianwisdomcenter.org\/wp-content\/uploads\/2019\/02\/ed-ch9-photo3-96c-146x300.jpg\" alt=\"\" width=\"146\" height=\"300\" \/><\/a><\/p>\n<p>Daher ist Re der urspr\u00fcngliche g\u00f6ttliche Skarab\u00e4us. Der \u00e4gyptische Name f\u00fcr den Skarab\u00e4usk\u00e4fer war Khepri, ein Wort mit mehreren Bedeutungen:<\/p>\n<p style=\"padding-left: 30px;\"><strong><em>Dieser, der ins Leben ruft.<\/em><\/strong><\/p>\n<p>Re (Ra) wird im beschrieben <em>Unas-Bestattungstexte (Pyramide).<\/em>:<\/p>\n<p style=\"padding-left: 30px;\"><strong><em>\u201eSie lassen dich als Re im Namen von Khepri entstehen.\u201c<\/em><\/strong><\/p>\n<p>Khepri, der Skarab\u00e4usk\u00e4fer, ist eine der 75 Manifestationen des Sch\u00f6pfungsprozesses \u2013 allesamt Aspekte von Re, der g\u00f6ttlichen sch\u00f6pferischen Kraft.<\/p>\n<p>Horapollo Niliaeus erkl\u00e4rt die Symbolik des Skarab\u00e4us folgenderma\u00dfen:<\/p>\n<p style=\"padding-left: 30px;\"><strong><em>\u201eUm den Eingeborenen oder die Geburt oder einen Vater oder die Welt oder den Menschen zu kennzeichnen, zeichnen sie [\u00c4gypter] einen Skarab\u00e4us. Der eingeborene, <span style=\"text-decoration: underline;\">denn dieses Tier ist selbstgezeugt, ungeboren vom Weibchen<\/span>. Denn seine Geburt geschieht nur auf folgende Weise. Wenn das M\u00e4nnchen Nachkommen haben m\u00f6chte, nimmt es etwas Kuhmist und formt daraus eine runde Kugel, die der Form der Welt sehr \u00e4hnlich ist. Wenn man es mit seinen Hinterbeinen von Osten nach Westen rollt, ist es nach Osten gerichtet, um ihm die Form der Welt zu geben, denn die Welt wird von Osten nach Westen getragen.\u201c<\/em><\/strong><\/p>\n<p>In den alt\u00e4gyptischen Verwandlungstexten (Bestattungstexten) durchlief der Verstorbene, der mit Osiris identifiziert wurde, in der Nacht der Unterwelt analoge Phasen und wurde am Morgen als neuer Ra (Re) in seiner Form von Khepri (dem Skarab\u00e4usk\u00e4fer) wiedergeboren . Die Analogie zur Sonne \u2013 sie verschwindet nachts und erscheint am Morgen \u2013 ist klar. Der Skarab\u00e4us ist das Symbol der verwandelnden Qualit\u00e4t der Sonne; das Licht, das aus der Dunkelheit kommt. Skarab\u00e4us-Amulette wurden \u00fcblicherweise mit dem Verstorbenen begraben, um die Wiedergeburt zu f\u00f6rdern.<\/p>\n<p>Der Skarab\u00e4us kommt daher immer am Anfang eines Zyklus vor.<\/p>\n<p>Hier wird es mit dem kosmischen Ei in Verbindung gebracht.<\/p>\n<p><a href=\"http:\/\/egyptianwisdomcenter.org\/wp-content\/uploads\/2019\/02\/ed-ch9-photo4-96c.jpg\"><img fetchpriority=\"high\" decoding=\"async\" class=\"size-full wp-image-900 aligncenter\" src=\"http:\/\/egyptianwisdomcenter.org\/wp-content\/uploads\/2019\/02\/ed-ch9-photo4-96c.jpg\" alt=\"\" width=\"240\" height=\"220\" \/><\/a><\/p>\n<p>Hier steht es am Anfang eines Tierkreiszyklus, der etwa 26.000 Jahre dauert und mit dem Zeitalter des L\u00f6wen, des L\u00f6wen, beginnt.<\/p>\n<p><a href=\"http:\/\/egyptianwisdomcenter.org\/wp-content\/uploads\/2019\/02\/ed-ch9-photo5-96c.jpg\"><img decoding=\"async\" class=\"size-medium wp-image-901 aligncenter\" src=\"http:\/\/egyptianwisdomcenter.org\/wp-content\/uploads\/2019\/02\/ed-ch9-photo5-96c-300x200.jpg\" alt=\"\" width=\"300\" height=\"200\" \/><\/a><\/p>\n<p>&nbsp;<\/p>\n<p><span style=\"color: #ff0000;\"><strong>[Ein Auszug aus<\/strong><\/span><strong>\u00c4gyptische Gottheiten: Die Alle, die EINS sind, 2. Auflage<\/strong><span style=\"color: #ff0000;\"><strong> von Moustafa Gadalla]<br \/>\n<a href=\"https:\/\/egyptianwisdomcenter.org\/de\/produkt\/agyptische-gottheiten-alle-die-eins-sind-2-auflage\/\"><span style=\"color: #0000ff;\">https:\/\/egyptianwisdomcenter.org\/product\/egyptian-divinities-the-all-who-are-the-one-2nd-edition\/<\/span><\/a><br \/>\n<\/strong><\/span><\/p>\n<p><img decoding=\"async\" class=\"aligncenter\" src=\"https:\/\/books2read-prod.s3.amazonaws.com\/CACHE\/images\/ubl_book_images\/book_display_image_qOuT56H\/40d95446cc17340ec7b02939eaa44c10\" \/><\/p>\n<div dir=\"auto\">\n<div dir=\"auto\">\n<p style=\"text-align: center;\"><a href=\"https:\/\/egyptianwisdomcenter.org\/de\/produkt\/agyptische-gottheiten-alle-die-eins-sind-2-auflage\/\"><span style=\"color: #ff0000;\"><strong><span style=\"color: #0000ff;\">https:\/\/egyptianwisdomcenter.org\/product\/egyptian-divinities-the-all-who-are-the-one-2nd-edition\/<\/span><\/strong><\/span><\/a><\/p>\n<\/div>\n<\/div>\n<div dir=\"auto\"><\/div>","protected":false},"excerpt":{"rendered":"<p>Scarab Beetle &nbsp; Re is frequently represented as a large black scarab beetle sitting in the solar boat and rolling the sun [&hellip;]<\/p>","protected":false},"author":3,"featured_media":0,"parent":0,"menu_order":0,"comment_status":"closed","ping_status":"closed","template":"","meta":{"footnotes":""},"class_list":["post-169","page","type-page","status-publish","hentry"],"aioseo_notices":[],"_links":{"self":[{"href":"https:\/\/egyptianwisdomcenter.org\/de\/wp-json\/wp\/v2\/pages\/169","targetHints":{"allow":["GET"]}}],"collection":[{"href":"https:\/\/egyptianwisdomcenter.org\/de\/wp-json\/wp\/v2\/pages"}],"about":[{"href":"https:\/\/egyptianwisdomcenter.org\/de\/wp-json\/wp\/v2\/types\/page"}],"author":[{"embeddable":true,"href":"https:\/\/egyptianwisdomcenter.org\/de\/wp-json\/wp\/v2\/users\/3"}],"replies":[{"embeddable":true,"href":"https:\/\/egyptianwisdomcenter.org\/de\/wp-json\/wp\/v2\/comments?post=169"}],"version-history":[{"count":0,"href":"https:\/\/egyptianwisdomcenter.org\/de\/wp-json\/wp\/v2\/pages\/169\/revisions"}],"wp:attachment":[{"href":"https:\/\/egyptianwisdomcenter.org\/de\/wp-json\/wp\/v2\/media?parent=169"}],"curies":[{"name":"wp","href":"https:\/\/api.w.org\/{rel}","templated":true}]}}