{"id":173,"date":"2018-10-30T00:00:00","date_gmt":"2018-10-30T04:00:00","guid":{"rendered":"http:\/\/egyptianwisdomcenter.org\/logic-and-forms-of-animal-representation\/"},"modified":"2023-01-02T01:26:12","modified_gmt":"2023-01-02T06:26:12","slug":"logic-and-forms-of-animal-representation","status":"publish","type":"page","link":"https:\/\/egyptianwisdomcenter.org\/de\/logik-und-formen-der-tierdarstellung-2\/","title":{"rendered":"Logik und Formen der Tierdarstellung"},"content":{"rendered":"<h2 style=\"text-align: center;\"><span style=\"color: #ff0000;\"><strong>Logik und Formen der Tierdarstellung<\/strong><\/span><\/h2>\n<p>&nbsp;<\/p>\n<p>Die sorgf\u00e4ltigen Beobachtungen und die profunde Kenntnis der Natur der \u00c4gypter erm\u00f6glichten es ihnen, bestimmte Tiere mit spezifischen Eigenschaften zu identifizieren, die bestimmte g\u00f6ttliche Funktionen und Prinzipien auf besonders reine und eindrucksvolle Weise symbolisieren k\u00f6nnten. Daher wurden bestimmte Tiere als Symbole f\u00fcr diese besonderen Aspekte der G\u00f6ttlichkeit ausgew\u00e4hlt.<\/p>\n<p>Wenn Sie sagen, dass jemand loyal ist, ist das Wort \u201eloyal\u201c so vage. Aber wenn Sie \u201eloyal wie ein Hund\u201c sagen, lassen Sie keinen Zweifel an Ihrer Absicht. Das ist die Kraft der Tieranalogie.<\/p>\n<p>Die tierischen oder tierk\u00f6pfigen Neteru (G\u00f6tter, G\u00f6ttinnen) waren symbolische Ausdrucksformen eines tiefen spirituellen Verst\u00e4ndnisses. Wenn im alten \u00c4gypten ein Gesamttier dargestellt wird, stellt es eine bestimmte Funktion\/Eigenschaft in seiner reinsten Form dar. Wenn eine Figur mit Tierkopf pr\u00e4sentiert wird, vermittelt sie diese besondere Funktion\/Eigenschaft des Menschen. Die beiden Formen von Anubis in den beiden hier gezeigten Abbildungen unterscheiden diese beiden Aspekte deutlich.<\/p>\n<p><a href=\"http:\/\/egyptianwisdomcenter.org\/wp-content\/uploads\/2019\/02\/anubis.png\"><img decoding=\"async\" class=\"wp-image-359 aligncenter\" src=\"http:\/\/egyptianwisdomcenter.org\/wp-content\/uploads\/2019\/02\/anubis.png\" alt=\"\" width=\"218\" height=\"166\" \/><\/a><\/p>\n<p>Diese dritte Form ist das Gegenteil des tierk\u00f6pfigen Menschen. In diesem Fall haben wir einen Vogel mit Menschenkopf \u2013 das ist der Ba \u2013, der den K\u00f6rper\/die Seele darstellt, die \u00fcber dem K\u00f6rper schwebt.<\/p>\n<p><a href=\"http:\/\/egyptianwisdomcenter.org\/wp-content\/uploads\/2019\/02\/ba.png\"><img decoding=\"async\" class=\"wp-image-360 aligncenter\" src=\"http:\/\/egyptianwisdomcenter.org\/wp-content\/uploads\/2019\/02\/ba.png\" alt=\"\" width=\"184\" height=\"106\" \/><\/a><\/p>\n<p>Die Darstellung des Ba ist also der g\u00f6ttliche Aspekt des Irdischen. Der Ba wird als Storch dargestellt. Der Storch ist f\u00fcr seinen Wander- und Heimsuchinstinkt bekannt und weltweit auch als der Vogel bekannt, der Neugeborene zu ihren neuen Familien tr\u00e4gt. Der Storch kehrt mit gleichbleibender Pr\u00e4zision in sein eigenes Nest zur\u00fcck \u2013 daher ist er als Zugvogel die perfekte Wahl, um die Seele darzustellen.<\/p>\n<p>&nbsp;<\/p>\n<p><span style=\"color: #ff0000;\"><strong>[Weitere Beispiele f\u00fcr Tiersymbolik finden sich in <\/strong><\/span><strong>\u00c4gyptische Gottheiten: Die Alle, die EINS sind, 2. Auflage<\/strong><span style=\"color: #ff0000;\"><strong> von Moustafa Gadalla]<br \/>\n<a href=\"https:\/\/egyptianwisdomcenter.org\/de\/produkt\/agyptische-gottheiten-alle-die-eins-sind-2-auflage\/\"><span style=\"color: #0000ff;\">https:\/\/egyptianwisdomcenter.org\/product\/egyptian-divinities-the-all-who-are-the-one-2nd-edition\/<\/span><\/a><\/strong><\/span><\/p>\n<p><img decoding=\"async\" class=\"aligncenter\" src=\"https:\/\/books2read-prod.s3.amazonaws.com\/CACHE\/images\/ubl_book_images\/book_display_image_qOuT56H\/40d95446cc17340ec7b02939eaa44c10\" \/><\/p>\n<div dir=\"auto\">\n<div dir=\"auto\">\n<p style=\"text-align: center;\"><a href=\"https:\/\/egyptianwisdomcenter.org\/de\/produkt\/agyptische-gottheiten-alle-die-eins-sind-2-auflage\/\"><span style=\"color: #ff0000;\"><strong><span style=\"color: #0000ff;\">https:\/\/egyptianwisdomcenter.org\/product\/egyptian-divinities-the-all-who-are-the-one-2nd-edition\/<\/span><\/strong><\/span><\/a><\/p>\n<\/div>\n<\/div>","protected":false},"excerpt":{"rendered":"<p>Logic And Forms Of Animal Representation &nbsp; Egyptians\u2019 careful observations and profound knowledge of the natural world enabled them to identify certain [&hellip;]<\/p>","protected":false},"author":3,"featured_media":0,"parent":0,"menu_order":0,"comment_status":"closed","ping_status":"closed","template":"","meta":{"footnotes":""},"class_list":["post-173","page","type-page","status-publish","hentry"],"aioseo_notices":[],"_links":{"self":[{"href":"https:\/\/egyptianwisdomcenter.org\/de\/wp-json\/wp\/v2\/pages\/173","targetHints":{"allow":["GET"]}}],"collection":[{"href":"https:\/\/egyptianwisdomcenter.org\/de\/wp-json\/wp\/v2\/pages"}],"about":[{"href":"https:\/\/egyptianwisdomcenter.org\/de\/wp-json\/wp\/v2\/types\/page"}],"author":[{"embeddable":true,"href":"https:\/\/egyptianwisdomcenter.org\/de\/wp-json\/wp\/v2\/users\/3"}],"replies":[{"embeddable":true,"href":"https:\/\/egyptianwisdomcenter.org\/de\/wp-json\/wp\/v2\/comments?post=173"}],"version-history":[{"count":0,"href":"https:\/\/egyptianwisdomcenter.org\/de\/wp-json\/wp\/v2\/pages\/173\/revisions"}],"wp:attachment":[{"href":"https:\/\/egyptianwisdomcenter.org\/de\/wp-json\/wp\/v2\/media?parent=173"}],"curies":[{"name":"wp","href":"https:\/\/api.w.org\/{rel}","templated":true}]}}