{"id":186,"date":"2018-10-30T00:00:00","date_gmt":"2018-10-30T04:00:00","guid":{"rendered":"http:\/\/egyptianwisdomcenter.org\/isis-the-divine-female\/"},"modified":"2023-01-02T11:47:02","modified_gmt":"2023-01-02T16:47:02","slug":"isis-the-divine-female-2","status":"publish","type":"page","link":"https:\/\/egyptianwisdomcenter.org\/de\/isis-die-gottliche-frau-2\/","title":{"rendered":"Isis, die g\u00f6ttliche Frau"},"content":{"rendered":"<h2 style=\"text-align: center;\"><span style=\"color: #0000ff;\"><strong>Isis, die g\u00f6ttliche Frau<\/strong><\/span><\/h2>\n<h3><\/h3>\n<h3><span style=\"color: #ff0000;\"><strong>Ihr Name<\/strong><\/span><\/h3>\n<p>Die heute \u00fcbliche Verwendung des Namens Isis beschr\u00e4nkt sich auf ihren Aspekt der m\u00fctterlichen Hingabe, Treue und Z\u00e4rtlichkeit. Aber sie ist viel mehr als das \u2013 sie repr\u00e4sentiert das g\u00f6ttliche weibliche Prinzip, das die sch\u00f6pferische Kraft umfasst, die alle Lebewesen empfangen (sowohl physisch als auch metaphysisch) und hervorgebracht hat.<\/p>\n<p>Die alten \u00c4gypter betrachteten Isis als Symbol des kosmischen weiblichen Prinzips. Dieses Prinzip umfasst Tausende weiblicher Qualit\u00e4ten und Attribute, und die \u00c4gypter hatten Begriffe, um jede Manifestation dieses weiblichen Prinzips zu beschreiben.<\/p>\n<p>In der Kultur der englischsprachigen V\u00f6lker a <em>Name <\/em>ist lediglich eine Bezeichnung, um jemanden oder etwas von einem anderen zu unterscheiden. Aber f\u00fcr die \u00c4gypter (sowohl die alte als auch die heutige schweigende Mehrheit) stellt ein gemeinsamer \u201eName\u201c die Zusammenfassung oder Zusammenfassung der Qualit\u00e4ten und Attribute einer Entit\u00e4t dar. \u00e4gyptisch <em>gebr\u00e4uchliche Namen <\/em>sind die Attribute und Qualit\u00e4ten einer Entit\u00e4t. Dies \u00e4hnelt den englischen W\u00f6rtern f\u00fcr Zimmermann, Bauer usw., die eine bestimmte T\u00e4tigkeit darstellen.<\/p>\n<p>In der englischen Sprache beziehen wir uns auf sie <em>Name <\/em>als Isis, aber die \u00c4gypter hatten einen repr\u00e4sentativen Begriff, der die Gesamtheit ihres kosmischen weiblichen Prinzips anerkennt. Dieses allumfassende \u00e4gyptische Wort\/Begriff ist <strong>Auset<\/strong>. Was steckt also in diesem alt\u00e4gyptischen \u201eNamen\u201c? Schauen wir uns die Bedeutung von Auset an, um zu zeigen, wie ein Name Qualit\u00e4ten und Attribute darstellt.<\/p>\n<p>Auset besteht aus dem Hauptwort <strong>Aus <\/strong>und das Suffix <strong>et<\/strong>. Aus bedeutet <em>die Quelle<\/em>, <em>die Macht<\/em>. In der Mathematik sagen wir 2 hoch 2. Diese mathematische Potenz nennt man <strong><em>Aus<\/em><\/strong>. Das Suffix \u201eet\u201c am Ende von Aus-et ist eine weibliche Endung.<\/p>\n<p>Zus\u00e4tzlich zu <strong>Aus <\/strong>Bedeutung <em>die Quelle<\/em> Und <em>die Macht<\/em>, es bedeutet auch <em>der Ursprung<\/em>, <em>die Ursache<\/em>.<\/p>\n<p>In diesem Zusammenhang werden wir zeigen, dass Auset die Quelle, Kraft und Ursache des geschaffenen Universums ist, einschlie\u00dflich aller Dinge in diesem Universum.<\/p>\n<p>Eine weitere interessante Bedeutung f\u00fcr Au-set ist <strong>Die Dame; <\/strong>und tats\u00e4chlich ist sie die Herrin des Himmels und der Erde. Sie repr\u00e4sentiert das weibliche Prinzip im Universum. Dieses Prinzip manifestiert sich in verschiedenen Formen und Weisen, und deshalb wurde Isis von den alten \u00c4gyptern \u201eIsis\u201c genannt. <strong><em>Auset [Isis] der 10.000 Namen (Bedeutungsattribute)<\/em><\/strong>.<\/p>\n<p>Mehrere W\u00f6rter leiten sich direkt vom \u00e4gyptischen Namen Auset ab, wie zum Beispiel <strong><em>Seta<\/em><\/strong>, was die Zahl 6 bedeutet. Dies ist sehr bedeutsam, da 6 die ultimative Zahl von Raum, Volumen und Zeit ist. Der W\u00fcrfel mit seinen sechs Fl\u00e4chen ist das Modell der Erde. Als solche repr\u00e4sentiert sie sowohl den Scho\u00df des Universums als auch die Erde, wie wir sp\u00e4ter im Detail besprechen werden.<\/p>\n<p>Eine weitere verwandte Bedeutung des Namens Auset ist das englische Wort \u201e<strong>Sitz<\/strong>&#039;. Isis wird so dargestellt, dass sie immer einen Sitz oder Thron auf dem Kopf tr\u00e4gt, um sie als Quelle der Legitimit\u00e4t zu symbolisieren, die sich im Festhalten an der matrilinearen und matriarchalen Gesellschaft im alten \u00c4gypten (sowie in der heutigen schweigenden Mehrheit) manifestiert. Dieses Thema wird sp\u00e4ter in diesem Buch besprochen.<\/p>\n<p><a href=\"http:\/\/egyptianwisdomcenter.org\/wp-content\/uploads\/2019\/02\/isis-ch1-72c-1.jpg\"><img decoding=\"async\" class=\"size-full wp-image-663 aligncenter\" src=\"http:\/\/egyptianwisdomcenter.org\/wp-content\/uploads\/2019\/02\/isis-ch1-72c-1.jpg\" alt=\"\" width=\"63\" height=\"90\" \/><\/a><\/p>\n<p>Wie wir festgestellt haben, behindert die Verwendung des in der englischen Sprache gebr\u00e4uchlichen Namens Isis unser Verst\u00e4ndnis wertvoller Informationen, Kenntnisse und Weisheit. Um es englischsprachigen Lesern einfacher zu machen, werden wir jedoch weiterhin das Wort Isis und andere alt\u00e4gyptische Namen verwenden, die dem englischsprachigen Leser bekannt sind.<\/p>\n<p>Die Rolle von Isis als g\u00f6ttliches weibliches Prinzip im Sch\u00f6pfungsprozess wurde von allen anerkannt. Sie existiert \u00fcberall und ist seit jeher allen bekannt.<\/p>\n<p>Plutarch hat dies in seinem vermerkt <em>Moralia, Bd. V<\/em>:<\/p>\n<p style=\"padding-left: 30px;\"><strong><em>\u201eIsis ist in der Tat das weibliche Prinzip der Natur und ist f\u00fcr jede Form der Generation empf\u00e4nglich und wird von den meisten Menschen mit unz\u00e4hligen Namen bezeichnet, da sie sich aufgrund der Kraft der Vernunft diesem oder jenem und diesem Ding zuwendet.\u201c ist empf\u00e4nglich f\u00fcr alle m\u00f6glichen Formen und Gestalten.\u201c<\/em><\/strong><\/p>\n<p>Die Rollen von Isis wertsch\u00e4tzen <strong>als weibliches Prinzip <\/strong>Wir m\u00fcssen ihre prim\u00e4re kosmische Rolle in der geordneten Abfolge der Erschaffung des Universums finden.<\/p>\n<p>&nbsp;<\/p>\n<p><span style=\"color: #ff0000;\"><strong>[Ein Auszug aus <\/strong><\/span><strong>Isis: Die g\u00f6ttliche Frau von Moustafa Gadalla<\/strong><span style=\"color: #ff0000;\"><strong>]<br \/>\n<a href=\"https:\/\/egyptianwisdomcenter.org\/de\/produkt\/isis-das-goettliche-weibliche-prinzip-2\/\"><span style=\"color: #0000ff;\">https:\/\/egyptianwisdomcenter.org\/product\/isis-das-goettliche-weibliche-prinzip\/<\/span><\/a><br \/>\n<\/strong><\/span><\/p>\n<p><img decoding=\"async\" class=\"aligncenter\" src=\"https:\/\/egyptianwisdomcenter.org\/wp-content\/uploads\/2023\/01\/isis-das-gottliche-weibliche-prinzip-2-1.jpg\" \/><\/p>\n<div dir=\"auto\">\n<p style=\"text-align: center;\"><a href=\"https:\/\/egyptianwisdomcenter.org\/de\/produkt\/isis-das-goettliche-weibliche-prinzip-2\/\"><span style=\"color: #ff0000;\"><strong><span style=\"color: #0000ff;\">https:\/\/egyptianwisdomcenter.org\/product\/isis-das-goettliche-weibliche-prinzip\/<\/span><\/strong><\/span><\/a><\/p>\n<\/div>","protected":false},"excerpt":{"rendered":"<p>Isis The Divine Female Her Name The present-day common use of the name Isis is limited to her aspect of maternal devotion, [&hellip;]<\/p>","protected":false},"author":3,"featured_media":0,"parent":0,"menu_order":0,"comment_status":"closed","ping_status":"closed","template":"","meta":{"footnotes":""},"class_list":["post-186","page","type-page","status-publish","hentry"],"aioseo_notices":[],"_links":{"self":[{"href":"https:\/\/egyptianwisdomcenter.org\/de\/wp-json\/wp\/v2\/pages\/186","targetHints":{"allow":["GET"]}}],"collection":[{"href":"https:\/\/egyptianwisdomcenter.org\/de\/wp-json\/wp\/v2\/pages"}],"about":[{"href":"https:\/\/egyptianwisdomcenter.org\/de\/wp-json\/wp\/v2\/types\/page"}],"author":[{"embeddable":true,"href":"https:\/\/egyptianwisdomcenter.org\/de\/wp-json\/wp\/v2\/users\/3"}],"replies":[{"embeddable":true,"href":"https:\/\/egyptianwisdomcenter.org\/de\/wp-json\/wp\/v2\/comments?post=186"}],"version-history":[{"count":0,"href":"https:\/\/egyptianwisdomcenter.org\/de\/wp-json\/wp\/v2\/pages\/186\/revisions"}],"wp:attachment":[{"href":"https:\/\/egyptianwisdomcenter.org\/de\/wp-json\/wp\/v2\/media?parent=186"}],"curies":[{"name":"wp","href":"https:\/\/api.w.org\/{rel}","templated":true}]}}