{"id":187,"date":"2018-10-30T00:00:00","date_gmt":"2018-10-30T04:00:00","guid":{"rendered":"http:\/\/egyptianwisdomcenter.org\/lady-love-hathor-venus\/"},"modified":"2023-01-02T11:48:15","modified_gmt":"2023-01-02T16:48:15","slug":"lady-love-hathor-venus-2","status":"publish","type":"page","link":"https:\/\/egyptianwisdomcenter.org\/de\/dame-liebt-hathor-venus-2\/","title":{"rendered":"Lady Love: Hathor \u2013 Venus"},"content":{"rendered":"<h2 style=\"text-align: center;\"><span style=\"color: #ff0000;\"><strong>Lady Love: Hathor \u2013 Venus<\/strong><\/span><\/h2>\n<p>&nbsp;<\/p>\n<p>Isis wird in ihrer Rolle als Ern\u00e4hrerin als Hathor erkannt.<\/p>\n<p>Hathor besteht eigentlich aus zwei W\u00f6rtern, Het-hor, was allgemein als \u201eHathor\u201c \u00fcbersetzt wird.<strong><em>Haus des Horus<\/em><\/strong>\u201e.<\/p>\n<p>Der erste Teil-<strong>Het<\/strong>, \u00fcbersetzt als \u201eHaus\u201c, hat eine gr\u00f6\u00dfere Bedeutung als ein einfaches Haus. Es bedeutet tats\u00e4chlich <em>die Geb\u00e4rmutter als Matrix<\/em> in dem etwas entsteht, Gestalt annimmt und sich zur vollen Reife entwickelt.<\/p>\n<p>Die Geb\u00e4rmutter bietet Nahrung und Schutz. Somit bietet Hethor sowohl Nahrung als auch Schutz. Horus repr\u00e4sentiert das verwirklichte g\u00f6ttliche Prinzip, und Horus wird an verschiedenen Namen\/Attributen erkannt, w\u00e4hrend er sich im kosmischen Mutterleib vom S\u00e4uglingsalter bis zur Reife entwickelt.<\/p>\n<p>Hathor stellt die Matrix des metaphysischen spirituellen Prinzips dar und bietet spirituelle Nahrung, Heilung, Freude, Liebesspiel, Musik und Fr\u00f6hlichkeit.<\/p>\n<p><a href=\"http:\/\/egyptianwisdomcenter.org\/wp-content\/uploads\/2019\/02\/isis-ch6-photo-36-96c.jpg\"><img decoding=\"async\" class=\"size-full wp-image-618 aligncenter\" src=\"http:\/\/egyptianwisdomcenter.org\/wp-content\/uploads\/2019\/02\/isis-ch6-photo-36-96c.jpg\" alt=\"\" width=\"164\" height=\"250\" \/><\/a><\/p>\n<p>Die alt\u00e4gyptischen Texte beschreiben Isis der 10.000 Namen in ihrer Rolle als Het-heru wie folgt:<\/p>\n<p style=\"padding-left: 30px;\"><strong><em>Die Kuh Heru-sekha, die alle Dinge hervorbringt.<\/em><\/strong><br \/>\n<strong><em>Die das Kind Horus mit ihrer Milch ern\u00e4hrte.<\/em><\/strong><br \/>\n<strong><em>Dame der Freude und Fr\u00f6hlichkeit.<\/em><\/strong><br \/>\n<strong><em>Dame der Liebe<\/em><\/strong><\/p>\n<p>Als Modell f\u00fcr kosmische Ern\u00e4hrung aller Art sind Hathor mit mehreren verwandten Funktionen verbunden. Einige solcher Anwendungen wollen wir kurz erw\u00e4hnen:<\/p>\n<p style=\"padding-left: 30px;\">A. Lady Love \u2013 Venus<br \/>\nB. Der kosmische N\u00e4hrer<br \/>\nC. Die himmlischen sieben Jungfrauen \/7 Himmlische Reiche<br \/>\nD. Der Heiler<br \/>\nE. Ihr Baum des Lebens<br \/>\nF. Der ultimative Schrein \u2013 Haus des Horus\/Re-horakhti<br \/>\nG. Reisebegleitung \u2013 Astarte<\/p>\n<h3><strong>A. Lady Love \u2013 Venus<\/strong><\/h3>\n<p>Das W\u00f6rterbuch sagt uns, dass der Ursprung des Namens (oder Wortes) Venus WENOS ist. Wenos oder Wanas ist eigentlich ein \u00e4gyptisches Wort und bedeutet \u201elebhafte Kameradschaft\u201c, \u201egenial\u201c, \u201egesellig\u201c, \u201efr\u00f6hlich\u201c und \u201evergn\u00fcglich\u201c.<\/p>\n<p>Die Substantivform von we-nos ist A-nesa [Aa-NES-sa], was \u201eJungfrau\u201c bedeutet, mit allem, was es impliziert.<\/p>\n<p>Die \u00e4gyptische Venus stellt in ihrem allumfassenden Namen Hathor die Matrix des metaphysischen spirituellen Prinzips dar und sorgt f\u00fcr spirituelle Nahrung, Heilung, Freude, Liebesspiel, Musik und Fr\u00f6hlichkeit.<\/p>\n<p>&nbsp;<\/p>\n<h3><span style=\"color: #ff0000;\">[Ein Auszug aus <\/span>Isis: Die g\u00f6ttliche Frau von Moustafa Gadalla<span style=\"color: #ff0000;\">]<br \/>\n<a href=\"https:\/\/egyptianwisdomcenter.org\/de\/produkt\/isis-das-goettliche-weibliche-prinzip-2\/\"><span style=\"color: #0000ff;\">https:\/\/egyptianwisdomcenter.org\/product\/isis-das-goettliche-weibliche-prinzip\/<\/span><\/a><br \/>\n<\/span><\/h3>\n<p><img decoding=\"async\" class=\"aligncenter\" src=\"https:\/\/egyptianwisdomcenter.org\/wp-content\/uploads\/2023\/01\/isis-das-gottliche-weibliche-prinzip-2-1.jpg\" \/><\/p>\n<div dir=\"auto\">\n<h3 style=\"text-align: center;\"><a href=\"https:\/\/egyptianwisdomcenter.org\/de\/produkt\/isis-das-goettliche-weibliche-prinzip-2\/\"><span style=\"color: #ff0000;\"><span style=\"color: #0000ff;\">https:\/\/egyptianwisdomcenter.org\/product\/isis-das-goettliche-weibliche-prinzip\/<\/span><\/span><\/a><\/h3>\n<\/div>","protected":false},"excerpt":{"rendered":"<p>Lady Love: Hathor\u2014Venus &nbsp; Isis, in her role as the Nourisher, is recognized as Hathor. Hathor is actually two words, Het-hor, which [&hellip;]<\/p>","protected":false},"author":3,"featured_media":0,"parent":0,"menu_order":0,"comment_status":"closed","ping_status":"closed","template":"","meta":{"footnotes":""},"class_list":["post-187","page","type-page","status-publish","hentry"],"aioseo_notices":[],"_links":{"self":[{"href":"https:\/\/egyptianwisdomcenter.org\/de\/wp-json\/wp\/v2\/pages\/187","targetHints":{"allow":["GET"]}}],"collection":[{"href":"https:\/\/egyptianwisdomcenter.org\/de\/wp-json\/wp\/v2\/pages"}],"about":[{"href":"https:\/\/egyptianwisdomcenter.org\/de\/wp-json\/wp\/v2\/types\/page"}],"author":[{"embeddable":true,"href":"https:\/\/egyptianwisdomcenter.org\/de\/wp-json\/wp\/v2\/users\/3"}],"replies":[{"embeddable":true,"href":"https:\/\/egyptianwisdomcenter.org\/de\/wp-json\/wp\/v2\/comments?post=187"}],"version-history":[{"count":0,"href":"https:\/\/egyptianwisdomcenter.org\/de\/wp-json\/wp\/v2\/pages\/187\/revisions"}],"wp:attachment":[{"href":"https:\/\/egyptianwisdomcenter.org\/de\/wp-json\/wp\/v2\/media?parent=187"}],"curies":[{"name":"wp","href":"https:\/\/api.w.org\/{rel}","templated":true}]}}