{"id":189,"date":"2018-10-30T00:00:00","date_gmt":"2018-10-30T04:00:00","guid":{"rendered":"http:\/\/egyptianwisdomcenter.org\/our-holy-lady-of-the-sea-notre-dame-de-la-mer\/"},"modified":"2023-01-02T11:49:50","modified_gmt":"2023-01-02T16:49:50","slug":"our-holy-lady-of-the-sea-notre-dame-de-la-mer-2","status":"publish","type":"page","link":"https:\/\/egyptianwisdomcenter.org\/de\/unsere-heilige-frau-vom-meer-notre-dame-de-la-mer-2\/","title":{"rendered":"Unsere (heilige) Frau vom Meer \u2013 Notre Dame De La Mer"},"content":{"rendered":"<h2 style=\"text-align: center;\"><span style=\"color: #ff0000;\"><strong>Unsere (heilige) Frau vom Meer \u2013<\/strong><\/span><\/h2>\n<h2 style=\"text-align: center;\"><span style=\"color: #ff0000;\"><strong>\u00a0Notre Dame De La Mer<\/strong><\/span><\/h2>\n<p>&nbsp;<\/p>\n<p>Als Modell f\u00fcr kosmische Ern\u00e4hrung aller Art sind Hathor mit mehreren verwandten Funktionen verbunden. Einige solcher Anwendungen wollen wir kurz erw\u00e4hnen:<\/p>\n<p style=\"padding-left: 30px;\">A. Lady Love \u2013 Venus<br \/>\nB. Der kosmische N\u00e4hrer<br \/>\nC. Die himmlischen sieben Jungfrauen \/7 Himmlische Reiche<br \/>\nD. Der Heiler<br \/>\nE. Ihr Baum des Lebens<br \/>\nF. Der ultimative Schrein \u2013 Haus des Horus\/Re-horakhti<br \/>\nG. T<span style=\"color: #000000;\">Raver Escort \u2013 Astarte<\/span><\/p>\n<p>Eine der Manifestationen von Isis ist Hathor\/Astarte \u2013 wie andere \u00e4gyptische Gottheiten ist sie auch allgemein als Asera\/Serah\/Sarah bekannt, was \u201ea\u201c bedeutet <strong><em>edle Dame<\/em><\/strong>.<\/p>\n<p>Um keinen Zweifel an ihrer \u00e4gyptischen Herkunft zu lassen, wird Aserah immer in ihrer \u00e4gyptischen Form dargestellt, mit einem Halbmond und einer Scheibe auf ihrem Kopfschmuck.<\/p>\n<p>Hathor stellt die Matrix des metaphysischen spirituellen Prinzips dar und bietet spirituelle Nahrung, Heilung, Freude, Liebesspiel, Musik und Fr\u00f6hlichkeit.<\/p>\n<p>Hathor spielt als Symbol spiritueller Nahrung auch in den Transformationstexten (Grabtexten) eine wichtige Rolle und liefert die spirituelle Nahrung\/F\u00fchrung, die die Seele des Verstorbenen auf ihrer Reise durch das kosmische Meer ben\u00f6tigt. Folglich ist Hathor\/Aserah die \u00e4gyptische Reise- und Segelpatronin; und daher tritt sie in dieser Rolle au\u00dferhalb \u00c4gyptens h\u00e4ufiger auf.<\/p>\n<p>Ein \u00e4gyptischer Sargtext [Sargtext Nr. 61] aus dem Reich der Mitte (2040\u20131783 v. Chr.) beschreibt sie als Hathor:<\/p>\n<p style=\"padding-left: 30px;\"><strong><em>die Dame, die angeblich \u201edie Steuerruder h\u00e4lt\u201c. . . bellt\u2018.<\/em><\/strong><\/p>\n<p>Hathors Kopf ist daher immer direkt \u00fcber dem Heck von Schiffen abgebildet, wo die Doppelruder (mit denen erfahrene Piloten das Schiff steuerten) montiert waren.<\/p>\n<p>In ihrer Rolle als W\u00e4chterin der Reisenden wird Hathor Astarte genannt. Ihre Tempel wurden in Grenzst\u00e4dten gefunden, da sie eine Schutzpatronin f\u00fcr Reisende war. Ihr Tempel in C\u00e1diz, Spanien, war eines der wichtigsten Denkm\u00e4ler dieser heiligen Stadt. Die Rolle von Astarte im alten \u00c4gypten ist gut dokumentiert. Aus kleinen Fragmenten aus der Zeit von Ramses II. (1304\u20131237 v. Chr.) geht die Rolle von Astarte als Schutzpatronin der Auslandsreisen hervor. In einem Fragment wird die Rolle von Astarte als Schutzpatronin der Seefahrerin klar dargelegt:<\/p>\n<p style=\"padding-left: 30px;\"><strong><em> . . . Siehe, Astarte wohnt in der Gegend des Meeres. . .\u201c<\/em><\/strong><\/p>\n<p>Um keinen Zweifel an ihrer \u00e4gyptischen Herkunft zu lassen, wird Astarte immer in ihrer \u00e4gyptischen Form mit einem Halbmond und einer Scheibe auf ihrem Kopfschmuck dargestellt.<\/p>\n<p>In einem anderen Fragment spricht Renenutet Astarte an:<\/p>\n<p style=\"padding-left: 30px;\"><strong><em>Siehe, wenn du ihm Tribut bringst, wird er dir gn\u00e4dig sein<\/em><\/strong><br \/>\n<strong><em>dich. . .Deshalb gebt ihm seinen Tribut in Silber, Gold und Lapislazuli<\/em><\/strong><br \/>\n<strong><em>Lazuli und. . . Holz.<\/em><\/strong><br \/>\n<strong><em>Und sie sagte zum Ennead der G\u00f6tter:<\/em><\/strong><br \/>\n<strong><em>. . . der Tribut des Meeres; M\u00f6ge er auf uns h\u00f6ren. . .<br \/>\n<\/em><\/strong><\/p>\n<p>W\u00e4hrend (und nach) den turbulenten Zeiten der R\u00fcckeroberung flohen viele Menschen von der Iberischen Halbinsel nach Nordafrika, \u00c4gypten und Frankreich. Das bedeutendste Fest in S\u00fcdfrankreich wird gegen Ende des Fr\u00fchlings von den (\u00e4gyptischen) Roma am Mittelmeer veranstaltet. Das Wallfahrtsziel ist die Kirche von <strong>Notre Dame de La Mer<\/strong>.<\/p>\n<p>Der Name der Kirche bedeutet in der alt\u00e4gyptischen Sprache: Notre (unsere Heilige\/G\u00f6ttin), Dame (Da-me bedeutet \u201edie Mutter\u201c), de La Mer (bedeutet Gew\u00e4sser\/Meer \u2013 dasselbe wie auf Spanisch).<\/p>\n<p>Diese Roma-Wallfahrt zum Standort dieser Kirche ist die \u00e4lteste in Frankreich.<\/p>\n<p>Die mit diesem Roma-Fest verbundene \u201ehistorische\u201c Tradition hatte einen festen Bezug zu \u00c4gypten. Der \u00dcberlieferung nach kam eine dunkelh\u00e4utige \u00e4gyptische Jungfrau namens St. Sarah in einem winzigen Boot ohne Ruder und Segel zusammen mit zwei wei\u00dfh\u00e4utigen Jungfrauen namens Mary Salome und Mary Jacobe an. Ihr Boot soll etwa 42 n. Chr. an diesem Teil der Mittelmeerk\u00fcste gelandet sein, nachdem es \u00fcber das Mittelmeer getrieben war.<\/p>\n<p>Bezeichnend ist auch der \u201eName\u201c der zentralen B\u00fchnenfigur dieses Festivals. Ihr Name \u2013 Sarah \u2013 ist ein alt\u00e4gyptisches Wort und die weibliche Form von Sar, was eine Person mit hohem\/edlem Status bedeutet. Sarah meint also die <strong><em>Edle Dame<\/em><\/strong>, in der alt\u00e4gyptischen Sprache. In alt\u00e4gyptischen Traditionen ist die heilige Sarah Hathor \u2013 Schutzpatronin der Reisenden auf dem Wasser. Ihr Name, Sarah, passt zu ihrem Wesen <strong><em>Unsere Heilige Mutter des Meeres<\/em><\/strong>, wie oben erw\u00e4hnt.<\/p>\n<p>\u00c4hnliche Berichte \u00fcber eine Arche, die an die K\u00fcste der Iberischen Halbinsel trieb, finden sich vielerorts. Solche Berichte finden sich unter anderem in Elche, Spanien und Santiago de Compostela.<\/p>\n<p>Es ist kein Zufall, dass das Thema einer (weiblichen) Heiligen und ihrer beiden Schutzengel (Maria Salome und Maria Jacobe), das wir in S\u00fcdfrankreich finden, auch in Elche und an zahlreichen Orten zu finden ist, wo diese Menschen mit dunkler\/gebr\u00e4unter Haut \u2013 die Nachkommen von die \u00e4gyptischen Pharaonen \u2013 sind zu finden.<\/p>\n<p>Die \u201eZwei Marias\u201c sind die Zwillingsschwestern Isis und Nephthys \u2013 die beiden begleitenden Leitengel, die weiter oben in diesem Buch beschrieben wurden.<\/p>\n<p>&nbsp;<\/p>\n<p><span style=\"color: #ff0000;\"><strong>[Ein Auszug aus Isis: <\/strong><\/span><strong>Die g\u00f6ttliche Frau<\/strong><span style=\"color: #ff0000;\"><strong> von Moustafa Gadalla]<br \/>\n<a href=\"https:\/\/egyptianwisdomcenter.org\/de\/produkt\/isis-das-goettliche-weibliche-prinzip-2\/\"><span style=\"color: #0000ff;\">https:\/\/egyptianwisdomcenter.org\/product\/isis-das-goettliche-weibliche-prinzip\/<\/span><\/a><\/strong><\/span><\/p>\n<p><img decoding=\"async\" class=\"aligncenter\" src=\"https:\/\/egyptianwisdomcenter.org\/wp-content\/uploads\/2023\/01\/isis-das-gottliche-weibliche-prinzip-2-1.jpg\" \/><\/p>\n<p style=\"text-align: center;\"><a href=\"https:\/\/egyptianwisdomcenter.org\/de\/produkt\/isis-das-goettliche-weibliche-prinzip-2\/\"><span style=\"color: #ff0000;\"><strong><span style=\"color: #0000ff;\">https:\/\/egyptianwisdomcenter.org\/product\/isis-das-goettliche-weibliche-prinzip\/<\/span><\/strong><\/span><\/a><\/p>\n<p>&nbsp;<\/p>\n<p>&nbsp;<\/p>\n<p><span style=\"color: #ff0000;\"><strong>[Ein Auszug aus Egyptian Romany: The Essence of Hispania, 2. Auflage von Moustafa Gadalla]<\/strong><\/span><\/p>\n<p><a href=\"https:\/\/egyptianwisdomcenter.org\/de\/produkt\/egyptian-romany-the-essence-of-hispania-2nd-edition\/\"><span style=\"color: #ff0000;\"><strong><span style=\"color: #0000ff;\">https:\/\/egyptianwisdomcenter.org\/product\/egyptian-romany-the-essence-of-hispania-2nd-edition\/<\/span><\/strong><\/span><\/a><\/p>\n<p><img decoding=\"async\" class=\"aligncenter\" src=\"https:\/\/books2read-prod.s3.amazonaws.com\/CACHE\/images\/ubl_book_images\/book_display_image_qaPDJrL\/0f50e50083bd15df18e00383d25e0605\" \/><\/p>\n<div dir=\"auto\">\n<p style=\"text-align: center;\"><a href=\"https:\/\/egyptianwisdomcenter.org\/de\/produkt\/egyptian-romany-the-essence-of-hispania-2nd-edition\/\"><span style=\"color: #ff0000;\"><strong><span style=\"color: #0000ff;\">https:\/\/egyptianwisdomcenter.org\/product\/egyptian-romany-the-essence-of-hispania-2nd-edition\/<\/span><\/strong><\/span><\/a><\/p>\n<\/div>","protected":false},"excerpt":{"rendered":"<p>Our (Holy) Lady Of The Sea &#8211; \u00a0Notre Dame De La Mer &nbsp; As the model for cosmic nourishment of all kinds, [&hellip;]<\/p>","protected":false},"author":3,"featured_media":0,"parent":0,"menu_order":0,"comment_status":"closed","ping_status":"closed","template":"","meta":{"footnotes":""},"class_list":["post-189","page","type-page","status-publish","hentry"],"aioseo_notices":[],"_links":{"self":[{"href":"https:\/\/egyptianwisdomcenter.org\/de\/wp-json\/wp\/v2\/pages\/189","targetHints":{"allow":["GET"]}}],"collection":[{"href":"https:\/\/egyptianwisdomcenter.org\/de\/wp-json\/wp\/v2\/pages"}],"about":[{"href":"https:\/\/egyptianwisdomcenter.org\/de\/wp-json\/wp\/v2\/types\/page"}],"author":[{"embeddable":true,"href":"https:\/\/egyptianwisdomcenter.org\/de\/wp-json\/wp\/v2\/users\/3"}],"replies":[{"embeddable":true,"href":"https:\/\/egyptianwisdomcenter.org\/de\/wp-json\/wp\/v2\/comments?post=189"}],"version-history":[{"count":0,"href":"https:\/\/egyptianwisdomcenter.org\/de\/wp-json\/wp\/v2\/pages\/189\/revisions"}],"wp:attachment":[{"href":"https:\/\/egyptianwisdomcenter.org\/de\/wp-json\/wp\/v2\/media?parent=189"}],"curies":[{"name":"wp","href":"https:\/\/api.w.org\/{rel}","templated":true}]}}