{"id":190,"date":"2018-10-30T00:00:00","date_gmt":"2018-10-30T04:00:00","guid":{"rendered":"http:\/\/egyptianwisdomcenter.org\/nut-the-spirit-of-the-sky\/"},"modified":"2023-01-02T11:51:00","modified_gmt":"2023-01-02T16:51:00","slug":"nut-the-spirit-of-the-sky-2","status":"publish","type":"page","link":"https:\/\/egyptianwisdomcenter.org\/de\/nuss-der-geist-des-himmels-2\/","title":{"rendered":"Nut \u2013 Der Geist des Himmels"},"content":{"rendered":"<h2 style=\"text-align: center;\"><span style=\"color: #ff0000;\"><strong>Nut \u2013 Der Geist des Himmels<\/strong><\/span><\/h2>\n<p>&nbsp;<\/p>\n<p>In ihrer Rolle als Firmament wird Isis erkannt <strong>Nuss<\/strong>.<\/p>\n<p><a href=\"http:\/\/egyptianwisdomcenter.org\/wp-content\/uploads\/2019\/02\/isis-ch6-photo8-96c.jpg\"><img fetchpriority=\"high\" decoding=\"async\" class=\"size-full wp-image-590 aligncenter\" src=\"http:\/\/egyptianwisdomcenter.org\/wp-content\/uploads\/2019\/02\/isis-ch6-photo8-96c.jpg\" alt=\"\" width=\"192\" height=\"304\" \/><\/a><\/p>\n<p>Nut ist mit vielen verwandten Funktionen verbunden, wie zum Beispiel:<\/p>\n<p style=\"padding-left: 30px;\">A. Das Firmament des Himmels<\/p>\n<p style=\"padding-left: 30px;\">B. Nut und Geb \u2013 Die Himmelssph\u00e4re<\/p>\n<p style=\"padding-left: 30px;\">C. Nut Der himmlische astronomische Sternenhimmel, wie sie sich bezieht auf:<\/p>\n<p style=\"padding-left: 60px;\">\u2013 Sonne\/Solar- und Mond\/Mond-Prinzipien<br \/>\n\u2013 Tierkreiszyklus<\/p>\n<p style=\"padding-left: 30px;\"><span style=\"color: #ff0000;\">D.<\/span> <span style=\"color: #ff0000;\">Nut der Geist des Himmels; als vorhanden in:<\/span><\/p>\n<p style=\"padding-left: 60px;\"><span style=\"color: #ff0000;\">\u2013 S\u00e4rge und Sargdeckel<\/span><br \/>\n<span style=\"color: #ff0000;\">\u2013 Grabkammern<\/span><br \/>\n<span style=\"color: #ff0000;\">\u2013 Baum des Lebens, Nahrung und Wiedergeburt<\/span><\/p>\n<h3><strong><span style=\"color: #ff0000;\">D.<\/span> <span style=\"color: #ff0000;\">Nuss Der Geist des Himmels <\/span><\/strong><\/h3>\n<p>Nut als Geist des Himmels ist prominent an den Ruhest\u00e4tten der alten \u00c4gypter, in Grabkammern, S\u00e4rgen und Sargdeckeln dargestellt.<\/p>\n<p><a href=\"http:\/\/egyptianwisdomcenter.org\/wp-content\/uploads\/2019\/02\/isis-ch6-photo11-96c.jpg\"><img decoding=\"async\" class=\"size-full wp-image-593 aligncenter\" src=\"http:\/\/egyptianwisdomcenter.org\/wp-content\/uploads\/2019\/02\/isis-ch6-photo11-96c.jpg\" alt=\"\" width=\"300\" height=\"108\" \/><\/a><\/p>\n<p>&nbsp;<\/p>\n<p><a href=\"http:\/\/egyptianwisdomcenter.org\/wp-content\/uploads\/2019\/02\/isis-ch6-photo12-96c.jpg\"><img decoding=\"async\" class=\"size-full wp-image-594 aligncenter\" src=\"http:\/\/egyptianwisdomcenter.org\/wp-content\/uploads\/2019\/02\/isis-ch6-photo12-96c.jpg\" alt=\"\" width=\"307\" height=\"106\" \/><\/a><\/p>\n<p>&nbsp;<\/p>\n<p>Und hier, in den Grabkammern:<\/p>\n<p><a href=\"http:\/\/egyptianwisdomcenter.org\/wp-content\/uploads\/2019\/02\/isis-ch6-photo13-96c.jpg\"><img loading=\"lazy\" decoding=\"async\" class=\"size-full wp-image-595 aligncenter\" src=\"http:\/\/egyptianwisdomcenter.org\/wp-content\/uploads\/2019\/02\/isis-ch6-photo13-96c.jpg\" alt=\"\" width=\"221\" height=\"292\" \/><\/a><\/p>\n<p>&nbsp;<\/p>\n<p><a href=\"http:\/\/egyptianwisdomcenter.org\/wp-content\/uploads\/2019\/02\/isis-ch6-photo14-96c.jpg\"><img loading=\"lazy\" decoding=\"async\" class=\"wp-image-596 aligncenter\" src=\"http:\/\/egyptianwisdomcenter.org\/wp-content\/uploads\/2019\/02\/isis-ch6-photo14-96c.jpg\" alt=\"\" width=\"261\" height=\"186\" \/><\/a><\/p>\n<p>&nbsp;<\/p>\n<p><a href=\"http:\/\/egyptianwisdomcenter.org\/wp-content\/uploads\/2019\/02\/isis-ch6-photo15-96c.jpg\"><img loading=\"lazy\" decoding=\"async\" class=\"wp-image-597 aligncenter\" src=\"http:\/\/egyptianwisdomcenter.org\/wp-content\/uploads\/2019\/02\/isis-ch6-photo15-96c.jpg\" alt=\"\" width=\"275\" height=\"193\" \/><\/a><\/p>\n<p>Als n\u00e4hrender Muttergeist des Himmels entspringt Nut dem Baum des Lebens, um den Seelen der Verstorbenen ewige metaphysische Nahrung zu bieten.<\/p>\n<p><a href=\"http:\/\/egyptianwisdomcenter.org\/wp-content\/uploads\/2019\/02\/isis-ch6-photo-55-96c.jpg\"><img loading=\"lazy\" decoding=\"async\" class=\"size-full wp-image-637 aligncenter\" src=\"http:\/\/egyptianwisdomcenter.org\/wp-content\/uploads\/2019\/02\/isis-ch6-photo-55-96c.jpg\" alt=\"\" width=\"288\" height=\"203\" \/><\/a><\/p>\n<p>&nbsp;<\/p>\n<p><span style=\"color: #ff0000;\"><strong>[Ein Auszug aus<\/strong><\/span> <strong>Isis: Die g\u00f6ttliche Frau<\/strong><span style=\"color: #ff0000;\"><strong> von Moustafa Gadalla]<br \/>\n<a href=\"https:\/\/egyptianwisdomcenter.org\/de\/produkt\/isis-das-goettliche-weibliche-prinzip-2\/\"><span style=\"color: #0000ff;\">https:\/\/egyptianwisdomcenter.org\/product\/isis-das-goettliche-weibliche-prinzip\/<\/span><\/a><\/strong><\/span><\/p>\n<p><img decoding=\"async\" class=\"aligncenter\" src=\"https:\/\/egyptianwisdomcenter.org\/wp-content\/uploads\/2023\/01\/isis-das-gottliche-weibliche-prinzip-2-1.jpg\" \/><\/p>\n<div dir=\"auto\">\n<p style=\"text-align: center;\"><a href=\"https:\/\/egyptianwisdomcenter.org\/de\/produkt\/isis-das-goettliche-weibliche-prinzip-2\/\"><span style=\"color: #ff0000;\"><strong><span style=\"color: #0000ff;\">https:\/\/egyptianwisdomcenter.org\/product\/isis-das-goettliche-weibliche-prinzip\/<\/span><\/strong><\/span><\/a><\/p>\n<\/div>","protected":false},"excerpt":{"rendered":"<p>Nut &#8212; The Spirit Of The Sky &nbsp; In her role as the firmament, Isis is recognized as Nut. Nut is associated [&hellip;]<\/p>","protected":false},"author":3,"featured_media":0,"parent":0,"menu_order":0,"comment_status":"closed","ping_status":"closed","template":"","meta":{"footnotes":""},"class_list":["post-190","page","type-page","status-publish","hentry"],"aioseo_notices":[],"_links":{"self":[{"href":"https:\/\/egyptianwisdomcenter.org\/de\/wp-json\/wp\/v2\/pages\/190","targetHints":{"allow":["GET"]}}],"collection":[{"href":"https:\/\/egyptianwisdomcenter.org\/de\/wp-json\/wp\/v2\/pages"}],"about":[{"href":"https:\/\/egyptianwisdomcenter.org\/de\/wp-json\/wp\/v2\/types\/page"}],"author":[{"embeddable":true,"href":"https:\/\/egyptianwisdomcenter.org\/de\/wp-json\/wp\/v2\/users\/3"}],"replies":[{"embeddable":true,"href":"https:\/\/egyptianwisdomcenter.org\/de\/wp-json\/wp\/v2\/comments?post=190"}],"version-history":[{"count":0,"href":"https:\/\/egyptianwisdomcenter.org\/de\/wp-json\/wp\/v2\/pages\/190\/revisions"}],"wp:attachment":[{"href":"https:\/\/egyptianwisdomcenter.org\/de\/wp-json\/wp\/v2\/media?parent=190"}],"curies":[{"name":"wp","href":"https:\/\/api.w.org\/{rel}","templated":true}]}}