{"id":228,"date":"2018-10-30T00:00:00","date_gmt":"2018-10-30T04:00:00","guid":{"rendered":"http:\/\/egyptianwisdomcenter.org\/the-awakening-potentials-awaken-your-inner-osiris\/"},"modified":"2023-01-02T12:03:11","modified_gmt":"2023-01-02T17:03:11","slug":"the-awakening-potentials-awaken-your-inner-osiris","status":"publish","type":"page","link":"https:\/\/egyptianwisdomcenter.org\/de\/die-erwachenden-potenziale-erwecken-deine-innere-osiris\/","title":{"rendered":"Die erwachenden Potenziale \u2013 Erwecken Sie Ihren inneren Osiris!"},"content":{"rendered":"<h2 style=\"text-align: center;\"><span style=\"color: #0000ff;\"><strong>Die erwachenden Potenziale\u00a0\u00a0<\/strong><\/span><\/h2>\n<h2 style=\"text-align: center;\"><span style=\"color: #ff0000;\">Erwecke deinen inneren Osiris!<\/span><\/h2>\n<p>&nbsp;<\/p>\n<p>In der \u00e4gyptischen Modellgeschichte [im vorherigen Kapitel] war Osiris zun\u00e4chst nicht wirklich tot \u2013 er lag im Koma; ein Zustand v\u00f6lliger Unbewusstheit, in dem die Menschen denken, sie seien wach und bei Bewusstsein, aber das ist nicht der Fall. Um die Hoffnung [Horus] zu verwirklichen und ihn manifestieren zu k\u00f6nnen, m\u00fcssen die Menschen Osiris wiederbeleben, um ihn aus dem Koma zu holen. Auf diese Weise sind unsere Seelen, Geister und Lebensessenzen in der Lage, von dieser Welt in die weiter entwickelten Sch\u00f6pfungszust\u00e4nde hin zur g\u00f6ttlichen Vereinigung \u00fcberzugehen.<\/p>\n<p>Der britische \u00c4gyptologe Sir EA Wallis Budge fasste es auf Seite VII seines Buches zusammen: <em>Osiris und die \u00e4gyptische Auferstehung, Bd. ICH<\/em>, wie folgt:<\/p>\n<p style=\"padding-left: 30px;\"><strong><em>Die zentrale Figur der alt\u00e4gyptischen Religion war Osiris, und die wichtigsten Grundlagen seines Kults waren der Glaube an seine G\u00f6ttlichkeit, seinen Tod, seine Auferstehung und die absolute Kontrolle \u00fcber das Schicksal der K\u00f6rper und Seelen der Menschen. Der zentrale Punkt der Religion eines jeden Osiriers war seine Hoffnung auf Auferstehung in einem verwandelten K\u00f6rper und auf Unsterblichkeit, die er nur durch den Tod und die Auferstehung von Osiris verwirklichen konnte.<\/em><\/strong><\/p>\n<p>Alle Verstorbenen wurden\/werden mit Osiris gleichgesetzt, da Osiris ein kosmisches Prinzip und keine historische Person ist. Die \u00e4gyptische Religion war eine integrative Religion, in der Osiris in jedem von uns lebt, was ein wahres Verst\u00e4ndnis davon erm\u00f6glichte, wer wir sind und wer wir werden sollen.<\/p>\n<p>Das Prinzip, das aus dem scheinbaren Tod Leben entstehen l\u00e4sst, wurde\/wird Osiris genannt, der die Kraft der Erneuerung symbolisiert. Osiris repr\u00e4sentiert den Prozess, das Wachstum und die zugrunde liegenden zyklischen Aspekte des Universums.<\/p>\n<p>Seit der fr\u00fchesten Periode der alt\u00e4gyptischen Geschichte glaubten die \u00c4gypter, dass Osiris teils g\u00f6ttlichen, teils menschlichen Ursprungs war und sich von den Toten auferweckt hatte, ohne Verderbnis gesehen zu haben. Was Osiris f\u00fcr sich selbst bewirkt hatte, konnte er f\u00fcr die Menschen bewirken. Als Vorbild glaubten die alten \u00c4gypter, dass sie das tun k\u00f6nnten, was Osiris tat. Weil er den Tod besiegt hatte, konnten auch die Gerechten den Tod besiegen und ewiges Leben erlangen. Sie w\u00fcrden wieder auferstehen und ewiges Leben erlangen.<\/p>\n<p>Unten sehen Sie eine der zahlreichen Abbildungen, die das Auferstehungsprinzip zeigen \u2013 Osiris. Auf der linken Seite pr\u00e4sentiert ihm der b\u00e4rtige Neter (Gott) \u201eLeben\u201c (das Ankh) und spricht Worte der Macht aus.<\/p>\n<p><a href=\"http:\/\/egyptianwisdomcenter.org\/wp-content\/uploads\/2019\/02\/admin-ajax-2.jpg\"><img decoding=\"async\" class=\"size-full wp-image-582 aligncenter\" src=\"http:\/\/egyptianwisdomcenter.org\/wp-content\/uploads\/2019\/02\/admin-ajax-2.jpg\" alt=\"\" width=\"179\" height=\"163\" \/><\/a><\/p>\n<p>Das Thema im <em>\u00c4gyptisches Buch der H\u00f6hlen<\/em> spricht \u00fcber die Notwendigkeit des Todes und der Aufl\u00f6sung (des Fleischlichen und Materiellen) vor der Geburt des Geistigen.<\/p>\n<p>Dies wird vom biblischen Jesus best\u00e4tigt, wenn er sagt:<\/p>\n<p style=\"padding-left: 30px;\"><strong><em>Wenn ein Weizenkorn nicht in die Erde f\u00e4llt und stirbt, bleibt es allein; wenn es aber stirbt, bringt es viel Frucht hervor<\/em><\/strong><strong> [Johannes 12:24]<\/strong><\/p>\n<p>Paulus bezieht sich auch in 1. Korinther 15:36 auf dasselbe Prinzip:<\/p>\n<p style=\"padding-left: 30px;\"><strong><em>\u2026 das, was du s\u00e4est, wird nicht zum Leben erweckt, es sei denn, es stirbt.<\/em><\/strong><\/p>\n<p><a href=\"http:\/\/egyptianwisdomcenter.org\/wp-content\/uploads\/2019\/02\/image101.jpg\"><img decoding=\"async\" class=\"size-full wp-image-111 aligncenter\" src=\"http:\/\/egyptianwisdomcenter.org\/wp-content\/uploads\/2019\/02\/image101.jpg\" alt=\"\" width=\"268\" height=\"114\" \/><\/a><\/p>\n<p>Ein weiteres Beispiel ist die biblische Weinsymbolik, die bis ins alte \u00c4gypten zur\u00fcckverfolgt werden kann, wo die W\u00e4nde der alt\u00e4gyptischen Gr\u00e4ber Winzer zeigen, die neuen Wein keltern [wie in der obigen alt\u00e4gyptischen Grabszene], und die Weinherstellung \u00fcberall eine st\u00e4ndige Metapher des Spirituellen ist Prozesse und die Themen Transformation und innere Kraft.<\/p>\n<p>An manchen Stellen in den \u00e4gyptischen Schriften wurde Osiris selbst als der Weinstock bezeichnet.<\/p>\n<p>Die Seele oder der Teil davon <em>Gott<\/em> im Inneren verursacht die g\u00f6ttliche G\u00e4rung im K\u00f6rper des Lebens. Es wird dort wie am Weinstock durch die Sonne des spirituellen Selbst des Menschen entwickelt. Die fermentierte Kraft des Weins war auf seiner tiefsten spirituellen Ebene ein Symbol f\u00fcr die Gegenwart des inkarnierten Gottes im spirituell bewussten Menschen.<\/p>\n<p>Der Fortschritt auf dem spirituellen Weg wird durch Streben erreicht und ist eine Frage bewussten, disziplinierten Handelns. Jedes neue\/erh\u00f6hte Bewusstsein ist gleichbedeutend mit einem neuen Erwachen. Die Bewusstseinsebenen werden als bezeichnet <em>Tod \u2013 Wiedergeburt<\/em>. Ein solches Denken hat das alte (und heutige) \u00c4gypten durchdrungen, wo <em>Geburt<\/em> Und <em>Wiedergeburt<\/em> sind ein Dauerthema. Das Wort <em>Tod<\/em> wird im \u00fcbertragenen Sinne verwendet. Das Thema, das der Mensch haben muss <em>\u201eStirb, bevor er stirbt\u201c<\/em> oder dass er es sein muss <em>&quot;wiedergeboren&quot;<\/em> in seinem gegenw\u00e4rtigen Leben wird symbolisch genommen oder durch ein Ritual gefeiert. Dabei muss der Kandidat bestimmte spezifische Erfahrungen machen (fachsprachlich \u201e<em>Todesf\u00e4lle<\/em>\u201c). Ein gutes Beispiel ist die Taufe, die das Hauptziel zu Ostern nach der Fastenzeit war und den Tod des alten Selbst durch das Eintauchen ins Wasser und das Auferstehen des neuen\/erneuerten Selbst durch das Herauskommen aus dem Wasser darstellte.<\/p>\n<p>&nbsp;<\/p>\n<div dir=\"auto\">\n<p><strong><span style=\"color: #ff0000;\">[Ein Auszug aus <\/span>Alt\u00e4gyptische Wurzeln des Christentums, 2. Auflage<span style=\"color: #ff0000;\"> von Moustafa Gadalla]<br \/>\n<a href=\"https:\/\/egyptianwisdomcenter.org\/de\/produkt\/die-altagyptischen-wurzeln-des-christentums-2-auflage\/\"><span style=\"color: #0000ff;\">https:\/\/egyptianwisdomcenter.org\/product\/ancienne-egypte-les-racines-du-christianisme\/<\/span><\/a><br \/>\n<\/span><\/strong><\/p>\n<p><img decoding=\"async\" class=\"aligncenter\" src=\"https:\/\/books2read-prod.s3.amazonaws.com\/CACHE\/images\/ubl_book_images\/book_display_image_GI3laab\/1bea4f8dcafc2f941541bcd630001b12\" \/><\/p>\n<p style=\"text-align: center;\"><a href=\"https:\/\/egyptianwisdomcenter.org\/de\/produkt\/die-altagyptischen-wurzeln-des-christentums-2-auflage\/\"><strong><span style=\"color: #ff0000;\"><span style=\"color: #0000ff;\">https:\/\/egyptianwisdomcenter.org\/product\/ancienne-egypte-les-racines-du-christianisme\/<\/span><\/span><\/strong><\/a><\/p>\n<\/div>","protected":false},"excerpt":{"rendered":"<p>The Awakening Potentials\u00a0\u00a0 Awaken Your Inner Osiris! &nbsp; In the Egyptian model story [in the previous chapter], Osiris wasn\u2019t actually dead at [&hellip;]<\/p>","protected":false},"author":3,"featured_media":0,"parent":0,"menu_order":0,"comment_status":"closed","ping_status":"closed","template":"","meta":{"footnotes":""},"class_list":["post-228","page","type-page","status-publish","hentry"],"aioseo_notices":[],"_links":{"self":[{"href":"https:\/\/egyptianwisdomcenter.org\/de\/wp-json\/wp\/v2\/pages\/228","targetHints":{"allow":["GET"]}}],"collection":[{"href":"https:\/\/egyptianwisdomcenter.org\/de\/wp-json\/wp\/v2\/pages"}],"about":[{"href":"https:\/\/egyptianwisdomcenter.org\/de\/wp-json\/wp\/v2\/types\/page"}],"author":[{"embeddable":true,"href":"https:\/\/egyptianwisdomcenter.org\/de\/wp-json\/wp\/v2\/users\/3"}],"replies":[{"embeddable":true,"href":"https:\/\/egyptianwisdomcenter.org\/de\/wp-json\/wp\/v2\/comments?post=228"}],"version-history":[{"count":0,"href":"https:\/\/egyptianwisdomcenter.org\/de\/wp-json\/wp\/v2\/pages\/228\/revisions"}],"wp:attachment":[{"href":"https:\/\/egyptianwisdomcenter.org\/de\/wp-json\/wp\/v2\/media?parent=228"}],"curies":[{"name":"wp","href":"https:\/\/api.w.org\/{rel}","templated":true}]}}