{"id":248,"date":"2018-11-02T00:00:00","date_gmt":"2018-11-02T04:00:00","guid":{"rendered":"http:\/\/egyptianwisdomcenter.org\/the-function-objective-of-the-temple\/"},"modified":"2023-02-14T19:22:31","modified_gmt":"2023-02-15T00:22:31","slug":"the-function-objective-of-the-temple-2","status":"publish","type":"page","link":"https:\/\/egyptianwisdomcenter.org\/de\/das-funktionsziel-des-tempels-2\/","title":{"rendered":"Die Funktion\/Zielsetzung des Tempels"},"content":{"rendered":"<h2 style=\"text-align: center;\"><span style=\"color: #ff0000;\"><strong>Die Funktion\/Zielsetzung des Tempels<\/strong><\/span><\/h2>\n<p>&nbsp;<\/p>\n<p>Es ist die weit verbreitete Tendenz, die religi\u00f6se Funktion alt\u00e4gyptischer Tempel zu ignorieren. Stattdessen werden sie lediglich als Kunstgalerie und\/oder als Zusammenspiel von Formen vor einer vagen historischen Darstellung betrachtet.<\/p>\n<p>In Wirklichkeit war der \u00e4gyptische Tempel das Bindeglied \u2013 das proportionale Mittel \u2013 zwischen den Makrokosmen (Welt) und Mikrokosmen (Mensch). Es war eine B\u00fchne, auf der Treffen zwischen den Neteru (G\u00f6ttern\/G\u00f6ttinnen) und dem K\u00f6nig als Vertreter des Volkes stattfanden. Wir m\u00fcssen versuchen, es als die Beziehung zwischen Form und Funktion zu sehen.<\/p>\n<p>Der \u00e4gyptische Tempel war eine Maschine zur Erzeugung und Aufrechterhaltung g\u00f6ttlicher Energie zum Wohle aller. Es war der Ort, an dem die kosmische Energie der Neteru (G\u00f6tter\/G\u00f6ttinnen) wohnte und ihre Energien auf Land und Leute ausstrahlte.<\/p>\n<p>Wie in verschiedenen alt\u00e4gyptischen Texten beschrieben, ist der Tempel oder Pylon:<\/p>\n<p style=\"padding-left: 30px;\"><strong><em>\u2026wie die S\u00e4ulen des Himmels, [ein Tempel] wie die Himmel, der auf seinen vier S\u00e4ulen ruht \u2026 leuchtend wie der Horizont des Himmels \u2026 ein Wohnort f\u00fcr den Herrn von Neteru \u2026<\/em><\/strong><\/p>\n<p>Die harmonische Kraft der Tempelpl\u00e4ne, der in die W\u00e4nde eingravierten Bilder und der Formen der Anbetung f\u00fchrten alle zum gleichen Ziel; ein Ziel, das spirituell (da es darum ging, \u00fcbermenschliche Kr\u00e4fte in Bewegung zu setzen) und praktisch (da das erwartete Endergebnis die Aufrechterhaltung des Wohlstands des Landes war) war.<\/p>\n<p>Daher war der \u00e4gyptische Tempel nach unserem \u201emodernen\u201c Verst\u00e4ndnis kein Ort \u00f6ffentlicher Anbetung. Diese wahrhaft g\u00f6ttlichen Orte waren nur der Priesterschaft zug\u00e4nglich, die die inneren Heiligt\u00fcmer betreten konnte, in denen die heiligen Riten und Zeremonien durchgef\u00fchrt wurden. In manchen F\u00e4llen hatte nur der K\u00f6nig selbst oder sein bevollm\u00e4chtigter Stellvertreter Zutrittserlaubnis.<\/p>\n<p>Die breite \u00d6ffentlichkeit nahm an den vielen gro\u00dfen Festen und Feiern au\u00dferhalb der Tempel zu Ehren verschiedener Gottheiten teil. Die Teilnahme an der \u00d6ffentlichkeit war eine Pflicht f\u00fcr alle und ein wesentlicher Aspekt im \u201eGottesdienst\u201c-Prozess, um die universelle Harmonie aufrechtzuerhalten. [Weitere Informationen finden Sie unter <em>\u00c4gyptische Mystiker: Sucher des Weges<\/em>, von Moustafa Gadalla.]<\/p>\n<p>Im Allgemeinen war der \u00e4gyptische Tempel von einer massiven Mauer aus Lehmziegeln umgeben. Diese Mauer isolierte den Tempel von seiner Umgebung, was symbolisch die Kr\u00e4fte des Chaos darstellte. Metaphorisch gesehen entstand der Schlamm aus der Vereinigung von Himmel und Erde. Die Ziegelmauer wurde daher typischerweise in Wellenlinien angelegt, um das Urwasser zu symbolisieren, das die erste Sch\u00f6pfungsstufe darstellt.<\/p>\n<p><a href=\"http:\/\/egyptianwisdomcenter.org\/wp-content\/uploads\/2019\/02\/aecr-ch7-1-300c-1.jpg\"><img decoding=\"async\" class=\"size-medium wp-image-950 aligncenter\" src=\"http:\/\/egyptianwisdomcenter.org\/wp-content\/uploads\/2019\/02\/aecr-ch7-1-300c-1-149x300.jpg\" alt=\"\" width=\"149\" height=\"300\" \/><\/a><\/p>\n<p>Die Au\u00dfenw\u00e4nde des Tempels \u00e4hnelten einer Festung, um ihn gegen alle Formen des B\u00f6sen zu verteidigen. Der Tempel wurde durch zwei Pylone betreten; dahinter lag ein offener Hof. Dieser Hof hatte manchmal Kolonnaden an den Seiten und einen Altar in der Mitte. Als n\u00e4chstes kam entlang der Tempelachse der Hypostil; eine S\u00e4ulenhalle, die oft von kleinen R\u00e4umen umgeben ist, die zur Lagerung von Tempelausr\u00fcstung und f\u00fcr andere Nebenfunktionen genutzt wurden. Schlie\u00dflich gab es noch das Heiligtum, einen dunklen Raum mit dem Schrein, in dem die Figur des Neter aufgestellt war. Die T\u00fcren des Heiligtums waren das ganze Jahr \u00fcber verschlossen und versiegelt und nur zu den gro\u00dfen Festen ge\u00f6ffnet. Das Heiligtum wurde \u201eGro\u00dfer Sitz\u201c genannt. Au\u00dferhalb der Tempelmauern befanden sich die Wohnungen des Priesterpersonals sowie Werkst\u00e4tten, Lagerr\u00e4ume und andere Nebengeb\u00e4ude.<\/p>\n<p>&nbsp;<\/p>\n<p><span style=\"color: #ff0000;\"><strong>[Ein Auszug aus <\/strong><\/span><strong>Die alt\u00e4gyptische metaphysische Architektur von Moustafa Gadalla<\/strong><span style=\"color: #ff0000;\"><strong>]<br \/>\n<a href=\"https:\/\/egyptianwisdomcenter.org\/de\/produkt\/die-altaegyptische-metaphysische-architektur-2\/\"><span style=\"color: #0000ff;\">https:\/\/egyptianwisdomcenter.org\/product\/the-ancient-egyptian-metaphysical-architecture\/<\/span><\/a><br \/>\n<\/strong><\/span><\/p>\n<p><img decoding=\"async\" class=\"aligncenter\" src=\"https:\/\/egyptianwisdomcenter.org\/wp-content\/uploads\/2023\/01\/die-altagyptische-metaphysische-architektur-1.jpg\" \/><\/p>\n<p style=\"text-align: center;\"><a href=\"https:\/\/egyptianwisdomcenter.org\/de\/produkt\/die-altaegyptische-metaphysische-architektur-2\/\"><span style=\"color: #ff0000;\"><strong><span style=\"color: #0000ff;\">https:\/\/egyptianwisdomcenter.org\/product\/the-ancient-egyptian-metaphysical-architecture\/<\/span><\/strong><\/span><\/a><\/p>","protected":false},"excerpt":{"rendered":"<p>The Function\/Objective Of The Temple &nbsp; It is the common tendency to ignore the religious function of Ancient Egyptian temples. Instead, they [&hellip;]<\/p>","protected":false},"author":3,"featured_media":0,"parent":0,"menu_order":0,"comment_status":"closed","ping_status":"closed","template":"","meta":{"footnotes":""},"class_list":["post-248","page","type-page","status-publish","hentry"],"aioseo_notices":[],"_links":{"self":[{"href":"https:\/\/egyptianwisdomcenter.org\/de\/wp-json\/wp\/v2\/pages\/248","targetHints":{"allow":["GET"]}}],"collection":[{"href":"https:\/\/egyptianwisdomcenter.org\/de\/wp-json\/wp\/v2\/pages"}],"about":[{"href":"https:\/\/egyptianwisdomcenter.org\/de\/wp-json\/wp\/v2\/types\/page"}],"author":[{"embeddable":true,"href":"https:\/\/egyptianwisdomcenter.org\/de\/wp-json\/wp\/v2\/users\/3"}],"replies":[{"embeddable":true,"href":"https:\/\/egyptianwisdomcenter.org\/de\/wp-json\/wp\/v2\/comments?post=248"}],"version-history":[{"count":0,"href":"https:\/\/egyptianwisdomcenter.org\/de\/wp-json\/wp\/v2\/pages\/248\/revisions"}],"wp:attachment":[{"href":"https:\/\/egyptianwisdomcenter.org\/de\/wp-json\/wp\/v2\/media?parent=248"}],"curies":[{"name":"wp","href":"https:\/\/api.w.org\/{rel}","templated":true}]}}