{"id":250,"date":"2018-11-02T00:00:00","date_gmt":"2018-11-02T04:00:00","guid":{"rendered":"http:\/\/egyptianwisdomcenter.org\/the-harmonic-design-parameters\/"},"modified":"2023-02-14T19:44:01","modified_gmt":"2023-02-15T00:44:01","slug":"the-harmonic-design-parameters-2","status":"publish","type":"page","link":"https:\/\/egyptianwisdomcenter.org\/de\/die-harmonischen-designparameter-2\/","title":{"rendered":"Die harmonischen Designparameter"},"content":{"rendered":"<h2 style=\"text-align: center;\"><span style=\"color: #0000ff;\"><strong>Die harmonischen Designparameter<\/strong><\/span><\/h2>\n<p>&nbsp;<\/p>\n<p>Harmonisches Design in der alt\u00e4gyptischen Architektur wurde durch die Vereinigung zweier Systeme erreicht:<\/p>\n<p style=\"padding-left: 30px;\"><span style=\"color: #ff0000;\">1. Arithmetik (signifikante Zahlen).<\/span><\/p>\n<p style=\"padding-left: 30px;\"><span style=\"color: #ff0000;\">2. Grafik (Quadrat, Rechtecke und einige Dreiecke).<\/span><\/p>\n<p>Die Vereinigung der beiden Systeme spiegelt die Beziehung der Teile zum Ganzen wider, was die Essenz des harmonischen Designs ausmacht.<\/p>\n<p>Diese Verbindung von Arithmetik und Grafikdesign folgt den nachfolgend beschriebenen Elementen.<\/p>\n<p><span style=\"color: #ff0000;\"><strong>1. Das arithmetische System bestand aus:<\/strong><\/span><\/p>\n<p><span style=\"text-decoration: underline;\"><strong>1-a. Die aktiven Achsen<\/strong><\/span><\/p>\n<p>Eine Achse ist eine imagin\u00e4re und ideale Linie, um die sich ein bewegter K\u00f6rper dreht. In der Geometrie ist eine Achse ebenfalls imagin\u00e4r \u2013 eine Linie ohne Dicke.<\/p>\n<p>Der \u00e4gyptische Tempel galt als organische, lebendige Einheit. Es ist in st\u00e4ndiger Bewegung; Seine komplizierten Ausrichtungen und seine vielf\u00e4ltigen Asymmetrien lassen es um seine Achsen schwingen. Diese Bewegung findet innerhalb eines Rhythmus statt, der durch das \u201eModul\u201c oder den jeweiligen Koeffizienten der zu definierenden Sache oder Idee vorgegeben ist.<\/p>\n<p>Das alt\u00e4gyptische Architekturdesign zeichnet sich durch seine starke scheinbare Symmetrie um eine L\u00e4ngsachse aus. Dies ist das Ergebnis des alt\u00e4gyptischen Wissens \u00fcber kosmische Gesetze. Der \u00e4gyptische Designer spiegelte diese leichte kosmische Asymmetrie wider, indem er daf\u00fcr sorgte, dass die Elemente auf beiden Seiten der Achse nicht genau identisch waren. W\u00e4hrend die meisten von ihnen ausgewogen sind, sind die Elemente nicht symmetrisch. Nachfolgend werden zwei Beispiele f\u00fcr Achsen gezeigt, die in alt\u00e4gyptischen Zeichnungen definiert sind.<\/p>\n<p><img decoding=\"async\" class=\"aligncenter\" src=\"http:\/\/egyptianwisdomcenter.org\/wp-content\/uploads\/2019\/02\/axis-e1521047516378.png\" \/><\/p>\n<p>Die Achsenlinie findet sich in einigen wiedergewonnenen Architekturzeichnungen oder Skizzen auf Papyri und Tafeln aus verschiedenen Epochen. Es handelte sich vermutlich um Notationen von Handwerkern, und trotz ihres praktischen Zwecks weisen sie immer noch die Achsenlinie auf, die auf die gleiche herk\u00f6mmliche Weise wie in modernen Zeichnungen gezeichnet ist.<\/p>\n<p>In den Geb\u00e4uden selbst wird die Achse durch eine eingravierte Linie auf den Steinen der Oberschicht einer Fundamentplatte markiert, wie es beispielsweise beim Luxor-Tempel der Fall ist.<\/p>\n<p><span style=\"text-decoration: underline;\"><strong>1-b. Wichtige Punkte (entlang der Achse)<\/strong><\/span><\/p>\n<p>Entlang der Designachse wurden signifikante Punkte ermittelt. Diese Punkte markieren den Schnittpunkt mit Querachsen, die Ausrichtung eines zentralen Portals, die Position eines Altars, die Mitte des Heiligtums usw. Diese wichtigen Punkte folgen einer pr\u00e4zisen arithmetischen Abfolge. In vielen der besten Pl\u00e4ne liegen diese signifikanten Punkte in harmonischen Abst\u00e4nden voneinander, und ihre Abst\u00e4nde von einem Ende zum anderen geben die Zahlen der Summationsreihe (sog. Fibonacci) 3, 5, 8, 13, 21 wieder , 34, 55, 89, 144, 233, 377, 610, . . . Die harmonische Analyse zeigt eine Reihe von signifikanten Punkten, die von beiden Enden aus lesbar sind. Wenn man sie also invertiert, w\u00fcrde ein System von signifikanten Punkten auch der Reihe entsprechen, wobei der Referenzpunkt am gegen\u00fcberliegenden Ende des Plans beginnt.<\/p>\n<p>Seit dem Alten Reich kristallisierten sich in den \u00e4gyptischen Denkm\u00e4lern gro\u00dfe Mengen der Summationsreihe heraus. Der Entwurf des Pyramidentempels von Khafra (Chephren) erreicht eine Gesamtl\u00e4nge von 233 Ellen, gemessen von der Pyramide, mit einer vollst\u00e4ndigen Reihe von ZEHN signifikanten Punkten.<\/p>\n<p>Der Karnak-Tempel folgt den Zahlen der Summationsreihe bis zu 610 Ellen, also ZW\u00d6LF signifikanten Punkten. [Siehe Diagramme beider Tempel im n\u00e4chsten Kapitel].<\/p>\n<p><span style=\"color: #ff0000;\"><strong>2. Das Grafiksystem bestand aus:<\/strong><\/span><\/p>\n<p><span style=\"text-decoration: underline;\"><strong>2-a. Die Teleskopdreiecke<\/strong><\/span><\/p>\n<p>Der typisch \u00e4gyptische Tempelgrundriss nimmt vom Heiligtum nach vorne hin an Breite und H\u00f6he zu. Diese umfassende Abgrenzung basierte seit dem Alten Reich auf einem \u201eTeleskopsystem\u201c der Gestaltung. Die Vergr\u00f6\u00dferung der Breite wurde durch die Verwendung aufeinanderfolgender 1:2-, 1:4- und 1:8-Dreiecke von einem oder mehreren wichtigen Punkten aus erreicht. [Siehe Diagramm des Karnak-Tempels (teilweise) unten.]<\/p>\n<p><a href=\"https:\/\/pressbooks.com\/app\/uploads\/sites\/42617\/2015\/12\/telescopic-triangles.png\"><img fetchpriority=\"high\" decoding=\"async\" class=\"wp-image-318 size-full aligncenter\" src=\"http:\/\/egyptianwisdomcenter.org\/wp-content\/uploads\/2019\/02\/telescopic-triangles-e1521031649530.png\" alt=\"\" width=\"435\" height=\"555\" \/><\/a><\/p>\n<p>&nbsp;<\/p>\n<p>Die gleiche Teleskopkonfiguration galt f\u00fcr den vertikalen Grundriss, wobei der Boden des Tempels abfiel und die D\u00e4cher nach au\u00dfen in Richtung der Pylonen des Tempels anstiegen; wie in mehreren Tempeln in einem fr\u00fcheren Kapitel dieses Buches gezeigt.<\/p>\n<p><span style=\"text-decoration: underline;\"><strong>2-b. Die rechteckigen Umf\u00e4nge<\/strong><\/span><\/p>\n<p>Die allgemeinen horizontalen und vertikalen Grundrisse sind grunds\u00e4tzlich rechteckig, sowohl f\u00fcr den Gesamtplan als auch f\u00fcr seine Bestandteile. Die am h\u00e4ufigsten verwendeten Konfigurationen sind:<\/p>\n<ul>\n<li>Ein einfaches Quadrat, wie es im Pyramidentempel von Khafra (Chephren) in Gizeh verwendet wird.<\/li>\n<\/ul>\n<ul>\n<li>Ein Doppelquadrat oder 1:2-Rechteck, wie der Zoser-Komplex in Sakkara, die Innenanlage in Karnak und die Festhalle von Twt Homosis III<\/li>\n<\/ul>\n<ul>\n<li>Wurzelrechtecke \u2013 zahlreiche Beispiele [siehe unten].<\/li>\n<\/ul>\n<p><a href=\"http:\/\/egyptianwisdomcenter.org\/wp-content\/uploads\/2019\/02\/2rectangle.png\"><img decoding=\"async\" class=\"size-full wp-image-286 aligncenter\" src=\"http:\/\/egyptianwisdomcenter.org\/wp-content\/uploads\/2019\/02\/2rectangle.png\" alt=\"\" width=\"287\" height=\"264\" \/><\/a><\/p>\n<p>&nbsp;<\/p>\n<ul>\n<li>Das Neb-Rechteck (Goldenes Rechteck), bei dem der \u201eZahlenwert\u201c des Verh\u00e4ltnisses zwischen den beiden Seiten 1,618 betr\u00e4gt \u2013 zahlreiche Beispiele wie im Pyramidentempel von Khafra in Gizeh [zuvor gezeigt].<\/li>\n<li><\/li>\n<\/ul>\n<h2><strong>\u00a0<span style=\"color: #0000ff;\">Die vertikale Ebene<\/span><\/strong><\/h2>\n<p>Die alten \u00c4gypter beherrschten sowohl das vertikale Prinzip als auch die horizontale Linie. Die vertikalen H\u00f6hen folgten dem gleichen proportionalen Anstieg wie die horizontalen Breiten, wenn an der Vorderseite der Denkm\u00e4ler Anbauten vorgenommen wurden \u2013 ein Aspekt, der f\u00fcr die \u00e4gyptischen Tempel charakteristisch ist.<\/p>\n<p>Harmonische Proportionen wurden von den alten \u00c4gyptern in allen drei Dimensionen angewendet, wie zum Beispiel:<\/p>\n<ul>\n<li>Die Pyramiden (quadratische Grundfl\u00e4che und dreieckiges Volumen).<\/li>\n<\/ul>\n<ul>\n<li>Der markante Fall des K\u00f6nigszimmers in der Khufu-Pyramide (Cheops-Pyramide), der genaue Beziehungen f\u00fcr die gro\u00dfe Diagonale im Raum in Bezug auf die Seitendimension liefert. [Siehe Diagramm in Kapitel 11.]<\/li>\n<\/ul>\n<ul>\n<li>Pylone. [Siehe Diagramm in Kapitel 11.]<\/li>\n<\/ul>\n<ul>\n<li>T\u00fcren\/Portale\/Tore. [Siehe Diagramm in Kapitel 11.]<\/li>\n<\/ul>\n<ul>\n<li>Die vertikalen H\u00f6hen folgten dem gleichen proportionalen Anstieg wie die horizontalen Breiten, da an der Vorderseite der Denkm\u00e4ler Anbauten vorgenommen wurden \u2013 ein Aspekt, der f\u00fcr die \u00e4gyptischen Tempel charakteristisch ist.<\/li>\n<\/ul>\n<p><strong>Im n\u00e4chsten Kapitel dieses Buches finden sich verschiedene Anwendungen harmonischer Gestaltung in alt\u00e4gyptischen Werken im Laufe seiner wiedererlangten Geschichte \u2013 und im ganzen Land.<\/strong><\/p>\n<p>&nbsp;<\/p>\n<div dir=\"auto\">\n<p><span style=\"color: #ff0000;\"><strong>[Ein Auszug aus <\/strong><\/span><strong>Die alt\u00e4gyptische metaphysische Architektur von Moustafa Gadalla<\/strong><span style=\"color: #ff0000;\"><strong>]<br \/>\n<a href=\"https:\/\/egyptianwisdomcenter.org\/de\/produkt\/die-altaegyptische-metaphysische-architektur-2\/\"><span style=\"color: #0000ff;\">https:\/\/egyptianwisdomcenter.org\/product\/the-ancient-egyptian-metaphysical-architecture\/<\/span><\/a><br \/>\n<\/strong><\/span><\/p>\n<p><img decoding=\"async\" class=\"aligncenter\" src=\"https:\/\/egyptianwisdomcenter.org\/wp-content\/uploads\/2023\/01\/die-altagyptische-metaphysische-architektur-1.jpg\" \/><\/p>\n<p style=\"text-align: center;\"><a href=\"https:\/\/egyptianwisdomcenter.org\/de\/produkt\/die-altaegyptische-metaphysische-architektur-2\/\"><span style=\"color: #ff0000;\"><strong><span style=\"color: #0000ff;\">https:\/\/egyptianwisdomcenter.org\/product\/the-ancient-egyptian-metaphysical-architecture\/<\/span><\/strong><\/span><\/a><\/p>\n<\/div>","protected":false},"excerpt":{"rendered":"<p>The Harmonic Design Parameters &nbsp; Harmonic design in Ancient Egyptian architecture was achieved through a unification of two systems: 1. Arithmetic (significant [&hellip;]<\/p>","protected":false},"author":3,"featured_media":0,"parent":0,"menu_order":0,"comment_status":"closed","ping_status":"closed","template":"","meta":{"footnotes":""},"class_list":["post-250","page","type-page","status-publish","hentry"],"aioseo_notices":[],"_links":{"self":[{"href":"https:\/\/egyptianwisdomcenter.org\/de\/wp-json\/wp\/v2\/pages\/250","targetHints":{"allow":["GET"]}}],"collection":[{"href":"https:\/\/egyptianwisdomcenter.org\/de\/wp-json\/wp\/v2\/pages"}],"about":[{"href":"https:\/\/egyptianwisdomcenter.org\/de\/wp-json\/wp\/v2\/types\/page"}],"author":[{"embeddable":true,"href":"https:\/\/egyptianwisdomcenter.org\/de\/wp-json\/wp\/v2\/users\/3"}],"replies":[{"embeddable":true,"href":"https:\/\/egyptianwisdomcenter.org\/de\/wp-json\/wp\/v2\/comments?post=250"}],"version-history":[{"count":0,"href":"https:\/\/egyptianwisdomcenter.org\/de\/wp-json\/wp\/v2\/pages\/250\/revisions"}],"wp:attachment":[{"href":"https:\/\/egyptianwisdomcenter.org\/de\/wp-json\/wp\/v2\/media?parent=250"}],"curies":[{"name":"wp","href":"https:\/\/api.w.org\/{rel}","templated":true}]}}