{"id":254,"date":"2018-11-02T00:00:00","date_gmt":"2018-11-02T04:00:00","guid":{"rendered":"http:\/\/egyptianwisdomcenter.org\/the-cosmic-proportion-of-the-human-figure\/"},"modified":"2023-01-23T08:43:11","modified_gmt":"2023-01-23T13:43:11","slug":"the-cosmic-proportion-of-the-human-figure-2","status":"publish","type":"page","link":"https:\/\/egyptianwisdomcenter.org\/de\/die-kosmische-proportion-der-menschlichen-figur-2\/","title":{"rendered":"Der kosmische Anteil der menschlichen Figur"},"content":{"rendered":"<h2 style=\"text-align: center;\"><span style=\"color: #ff0000;\"><strong>Der kosmische Anteil der menschlichen Figur<\/strong><\/span><\/h2>\n<p>&nbsp;<\/p>\n<p>Proportion ist das Verh\u00e4ltnis der einzelnen Bestandteile zum Ganzen. Der menschliche K\u00f6rper ist ein Paradebeispiel f\u00fcr solch harmonische Proportionen, bei dem der menschliche K\u00f6rper mit solcher Korrektheit geformt wurde, dass die einzelnen Glieder dem Ganzen entsprechen.<\/p>\n<p>Der alt\u00e4gyptische Kanon f\u00fcr die harmonischen Proportionen menschlicher Figuren unterschied sich nur zwischen Kindern und Erwachsenen. Die Unterschiede spiegelten die tats\u00e4chlichen physischen Unterschiede in diesen beiden Phasen wider. Bei der Geburt ist es der Nabel, der die K\u00f6rpergr\u00f6\u00dfe des Kindes in zwei H\u00e4lften teilt. Bei der Reifung (Erreichung der Pubert\u00e4t) befindet sich die Verbindung beider Beine (Fortpflanzungsorgane) auf halber H\u00f6he der erwachsenen Figur. Die Position des Nabels teilt nun die H\u00f6he in ungleiche Teile, wodurch die Teile und das Ganze dem Neb (Goldenen) Verh\u00e4ltnis entsprechen.<\/p>\n<p>Die \u00e4ltesten entdeckten Aufzeichnungen aus der 5. Dynastie zeigen, dass der h\u00f6chste definierte Punkt entlang der vertikalen Achse der Haaransatz des Kopfes der Person ist, wenn sie im irdischen Bereich dargestellt wird.<\/p>\n<p>\u00c4gyptische Figuren markieren sorgf\u00e4ltig \u2013 mit einem Stirnband, einer Krone, einem Diadem oder einem Gelenk \u2013 eine Trennlinie f\u00fcr die Sch\u00e4deldecke des irdischen Menschen und trennen so die Sch\u00e4deldecke. Die H\u00f6he des K\u00f6rpers wurde ohne die Krone gemessen, wie hier in diesem wiederhergestellten alt\u00e4gyptischen Raster dargestellt.<\/p>\n<p><a href=\"http:\/\/egyptianwisdomcenter.org\/wp-content\/uploads\/2019\/02\/proportion.png\"><img fetchpriority=\"high\" decoding=\"async\" class=\"size-full wp-image-312 aligncenter\" src=\"http:\/\/egyptianwisdomcenter.org\/wp-content\/uploads\/2019\/02\/proportion.png\" alt=\"\" width=\"445\" height=\"333\" \/><\/a><\/p>\n<p>Die Darstellung der Neteru (G\u00f6tter\/G\u00f6ttinnen) und\/oder der Menschen im Jenseits wird auf einem 18-Quadrat-Raster in voller H\u00f6he bis zur Oberseite des Kopfes (dh einschlie\u00dflich der Krone des Kopfes) dargestellt.<\/p>\n<p>Der H\u00f6henunterschied zwischen den beiden Reichen spiegelt das tiefe Verst\u00e4ndnis der alten \u00c4gypter f\u00fcr die Physiologie und Rolle des Menschen auf der Erde wider.<\/p>\n<p>Durch die Entfernung dieses Teils des menschlichen Gehirns (des Scheitels) bleibt der Mensch am Leben, aber ohne Unterscheidungsverm\u00f6gen und somit ohne pers\u00f6nliches Urteil. Der Mensch befindet sich in einem vegetativen Zustand, lebt und handelt nur als Ausf\u00fchrende eines Impulses, den er empf\u00e4ngt, ohne tats\u00e4chliche Wahl. Es ist wie eine Person im Koma.<\/p>\n<p>Der Nabel befindet sich im 18-Quadrat-Rastersystem etwa 11,1 Rasterquadrate von der Unterseite der Ferse entfernt (oder das gleiche \u00c4quivalentverh\u00e4ltnis von 0,618 f\u00fcr Raster- oder Nicht-Rastersysteme). Eine solche Aufteilung folgt den Gesetzen der Harmonie zwischen den beiden Teilen selbst und den Teilen zum Ganzen gem\u00e4\u00df den folgenden zwei Beziehungen:<\/p>\n<p style=\"padding-left: 30px;\">1. Das Verh\u00e4ltnis zwischen den beiden (oberen und unteren) Teilen der g\u00f6ttlichen H\u00f6he (18 Gitterquadrate) ist harmonisch.<\/p>\n<p style=\"padding-left: 60px;\">Oben: Der untere Wert betr\u00e4gt 0,618<br \/>\nUnterer Wert: Der obere Wert betr\u00e4gt 1,618<\/p>\n<p><a href=\"http:\/\/egyptianwisdomcenter.org\/wp-content\/uploads\/2019\/02\/human-figuration.png\"><img decoding=\"async\" class=\"wp-image-313 aligncenter\" src=\"http:\/\/egyptianwisdomcenter.org\/wp-content\/uploads\/2019\/02\/human-figuration.png\" alt=\"\" width=\"377\" height=\"493\" \/><\/a><\/p>\n<p style=\"padding-left: 30px;\">2. Zwischen den beiden Teilen zur gesamten Einheit (g\u00f6ttliche H\u00f6he) \u2013 wobei man die volle H\u00f6he (bis zum Haaransatz des Kopfes des irdischen Menschen) als 1 nimmt \u2013 ist der K\u00f6rper von den F\u00fc\u00dfen bis zum Nabel im \u00e4gyptischen Kanon gleich dem Kehrwert des Neb-Verh\u00e4ltnisses (Goldener Anteil) (1\/N), also 0,618. Der Abschnitt vom Nabel bis zum Haaransatz des Kopfes entspricht der Potenz 2 des Kehrwerts des Neb-Proportions (Golden) (1\/N2) oder 0,382.<\/p>\n<p style=\"text-align: left; padding-left: 60px;\">1 \/ N + 1 \/ N<sup>2<\/sup> = 1<br \/>\n0.618 + 0.382 = 1<br \/>\nwobei N = der Neb-Anteil (Goldener Anteil) (1,618)<\/p>\n<p style=\"padding-left: 30px;\">Aufgrund der engen Beziehung zwischen der Summationsreihe und dem Neb-Verh\u00e4ltnis (Golden) stellen wir fest, dass die verschiedenen Teile der Figur ebenfalls der Summationsreihe folgen [wie im obigen Originalraster aus KV22 von Amenophis III. dargestellt].<\/p>\n<p><strong>Weitere Informationen zur Mathematik im alten \u00c4gypten finden Sie im Anhang dieses Buches.<\/strong><\/p>\n<p>&nbsp;<\/p>\n<p><span style=\"color: #ff0000;\"><strong>[Ein Auszug aus <\/strong><\/span><strong>Die alt\u00e4gyptische metaphysische Architektur von Moustafa Gadalla<\/strong><span style=\"color: #ff0000;\"><strong>]<br \/>\n<a href=\"https:\/\/egyptianwisdomcenter.org\/de\/produkt\/die-altaegyptische-metaphysische-architektur-2\/\"><span style=\"color: #0000ff;\">https:\/\/egyptianwisdomcenter.org\/product\/the-ancient-egyptian-metaphysical-architecture\/<\/span><\/a><br \/>\n<\/strong><\/span><\/p>\n<p><img decoding=\"async\" class=\"aligncenter\" src=\"https:\/\/egyptianwisdomcenter.org\/wp-content\/uploads\/2023\/01\/die-altagyptische-metaphysische-architektur-1.jpg\" \/><\/p>\n<p style=\"text-align: center;\"><a href=\"https:\/\/egyptianwisdomcenter.org\/de\/produkt\/die-altaegyptische-metaphysische-architektur-2\/\"><span style=\"color: #ff0000;\"><strong><span style=\"color: #0000ff;\">https:\/\/egyptianwisdomcenter.org\/product\/the-ancient-egyptian-metaphysical-architecture\/<\/span><\/strong><\/span><\/a><\/p>\n<div dir=\"auto\"><\/div>","protected":false},"excerpt":{"rendered":"<p>The Cosmic Proportion Of The Human Figure &nbsp; Proportion is the commensuration of the various constituent parts with the whole. The human [&hellip;]<\/p>","protected":false},"author":3,"featured_media":0,"parent":0,"menu_order":0,"comment_status":"closed","ping_status":"closed","template":"","meta":{"footnotes":""},"class_list":["post-254","page","type-page","status-publish","hentry"],"aioseo_notices":[],"_links":{"self":[{"href":"https:\/\/egyptianwisdomcenter.org\/de\/wp-json\/wp\/v2\/pages\/254","targetHints":{"allow":["GET"]}}],"collection":[{"href":"https:\/\/egyptianwisdomcenter.org\/de\/wp-json\/wp\/v2\/pages"}],"about":[{"href":"https:\/\/egyptianwisdomcenter.org\/de\/wp-json\/wp\/v2\/types\/page"}],"author":[{"embeddable":true,"href":"https:\/\/egyptianwisdomcenter.org\/de\/wp-json\/wp\/v2\/users\/3"}],"replies":[{"embeddable":true,"href":"https:\/\/egyptianwisdomcenter.org\/de\/wp-json\/wp\/v2\/comments?post=254"}],"version-history":[{"count":0,"href":"https:\/\/egyptianwisdomcenter.org\/de\/wp-json\/wp\/v2\/pages\/254\/revisions"}],"wp:attachment":[{"href":"https:\/\/egyptianwisdomcenter.org\/de\/wp-json\/wp\/v2\/media?parent=254"}],"curies":[{"name":"wp","href":"https:\/\/api.w.org\/{rel}","templated":true}]}}