{"id":25683,"date":"2019-03-14T16:51:16","date_gmt":"2019-03-14T20:51:16","guid":{"rendered":"http:\/\/egyptianwisdomcenter.org\/a-forma-alfabetica-de-escrita-egipcia\/"},"modified":"2023-01-05T13:53:40","modified_gmt":"2023-01-05T18:53:40","slug":"a-forma-alfabetica-de-escrita-egipcia","status":"publish","type":"page","link":"https:\/\/egyptianwisdomcenter.org\/de\/a-forma-alfabetica-de-escrita-egipcia\/","title":{"rendered":"A Forma Alfab\u00e9tica De Escrita Eg\u00edpcia"},"content":{"rendered":"<h2 style=\"text-align: center;\"><span style=\"color: #0000ff;\">A Forma Alfab\u00e9tica De Escrita Eg\u00edpcia<\/span><\/h2>\n<p>&nbsp;<\/p>\n<h3><span style=\"color: #ff0000;\"><strong>1. Idade Remota De Alfabetos Eg\u00edpcios <\/strong><\/span><\/h3>\n<p>A maioria dos estudiosos ocidentais modernos afirmam, expl\u00edcita e implicitamente, que o alfabeto eg\u00edpcio antigo (e linguagem) \u00e9 a fonte mais antiga do mundo. Em seu livro <em>a literatura dos eg\u00edpcios antigos <\/em>[p\u00e1gina XXXIV-v], o egiptologista alem\u00e3o Adolf Erman admite:<\/p>\n<p style=\"padding-left: 30px;\"><em>&#8220;<strong>Os eg\u00edpcios s\u00f3 estavam destinados a adotar um m\u00e9todo not\u00e1vel, seguindo o qual eles alcan\u00e7aram a mais alta forma de escrita, o alfabeto. . .&#8221;<\/strong><\/em><\/p>\n<p>O egiptologista brit\u00e2nico, W.M. Flinders Petrie, em seu livro <em>a forma\u00e7\u00e3o dos alfabetos<\/em> [P\u00e1gina 3], concluiu:<\/p>\n<p style=\"padding-left: 30px;\"><span style=\"text-decoration: underline;\"><strong><em>&#8220;Desde o in\u00edcio das eras pr\u00e9-hist\u00f3ricas, um sistema cursivo consistindo de sinais lineares, cheios de variedade e distin\u00e7\u00e3o foi certamente usado no Egito.&#8221;<\/em><\/strong><\/span><\/p>\n<p>A autoridade mais eminente em l\u00ednguas, Isaac Taylor, em seu livro <em>hist\u00f3ria dos alfabetos,<\/em> volume 1, p\u00e1gina 62:<\/p>\n<p style=\"padding-left: 30px;\"><strong><em>&#8220;A data imensamente precoce em que os s\u00edmbolos de uma natureza alfab\u00e9tica s\u00e3o encontrados nos monumentos eg\u00edpcios \u00e9 um fato de grande interesse e import\u00e2ncia. \u00c9 de grande interesse, na medida em que constitui o ponto de partida na hist\u00f3ria do alfabeto, estabelecendo a verdade literal da afirma\u00e7\u00e3o de que <span style=\"text-decoration: underline;\">as letras do alfabeto s\u00e3o mais antigas do que as pir\u00e2mides-mais velhos provavelmente do que qualquer outro monumento existente de civiliza\u00e7\u00e3o humana.<\/span>&#8221; <\/em><\/strong><\/p>\n<p>Isaac Taylor, em seu livro <em>hist\u00f3ria do volume alfabetos<\/em> I, PG. 64, escreveu sobre o rei eg\u00edpcio enviado:<\/p>\n<p style=\"padding-left: 30px;\"><strong><em>&#8220;O rei enviado, em cujo reinado os caracteres alfab\u00e9ticos j\u00e1 estavam em uso, pode ser tomado para ter vivido <span style=\"text-decoration: underline;\">entre 4000 e 4700 a.c.<\/span> Surpreendente como o resultado de tais c\u00e1lculos podem aparecer, deve-se afirmar ser prov\u00e1vel que o <span style=\"text-decoration: underline;\">in\u00edcio da arte gr\u00e1fica no vale do Nilo deve ser relegada a uma data de sete ou 8000 anos a partir do presente tempo.<\/span><\/em><\/strong><\/p>\n<p>\u00c9 muito claro que a l\u00edngua alfab\u00e9tica do Egito antigo foi a primeira no mundo milhares de anos antes do muito-de-fazer-sobre nada &#8220;Sinai scripts&#8221; [ver um cap\u00edtulo posterior sobre este tema].<\/p>\n<p>Em seu livro <em>a forma\u00e7\u00e3o do alfabeto<\/em>, W.M. Flinders Petrie coletou e tabulados formul\u00e1rios escrit\u00f3rio alfab\u00e9ticos que estendeu da idade pr\u00e9-hist\u00f3rica adiantada de Egipto \u00e0s eras gregas e Roman. Petrie tamb\u00e9m compilou (de v\u00e1rios estudiosos independentes) semelhante-olhando letras alfab\u00e9ticas-formas de 25 locais na \u00c1sia menor, Gr\u00e9cia, It\u00e1lia, Espanha, e outros locais em toda a Europa. Todos s\u00e3o muito mais jovens do que o eg\u00edpcio antigo alfab\u00e9tico letras-formas.<\/p>\n<p>A Tabula\u00e7\u00e3o de Petrie destas formas de letra alfab\u00e9tica mostra que:<\/p>\n<p style=\"padding-left: 30px;\">1. todas as letras alfab\u00e9ticas estavam presentes no Egito antigo desde as primeiras eras pr\u00e9-din\u00e1sticas (mais de 7.000 anos atr\u00e1s), antes de qualquer outro lugar no mundo.<\/p>\n<p style=\"padding-left: 30px;\">2. toda a letra-formul\u00e1rios alfab\u00e9ticos eg\u00edpcios \u00e9 distingu\u00edvel claramente na escrita hieratic &#8220;eg\u00edpcia&#8221; a mais velha recuperada a mais antiga &#8220;mais de 5.000 anos h\u00e1.<\/p>\n<p style=\"padding-left: 30px;\">3. o mesmo exato eg\u00edpcio antigo letras alfab\u00e9ticas-formas foram posteriormente adotadas e se espalhou para outras pessoas em todo o mundo.<\/p>\n<p>&nbsp;<\/p>\n<h3><span style=\"color: #ff0000;\"><strong>2. O Distintivo Pre-Hyksos Eg\u00edpcio Alfab\u00e9tico Papiros <\/strong><\/span><\/h3>\n<p>O eminente egiptologista alem\u00e3o Adolf Erman escreveu, em sua <em>vida no livro no Egito antigo<\/em>, p\u00e1gina 339:<\/p>\n<p style=\"padding-left: 30px;\"><strong><em>Mesmo o antigo Reino<\/em><\/strong> [2575-2040 v. Chr.]<strong><em> uma m\u00e3o cursiva especial j\u00e1 havia sido inventada para uso di\u00e1rio, a chamada hier\u00e1tica. &#8220;<\/em><\/strong><\/p>\n<p>Isaac Taylor, em seu livro <em>a hist\u00f3ria do alfabeto<\/em>, Vol. 1, p\u00e1ginas 94 e 95, referiu-se a tr\u00eas importantes manuscritos antigos eg\u00edpcios do antigo e do Reino M\u00e9dio \u00e9pocas [2575-1783] antes do per\u00edodo hyksos [c. 1600 BCE], que tinha muito clara e distintivos alfab\u00e9ticos Cursive scripts. Os tr\u00eas papiros concordam essencialmente uns com os outros quanto ao estilo geral da escrita e as formas dos car\u00e1teres alfab\u00e9ticos individuais no Cursive puro.<\/p>\n<p>Estas escritas alfab\u00e9ticas adiantadas [Hieratic] mostram claramente um car\u00e1ter Cursive verdadeiro: preto, arredondado, e bold (realce).<\/p>\n<p>Os tr\u00eas manuscritos antigos eg\u00edpcios referidos por<\/p>\n<p>Isaac Taylor s\u00e3o:<\/p>\n<p style=\"padding-left: 30px;\">1. um manuscrito eg\u00edpcio na posse do Prof. Lepsius em que a men\u00e7\u00e3o \u00e9 feita do construtor da grande pir\u00e2mide de Giza, Khufu [Cheops], e outros reis das dinastias anteriores de Memphis [2649-2465 BCE].<\/p>\n<p style=\"padding-left: 30px;\">2. o esp\u00e9cime o mais perfeito da escrita Cursive alfab\u00e9tica pura do per\u00edodo adiantado \u00e9 o papiro comemorado que foi adquirido em Thebes por M. Prisse d&#8217; Avennes, dado por ele ao Bibliotheque Nationale em Paris. Este manuscrito \u00e9 geralmente chamado de &#8220;Papyrus Prisse&#8221;. Foi publicado em fac-s\u00edmile por M. Prisse em 1847, e consiste em dezoito p\u00e1ginas de uma escrita cursiva alfab\u00e9tica magn\u00edfica, inigual\u00e1vel em tamanho e beleza, os personagens sendo invulgarmente grandes, cheios e firmes. Uma declara\u00e7\u00e3o no final do papiro mostra que \u00e9 apenas uma c\u00f3pia da obra original, que pretende ter sido composta pelo pr\u00edncipe Ptah-hotep, que viveu durante o reinado de assa, um rei da quinta dinastia [2465-2323 A.C.].<\/p>\n<p style=\"padding-left: 30px;\">3. no Museu de Berlim, existem alguns fragmentos de um papiro hier\u00e1tico durante os tempos dos reis eg\u00edpcios Amenemhat e Usurtasen, que pertenciam \u00e0 d\u00e9cima segunda dinastia [1991-1783], que precedeu a invas\u00e3o dos hyksos.<\/p>\n<p><strong>Aqui est\u00e1 o<\/strong> <strong>Fac-s\u00edmile de papiro Prisse<\/strong> <strong>, onde as formas de letra se parecem exatamente com as formas de letra em toda a hist\u00f3ria eg\u00edpcia antiga reconhecida e al\u00e9m.<\/strong><\/p>\n<p><a href=\"https:\/\/egyptianwisdomcenter.org\/wp-content\/uploads\/2019\/02\/eu-ch1-2-96c-1.jpg\"><img decoding=\"async\" class=\"size-full wp-image-1369 aligncenter\" src=\"https:\/\/egyptianwisdomcenter.org\/wp-content\/uploads\/2019\/02\/eu-ch1-2-96c-1.jpg\" alt=\"\" width=\"307\" height=\"137\" \/><\/a><\/p>\n<div class=\"gmail_default\">Est\u00e1 aqui uma parcela ampliada deste papiro eg\u00edpcio muito antigo que mostra a letra-formul\u00e1rios alfab\u00e9ticos distintivos que cada outro pa\u00eds adoptar\u00e1, como a evid\u00eancia mostrar\u00e1 durante todo este livro.<\/div>\n<div><\/div>\n<div><a href=\"https:\/\/egyptianwisdomcenter.org\/wp-content\/uploads\/2019\/02\/eu-ch1-3-96c-1.jpg\"><img decoding=\"async\" class=\"size-full wp-image-1365 aligncenter\" src=\"https:\/\/egyptianwisdomcenter.org\/wp-content\/uploads\/2019\/02\/eu-ch1-3-96c-1.jpg\" alt=\"\" width=\"269\" height=\"124\" \/><\/a><\/div>\n<div><\/div>\n<div class=\"gmail_default\">Outras escritas alfab\u00e9ticas adiantadas s\u00e3o numerosas. Aqui est\u00e3o alguns exemplos:<\/div>\n<p style=\"padding-left: 30px;\">1. cancele alfabetos da era velha do Reino [2575-2040 A.C.] de uma carta de uma vi\u00fava, escrita no linho, Museu Eg\u00edpcio, Cairo, JE25975.<\/p>\n<p><a href=\"https:\/\/egyptianwisdomcenter.org\/wp-content\/uploads\/2019\/02\/eu-ch1-4-96c-1.jpg\"><img decoding=\"async\" class=\"size-full wp-image-1366 aligncenter\" src=\"https:\/\/egyptianwisdomcenter.org\/wp-content\/uploads\/2019\/02\/eu-ch1-4-96c-1.jpg\" alt=\"\" width=\"269\" height=\"172\" \/><\/a><\/p>\n<p style=\"padding-left: 30px;\">2. este \u00e9 o ter\u00e7o de um ciclo de cinco hinos para Senwosret III, que foi encontrado na cidade de El-Lahun. O hino a Senwosret III mostra o arranjo estrophic, e foi escrito em meados da 12\u00aa dinastia [1991-1783 A.C.].<\/p>\n<p><a href=\"https:\/\/egyptianwisdomcenter.org\/wp-content\/uploads\/2019\/02\/eu-ch1-5-96c-1.jpg\"><img loading=\"lazy\" decoding=\"async\" class=\"size-full wp-image-1367 aligncenter\" src=\"https:\/\/egyptianwisdomcenter.org\/wp-content\/uploads\/2019\/02\/eu-ch1-5-96c-1.jpg\" alt=\"\" width=\"384\" height=\"159\" \/><\/a><\/p>\n<p style=\"padding-left: 30px;\">3. a escrita mostrada aqui \u00e9 um memorando do Overseer do Temple ao Priest do lector no templo de Nubkaura em El-Lahun (durante a \u00e9poca de Senwosret II, 1897 \u2013 1878 BCE), notificando o que Sirius levantaria no 16\u00ba dia do 4o m\u00eas , de modo a tomar nota de sua localiza\u00e7\u00e3o exata e tempo para inseri-lo nos registros do templo.<\/p>\n<p><a href=\"https:\/\/egyptianwisdomcenter.org\/wp-content\/uploads\/2019\/02\/eu-ch1-6aa.-1-96c-1.jpg\"><img loading=\"lazy\" decoding=\"async\" class=\"size-full wp-image-1368 aligncenter\" src=\"https:\/\/egyptianwisdomcenter.org\/wp-content\/uploads\/2019\/02\/eu-ch1-6aa.-1-96c-1.jpg\" alt=\"\" width=\"307\" height=\"92\" \/><\/a><\/p>\n<p style=\"padding-left: 30px;\">4. diversas outras amostras similares em v\u00e1rios t\u00f3picos e finalidades podem ser encontradas no livro de Parkinson de R.B. [Veja Bibliografia selecionada.]<\/p>\n<p style=\"padding-left: 30px;\">5. outros papiros eg\u00edpcios antigos com escritos alfab\u00e9ticos puros em todos os tipos de assuntos desta era muito precoce s\u00e3o referidos ao longo de v\u00e1rias publica\u00e7\u00f5es por Moustafa Gadalla e est\u00e3o na maioria das refer\u00eancias Egiptol\u00f3gicas.<\/p>\n<p>&nbsp;<\/p>\n<h3><span style=\"color: #ff0000;\"><strong>3. Triagem De Fuma\u00e7a Milhares De Escritos Alfab\u00e9ticos Eg\u00edpcios<\/strong><\/span><\/h3>\n<p>A tela de fumo a mais grande na hist\u00f3ria est\u00e1 escondendo o sistema alfab\u00e9tico eg\u00edpcio (antigo) da escrita. Eles fizeram todos pensarem na l\u00edngua eg\u00edpcia como uma cole\u00e7\u00e3o de &#8220;imagens primitivas&#8221; chamadas hier\u00f3glifos. Eles ocultaram o sistema alfab\u00e9tico eg\u00edpcio como a m\u00e3e de todas as l\u00ednguas do mundo.<\/p>\n<p>Aqui est\u00e1 como Alan Gardiner, em seu livro <em>gram\u00e1tica eg\u00edpcia<\/em>, tenta &#8220;racionalizar&#8221; como eles ocultaram o sistema alfab\u00e9tico eg\u00edpcio:<\/p>\n<p style=\"padding-left: 30px;\"><strong><em>&#8220;Os egipt\u00f3logos experimentaram a necessidade pr\u00e1tica de adotar algum padr\u00e3o comum para o qual diferentes m\u00e3os hier\u00e1ticas poderiam ser reduzidas, e em vez de selecionar um estilo simples de hier\u00e1tico para o prop\u00f3sito, preferiram transfazer todas as m\u00e3os hier\u00e1ticas em hier\u00f3glifos &#8220;.<\/em><\/strong><\/p>\n<p>A &#8220;explana\u00e7\u00e3o\/justifica\u00e7\u00e3o&#8221; de Gardiner para enterrar escritas [hieratic] alfab\u00e9tica assegura-nos que havia <span style=\"text-decoration: underline;\">v\u00e1rias formas de escritas para finalidades diferentes<\/span>. As mesmas academias ocidentais nunca usaram a mesma &#8220;Desculpa Lame&#8221; com grego, Roman, ou qualquer outra l\u00edngua no mundo!<\/p>\n<p>Esta desculpa lame foi usada somente em escritas eg\u00edpcias para enganar e esconder a l\u00edngua alfab\u00e9tica da escrita do Egyptian antigo.<\/p>\n<p>N\u00e3o h\u00e1 uma \u00fanica refer\u00eancia \u2014 antes desta conspira\u00e7\u00e3o do s\u00e9culo XIX &#8220;egipt\u00f3logos ocidentais&#8221; \u2014 que afirmou uma rela\u00e7\u00e3o entre hier\u00f3glifos (sinais pict\u00f3ricos) e as formas de letra alfab\u00e9ticas hier\u00e1rquica\/demotic. Pelo contr\u00e1rio, cada refer\u00eancia \u00fanica afirmou explicitamente como eles n\u00e3o est\u00e3o relacionados.<\/p>\n<p>&nbsp;<\/p>\n<h3><span style=\"color: #ff0000;\"><strong>4. Eg\u00edpcio Est\u00e1 Morto, Longa Vida &#8220;\u00c1rabe&#8221; <\/strong><\/span><\/h3>\n<p>Depois de ocultar o sistema de escrita alfab\u00e9tica (antigo) eg\u00edpcio que faz com que todos pensem na l\u00edngua eg\u00edpcia como uma cole\u00e7\u00e3o de &#8220;imagens primitivas&#8221; chamadas hier\u00f3glifos, seu segundo golpe foi declarar que a l\u00edngua eg\u00edpcia antiga est\u00e1 morta e que foi substitu\u00edda \u2014 do ar fino \u2014 pela l\u00edngua &#8220;\u00e1rabe&#8221;!<\/p>\n<p>Dizer que os eg\u00edpcios falam &#8220;\u00e1rabe&#8221; \u00e9 totalmente falso e il\u00f3gico. \u00c9 o contr\u00e1rio: os &#8220;\u00e1rabes&#8221; h\u00e1 muito tempo &#8220;adotados&#8221; e continuam a falar eg\u00edpcio.<\/p>\n<p>O egiptologista brit\u00e2nico Alan Gardiner em seu livro, <em>gram\u00e1tica eg\u00edpcia<\/em>, p\u00e1gina 3, escreve:<\/p>\n<p style=\"padding-left: 30px;\"><span style=\"text-decoration: underline;\"><strong><em>&#8220;Todo o sistema voc\u00e1lico do velho eg\u00edpcio pode realmente ser provado ter chegado a um palco parecido com o de hebraico ou \u00e1rabe moderno&#8221;<\/em><\/strong><\/span><\/p>\n<p>O eg\u00edpcio \u00e9 a m\u00e3e de todas as l\u00ednguas sem\u00edticas, como comprovado e celebrado por todos os acad\u00eamicos.<\/p>\n<p>Como para outros pilares de uma linguagem como gram\u00e1tica, sintaxe, etc., ele permanece exatamente como a l\u00edngua eg\u00edpcia antiga.<\/p>\n<p>O egiptologista brit\u00e2nico Alan Gardiner, em seu livro <em>gram\u00e1tica eg\u00edpcia<\/em>, p\u00e1gina 2, declarou:<\/p>\n<p style=\"padding-left: 30px;\"><strong><em>&#8220;A l\u00edngua eg\u00edpcia est\u00e1 relacionada, n\u00e3o s\u00f3 \u00e0s l\u00ednguas sem\u00edticas (Hebraico, \u00e1rabe, aramaico, babil\u00f4nico, etc.), mas tamb\u00e9m \u00e0s l\u00ednguas da \u00c1frica Oriental (Galla, somali, etc.) e aos idiomas berbere do norte de \u00c1frica. Sua conex\u00e3o com os \u00faltimos grupos, juntos conhecido como a fam\u00edlia Hamitic, \u00e9 um assunto muito espinhoso, mas a rela\u00e7\u00e3o com as l\u00ednguas sem\u00edticas pode ser definida com bastante precis\u00e3o. Na estrutura geral a similaridade \u00e9 muito grande; O Egyptian compartilha do peculiaridade principal de Semitic nisso suas palavra-hastes consistem em combina\u00e7\u00f5es das consoantes, como uma r\u00e9gua tr\u00eas no n\u00famero, que s\u00e3o te\u00f2rica pelo menos imut\u00e1vel. Inflex\u00e3o gramatical e pequenas varia\u00e7\u00f5es de significado s\u00e3o inventadas principalmente tocando as mudan\u00e7as nas vogais internas, embora as termina\u00e7\u00f5es afixadas tamb\u00e9m sejam usadas para a mesma finalidade<\/em><\/strong>.<\/p>\n<p>A &#8220;l\u00edngua \u00e1rabe&#8221; cumpre exatamente com todas as caracter\u00edsticas ling\u00fc\u00edsticas da l\u00edngua eg\u00edpcia antiga muito mais velha que foi detalhada no cap\u00edtulo 15 deste livro. Tais incluem (mas n\u00e3o est\u00e3o limitados a) l\u00e9xico interligado prototypal eg\u00edpcio antigo, gram\u00e1tica e sintaxe, tais como o significado de verbos, ra\u00edzes verbais, hastes verbais, classes e estruturas verbais, o esquema de conjuga\u00e7\u00e3o para verbos, e prototypal eg\u00edpcio etimologia\/lexicons e forma\u00e7\u00e3o de palavras\/deriva\u00e7\u00f5es de uma raiz de tr\u00eas letras (o que significa um determinado conceito geral) em in\u00fameros padr\u00f5es atrav\u00e9s do uso de vogais intermedi\u00e1rias e prefixos, incorrec\u00e7\u00f5es e sufixos, etc.; Al\u00e9m de tipos e estruturas de s\u00edlabas, bem como sintaxe\/ordens de palavras e tipos de frases.<\/p>\n<p>&nbsp;<\/p>\n<p><span style=\"color: #ff0000;\"><strong>[Trechos <span style=\"color: #0000ff;\">Universelle Schreibmodi des alten \u00c4gypten<\/span><\/strong><\/span><span style=\"color: #ff0000;\"><strong> por Moustafa Gadalla]<\/strong><\/span><\/p>\n<div dir=\"auto\">\n<p><span style=\"color: #ff0000;\"><strong><span style=\"color: #0000ff;\">https:\/\/egyptianwisdomcenter.org\/product\/ancient-egyptian-universal-writing-modes\/<\/span><\/strong><\/span><\/p>\n<p><img decoding=\"async\" class=\"aligncenter\" src=\"https:\/\/books2read-prod.s3.amazonaws.com\/CACHE\/images\/ubl_book_images\/book_display_image_47HRC95\/515452d8b8f6b949614788303f629e63\" \/><\/p>\n<p style=\"text-align: center;\"><strong style=\"color: #ff0000;\"><span style=\"color: #0000ff;\">https:\/\/egyptianwisdomcenter.org\/product\/ancient-egyptian-universal-writing-modes\/<\/span><\/strong><\/p>\n<\/div>","protected":false},"excerpt":{"rendered":"<p>A Forma Alfab\u00e9tica De Escrita Eg\u00edpcia &nbsp; 1. Idade Remota De Alfabetos Eg\u00edpcios A maioria dos estudiosos ocidentais modernos afirmam, expl\u00edcita e [&hellip;]<\/p>","protected":false},"author":3,"featured_media":0,"parent":0,"menu_order":0,"comment_status":"closed","ping_status":"closed","template":"","meta":{"footnotes":""},"class_list":["post-25683","page","type-page","status-publish","hentry"],"aioseo_notices":[],"_links":{"self":[{"href":"https:\/\/egyptianwisdomcenter.org\/de\/wp-json\/wp\/v2\/pages\/25683","targetHints":{"allow":["GET"]}}],"collection":[{"href":"https:\/\/egyptianwisdomcenter.org\/de\/wp-json\/wp\/v2\/pages"}],"about":[{"href":"https:\/\/egyptianwisdomcenter.org\/de\/wp-json\/wp\/v2\/types\/page"}],"author":[{"embeddable":true,"href":"https:\/\/egyptianwisdomcenter.org\/de\/wp-json\/wp\/v2\/users\/3"}],"replies":[{"embeddable":true,"href":"https:\/\/egyptianwisdomcenter.org\/de\/wp-json\/wp\/v2\/comments?post=25683"}],"version-history":[{"count":0,"href":"https:\/\/egyptianwisdomcenter.org\/de\/wp-json\/wp\/v2\/pages\/25683\/revisions"}],"wp:attachment":[{"href":"https:\/\/egyptianwisdomcenter.org\/de\/wp-json\/wp\/v2\/media?parent=25683"}],"curies":[{"name":"wp","href":"https:\/\/api.w.org\/{rel}","templated":true}]}}