{"id":257,"date":"2018-11-02T00:00:00","date_gmt":"2018-11-02T04:00:00","guid":{"rendered":"http:\/\/egyptianwisdomcenter.org\/the-metaphysical-funnel-conduit-design\/"},"modified":"2023-02-14T19:45:55","modified_gmt":"2023-02-15T00:45:55","slug":"the-metaphysical-funnel-conduit-design-2","status":"publish","type":"page","link":"https:\/\/egyptianwisdomcenter.org\/de\/das-metaphysische-trichterleitungsdesign-2\/","title":{"rendered":"Das metaphysische Trichterleitungsdesign"},"content":{"rendered":"<h2 style=\"text-align: center;\"><span style=\"color: #ff0000;\"><strong>Das metaphysische Trichterleitungsdesign<\/strong><\/span><\/h2>\n<p>&nbsp;<\/p>\n<p>Die Gestaltung des Tempels begann normalerweise mit dem Heiligtum, das den Mittelpunkt bildet. Der typisch \u00e4gyptische Tempelgrundriss nimmt vom Heiligtum nach vorne hin an Breite und H\u00f6he zu. Diese Gesamtabgrenzung basierte auf einem \u201eTeleskopsystem\u201c des Designs.<\/p>\n<p><a href=\"http:\/\/egyptianwisdomcenter.org\/wp-content\/uploads\/2019\/02\/ema-ch5-telescopic2.jpg\"><img fetchpriority=\"high\" decoding=\"async\" class=\"wp-image-1635 aligncenter\" src=\"http:\/\/egyptianwisdomcenter.org\/wp-content\/uploads\/2019\/02\/ema-ch5-telescopic2.jpg\" alt=\"\" width=\"288\" height=\"350\" \/><\/a><\/p>\n<p>Die gleiche Teleskopkonfiguration galt f\u00fcr den vertikalen Grundriss, wobei der Boden des Tempels nach unten sank und die D\u00e4cher nach au\u00dfen in Richtung der Pylonen des Tempels anstiegen.<\/p>\n<p>Diese wundersch\u00f6ne Luftaufnahme des Tempels von Medinet Habu in Luxor zeigt deutlich den H\u00f6henunterschied zwischen der Vorder- und R\u00fcckseite des Tempels. Die Luftaufnahme erm\u00f6glicht es uns auch zu erkennen, wie der Tempel in verschiedene Bereiche unterteilt war, von denen jeder seinen eigenen Zugangspunkt hatte. Wenn wir den Tempel von seinem Eintrittspunkt aus betrachten, k\u00f6nnen wir die perfekte Ausrichtung aller \u00d6ffnungen im gesamten Tempel und die Wirkung dieser Teleskopkonstruktion erkennen.<\/p>\n<p><a href=\"http:\/\/egyptianwisdomcenter.org\/wp-content\/uploads\/2019\/02\/ema-ch5-photo3-72c-1.jpg\"><img decoding=\"async\" class=\"wp-image-2677 aligncenter\" src=\"http:\/\/egyptianwisdomcenter.org\/wp-content\/uploads\/2019\/02\/ema-ch5-photo3-72c-1.jpg\" alt=\"\" width=\"264\" height=\"126\" \/><\/a><\/p>\n<p><a href=\"http:\/\/egyptianwisdomcenter.org\/wp-content\/uploads\/2019\/02\/ema-ch5-photo4-72c-1.jpg\"><img decoding=\"async\" class=\"wp-image-2678 aligncenter\" src=\"http:\/\/egyptianwisdomcenter.org\/wp-content\/uploads\/2019\/02\/ema-ch5-photo4-72c-1.jpg\" alt=\"\" width=\"220\" height=\"149\" \/><\/a><\/p>\n<p><a href=\"http:\/\/egyptianwisdomcenter.org\/wp-content\/uploads\/2019\/02\/ema-ch5-photo5-72c-1.jpg\"><img loading=\"lazy\" decoding=\"async\" class=\"wp-image-2679 aligncenter\" src=\"http:\/\/egyptianwisdomcenter.org\/wp-content\/uploads\/2019\/02\/ema-ch5-photo5-72c-1.jpg\" alt=\"\" width=\"220\" height=\"146\" \/><\/a><\/p>\n<p>Hier blicken wir vom Heiligtum auf den Tempeleingang, der uns die Teleskopkonstruktion in die andere Richtung zeigt.<\/p>\n<p><a href=\"http:\/\/egyptianwisdomcenter.org\/wp-content\/uploads\/2019\/02\/ema-ch5-photo6-72c-1.jpg\"><img loading=\"lazy\" decoding=\"async\" class=\"wp-image-2680 aligncenter\" src=\"http:\/\/egyptianwisdomcenter.org\/wp-content\/uploads\/2019\/02\/ema-ch5-photo6-72c-1.jpg\" alt=\"\" width=\"223\" height=\"148\" \/><\/a><\/p>\n<p>&nbsp;<\/p>\n<p>Hier ist ein weiteres Beispiel f\u00fcr Teleskopdesign im Deir Medinet-Tempel in Luxor.<\/p>\n<p><a href=\"http:\/\/egyptianwisdomcenter.org\/wp-content\/uploads\/2019\/02\/ema-ch5-photo7-72c-1.jpg\"><img loading=\"lazy\" decoding=\"async\" class=\"wp-image-2681 aligncenter\" src=\"http:\/\/egyptianwisdomcenter.org\/wp-content\/uploads\/2019\/02\/ema-ch5-photo7-72c-1.jpg\" alt=\"\" width=\"166\" height=\"251\" \/><\/a><\/p>\n<p>&nbsp;<\/p>\n<p>Im Abydos-Tempel \u2013 das gleiche Teleskopdesign.<\/p>\n<p><a href=\"http:\/\/egyptianwisdomcenter.org\/wp-content\/uploads\/2019\/02\/ema-ch5-photo8-72c-1.jpg\"><img loading=\"lazy\" decoding=\"async\" class=\"wp-image-2682 aligncenter\" src=\"http:\/\/egyptianwisdomcenter.org\/wp-content\/uploads\/2019\/02\/ema-ch5-photo8-72c-1.jpg\" alt=\"\" width=\"188\" height=\"184\" \/><\/a><\/p>\n<p>&nbsp;<\/p>\n<p>Im Kom Ombo-Tempel.<\/p>\n<p><a href=\"http:\/\/egyptianwisdomcenter.org\/wp-content\/uploads\/2019\/02\/ema-ch5-photo9-72c-1.jpg\"><img loading=\"lazy\" decoding=\"async\" class=\"wp-image-2683 aligncenter\" src=\"http:\/\/egyptianwisdomcenter.org\/wp-content\/uploads\/2019\/02\/ema-ch5-photo9-72c-1.jpg\" alt=\"\" width=\"180\" height=\"243\" \/><\/a><\/p>\n<p>&nbsp;<\/p>\n<p>Im Philae-Tempel in Assuan:.<\/p>\n<p><a href=\"http:\/\/egyptianwisdomcenter.org\/wp-content\/uploads\/2019\/02\/ema-ch5-photo10-72c-1.jpg\"><img loading=\"lazy\" decoding=\"async\" class=\"wp-image-2684 aligncenter\" src=\"http:\/\/egyptianwisdomcenter.org\/wp-content\/uploads\/2019\/02\/ema-ch5-photo10-72c-1.jpg\" alt=\"\" width=\"177\" height=\"270\" \/><\/a><\/p>\n<p>&nbsp;<\/p>\n<p>Das Teleskopdesign erm\u00f6glicht den Energiefluss vom Menschen zum Sitz der g\u00f6ttlichen Energie im Heiligtum.<\/p>\n<p>Wenn die g\u00f6ttliche Energie das Opfer eines Menschen annimmt, strahlt sie ihre g\u00f6ttliche Energie vom Sitz der g\u00f6ttlichen Energie nach au\u00dfen zum Eingangstor des Tempels aus.<\/p>\n<p>Die Darstellung im \u00e4gyptischen Tempel zeigt uns, wie der Mensch sich dem G\u00f6ttlichen n\u00e4hert, indem er Opfer darbringt \u2013 die Frucht der Arbeit.<\/p>\n<p>Ein st\u00e4ndiges Thema sind Opferprozessionen, die zum Brennpunkt des Tempels oder Grabes gelangen und sich ihm n\u00e4hern.<\/p>\n<p>Am Ende des Gro\u00dfen Gerichts werden der Pharao oder seine Beauftragten den g\u00f6ttlichen Kr\u00e4ften auf ihrem Weg zum Allerheiligsten systematisch rituelle Opfergaben darbringen.<\/p>\n<p>Die g\u00f6ttlichen Energien werden auf das richtige Handeln des Menschen reagieren, indem sie ihre g\u00f6ttlichen Energien zum Wohle aller W\u00fcrdigen ausstrahlen.<\/p>\n<p>&nbsp;<\/p>\n<div dir=\"auto\">\n<p><span style=\"color: #ff0000;\"><strong>[Ein Auszug aus <\/strong><\/span><strong>Die alt\u00e4gyptische metaphysische Architektur von Moustafa Gadalla<\/strong><span style=\"color: #ff0000;\"><strong>]<br \/>\n<a href=\"https:\/\/egyptianwisdomcenter.org\/de\/produkt\/die-altaegyptische-metaphysische-architektur-2\/\"><span style=\"color: #0000ff;\">https:\/\/egyptianwisdomcenter.org\/product\/the-ancient-egyptian-metaphysical-architecture\/<\/span><\/a><br \/>\n<\/strong><\/span><\/p>\n<p><img decoding=\"async\" class=\"aligncenter\" src=\"https:\/\/egyptianwisdomcenter.org\/wp-content\/uploads\/2023\/01\/die-altagyptische-metaphysische-architektur-1.jpg\" \/><\/p>\n<p style=\"text-align: center;\"><a href=\"https:\/\/egyptianwisdomcenter.org\/de\/produkt\/die-altaegyptische-metaphysische-architektur-2\/\"><span style=\"color: #ff0000;\"><strong><span style=\"color: #0000ff;\">https:\/\/egyptianwisdomcenter.org\/product\/the-ancient-egyptian-metaphysical-architecture\/<\/span><\/strong><\/span><\/a><\/p>\n<\/div>","protected":false},"excerpt":{"rendered":"<p>The Metaphysical Funnel Conduit Design &nbsp; The design of the temple usually started from the sanctuary, which is the focal point. The [&hellip;]<\/p>","protected":false},"author":3,"featured_media":0,"parent":0,"menu_order":0,"comment_status":"closed","ping_status":"closed","template":"","meta":{"footnotes":""},"class_list":["post-257","page","type-page","status-publish","hentry"],"aioseo_notices":[],"_links":{"self":[{"href":"https:\/\/egyptianwisdomcenter.org\/de\/wp-json\/wp\/v2\/pages\/257","targetHints":{"allow":["GET"]}}],"collection":[{"href":"https:\/\/egyptianwisdomcenter.org\/de\/wp-json\/wp\/v2\/pages"}],"about":[{"href":"https:\/\/egyptianwisdomcenter.org\/de\/wp-json\/wp\/v2\/types\/page"}],"author":[{"embeddable":true,"href":"https:\/\/egyptianwisdomcenter.org\/de\/wp-json\/wp\/v2\/users\/3"}],"replies":[{"embeddable":true,"href":"https:\/\/egyptianwisdomcenter.org\/de\/wp-json\/wp\/v2\/comments?post=257"}],"version-history":[{"count":0,"href":"https:\/\/egyptianwisdomcenter.org\/de\/wp-json\/wp\/v2\/pages\/257\/revisions"}],"wp:attachment":[{"href":"https:\/\/egyptianwisdomcenter.org\/de\/wp-json\/wp\/v2\/media?parent=257"}],"curies":[{"name":"wp","href":"https:\/\/api.w.org\/{rel}","templated":true}]}}