{"id":25804,"date":"2019-03-14T16:51:31","date_gmt":"2019-03-14T20:51:31","guid":{"rendered":"https:\/\/egyptianwisdomcenter.org\/a-dualidade-de-ra-e-osiris\/"},"modified":"2023-01-11T06:33:15","modified_gmt":"2023-01-11T11:33:15","slug":"a-dualidade-de-ra-e-osiris","status":"publish","type":"page","link":"https:\/\/egyptianwisdomcenter.org\/de\/a-dualidade-de-ra-e-osiris\/","title":{"rendered":"A Dualidade De Re E Os\u00edris"},"content":{"rendered":"<h2 style=\"text-align: center;\"><span style=\"color: #ff0000;\"><strong>A Dualidade De Re E Os\u00edris<\/strong><\/span><\/h2>\n<p>&nbsp;<\/p>\n<p>Os textos Eg\u00edpcios referem-se a Re e Os\u00edris como as <em>Almas G\u00eameas.<\/em><\/p>\n<p>Etimologicamente, a rela\u00e7\u00e3o entre a Re\/Ra e Os\u00edris torna-se evidente. A palavra Eg\u00edpcia para Os\u00edris \u00e9 Aus-Ra.<\/p>\n<p>A palavra Aus significa <em>o poder de<\/em>, ou <em>a raiz da<\/em>. Como tal, o nome Ausar consiste em duas partes, Aus-Ra, o que significa <em>o poder de Ra,<\/em> no sentido do <em>re-nascimento de Ra.<\/em><\/p>\n<p>O ciclo perp\u00e9tuo da exist\u00eancia &#8211; o ciclo da vida e da morte &#8211; \u00e9 simbolizado por Ra (Re) e Ausar (Os\u00edris). Ra \u00e9 o neter vivo que desce para a morte para se tornar Ausar &#8211; o neter dos mortos. Ausar sobe e vem \u00e0 vida novamente como Ra. A crea\u00e7\u00e3o \u00e9 cont\u00ednua: \u00e9 o fluxo da vida progredindo em dire\u00e7\u00e3o \u00e0 morte. Mas fora da morte, um novo Ra est\u00e1 para nascer, brotando uma nova vida. Ra \u00e9 o princ\u00edpio c\u00f3smico de energia que se move em dire\u00e7\u00e3o \u00e0 morte, e Ausar representa o processo do renascimento. Assim, os sentidos da vida e da morte se tornam intercambi\u00e1veis: a vida significa morte lenta, a morte significa a ressurrei\u00e7\u00e3o para uma nova vida. A pessoa morta na morte \u00e9 identificada com Ausar, mas ele vai retornar \u00e0 vida, e ser\u00e1 identificado com Ra.<\/p>\n<p>O ciclo perp\u00e9tuo de Ausar e Ra domina os textos Eg\u00edpcios Antigos, tais como:<\/p>\n<ul>\n<li>Em <em>O Livro da Revela\u00e7\u00e3o pela Luz,<\/em> tanto Ausar como Ra vivem, morrem e nascem novamente. No Submundo (ou Mundo do Nada), as almas de Ausar e Ra se encontram-se [veja a ilustra\u00e7\u00e3o do Papiro de Ani, abaixo], e est\u00e3o unidas para formar uma entidade, descrita de forma t\u00e3o eloquente:<\/li>\n<\/ul>\n<p style=\"padding-left: 30px;\"><strong><em>Eu sou Suas Duas Almas em seus G\u00eameos.<\/em><\/strong><\/p>\n<p style=\"padding-left: 30px;\"><img loading=\"lazy\" decoding=\"async\" class=\"size-full wp-image-374 aligncenter\" src=\"https:\/\/ecportuguese.pressbooks.com\/wp-content\/uploads\/sites\/52497\/2016\/11\/ra-ausar-300x210-300x210-1.png\" alt=\"\" width=\"300\" height=\"210\" \/><\/p>\n<p>No cap\u00edtulo 17 do <em>O Livro da Revela\u00e7\u00e3o pela Luz<\/em>, o falecido, identificado com Ausar, diz:<\/p>\n<p style=\"padding-left: 30px;\"><strong><em>Eu sou o ontem, Eu sei o dia de amanh\u00e3.<\/em><\/strong><\/p>\n<ul>\n<li>E o coment\u00e1rio Eg\u00edpcio para esta passagem explica:<\/li>\n<\/ul>\n<p style=\"padding-left: 30px;\"><strong><em>O que \u00e9 isso? &#8211; Ausar \u00e9 o ontem, Ra \u00e9 o amanh\u00e3?<\/em><\/strong><\/p>\n<ul>\n<li>No t\u00famulo da rainha Nefertari (esposa de Rams\u00e9s II), existe uma representa\u00e7\u00e3o bem conhecida do neter solar dos mortos (deus), como um corpo mumiforme com a cabe\u00e7a de um carneiro, acompanhado por uma inscri\u00e7\u00e3o, direita e esquerda:<\/li>\n<\/ul>\n<p><img loading=\"lazy\" decoding=\"async\" class=\"size-full wp-image-455 aligncenter\" src=\"https:\/\/pressbooks.com\/app\/uploads\/sites\/52497\/2016\/11\/ec3-ch6-1-72c.jpg\" alt=\"\" width=\"158\" height=\"200\" \/><\/p>\n<p style=\"padding-left: 30px; text-align: center;\"><strong><em>Este \u00e9 Ra que vem para descansar em Ausar.<\/em><\/strong><br \/>\n<strong><em>Este \u00e9 Ausar que vem para descansar em Ra.<\/em><\/strong><\/p>\n<p>&nbsp;<\/p>\n<ul>\n<li>A Ladainha de Re \u00e9 basicamente uma amplia\u00e7\u00e3o detalhada de uma curta passagem do Cap\u00edtulo 17 do <em>Livro da Revela\u00e7\u00e3o pela Luz<\/em>, descrevendo a fus\u00e3o de Ausar e Ra numa <strong><em>Alma G\u00eamea<\/em><\/strong>.<\/li>\n<\/ul>\n<p>&nbsp;<\/p>\n<p><span style=\"color: #ff0000;\"><strong>[Um trecho <span style=\"color: #0000ff;\">A Cosmologia Eg\u00edpcia: O Universo Animado, Terceira Edi\u00e7\u00e3o<\/span><\/strong><\/span><span style=\"color: #ff0000;\"><strong><span style=\"color: #3366ff;\">\u00a0<\/span>por Moustafa Gadalla]<\/strong><\/span><\/p>\n<div dir=\"auto\">\n<p><span style=\"color: #0000ff;\"><strong>https:\/\/egyptianwisdomcenter.org\/product\/a-cosmologia-egipcia\/<\/strong><\/span><\/p>\n<p><img decoding=\"async\" class=\"aligncenter\" src=\"https:\/\/egypt-tehuti.org\/wp-content\/uploads\/2016\/10\/cover-portuguese-6-e1514410197313-225x338.jpg\" \/><\/p>\n<p style=\"text-align: center;\"><span style=\"color: #0000ff;\"><strong>https:\/\/egyptianwisdomcenter.org\/product\/a-cosmologia-egipcia\/<\/strong><\/span><\/p>\n<p>&nbsp;<\/p>\n<\/div>\n","protected":false},"excerpt":{"rendered":"<p>A Dualidade De Re E Os\u00edris &nbsp; Os textos Eg\u00edpcios referem-se a Re e Os\u00edris como as Almas G\u00eameas. Etimologicamente, a rela\u00e7\u00e3o [&hellip;]<\/p>\n","protected":false},"author":3,"featured_media":0,"parent":0,"menu_order":0,"comment_status":"closed","ping_status":"closed","template":"","meta":{"_monsterinsights_skip_tracking":false,"_monsterinsights_sitenote_active":false,"_monsterinsights_sitenote_note":"","_monsterinsights_sitenote_category":0,"footnotes":""},"class_list":["post-25804","page","type-page","status-publish","hentry"],"aioseo_notices":[],"_links":{"self":[{"href":"https:\/\/egyptianwisdomcenter.org\/de\/wp-json\/wp\/v2\/pages\/25804","targetHints":{"allow":["GET"]}}],"collection":[{"href":"https:\/\/egyptianwisdomcenter.org\/de\/wp-json\/wp\/v2\/pages"}],"about":[{"href":"https:\/\/egyptianwisdomcenter.org\/de\/wp-json\/wp\/v2\/types\/page"}],"author":[{"embeddable":true,"href":"https:\/\/egyptianwisdomcenter.org\/de\/wp-json\/wp\/v2\/users\/3"}],"replies":[{"embeddable":true,"href":"https:\/\/egyptianwisdomcenter.org\/de\/wp-json\/wp\/v2\/comments?post=25804"}],"version-history":[{"count":0,"href":"https:\/\/egyptianwisdomcenter.org\/de\/wp-json\/wp\/v2\/pages\/25804\/revisions"}],"wp:attachment":[{"href":"https:\/\/egyptianwisdomcenter.org\/de\/wp-json\/wp\/v2\/media?parent=25804"}],"curies":[{"name":"wp","href":"https:\/\/api.w.org\/{rel}","templated":true}]}}