{"id":267,"date":"2018-11-02T00:00:00","date_gmt":"2018-11-02T04:00:00","guid":{"rendered":"http:\/\/egyptianwisdomcenter.org\/energy-flow-and-connectivity-in-egyptian-works\/"},"modified":"2023-01-03T01:28:25","modified_gmt":"2023-01-03T06:28:25","slug":"energy-flow-and-connectivity-in-egyptian-works-2","status":"publish","type":"page","link":"https:\/\/egyptianwisdomcenter.org\/de\/energiefluss-und-konnektivitat-in-agyptischen-werken-2\/","title":{"rendered":"Energiefluss und Konnektivit\u00e4t in \u00e4gyptischen Werken"},"content":{"rendered":"<h2 style=\"text-align: center;\"><span style=\"color: #ff0000;\"><strong>Energiefluss und Konnektivit\u00e4t <\/strong><\/span><\/h2>\n<h2 style=\"text-align: center;\"><span style=\"color: #ff0000;\"><strong>In \u00e4gyptischen Werken<\/strong><\/span><\/h2>\n<p>&nbsp;<\/p>\n<p>&nbsp;<\/p>\n<p>Im <em>Litanei von Re<\/em>, die kosmische sch\u00f6pferische Kraft \u2013 Re \u2013 wird beschrieben als:<\/p>\n<p style=\"padding-left: 30px;\"><strong><em>\u201eDer Zusammengeschlossene \u2013 der aus seinen eigenen Mitgliedern hervorgeht\u201c.<\/em><\/strong><\/p>\n<p>Dies ist die perfekte Definition der Einheit der Vielfalt als Archetyp des geschaffenen Universums.<\/p>\n<p>Um die Funktion eines Tempels, einer Statue usw. sicherzustellen. <strong>als lebender Organismus<\/strong>Seine Komponenten m\u00fcssen miteinander verbunden sein, damit die kosmische Energie ungehindert durchstr\u00f6men kann.<\/p>\n<p>Es ist falsch zu glauben, dass eine Verbindung zwischen zwei Bauteilen\/Teilen lediglich die Stabilit\u00e4t des Teils\/der Teile und des gesamten Geb\u00e4udes gew\u00e4hrleisten soll.<\/p>\n<p>Wir k\u00f6nnen Hinweise aus dem menschlichen K\u00f6rper (dem Haus der Seele) ziehen, wenn wir den \u00e4gyptischen Tempel (das Haus der kosmischen Seele\/Energie\/Neter) betrachten.<\/p>\n<p>Der menschliche K\u00f6rper ist mit Muskeln usw. verbunden, Venen und Nerven werden jedoch nicht an den Knochengelenken des Skeletts unterbrochen. Der lebende alt\u00e4gyptische Tempel wurde ebenfalls entworfen.<\/p>\n<p>Die Einheit der Bestandteile des Tempels muss den Bestandteilen des menschlichen K\u00f6rpers entsprechen. Die W\u00e4nde eines Tempels bestehen aus Bl\u00f6cken und Ecken, und diese Komponenten (Bl\u00f6cke) m\u00fcssen so miteinander verbunden werden, dass der Fluss g\u00f6ttlicher Energie m\u00f6glich ist, genau wie die Teile eines Menschen.<\/p>\n<p>Flachreliefs aller Gr\u00f6\u00dfen sowie Hieroglyphensymbole erstrecken sich in v\u00f6lliger Perfektion \u00fcber zwei angrenzende Bl\u00f6cke. Die Absicht ist ganz klar: die Verbindung zwischen benachbarten Bl\u00f6cken nebeneinander oder \u00fcbereinander zu \u00fcberbr\u00fccken.<\/p>\n<p><a href=\"http:\/\/egyptianwisdomcenter.org\/wp-content\/uploads\/2019\/02\/ema-ch5-photo11-72c-1.jpg\"><img decoding=\"async\" class=\"wp-image-2685 aligncenter\" src=\"http:\/\/egyptianwisdomcenter.org\/wp-content\/uploads\/2019\/02\/ema-ch5-photo11-72c-1.jpg\" alt=\"\" width=\"216\" height=\"182\" \/><\/a><\/p>\n<p>Die Bl\u00f6cke selbst waren in einer Art Nerven-\/Energiesystem miteinander verbunden. Eine Fortsetzung des Energieflusses erforderte spezielle ineinandergreifende Muster.<\/p>\n<p>Die Praxis, Bl\u00f6cke miteinander zu verbinden, war in der gesamten bekannten Geschichte des alten \u00c4gypten in jedem \u00e4gyptischen Tempel vorherrschend. Hier einige Beispiele f\u00fcr F\u00fcgeanwendungen:<\/p>\n<p>1. Schneiden Sie in jeden Steinblock eine oberfl\u00e4chliche, 2 cm tiefe, schwalbenschwanzartige Kerbe, mit der der Stein verbunden ist<br \/>\nder angrenzende Stein. Diese Einsteckschl\u00f6sser verbinden einen Block mit einem anderen \u2013 eine Art Nerven- oder Arteriensystem, das sich durch den gesamten Tempel zieht.<\/p>\n<p><a href=\"http:\/\/egyptianwisdomcenter.org\/wp-content\/uploads\/2019\/02\/eh-133top-1.jpg\"><img decoding=\"async\" class=\"size-full wp-image-1389 aligncenter\" src=\"http:\/\/egyptianwisdomcenter.org\/wp-content\/uploads\/2019\/02\/eh-133top-1.jpg\" alt=\"\" width=\"264\" height=\"82\" \/><\/a><\/p>\n<p>In diesen flachen Schwalbenschwanzkerben wurde noch nie Bindungsmaterial gefunden. Es gibt keine architektonische oder strukturelle<br \/>\nBedeutung f\u00fcr solche Kerben, mit oder ohne Holzzapfen, \u00fcberhaupt.<\/p>\n<p><a href=\"http:\/\/egyptianwisdomcenter.org\/wp-content\/uploads\/2019\/02\/eh-133middle-1.jpg\"><img decoding=\"async\" class=\"size-full wp-image-1390 aligncenter\" src=\"http:\/\/egyptianwisdomcenter.org\/wp-content\/uploads\/2019\/02\/eh-133middle-1.jpg\" alt=\"\" width=\"252\" height=\"150\" \/><\/a><\/p>\n<p>2. Es gibt h\u00e4ufige, absichtliche, klar definierte, rechteckige, saubere, von Menschenhand geschaffene Hammerspuren auf der Oberseite der Bl\u00f6cke.<br \/>\nAuch diese haben keinerlei strukturellen Wert. [Siehe Abbildung oben]<\/p>\n<p>3. Die Abschnitte von S\u00e4ulen aus einzelnen kreisf\u00f6rmigen Bl\u00f6cken sind mit einem genau definierten Kreis aus sauberen H\u00e4mmern verbunden<br \/>\nMarkierungen. Auch diese haben keinerlei strukturellen Wert. [Siehe Abbildung unten]<\/p>\n<p><a href=\"http:\/\/egyptianwisdomcenter.org\/wp-content\/uploads\/2019\/02\/eh-133bottom-1.jpg\"><img loading=\"lazy\" decoding=\"async\" class=\"size-full wp-image-1392 aligncenter\" src=\"http:\/\/egyptianwisdomcenter.org\/wp-content\/uploads\/2019\/02\/eh-133bottom-1.jpg\" alt=\"\" width=\"279\" height=\"155\" \/><\/a><\/p>\n<p>4. S\u00e4ulen aus halbkreisf\u00f6rmigen Bl\u00f6cken (die Dualit\u00e4t zum Ausdruck bringen) weisen zwischen den beiden halbkreisf\u00f6rmigen Bl\u00f6cken eine oberfl\u00e4chliche, 2 cm tiefe, schwalbenschwanzartige Kerbe auf. Auch diese Kerben sind architektonisch und strukturell<br \/>\nbedeutungslos. [Siehe Abbildung oben]<\/p>\n<p>5. Pflastersteine in und um alt\u00e4gyptische Geb\u00e4ude werden im Mosaikstil verlegt, um spitze Stellen zu vermeiden<br \/>\nEcken und durchgehende Risslinien, wie etwa die riesigen Pflastersteine rund um die Pyramiden von Gizeh. Deutlich zu erkennen sind diese sehr langlebigen, perfekt eingepassten Quaderbl\u00f6cke mit einer L\u00e4nge von mehreren Yards (Metern).<\/p>\n<p><a href=\"http:\/\/egyptianwisdomcenter.org\/wp-content\/uploads\/2019\/02\/eh-134-1.jpg\"><img loading=\"lazy\" decoding=\"async\" class=\"wp-image-1394 aligncenter\" src=\"http:\/\/egyptianwisdomcenter.org\/wp-content\/uploads\/2019\/02\/eh-134-1.jpg\" alt=\"\" width=\"156\" height=\"116\" \/><\/a><\/p>\n<p>Die alten \u00c4gypter haben im Laufe der Geschichte die einfachen, abrupten ineinandergreifenden Verbindungen vermieden. Durch die Schaffung ununterbrochener, durchgehender Ecken konnten die Energien ungehindert flie\u00dfen. Hier einige Beispiele f\u00fcr Verbindungsanwendungen, wie sie an verschiedenen Standorten in \u00c4gypten zu finden sind:<\/p>\n<p><strong>1.<\/strong>\u00a0Im Khafra-Pyramidental-Tempel in Gizeh, in der N\u00e4he der Sphinx.<\/p>\n<p>Viele der Steine sind in unterschiedlichen Winkeln gesetzt. Diese in \u00e4gyptischen Geb\u00e4uden \u00fcbliche Praxis hat keinen strukturellen Vorteil gegen\u00fcber dem regul\u00e4ren Coursing. Der zus\u00e4tzliche Berechnungs- und Arbeitsaufwand f\u00fcr diese Art der Verbindung ist betr\u00e4chtlich, und diese westliche Vorstellung von \u201edesigntechnischen Zweckm\u00e4\u00dfigkeiten\u201c oder \u201ewirtschaftlichen Erw\u00e4gungen\u201c sollte im alten \u00c4gypten niemals in Betracht gezogen werden.<\/p>\n<p><a href=\"http:\/\/egyptianwisdomcenter.org\/wp-content\/uploads\/2019\/02\/ema-ch5-photo12-72c-1.jpg\"><img loading=\"lazy\" decoding=\"async\" class=\"wp-image-2686 aligncenter\" src=\"http:\/\/egyptianwisdomcenter.org\/wp-content\/uploads\/2019\/02\/ema-ch5-photo12-72c-1.jpg\" alt=\"\" width=\"183\" height=\"276\" \/><\/a><\/p>\n<p>Die Steinecken sind keine regelm\u00e4\u00dfigen, ineinandergreifenden Schwalbenschw\u00e4nze, sondern abwechselnde umgekehrte Eckquader. Die Verbindungen gehen um die Ecken herum. Um solche Ecken zu bilden, wurde die gesamte Oberfl\u00e4che des Steins weggeschnitten, in manchen F\u00e4llen dramatisch \u00fcber einen Fu\u00df (30 cm) \u2013 in anderen F\u00e4llen wurde kaum ein R\u00fccksprung von nur etwa 2 cm (ca. 2 cm) geschaffen.<\/p>\n<p>Diese einzigartige Methode zur Schaffung von Ecken wurde in der gesamten \u00e4gyptischen Geschichte h\u00e4ufig verwendet. Der Zweck der oben genannten Besonderheit besteht darin, durchgehende Risse zu vermeiden und so die Einheit des Tempels zu wahren. Daher m\u00fcssen die Komponenten des Tempels miteinander verbunden sein, damit die kosmische Energie ungehindert flie\u00dfen kann.<\/p>\n<p><a href=\"http:\/\/egyptianwisdomcenter.org\/wp-content\/uploads\/2019\/02\/ema-ch5-photo13-72c-1.jpg\"><img loading=\"lazy\" decoding=\"async\" class=\"wp-image-2687 aligncenter\" src=\"http:\/\/egyptianwisdomcenter.org\/wp-content\/uploads\/2019\/02\/ema-ch5-photo13-72c-1.jpg\" alt=\"\" width=\"214\" height=\"160\" \/><\/a><\/p>\n<p>&nbsp;<\/p>\n<p><strong>2.<\/strong> Auch in Sakkara aus der Zeit des Alten Reiches zu finden.<\/p>\n<p>Nachdem wir durch die Umfassungsmauer zum Eingang gegangen sind, finden wir die gleichen Verbindungsmustertechniken:<\/p>\n<p><a href=\"http:\/\/egyptianwisdomcenter.org\/wp-content\/uploads\/2019\/02\/ema-ch5-photo14-72c-1.jpg\"><img loading=\"lazy\" decoding=\"async\" class=\"wp-image-2688 aligncenter\" src=\"http:\/\/egyptianwisdomcenter.org\/wp-content\/uploads\/2019\/02\/ema-ch5-photo14-72c-1.jpg\" alt=\"\" width=\"235\" height=\"161\" \/><\/a><\/p>\n<p><a href=\"http:\/\/egyptianwisdomcenter.org\/wp-content\/uploads\/2019\/02\/ema-ch5-photo15-72c-1.jpg\"><img loading=\"lazy\" decoding=\"async\" class=\"wp-image-2689 aligncenter\" src=\"http:\/\/egyptianwisdomcenter.org\/wp-content\/uploads\/2019\/02\/ema-ch5-photo15-72c-1.jpg\" alt=\"\" width=\"169\" height=\"254\" \/><\/a><\/p>\n<p>&nbsp;<\/p>\n<p><strong>3.<\/strong> Weiter s\u00fcdlich in \u00c4gypten, im Karnak-Tempelkomplex, finden wir die gleiche Technik beim Zusammenf\u00fcgen der Bl\u00f6cke und Darstellungen darauf.<\/p>\n<p><a href=\"http:\/\/egyptianwisdomcenter.org\/wp-content\/uploads\/2019\/02\/ema-ch5-photo16-72c-1.jpg\"><img loading=\"lazy\" decoding=\"async\" class=\"wp-image-2690 aligncenter\" src=\"http:\/\/egyptianwisdomcenter.org\/wp-content\/uploads\/2019\/02\/ema-ch5-photo16-72c-1.jpg\" alt=\"\" width=\"150\" height=\"276\" \/><\/a><\/p>\n<p>&nbsp;<\/p>\n<p><strong>4.<\/strong> Wenn wir weiter s\u00fcdlich entlang des Nils fahren, kommen wir zum Tempel von Kom Ombo. Auch hier finden wir Hieroglyphensymbole, die sich in v\u00f6lliger Perfektion \u00fcber zwei angrenzende Bl\u00f6cke erstrecken.<\/p>\n<p><a href=\"http:\/\/egyptianwisdomcenter.org\/wp-content\/uploads\/2019\/02\/ema-ch5-photo17-72c-1.jpg\"><img loading=\"lazy\" decoding=\"async\" class=\"wp-image-2691 aligncenter\" src=\"http:\/\/egyptianwisdomcenter.org\/wp-content\/uploads\/2019\/02\/ema-ch5-photo17-72c-1.jpg\" alt=\"\" width=\"235\" height=\"156\" \/><\/a><\/p>\n<p><a href=\"http:\/\/egyptianwisdomcenter.org\/wp-content\/uploads\/2019\/02\/ema-ch5-photo18-72c-1.jpg\"><img loading=\"lazy\" decoding=\"async\" class=\"wp-image-2692 aligncenter\" src=\"http:\/\/egyptianwisdomcenter.org\/wp-content\/uploads\/2019\/02\/ema-ch5-photo18-72c-1.jpg\" alt=\"\" width=\"232\" height=\"164\" \/><\/a><\/p>\n<p>Am Ende dieser besonderen Mauer sto\u00dfen wir auf die inneren organischen Verbindungen zwischen den Bl\u00f6cken der Tempelw\u00e4nde. Hier finden wir absichtliche, klar definierte, saubere, k\u00fcnstliche Hammerschl\u00e4ge an der Seite der Bl\u00f6cke. Solche Arbeiten haben absolut keinen strukturellen Wert (und das sage ich mit voller Autorit\u00e4t, da ich Bauingenieur mit \u00fcber 40 Jahren Erfahrung bin).<\/p>\n<p>Auf der Oberseite der Bl\u00f6cke sind h\u00e4ufig absichtliche, klar definierte, rechteckige, saubere, k\u00fcnstliche Hammerschl\u00e4ge zu sehen. Auch diese haben keinerlei strukturellen Wert. Dieses absichtliche ordentliche H\u00e4mmern steht im Einklang mit <strong>ein organischer, kein struktureller Zweck.<\/strong><\/p>\n<p><a href=\"http:\/\/egyptianwisdomcenter.org\/wp-content\/uploads\/2019\/02\/ema-ch5-photo19-72c-1.jpg\"><img loading=\"lazy\" decoding=\"async\" class=\"wp-image-2693 aligncenter\" src=\"http:\/\/egyptianwisdomcenter.org\/wp-content\/uploads\/2019\/02\/ema-ch5-photo19-72c-1.jpg\" alt=\"\" width=\"231\" height=\"164\" \/><\/a><\/p>\n<p>Am unteren Ende dieser besonderen Tempelwand sto\u00dfen wir auf weitere organische Designdetails. In jeden Steinblock ist eine oberfl\u00e4chliche, 2 cm tiefe, schwalbenschwanzartige Kerbe eingeschnitten, die den Stein mit dem angrenzenden Stein verbindet. Diese Aussparungen verbinden einen Block mit einem anderen \u2013 eine Art Nerven- oder Arteriensystem, das sich durch den gesamten Tempel zieht.<\/p>\n<p><a href=\"http:\/\/egyptianwisdomcenter.org\/wp-content\/uploads\/2019\/02\/ema-ch5-photo20-72c-1.jpg\"><img loading=\"lazy\" decoding=\"async\" class=\"wp-image-2694 aligncenter\" src=\"http:\/\/egyptianwisdomcenter.org\/wp-content\/uploads\/2019\/02\/ema-ch5-photo20-72c-1.jpg\" alt=\"\" width=\"227\" height=\"209\" \/><\/a><\/p>\n<p>\u00dcberall sind mehr organische schwalbenschwanzartige Kerben zu finden. In diesen flachen Schwalbenschwanzkerben wurde noch nie Bindungsmaterial gefunden. Solche Kerben, mit oder ohne Holzzapfen, haben keinerlei architektonische oder bautechnische Bedeutung. Wir finden auch h\u00e4ufige, absichtliche, klar definierte, rechteckige, saubere, k\u00fcnstliche Hammerschl\u00e4ge auf der Oberseite der Bl\u00f6cke. Auch diese haben keinerlei strukturellen Wert.<\/p>\n<p><a href=\"http:\/\/egyptianwisdomcenter.org\/wp-content\/uploads\/2019\/02\/ema-ch5-photo21-72c-1.jpg\"><img loading=\"lazy\" decoding=\"async\" class=\"wp-image-2695 aligncenter\" src=\"http:\/\/egyptianwisdomcenter.org\/wp-content\/uploads\/2019\/02\/ema-ch5-photo21-72c-1.jpg\" alt=\"\" width=\"224\" height=\"149\" \/><\/a><\/p>\n<p>&nbsp;<\/p>\n<p><strong>5.<\/strong> Im Luxor-Tempel finden wir das <strong>organische Verbindungstechnik <\/strong>an den gro\u00dfen sitzenden Granitstatuen. Ein schr\u00e4ger Riss im Granit wurde durch das Anbringen zweier schwalbenschwanzartiger Kerben \u201erepariert\u201c. Das symbolische (oder besser: das organische) Verfahren ist unausweichlich.<\/p>\n<p><a href=\"http:\/\/egyptianwisdomcenter.org\/wp-content\/uploads\/2019\/02\/ema-ch5-photo22-72c-1.jpg\"><img loading=\"lazy\" decoding=\"async\" class=\"wp-image-2696 aligncenter\" src=\"http:\/\/egyptianwisdomcenter.org\/wp-content\/uploads\/2019\/02\/ema-ch5-photo22-72c-1.jpg\" alt=\"\" width=\"184\" height=\"276\" \/><\/a><\/p>\n<p><a href=\"http:\/\/egyptianwisdomcenter.org\/wp-content\/uploads\/2019\/02\/ema-ch5-photo23-72c-1.jpg\"><img loading=\"lazy\" decoding=\"async\" class=\"wp-image-2697 aligncenter\" src=\"http:\/\/egyptianwisdomcenter.org\/wp-content\/uploads\/2019\/02\/ema-ch5-photo23-72c-1.jpg\" alt=\"\" width=\"181\" height=\"235\" \/><\/a><\/p>\n<p>&nbsp;<\/p>\n<p><strong>6.<\/strong> \u00c4hnliche Arten von Statuenverbindungen finden wir in den menschenk\u00f6pfigen Sphinxen, die sich \u00fcber 3 km zwischen dem Luxor- und dem Karnak-Tempel erstrecken.<\/p>\n<p><a href=\"http:\/\/egyptianwisdomcenter.org\/wp-content\/uploads\/2019\/02\/ema-ch5-photo24-72c-1.jpg\"><img loading=\"lazy\" decoding=\"async\" class=\"wp-image-2698 aligncenter\" src=\"http:\/\/egyptianwisdomcenter.org\/wp-content\/uploads\/2019\/02\/ema-ch5-photo24-72c-1.jpg\" alt=\"\" width=\"242\" height=\"161\" \/><\/a><\/p>\n<p><a href=\"http:\/\/egyptianwisdomcenter.org\/wp-content\/uploads\/2019\/02\/ema-ch5-photo25-72c-1.jpg\"><img loading=\"lazy\" decoding=\"async\" class=\"wp-image-2699 aligncenter\" src=\"http:\/\/egyptianwisdomcenter.org\/wp-content\/uploads\/2019\/02\/ema-ch5-photo25-72c-1.jpg\" alt=\"\" width=\"237\" height=\"158\" \/><\/a><\/p>\n<p>&nbsp;<\/p>\n<p><strong>7.<\/strong> Auf dieser beeindruckenden gepflasterten Stra\u00dfe zwischen den beiden Tempeln von Luxor und Karnak sto\u00dfen wir auf eine weitere Anwendung der organischen Fugenmuster in den Pflastersteinen, die im Mosaikstil verlegt sind, um spitze Ecken und durchgehende Risslinien wie bei den riesigen Pflastersteinen zu vermeiden rund um die Pyramiden von Gizeh. Man kann deutlich diese sehr haltbaren, perfekt passenden, quadratischen Bl\u00f6cke erkennen, die mehrere Yards (Meter) lang sind.<\/p>\n<p><a href=\"http:\/\/egyptianwisdomcenter.org\/wp-content\/uploads\/2019\/02\/ema-ch5-photo26-72c-1.jpg\"><img loading=\"lazy\" decoding=\"async\" class=\"wp-image-2700 aligncenter\" src=\"http:\/\/egyptianwisdomcenter.org\/wp-content\/uploads\/2019\/02\/ema-ch5-photo26-72c-1.jpg\" alt=\"\" width=\"260\" height=\"173\" \/><\/a><\/p>\n<p><a href=\"http:\/\/egyptianwisdomcenter.org\/wp-content\/uploads\/2019\/02\/ema-ch5-photo27-72c-1.jpg\"><img loading=\"lazy\" decoding=\"async\" class=\"wp-image-2701 aligncenter\" src=\"http:\/\/egyptianwisdomcenter.org\/wp-content\/uploads\/2019\/02\/ema-ch5-photo27-72c-1.jpg\" alt=\"\" width=\"255\" height=\"170\" \/><\/a><\/p>\n<p>&nbsp;<\/p>\n<p><strong>8.<\/strong> Weiter n\u00f6rdlich auf dem Gizeh-Plateau finden wir das gleiche organische Muster auf dem Damm von der Khafra-Pyramide zu ihrem Taltempel neben der Sphinx.<\/p>\n<p><a href=\"http:\/\/egyptianwisdomcenter.org\/wp-content\/uploads\/2019\/02\/ema-ch5-photo28-72c-1.jpg\"><img loading=\"lazy\" decoding=\"async\" class=\"wp-image-2702 aligncenter\" src=\"http:\/\/egyptianwisdomcenter.org\/wp-content\/uploads\/2019\/02\/ema-ch5-photo28-72c-1.jpg\" alt=\"\" width=\"254\" height=\"169\" \/><\/a><\/p>\n<p><a href=\"http:\/\/egyptianwisdomcenter.org\/wp-content\/uploads\/2019\/02\/ema-ch5-photo29-72c-1.jpg\"><img loading=\"lazy\" decoding=\"async\" class=\"wp-image-2703 aligncenter\" src=\"http:\/\/egyptianwisdomcenter.org\/wp-content\/uploads\/2019\/02\/ema-ch5-photo29-72c-1.jpg\" alt=\"\" width=\"263\" height=\"175\" \/><\/a><\/p>\n<p>&nbsp;<\/p>\n<p><strong>9.<\/strong> Die gleichen Muster in perfekt passenden riesigen Pflastersteinen finden sich rund um die Basis der Khafra-Pyramide.<\/p>\n<p><a href=\"http:\/\/egyptianwisdomcenter.org\/wp-content\/uploads\/2019\/02\/ema-ch5-photo30-72c-1.jpg\"><img loading=\"lazy\" decoding=\"async\" class=\"wp-image-2704 aligncenter\" src=\"http:\/\/egyptianwisdomcenter.org\/wp-content\/uploads\/2019\/02\/ema-ch5-photo30-72c-1.jpg\" alt=\"\" width=\"266\" height=\"177\" \/><\/a><\/p>\n<p>&nbsp;<\/p>\n<p><strong>10.<\/strong> Die gleichen Muster gibt es \u00fcberall auf dem Gizeh-Plateau.<\/p>\n<p>Die alten \u00c4gypter haben im Laufe der Geschichte einfache, abrupte, ineinandergreifende Verbindungen vermieden. Durch die Schaffung ununterbrochener, durchgehender Ecken konnten die Energien ungehindert flie\u00dfen.<\/p>\n<p>&nbsp;<\/p>\n<p><span style=\"color: #ff0000;\"><strong>[Ein Auszug aus <\/strong><\/span><strong>Die alt\u00e4gyptische metaphysische Architektur von Moustafa Gadalla<\/strong><span style=\"color: #ff0000;\"><strong>]<\/strong><\/span><\/p>\n<p><a href=\"https:\/\/egyptianwisdomcenter.org\/de\/produkt\/die-altaegyptische-metaphysische-architektur-2\/\"><span style=\"color: #0000ff;\"><strong>https:\/\/egyptianwisdomcenter.org\/product\/the-ancient-egyptian-metaphysical-architecture\/<\/strong><\/span><\/a><\/p>\n<p><img decoding=\"async\" class=\"aligncenter\" src=\"https:\/\/egyptianwisdomcenter.org\/wp-content\/uploads\/2023\/01\/die-altagyptische-metaphysische-architektur-1.jpg\" \/><\/p>\n<div dir=\"auto\">\n<p style=\"text-align: center;\"><a href=\"https:\/\/egyptianwisdomcenter.org\/de\/produkt\/die-altaegyptische-metaphysische-architektur-2\/\"><span style=\"color: #0000ff;\"><strong>https:\/\/egyptianwisdomcenter.org\/product\/the-ancient-egyptian-metaphysical-architecture\/<\/strong><\/span><\/a><\/p>\n<\/div>","protected":false},"excerpt":{"rendered":"<p>Energy Flow And Connectivity In Egyptian Works &nbsp; &nbsp; In the Litany of Re, the cosmic creative force\u2014being Re\u2014is described as: &#8220;The [&hellip;]<\/p>","protected":false},"author":3,"featured_media":0,"parent":0,"menu_order":0,"comment_status":"closed","ping_status":"closed","template":"","meta":{"footnotes":""},"class_list":["post-267","page","type-page","status-publish","hentry"],"aioseo_notices":[],"_links":{"self":[{"href":"https:\/\/egyptianwisdomcenter.org\/de\/wp-json\/wp\/v2\/pages\/267","targetHints":{"allow":["GET"]}}],"collection":[{"href":"https:\/\/egyptianwisdomcenter.org\/de\/wp-json\/wp\/v2\/pages"}],"about":[{"href":"https:\/\/egyptianwisdomcenter.org\/de\/wp-json\/wp\/v2\/types\/page"}],"author":[{"embeddable":true,"href":"https:\/\/egyptianwisdomcenter.org\/de\/wp-json\/wp\/v2\/users\/3"}],"replies":[{"embeddable":true,"href":"https:\/\/egyptianwisdomcenter.org\/de\/wp-json\/wp\/v2\/comments?post=267"}],"version-history":[{"count":0,"href":"https:\/\/egyptianwisdomcenter.org\/de\/wp-json\/wp\/v2\/pages\/267\/revisions"}],"wp:attachment":[{"href":"https:\/\/egyptianwisdomcenter.org\/de\/wp-json\/wp\/v2\/media?parent=267"}],"curies":[{"name":"wp","href":"https:\/\/api.w.org\/{rel}","templated":true}]}}