{"id":2894,"date":"2019-03-02T13:08:09","date_gmt":"2019-03-02T18:08:09","guid":{"rendered":"https:\/\/egyptianwisdomcenter.org\/ornamentacion-estilistica-y-decoracion\/"},"modified":"2023-01-12T12:31:34","modified_gmt":"2023-01-12T17:31:34","slug":"ornamentacion-estilistica-y-decoracion","status":"publish","type":"page","link":"https:\/\/egyptianwisdomcenter.org\/de\/ornamentacion-estilistica-y-decoracion\/","title":{"rendered":"Ornamentaci\u00f3n Estil\u00edstica y Decoraci\u00f3n"},"content":{"rendered":"<h2 style=\"text-align: center;\"><span style=\"color: #ff0000;\"><strong>Detalles Arquitect\u00f3nicos Egipcios Estil\u00edsticos<\/strong><\/span><\/h2>\n<p>&nbsp;<\/p>\n<p>Varias caracter\u00edsticas estil\u00edsticas arquitect\u00f3nicas tambi\u00e9n se usaron en el Antiguo Egipto, tales como:<\/p>\n<p><span style=\"text-decoration: underline;\"><strong>El Arquitrabe<\/strong> <\/span>&#8211; Se deriv\u00f3 en Egipto de la viga de piedra, que se extiende de pilar a pilar en tumbas y templos.<\/p>\n<p><img decoding=\"async\" class=\"aligncenter\" src=\"https:\/\/pressbooks.com\/app\/uploads\/sites\/42617\/2015\/11\/ema-ch6-photo6372c-1.jpg\" \/><\/p>\n<p>Desde la 1\u00aa dinast\u00eda, hasta la tumba-mastaba privada m\u00e1s peque\u00f1a cuenta con un arquitrabe t\u00edpico sobre la entrada.<\/p>\n<p>El arquitrabe de piedra se us\u00f3 para aumentar el tama\u00f1o y agregar un p\u00f3rtico a los templos.<\/p>\n<p><img decoding=\"async\" class=\"aligncenter\" src=\"https:\/\/pressbooks.com\/app\/uploads\/sites\/42617\/2015\/11\/ema-ch6-photo33-72c-1.jpg\" \/><\/p>\n<p>Los dent\u00edculos cuadrados sobre un arquitrabe tambi\u00e9n se utilizaron desde la historia m\u00e1s temprana de Egipto y se pueden ver en la fachada de una tumba en Beni Hassan y el techo de una de las tumbas de roca en las pir\u00e1mides, imitando los rayos de la palma.<\/p>\n<p>Aqu\u00ed se muestra con hermosos detalles en el complejo de templos de Karnak en Luxor:<\/p>\n<p><img decoding=\"async\" class=\"aligncenter\" src=\"https:\/\/pressbooks.com\/app\/uploads\/sites\/42617\/2015\/11\/ema-ch6-photo6672c-1.jpg\" \/><\/p>\n<p><span style=\"text-decoration: underline;\"><strong>Cornisa <\/strong><\/span>&#8211; se utiliz\u00f3 constantemente como un detalle significativo en el dise\u00f1o de las llamadas puertas falsas que se encuentran en todas las tumbas y templos del Antiguo Egipto. Observe otras caracter\u00edsticas, tambi\u00e9n.<\/p>\n<p>A continuaci\u00f3n se muestra un ejemplo totalmente pintado de una tumba de Saqqara de hace unos 45 siglos.<\/p>\n<p><img decoding=\"async\" class=\"aligncenter\" src=\"https:\/\/pressbooks.com\/app\/uploads\/sites\/42617\/2015\/11\/ema-ch6-photo4-72c-1.jpg\" \/><\/p>\n<p>Para sus dispositivos, los egipcios frecuentemente seleccionaban objetos como el loto y otras flores, y estos, como varios animales o sus cabezas, se adaptaban para formar una cornisa, particularmente en sus casas y tumbas, o para decorar art\u00edculos de lujo y vestirse.<\/p>\n<p><span style=\"text-decoration: underline;\"><strong>Toro<\/strong><\/span> &#8211; el toro o moldura te\u00f3rica, se us\u00f3 en Egipto desde que se recuper\u00f3 de la historia m\u00e1s remota hace m\u00e1s de 5,000 a\u00f1os, y se muestra aqu\u00ed como un detalle significativo de la llamada Puerta Falsa en cada tumba y templo egipcio.<\/p>\n<p><img decoding=\"async\" class=\"aligncenter\" src=\"https:\/\/pressbooks.com\/app\/uploads\/sites\/42617\/2015\/11\/ema-ch6-photo1-72c-1.jpg\" \/><\/p>\n<h3><span style=\"color: #ff0000;\"><strong>Estilo En Ornamentaci\u00f3n y Decoraci\u00f3n<\/strong><\/span><\/h3>\n<p>Mucha gente echa de menos los talentos art\u00edsticos de los Egipcios Antiguos al enfocarse solo en las representaciones figurativas en las edificaciones egipcias.<\/p>\n<p>Algunos notan algunas variaciones art\u00edsticas, pero aun as\u00ed, se nos dice que los egipcios no ten\u00edan imaginaci\u00f3n y, por lo tanto, solo pod\u00edan imitar la naturaleza, como las tapas de columnas de palmeras que parecen las abundantes palmeras de Egipto.<\/p>\n<p><img loading=\"lazy\" decoding=\"async\" class=\"aligncenter\" src=\"https:\/\/pressbooks.com\/app\/uploads\/sites\/42617\/2017\/10\/ema-ch6bw-48-200c-1.jpg\" width=\"211\" height=\"193\" \/><\/p>\n<p>Los patrones de dise\u00f1o en Egipto generalmente se pueden clasificar como florales, geom\u00e9tricos, figurativos, o una combinaci\u00f3n de dos o tres.<\/p>\n<p><span style=\"text-decoration: underline;\"><strong>Los patrones figurativos<\/strong><\/span> naturalmente dominan templos y tumbas; pero los patrones florales y geom\u00e9tricos son abundantes.<\/p>\n<p>La mentalidad occidental est\u00e1 obsesionada con dar nombres a cada variaci\u00f3n de estos patrones y con adjuntar un adjetivo griego\/romano a cada uno, a pesar de su pre-existencia en Egipto.<\/p>\n<p>El <span style=\"text-decoration: underline;\"><strong>tipo floral<\/strong><\/span> se representa en un rango de madurez de la planta, desde el brote cerrado hasta la flor abierta.<\/p>\n<p>Las columnas del templo en Egipto fueron m\u00e1s que estructuras. Las columnas son parte del templo org\u00e1nico animado y viviente.<\/p>\n<p>Aparecen como brotes o capullos cerrados:<\/p>\n<p><img decoding=\"async\" class=\"aligncenter\" src=\"https:\/\/pressbooks.com\/app\/uploads\/sites\/42617\/2015\/11\/ema-ch6-photo6672c-1.jpg\" \/><\/p>\n<p><img decoding=\"async\" class=\"aligncenter\" src=\"https:\/\/pressbooks.com\/app\/uploads\/sites\/42617\/2015\/11\/ema-ch6-photo6772c-1.jpg\" \/><\/p>\n<p>Como flor abierta o en proceso de floraci\u00f3n.<\/p>\n<p><img decoding=\"async\" class=\"aligncenter\" src=\"https:\/\/pressbooks.com\/app\/uploads\/sites\/42617\/2015\/11\/ema-ch6-photo6872c-1.jpg\" \/><\/p>\n<p>Los patrones de <span style=\"text-decoration: underline;\"><strong>dise\u00f1o geom\u00e9trico<\/strong> <\/span>est\u00e1n por todas partes, desde los techos estrellados.<\/p>\n<p><img decoding=\"async\" class=\"aligncenter\" src=\"https:\/\/pressbooks.com\/app\/uploads\/sites\/42617\/2015\/11\/ema-ch6-photo6972c-1.jpg\" \/><\/p>\n<p>Hasta todo tipo de patrones en tumbas y templos en todo Egipto, mucho antes de que encontraran su camino a Europa.<\/p>\n<p><img decoding=\"async\" class=\"aligncenter\" src=\"https:\/\/pressbooks.com\/app\/uploads\/sites\/42617\/2015\/11\/ema-ch6-photo7672c-1.jpg\" \/><\/p>\n<p><img loading=\"lazy\" decoding=\"async\" class=\"aligncenter\" src=\"https:\/\/pressbooks.com\/app\/uploads\/sites\/42617\/2017\/10\/ema-ch6bw-53-200c-1.jpg\" width=\"258\" height=\"171\" \/><\/p>\n<p><img loading=\"lazy\" decoding=\"async\" class=\"aligncenter\" src=\"https:\/\/pressbooks.com\/app\/uploads\/sites\/42617\/2017\/10\/ema-ch6bw-55-200c-1.jpg\" width=\"256\" height=\"170\" \/><\/p>\n<p><img loading=\"lazy\" decoding=\"async\" class=\"aligncenter\" src=\"https:\/\/pressbooks.com\/app\/uploads\/sites\/42617\/2017\/10\/ema-ch6bw-55a-200c-1.jpg\" width=\"256\" height=\"126\" \/><\/p>\n<p><img loading=\"lazy\" decoding=\"async\" class=\"aligncenter\" src=\"https:\/\/pressbooks.com\/app\/uploads\/sites\/42617\/2017\/10\/ema-ch6bw-55c-200c-1.jpg\" width=\"257\" height=\"228\" \/><\/p>\n<p><img loading=\"lazy\" decoding=\"async\" class=\"aligncenter\" src=\"https:\/\/pressbooks.com\/app\/uploads\/sites\/42617\/2017\/10\/ema-ch6bw-55b-200c-1.jpg\" width=\"256\" height=\"131\" \/><\/p>\n<p><img loading=\"lazy\" decoding=\"async\" class=\"aligncenter\" src=\"https:\/\/pressbooks.com\/app\/uploads\/sites\/42617\/2017\/10\/ema-ch6bw-55d-200c-1.jpg\" width=\"252\" height=\"239\" \/><\/p>\n<p>Las <span style=\"text-decoration: underline;\"><strong>decoraciones figurativas<\/strong><\/span> se encuentran en muchos lugares.<\/p>\n<p>El buitre:<\/p>\n<p><img decoding=\"async\" class=\"aligncenter\" src=\"https:\/\/pressbooks.com\/app\/uploads\/sites\/42617\/2015\/11\/ema-ch6-photo72c-1.jpg\" \/><\/p>\n<p>Hathor con un sistro como tocado en su cabeza:<\/p>\n<p><img decoding=\"async\" class=\"aligncenter\" src=\"https:\/\/pressbooks.com\/app\/uploads\/sites\/42617\/2015\/11\/ema-ch6-photo78-72c-1.jpg\" \/><\/p>\n<p>La cobra:<\/p>\n<p><img decoding=\"async\" class=\"aligncenter\" src=\"https:\/\/pressbooks.com\/app\/uploads\/sites\/42617\/2015\/11\/ema-ch6-photo7972c-1.jpg\" \/><\/p>\n<p><span style=\"text-decoration: underline;\">Una <strong>combinaci\u00f3n de dos o las tres formas<\/strong><\/span> de decoraciones: floral, geom\u00e9trica y figurativa.<\/p>\n<p><img decoding=\"async\" class=\"aligncenter\" src=\"https:\/\/pressbooks.com\/app\/uploads\/sites\/42617\/2015\/11\/ema-ch6-photo8072c-1.jpg\" \/><\/p>\n<p>Los egipcios no siempre se limitaron a la mera imitaci\u00f3n de objetos naturales para adorno.<\/p>\n<p>Sus techos y cornisas ofrecen numerosos artilugios sofisticados y elegantes; entre los cuales est\u00e1n el <em>guilloch\u00e9<\/em> (mal llamado como el borde Toscano), el <em>chevr\u00f3n<\/em> y el patr\u00f3n de pergamino.<\/p>\n<p>Estos tipos se pueden ver en una tumba que data de la 6\u00aa dinast\u00eda; por lo tanto, se conocieron en Egipto muchas eras antes de que luego fueran adoptados por griegos y romanos.<\/p>\n<p><img decoding=\"async\" class=\"aligncenter\" src=\"https:\/\/pressbooks.com\/app\/uploads\/sites\/42617\/2015\/11\/ema-ch6-photo76a-72c-1.jpg\" \/><\/p>\n<p><strong><span style=\"text-decoration: underline;\">Guilloch\u00e9<\/span> <\/strong>&#8211; La forma m\u00e1s complicada de la guilloch\u00e9 cubri\u00f3 todo un techo egipcio m\u00e1s de mil a\u00f1os antes de ser representada en aquellos objetos comparativamente tard\u00edos, encontrados en N\u00ednive.<\/p>\n<p><img decoding=\"async\" class=\"aligncenter\" src=\"https:\/\/pressbooks.com\/app\/uploads\/sites\/42617\/2015\/11\/ema-ch6-photo7472c-1.jpg\" \/><\/p>\n<p><img decoding=\"async\" class=\"aligncenter\" src=\"https:\/\/pressbooks.com\/app\/uploads\/sites\/42617\/2015\/11\/ema-ch6-photo8072c-1.jpg\" \/><\/p>\n<p><span style=\"text-decoration: underline;\"><strong>El Chevr\u00f3n<\/strong><\/span> es un tipo de ornamenta que tambi\u00e9n se encuentra com\u00fanmente en el Antiguo Egipto.<\/p>\n<p><img decoding=\"async\" class=\"aligncenter\" src=\"https:\/\/pressbooks.com\/app\/uploads\/sites\/42617\/2015\/11\/ema-ch6-photo7272c-1.jpg\" \/><\/p>\n<p><img decoding=\"async\" class=\"aligncenter\" src=\"https:\/\/pressbooks.com\/app\/uploads\/sites\/42617\/2015\/11\/ema-ch6-photo7172c-1.jpg\" \/><\/p>\n<p><img decoding=\"async\" class=\"aligncenter\" src=\"https:\/\/pressbooks.com\/app\/uploads\/sites\/42617\/2015\/11\/ema-ch6-photo8172c-1.jpg\" \/><\/p>\n<p>El dise\u00f1o de <strong><span style=\"text-decoration: underline;\">Pergamino<\/span> <\/strong>tambi\u00e9n se encuentra en el Antiguo Egipto.<\/p>\n<p><img decoding=\"async\" class=\"aligncenter\" src=\"https:\/\/pressbooks.com\/app\/uploads\/sites\/42617\/2015\/11\/ema-ch6-photo6872c-1.jpg\" \/><\/p>\n<p><span style=\"text-decoration: underline;\"><strong>Los Colores<\/strong><\/span><\/p>\n<p>El color era una parte esencial de la arquitectura egipcia.<\/p>\n<p>Nadie que entienda la armon\u00eda de colores dejar\u00e1 de admitir que los Antiguos Egipcios entendieron perfectamente su distribuci\u00f3n y combinaciones apropiadas.<\/p>\n<p><img decoding=\"async\" class=\"aligncenter\" src=\"https:\/\/pressbooks.com\/app\/uploads\/sites\/42617\/2015\/11\/ema-ch6-photo60-72c-1.jpg\" \/><\/p>\n<p><img decoding=\"async\" class=\"aligncenter\" src=\"https:\/\/pressbooks.com\/app\/uploads\/sites\/42617\/2015\/11\/ema-ch6-photo8272c-1.jpg\" \/><\/p>\n<p>Pero la elecci\u00f3n de los colores, al igual que todo lo dem\u00e1s, refleja la profunda comprensi\u00f3n metaf\u00edsica de los egipcios sobre el significado y la energ\u00eda de cada color,\u00a0 varios colores se derivan de una combinaci\u00f3n de colores b\u00e1sicos.<\/p>\n<p><img decoding=\"async\" class=\"aligncenter\" src=\"https:\/\/pressbooks.com\/app\/uploads\/sites\/42617\/2015\/11\/ema-ch6-photo8372c-1.jpg\" \/><\/p>\n<p>Los techos de los templos egipcios estaban pintados de azul y tachonados con estrellas para representar el firmamento (como en las primeras iglesias europeas); y por otra parte, sobre el pasaje central (a trav\u00e9s del cual pas\u00f3 el rey y las procesiones religiosas) fueron buitres y otros emblemas; el globo siempre teniendo su lugar sobre las puertas. Todo el edificio, as\u00ed como sus esfinges y otros accesorios, estaban ricamente pintados.<\/p>\n<p>&nbsp;<\/p>\n<p><span style=\"color: #ff0000;\"><strong>[Un fragmento de La Arquitectura Metaf\u00edsica Del Antiguo Egipto por<\/strong><\/span><span style=\"color: #ff0000;\"><strong> Moustafa Gadalla]<\/strong><\/span><\/p>\n<div dir=\"auto\">\n<p><span style=\"color: #0000ff;\"><strong>https:\/\/egyptianwisdomcenter.org\/product\/la-arquitectura-metafisica-del-antiguo-egipto\/<\/strong><\/span><\/p>\n<p><img decoding=\"async\" class=\"aligncenter\" src=\"https:\/\/egypt-tehuti.org\/wp-content\/uploads\/2019\/02\/Ancient-Spanish-2-225x338.gif\" \/><\/p>\n<p style=\"text-align: center;\"><span style=\"color: #0000ff;\"><strong>https:\/\/egyptianwisdomcenter.org\/product\/la-arquitectura-metafisica-del-antiguo-egipto\/<\/strong><\/span><\/p>\n<div dir=\"auto\"><\/div>\n<\/div>\n","protected":false},"excerpt":{"rendered":"<p>Detalles Arquitect\u00f3nicos Egipcios Estil\u00edsticos &nbsp; Varias caracter\u00edsticas estil\u00edsticas arquitect\u00f3nicas tambi\u00e9n se usaron en el Antiguo Egipto, tales como: El Arquitrabe &#8211; Se [&hellip;]<\/p>\n","protected":false},"author":3,"featured_media":0,"parent":0,"menu_order":0,"comment_status":"closed","ping_status":"closed","template":"","meta":{"_monsterinsights_skip_tracking":false,"_monsterinsights_sitenote_active":false,"_monsterinsights_sitenote_note":"","_monsterinsights_sitenote_category":0,"footnotes":""},"class_list":["post-2894","page","type-page","status-publish","hentry"],"aioseo_notices":[],"_links":{"self":[{"href":"https:\/\/egyptianwisdomcenter.org\/de\/wp-json\/wp\/v2\/pages\/2894","targetHints":{"allow":["GET"]}}],"collection":[{"href":"https:\/\/egyptianwisdomcenter.org\/de\/wp-json\/wp\/v2\/pages"}],"about":[{"href":"https:\/\/egyptianwisdomcenter.org\/de\/wp-json\/wp\/v2\/types\/page"}],"author":[{"embeddable":true,"href":"https:\/\/egyptianwisdomcenter.org\/de\/wp-json\/wp\/v2\/users\/3"}],"replies":[{"embeddable":true,"href":"https:\/\/egyptianwisdomcenter.org\/de\/wp-json\/wp\/v2\/comments?post=2894"}],"version-history":[{"count":0,"href":"https:\/\/egyptianwisdomcenter.org\/de\/wp-json\/wp\/v2\/pages\/2894\/revisions"}],"wp:attachment":[{"href":"https:\/\/egyptianwisdomcenter.org\/de\/wp-json\/wp\/v2\/media?parent=2894"}],"curies":[{"name":"wp","href":"https:\/\/api.w.org\/{rel}","templated":true}]}}