{"id":299,"date":"2018-11-02T00:00:00","date_gmt":"2018-11-02T04:00:00","guid":{"rendered":"http:\/\/egyptianwisdomcenter.org\/stylistic-ornamentation-and-decoration\/"},"modified":"2023-01-03T01:33:31","modified_gmt":"2023-01-03T06:33:31","slug":"stylistic-ornamentation-and-decoration-2","status":"publish","type":"page","link":"https:\/\/egyptianwisdomcenter.org\/de\/stilistische-verzierung-und-dekoration-2\/","title":{"rendered":"Stilistische Verzierung und Dekoration"},"content":{"rendered":"<h2 style=\"text-align: center;\"><span style=\"color: #ff0000;\"><strong>Stilistische \u00e4gyptische Architekturdetails<\/strong><\/span><\/h2>\n<p>&nbsp;<\/p>\n<p>Auch im alten \u00c4gypten wurden mehrere stilistische Architekturmerkmale verwendet, wie zum Beispiel:<\/p>\n<p><span style=\"text-decoration: underline; color: #ff0000;\"><strong>Architrav <\/strong><\/span>\u2013 Der Architrav wurde in \u00c4gypten vom Steinbalken abgeleitet und reichte in Gr\u00e4bern und Tempeln von einer S\u00e4ule zur anderen.<\/p>\n<p><a href=\"http:\/\/egyptianwisdomcenter.org\/wp-content\/uploads\/2019\/02\/ema-ch6-photo6372c-1.jpg\"><img fetchpriority=\"high\" decoding=\"async\" class=\"wp-image-2803 aligncenter\" src=\"http:\/\/egyptianwisdomcenter.org\/wp-content\/uploads\/2019\/02\/ema-ch6-photo6372c-1.jpg\" alt=\"\" width=\"290\" height=\"193\" \/><\/a><\/p>\n<p>&nbsp;<\/p>\n<p>Seit der 1. Dynastie hat die kleinste private Grabmastaba einen typischen Architrav \u00fcber der Eingangst\u00fcr.<\/p>\n<p>Der steinerne Architrav wurde verwendet, um die Gr\u00f6\u00dfe ihrer Tempel zu vergr\u00f6\u00dfern und ihnen einen Portikus hinzuzuf\u00fcgen.<\/p>\n<p><a href=\"http:\/\/egyptianwisdomcenter.org\/wp-content\/uploads\/2019\/02\/ema-ch6-photo32-72c-1.jpg\"><img decoding=\"async\" class=\"wp-image-2776 aligncenter\" src=\"http:\/\/egyptianwisdomcenter.org\/wp-content\/uploads\/2019\/02\/ema-ch6-photo32-72c-1.jpg\" alt=\"\" width=\"262\" height=\"177\" \/><\/a><\/p>\n<p><a href=\"http:\/\/egyptianwisdomcenter.org\/wp-content\/uploads\/2019\/02\/ema-ch6-photo33-72c-1.jpg\"><img decoding=\"async\" class=\"wp-image-2777 aligncenter\" src=\"http:\/\/egyptianwisdomcenter.org\/wp-content\/uploads\/2019\/02\/ema-ch6-photo33-72c-1.jpg\" alt=\"\" width=\"261\" height=\"174\" \/><\/a><\/p>\n<p>&nbsp;<\/p>\n<p>Quadratische Z\u00e4hne \u00fcber einem Architrav wurden ebenfalls seit der fr\u00fchesten Geschichte \u00c4gyptens verwendet und sind an der Fassade eines Grabes in Beni Hassan und an der Decke eines der Felsengr\u00e4ber bei den Pyramiden zu sehen, die die Palmenbalken imitieren.<\/p>\n<p>Hier wird es in wundersch\u00f6nen Details im Karnak-Tempelkomplex in Luxor gezeigt:<\/p>\n<p><a href=\"http:\/\/egyptianwisdomcenter.org\/wp-content\/uploads\/2019\/02\/ema-ch6-photo6672c-1.jpg\"><img loading=\"lazy\" decoding=\"async\" class=\"wp-image-2804 aligncenter\" src=\"http:\/\/egyptianwisdomcenter.org\/wp-content\/uploads\/2019\/02\/ema-ch6-photo6672c-1.jpg\" alt=\"\" width=\"187\" height=\"255\" \/><\/a><\/p>\n<p>&nbsp;<\/p>\n<p><strong><span style=\"text-decoration: underline;\">Gesims<\/span> <\/strong>\u2013 Es wurde st\u00e4ndig als wichtiges Detail bei der Gestaltung der sogenannten falschen T\u00fcren verwendet, die in jedem Grab und Tempel im alten \u00c4gypten zu finden sind. Beachten Sie auch andere Funktionen.<\/p>\n<p>Unten sehen Sie ein vollst\u00e4ndig bemaltes Beispiel eines Saqqara-Grabes aus der Zeit vor etwa 45 Jahrhunderten.<\/p>\n<p><a href=\"http:\/\/egyptianwisdomcenter.org\/wp-content\/uploads\/2019\/02\/ema-ch6-photo4-72c-1.jpg\"><img loading=\"lazy\" decoding=\"async\" class=\"wp-image-2750 aligncenter\" src=\"http:\/\/egyptianwisdomcenter.org\/wp-content\/uploads\/2019\/02\/ema-ch6-photo4-72c-1.jpg\" alt=\"\" width=\"188\" height=\"290\" \/><\/a><\/p>\n<p>&nbsp;<\/p>\n<p>Die \u00c4gypter w\u00e4hlten f\u00fcr ihre Kunstgegenst\u00e4nde h\u00e4ufig Objekte wie Lotusblumen und andere Blumen aus, und diese sowie verschiedene Tiere oder ihre K\u00f6pfe dienten dazu, ein Gesims zu bilden, insbesondere in ihren H\u00e4usern und Gr\u00e4bern, oder um ausgefallene M\u00f6belst\u00fccke zu schm\u00fccken und kleiden.<\/p>\n<p><span style=\"text-decoration: underline;\"><strong>Torus <\/strong><\/span>\u2013 Der Torus wird in \u00c4gypten seit seiner Wiedererlangung der \u00e4ltesten Geschichte vor mehr als 5.000 Jahren verwendet und wird hier als bedeutendes Detail der sogenannten Falschen T\u00fcr in jedem \u00e4gyptischen Grab und Tempel gezeigt.<\/p>\n<p><a href=\"http:\/\/egyptianwisdomcenter.org\/wp-content\/uploads\/2019\/02\/ema-ch6-photo1-72c-1.jpg\"><img loading=\"lazy\" decoding=\"async\" class=\"wp-image-2747 aligncenter\" src=\"http:\/\/egyptianwisdomcenter.org\/wp-content\/uploads\/2019\/02\/ema-ch6-photo1-72c-1.jpg\" alt=\"\" width=\"216\" height=\"241\" \/><\/a><\/p>\n<p>&nbsp;<\/p>\n<h3><span style=\"color: #ff0000;\"><strong>Stilistische Verzierung und Dekoration<\/strong><\/span><\/h3>\n<p>Viele Menschen vermissen die k\u00fcnstlerischen Talente der alten \u00c4gypter, indem sie sich nur auf die figurativen Darstellungen in \u00e4gyptischen Geb\u00e4uden konzentrieren.<\/p>\n<p>Manche bemerken einige k\u00fcnstlerische Variationen, aber auch die \u00c4gypter sollen sie gehabt haben, hei\u00dft es <em>keine Fantasie <\/em>und konnten daher nur die Natur nachahmen, wie zum Beispiel diese Palmens\u00e4ulenkappen, die wie die reichlich vorhandenen Palmen in \u00c4gypten aussehen.<\/p>\n<p><a href=\"http:\/\/egyptianwisdomcenter.org\/wp-content\/uploads\/2019\/02\/ema-ch6bw-48-96c-1.jpg\"><img loading=\"lazy\" decoding=\"async\" class=\"size-full wp-image-2419 aligncenter\" src=\"http:\/\/egyptianwisdomcenter.org\/wp-content\/uploads\/2019\/02\/ema-ch6bw-48-96c-1.jpg\" alt=\"\" width=\"211\" height=\"193\" \/><\/a><\/p>\n<p>Die Designmuster in \u00c4gypten k\u00f6nnen im Allgemeinen als floral, geometrisch, figurativ oder als Kombination aus zwei oder allen dreien kategorisiert werden.<\/p>\n<p>Der <span style=\"text-decoration: underline;\"><strong>figurative Muster <\/strong><\/span>nat\u00fcrlich dominieren Tempel und Gr\u00e4ber; aber florale und geometrische Muster sind reichlich vorhanden.<\/p>\n<p>Die westliche Denkweise ist besessen davon, jeder Variation dieser Muster Namen zu geben und ihnen ein griechisch-r\u00f6misches Adjektiv zuzuordnen, obwohl sie bereits in \u00c4gypten existierten.<\/p>\n<p>Der <span style=\"text-decoration: underline;\"><strong>Blumen- <\/strong><\/span>Der Typ wird in einem Bereich der Pflanzenreife dargestellt, von der geschlossenen Knospe bis zur offenen Bl\u00fcte.<\/p>\n<p>Die Tempels\u00e4ulen in \u00c4gypten waren mehr als tragende Bauwerke. S\u00e4ulen sind Teil des belebten organischen und lebendigen Tempels.<\/p>\n<p>Sie erscheinen mit geschlossenen Knospen:<\/p>\n<p><a href=\"http:\/\/egyptianwisdomcenter.org\/wp-content\/uploads\/2019\/02\/ema-ch6-photo6672c-1.jpg\"><img loading=\"lazy\" decoding=\"async\" class=\"wp-image-2804 aligncenter\" src=\"http:\/\/egyptianwisdomcenter.org\/wp-content\/uploads\/2019\/02\/ema-ch6-photo6672c-1.jpg\" alt=\"\" width=\"180\" height=\"245\" \/><\/a><\/p>\n<p><a href=\"http:\/\/egyptianwisdomcenter.org\/wp-content\/uploads\/2019\/02\/ema-ch6-photo6772c-1.jpg\"><img loading=\"lazy\" decoding=\"async\" class=\"wp-image-2805 aligncenter\" src=\"http:\/\/egyptianwisdomcenter.org\/wp-content\/uploads\/2019\/02\/ema-ch6-photo6772c-1.jpg\" alt=\"\" width=\"158\" height=\"314\" \/><\/a><\/p>\n<p>&nbsp;<\/p>\n<p>und offene Bl\u00fcte:<\/p>\n<p><a href=\"http:\/\/egyptianwisdomcenter.org\/wp-content\/uploads\/2019\/02\/ema-ch6-photo6872c-1.jpg\"><img loading=\"lazy\" decoding=\"async\" class=\"wp-image-2806 aligncenter\" src=\"http:\/\/egyptianwisdomcenter.org\/wp-content\/uploads\/2019\/02\/ema-ch6-photo6872c-1.jpg\" alt=\"\" width=\"179\" height=\"203\" \/><\/a><\/p>\n<p>&nbsp;<\/p>\n<p><span style=\"text-decoration: underline;\"><strong>Geometrische Designmuster<\/strong><\/span> sind \u00fcberall, von den Sternendecken.<\/p>\n<p><a href=\"http:\/\/egyptianwisdomcenter.org\/wp-content\/uploads\/2019\/02\/ema-ch6-photo6972c-1.jpg\"><img loading=\"lazy\" decoding=\"async\" class=\"wp-image-2807 aligncenter\" src=\"http:\/\/egyptianwisdomcenter.org\/wp-content\/uploads\/2019\/02\/ema-ch6-photo6972c-1.jpg\" alt=\"\" width=\"272\" height=\"161\" \/><\/a><\/p>\n<p>&nbsp;<\/p>\n<p>Zu allen m\u00f6glichen Mustern in Gr\u00e4bern und Tempeln \u00fcberall in \u00c4gypten \u2013 lange bevor sie ihren Weg nach Europa fanden.<\/p>\n<p><a href=\"http:\/\/egyptianwisdomcenter.org\/wp-content\/uploads\/2019\/02\/ema-ch6-photo7072c-1.jpg\"><img loading=\"lazy\" decoding=\"async\" class=\"wp-image-2808 aligncenter\" src=\"http:\/\/egyptianwisdomcenter.org\/wp-content\/uploads\/2019\/02\/ema-ch6-photo7072c-1.jpg\" alt=\"\" width=\"246\" height=\"125\" \/><\/a><\/p>\n<p><a href=\"http:\/\/egyptianwisdomcenter.org\/wp-content\/uploads\/2019\/02\/ema-ch6-photo7172c-1.jpg\"><img loading=\"lazy\" decoding=\"async\" class=\"wp-image-2809 aligncenter\" src=\"http:\/\/egyptianwisdomcenter.org\/wp-content\/uploads\/2019\/02\/ema-ch6-photo7172c-1.jpg\" alt=\"\" width=\"262\" height=\"170\" \/><\/a><\/p>\n<p><a href=\"http:\/\/egyptianwisdomcenter.org\/wp-content\/uploads\/2019\/02\/ema-ch6-photo7272c-1.jpg\"><img loading=\"lazy\" decoding=\"async\" class=\"wp-image-2810 aligncenter\" src=\"http:\/\/egyptianwisdomcenter.org\/wp-content\/uploads\/2019\/02\/ema-ch6-photo7272c-1.jpg\" alt=\"\" width=\"252\" height=\"224\" \/><\/a><\/p>\n<p><a href=\"http:\/\/egyptianwisdomcenter.org\/wp-content\/uploads\/2019\/02\/ema-ch6-photo7372c-1.jpg\"><img loading=\"lazy\" decoding=\"async\" class=\"wp-image-2812 aligncenter\" src=\"http:\/\/egyptianwisdomcenter.org\/wp-content\/uploads\/2019\/02\/ema-ch6-photo7372c-1.jpg\" alt=\"\" width=\"242\" height=\"161\" \/><\/a><\/p>\n<p><a href=\"http:\/\/egyptianwisdomcenter.org\/wp-content\/uploads\/2019\/02\/ema-ch6-photo7472c-1.jpg\"><img loading=\"lazy\" decoding=\"async\" class=\"wp-image-2813 aligncenter\" src=\"http:\/\/egyptianwisdomcenter.org\/wp-content\/uploads\/2019\/02\/ema-ch6-photo7472c-1.jpg\" alt=\"\" width=\"253\" height=\"129\" \/><\/a><\/p>\n<p><a href=\"http:\/\/egyptianwisdomcenter.org\/wp-content\/uploads\/2019\/02\/ema-ch6-photo7572c-1.jpg\"><img loading=\"lazy\" decoding=\"async\" class=\"wp-image-2814 aligncenter\" src=\"http:\/\/egyptianwisdomcenter.org\/wp-content\/uploads\/2019\/02\/ema-ch6-photo7572c-1.jpg\" alt=\"\" width=\"242\" height=\"230\" \/><\/a><\/p>\n<p><a href=\"http:\/\/egyptianwisdomcenter.org\/wp-content\/uploads\/2019\/02\/ema-ch6-photo7672c-1.jpg\"><img loading=\"lazy\" decoding=\"async\" class=\"wp-image-2815 aligncenter\" src=\"http:\/\/egyptianwisdomcenter.org\/wp-content\/uploads\/2019\/02\/ema-ch6-photo7672c-1.jpg\" alt=\"\" width=\"247\" height=\"164\" \/><\/a><\/p>\n<p>&nbsp;<\/p>\n<p>&nbsp;<\/p>\n<p><span style=\"text-decoration: underline;\"><strong>Figurative Dekorationen<\/strong><\/span> sind an so vielen Orten zu finden.<\/p>\n<p>Der Geier:<\/p>\n<p><a href=\"http:\/\/egyptianwisdomcenter.org\/wp-content\/uploads\/2019\/02\/ema-ch6-photo72c-1.jpg\"><img loading=\"lazy\" decoding=\"async\" class=\"wp-image-2811 aligncenter\" src=\"http:\/\/egyptianwisdomcenter.org\/wp-content\/uploads\/2019\/02\/ema-ch6-photo72c-1.jpg\" alt=\"\" width=\"292\" height=\"158\" \/><\/a><\/p>\n<p>&nbsp;<\/p>\n<p>Hethor tr\u00e4gt ein Sistrum auf dem Kopf:<\/p>\n<p><a href=\"http:\/\/egyptianwisdomcenter.org\/wp-content\/uploads\/2019\/02\/ema-ch6-photo78-72c-1.jpg\"><img loading=\"lazy\" decoding=\"async\" class=\"wp-image-2817 aligncenter\" src=\"http:\/\/egyptianwisdomcenter.org\/wp-content\/uploads\/2019\/02\/ema-ch6-photo78-72c-1.jpg\" alt=\"\" width=\"187\" height=\"251\" \/><\/a><\/p>\n<p>&nbsp;<\/p>\n<p>Die Kobra:<\/p>\n<p><a href=\"http:\/\/egyptianwisdomcenter.org\/wp-content\/uploads\/2019\/02\/ema-ch6-photo7972c-1.jpg\"><img loading=\"lazy\" decoding=\"async\" class=\"wp-image-2818 aligncenter\" src=\"http:\/\/egyptianwisdomcenter.org\/wp-content\/uploads\/2019\/02\/ema-ch6-photo7972c-1.jpg\" alt=\"\" width=\"260\" height=\"141\" \/><\/a><\/p>\n<p>&nbsp;<\/p>\n<p><span style=\"text-decoration: underline;\"><strong>Eine Kombination aus 2 oder allen drei Formen<\/strong><\/span> von Dekorationen \u2013 floral, geometrisch und figurativ.<\/p>\n<p><a href=\"http:\/\/egyptianwisdomcenter.org\/wp-content\/uploads\/2019\/02\/ema-ch6-photo8072c-1.jpg\"><img loading=\"lazy\" decoding=\"async\" class=\"wp-image-2819 aligncenter\" src=\"http:\/\/egyptianwisdomcenter.org\/wp-content\/uploads\/2019\/02\/ema-ch6-photo8072c-1.jpg\" alt=\"\" width=\"272\" height=\"180\" \/><\/a><\/p>\n<p>&nbsp;<\/p>\n<p>Die \u00c4gypter beschr\u00e4nkten sich nicht immer auf die blo\u00dfe Nachahmung nat\u00fcrlicher Schmuckgegenst\u00e4nde.<\/p>\n<p>Ihre Decken und Gesimse bieten zahlreiche anmutige, ausgefallene Elemente; Dazu geh\u00f6ren die Guilloche (f\u00e4lschlicherweise als toskanische Bord\u00fcre bezeichnet), das Chevron und das Scrollmuster.<\/p>\n<p>Diese Gegenst\u00e4nde sind in einem Grab aus der 6. Dynastie zu sehen; Sie waren daher in \u00c4gypten viele Jahrhunderte lang bekannt, bevor sie sp\u00e4ter von den Griechen und R\u00f6mern \u00fcbernommen wurden.<\/p>\n<p><a href=\"http:\/\/egyptianwisdomcenter.org\/wp-content\/uploads\/2019\/02\/ema-ch6-photo76a-72c-1.jpg\"><img loading=\"lazy\" decoding=\"async\" class=\"wp-image-2816 aligncenter\" src=\"http:\/\/egyptianwisdomcenter.org\/wp-content\/uploads\/2019\/02\/ema-ch6-photo76a-72c-1.jpg\" alt=\"\" width=\"205\" height=\"210\" \/><\/a><\/p>\n<p>&nbsp;<\/p>\n<p><span style=\"text-decoration: underline;\"><strong>Guilloche<\/strong><\/span>\u00a0\u2013 Die komplizierteste Form der Guilloche bedeckte mehr als tausend Jahre eine ganze \u00e4gyptische Decke, bevor sie auf den vergleichsweise sp\u00e4ten Objekten dargestellt wurde, die in Ninive gefunden wurden.<\/p>\n<p><a href=\"http:\/\/egyptianwisdomcenter.org\/wp-content\/uploads\/2019\/02\/ema-ch6-photo7472c-1.jpg\"><img loading=\"lazy\" decoding=\"async\" class=\"wp-image-2813 aligncenter\" src=\"http:\/\/egyptianwisdomcenter.org\/wp-content\/uploads\/2019\/02\/ema-ch6-photo7472c-1.jpg\" alt=\"\" width=\"249\" height=\"127\" \/><\/a><\/p>\n<p><a href=\"http:\/\/egyptianwisdomcenter.org\/wp-content\/uploads\/2019\/02\/ema-ch6-photo8072c-1.jpg\"><img loading=\"lazy\" decoding=\"async\" class=\"wp-image-2819 aligncenter\" src=\"http:\/\/egyptianwisdomcenter.org\/wp-content\/uploads\/2019\/02\/ema-ch6-photo8072c-1.jpg\" alt=\"\" width=\"248\" height=\"164\" \/><\/a><\/p>\n<p>&nbsp;<\/p>\n<p><span style=\"text-decoration: underline;\"><strong>Ein Chevron<\/strong><\/span> ist eine Art Ornament, das auch im alten \u00c4gypten h\u00e4ufig vorkommt.<\/p>\n<p><a href=\"http:\/\/egyptianwisdomcenter.org\/wp-content\/uploads\/2019\/02\/ema-ch6-photo7272c-1.jpg\"><img loading=\"lazy\" decoding=\"async\" class=\"wp-image-2810 aligncenter\" src=\"http:\/\/egyptianwisdomcenter.org\/wp-content\/uploads\/2019\/02\/ema-ch6-photo7272c-1.jpg\" alt=\"\" width=\"261\" height=\"232\" \/><\/a><\/p>\n<p><a href=\"http:\/\/egyptianwisdomcenter.org\/wp-content\/uploads\/2019\/02\/ema-ch6-photo7172c-1.jpg\"><img loading=\"lazy\" decoding=\"async\" class=\"wp-image-2809 aligncenter\" src=\"http:\/\/egyptianwisdomcenter.org\/wp-content\/uploads\/2019\/02\/ema-ch6-photo7172c-1.jpg\" alt=\"\" width=\"267\" height=\"173\" \/><\/a><\/p>\n<p><a href=\"http:\/\/egyptianwisdomcenter.org\/wp-content\/uploads\/2019\/02\/ema-ch6-photo8172c-1.jpg\"><img loading=\"lazy\" decoding=\"async\" class=\"wp-image-2820 aligncenter\" src=\"http:\/\/egyptianwisdomcenter.org\/wp-content\/uploads\/2019\/02\/ema-ch6-photo8172c-1.jpg\" alt=\"\" width=\"246\" height=\"364\" \/><\/a><\/p>\n<p>&nbsp;<\/p>\n<p><span style=\"text-decoration: underline;\"><strong>Die Schriftrolle<\/strong><\/span> kommt auch im alten \u00c4gypten vor.<\/p>\n<p><a href=\"http:\/\/egyptianwisdomcenter.org\/wp-content\/uploads\/2019\/02\/ema-ch6-photo6872c-1.jpg\"><img loading=\"lazy\" decoding=\"async\" class=\"wp-image-2806 aligncenter\" src=\"http:\/\/egyptianwisdomcenter.org\/wp-content\/uploads\/2019\/02\/ema-ch6-photo6872c-1.jpg\" alt=\"\" width=\"188\" height=\"213\" \/><\/a><\/p>\n<p>&nbsp;<\/p>\n<p><span style=\"text-decoration: underline;\"><strong>Farben<\/strong><\/span><\/p>\n<p>Farbe war ein wesentlicher Bestandteil der \u00e4gyptischen Architektur.<\/p>\n<p>Wer sich mit der Harmonie der Farben auskennt, wird nicht zugeben, dass die alten \u00c4gypter deren Verteilung und richtige Kombination perfekt verstanden haben.<\/p>\n<p><a href=\"http:\/\/egyptianwisdomcenter.org\/wp-content\/uploads\/2019\/02\/ema-ch6-photo60-72c-1.jpg\"><img loading=\"lazy\" decoding=\"async\" class=\"wp-image-2802 aligncenter\" src=\"http:\/\/egyptianwisdomcenter.org\/wp-content\/uploads\/2019\/02\/ema-ch6-photo60-72c-1.jpg\" alt=\"\" width=\"257\" height=\"211\" \/><\/a><\/p>\n<p><a href=\"http:\/\/egyptianwisdomcenter.org\/wp-content\/uploads\/2019\/02\/ema-ch6-photo8272c-1.jpg\"><img loading=\"lazy\" decoding=\"async\" class=\"wp-image-2821 aligncenter\" src=\"http:\/\/egyptianwisdomcenter.org\/wp-content\/uploads\/2019\/02\/ema-ch6-photo8272c-1.jpg\" alt=\"\" width=\"215\" height=\"266\" \/><\/a><\/p>\n<p>Aber die Wahl der Farben spiegelt \u2013 wie alles andere auch \u2013 das tiefe metaphysische Verst\u00e4ndnis der \u00c4gypter \u00fcber die Bedeutung und Energie jeder Farbe wider, und verschiedene Farben werden aus einer Kombination von Grundfarben abgeleitet.<\/p>\n<p><a href=\"http:\/\/egyptianwisdomcenter.org\/wp-content\/uploads\/2019\/02\/ema-ch6-photo8372c-1.jpg\"><img loading=\"lazy\" decoding=\"async\" class=\"wp-image-2822 aligncenter\" src=\"http:\/\/egyptianwisdomcenter.org\/wp-content\/uploads\/2019\/02\/ema-ch6-photo8372c-1.jpg\" alt=\"\" width=\"205\" height=\"254\" \/><\/a><\/p>\n<p>&nbsp;<\/p>\n<p>Die Decken \u00e4gyptischer Tempel waren blau gestrichen und mit Sternen \u00fcbers\u00e4t, um das Firmament darzustellen (wie in fr\u00fchen europ\u00e4ischen Kirchen); und auf dem Teil \u00fcber dem zentralen Durchgang (durch den der K\u00f6nig und die religi\u00f6sen Prozessionen gingen) befanden sich Geier und andere Embleme; Der gefl\u00fcgelte Globus hat immer seinen Platz \u00fcber den T\u00fcren. Das gesamte Geb\u00e4ude sowie seine Sphinxen und andere Accessoires waren reich bemalt.<\/p>\n<p>&nbsp;<\/p>\n<p><span style=\"color: #ff0000;\"><strong>[Ein Auszug aus <\/strong><\/span><strong>Die alt\u00e4gyptische metaphysische Architektur<\/strong><span style=\"color: #ff0000;\"><strong> von Moustafa Gadalla]<br \/>\n<a href=\"https:\/\/egyptianwisdomcenter.org\/de\/produkt\/die-altaegyptische-metaphysische-architektur-2\/\"><span style=\"color: #0000ff;\">https:\/\/egyptianwisdomcenter.org\/product\/the-ancient-egyptian-metaphysical-architecture\/<\/span><\/a><br \/>\n<\/strong><\/span><\/p>\n<p><img decoding=\"async\" class=\"aligncenter\" src=\"https:\/\/egyptianwisdomcenter.org\/wp-content\/uploads\/2023\/01\/die-altagyptische-metaphysische-architektur-1.jpg\" \/><\/p>\n<p style=\"text-align: center;\"><a href=\"https:\/\/egyptianwisdomcenter.org\/de\/produkt\/die-altaegyptische-metaphysische-architektur-2\/\"><span style=\"color: #ff0000;\"><strong><span style=\"color: #0000ff;\">https:\/\/egyptianwisdomcenter.org\/product\/the-ancient-egyptian-metaphysical-architecture\/<\/span><\/strong><\/span><\/a><\/p>\n<div dir=\"auto\"><\/div>","protected":false},"excerpt":{"rendered":"<p>Stylistic Egyptian Architectural Details &nbsp; Several stylistic architectural features were also used in Ancient Egypt, such as: Architrave \u2013 The architrave was [&hellip;]<\/p>","protected":false},"author":3,"featured_media":0,"parent":0,"menu_order":0,"comment_status":"closed","ping_status":"closed","template":"","meta":{"footnotes":""},"class_list":["post-299","page","type-page","status-publish","hentry"],"aioseo_notices":[],"_links":{"self":[{"href":"https:\/\/egyptianwisdomcenter.org\/de\/wp-json\/wp\/v2\/pages\/299","targetHints":{"allow":["GET"]}}],"collection":[{"href":"https:\/\/egyptianwisdomcenter.org\/de\/wp-json\/wp\/v2\/pages"}],"about":[{"href":"https:\/\/egyptianwisdomcenter.org\/de\/wp-json\/wp\/v2\/types\/page"}],"author":[{"embeddable":true,"href":"https:\/\/egyptianwisdomcenter.org\/de\/wp-json\/wp\/v2\/users\/3"}],"replies":[{"embeddable":true,"href":"https:\/\/egyptianwisdomcenter.org\/de\/wp-json\/wp\/v2\/comments?post=299"}],"version-history":[{"count":0,"href":"https:\/\/egyptianwisdomcenter.org\/de\/wp-json\/wp\/v2\/pages\/299\/revisions"}],"wp:attachment":[{"href":"https:\/\/egyptianwisdomcenter.org\/de\/wp-json\/wp\/v2\/media?parent=299"}],"curies":[{"name":"wp","href":"https:\/\/api.w.org\/{rel}","templated":true}]}}