{"id":324,"date":"2018-11-02T00:00:00","date_gmt":"2018-11-02T04:00:00","guid":{"rendered":"http:\/\/egyptianwisdomcenter.org\/pyramid-power\/"},"modified":"2023-01-03T01:35:37","modified_gmt":"2023-01-03T06:35:37","slug":"pyramid-power-2","status":"publish","type":"page","link":"https:\/\/egyptianwisdomcenter.org\/de\/pyramidenkraft-2\/","title":{"rendered":"Pyramidenkraft"},"content":{"rendered":"<h2 style=\"text-align: center;\"><span style=\"color: #ff0000;\"><strong>Pyramidenkraft<\/strong><\/span><\/h2>\n<p>&nbsp;<\/p>\n<p>Viele Forscher fanden heraus, dass die Pyramidenform eine Eigenschaft besitzt, die ihr au\u00dfergew\u00f6hnliche Kr\u00e4fte verleiht. Sie experimentierten mit verschiedenen Gegenst\u00e4nden, indem sie jeden Gegenstand an der entsprechenden Position des \u201eK\u00f6nigszimmers\u201c in einem ma\u00dfstabsgetreuen Modell einer korrekt ausgerichteten Pyramide platzierten. Sie fanden heraus, dass leicht verderbliche Materialien erhalten blieben, stumpfe, altmodische Rasierklingen aus Kohlenstoffstahl nach einer \u00dcbernachtung ihre scharfen Kanten wiedererlangten usw. Viele kamen zu dem Schluss, dass die Pyramidenform selbst daf\u00fcr verantwortlich war und irgendwie die physikalischen, chemischen und biologischen Eigenschaften ver\u00e4nderte Prozesse, die innerhalb dieser Form stattfinden k\u00f6nnten. Dieses Experiment f\u00fchrte zu dem Ph\u00e4nomen, das als \u201ePyramidenkraft\u201c bekannt ist.<\/p>\n<p>Man sp\u00fcrt die Kraft dieser \u00e4gyptischen Pyramiden sowohl innerhalb als auch au\u00dferhalb, da ihre Konfigurationen harmonisch proportioniert sind.<\/p>\n<p>Die Pyramiden hatten harmonische Proportionen, um auf die gleiche Weise zu funktionieren\/funktionieren <em>Gew\u00e4chsh\u00e4user<\/em> \u2013 also bestimmte Energien anzuziehen und zu behalten. Im Fall der \u00e4gyptischen Pyramide sollte sie \u201edie\u201c hei\u00dfen <em>blaues Haus <\/em>Wirkung.<\/p>\n<p>Beim Treibhauseffekt handelt es sich um die Speicherung der W\u00e4rme des Sonnenlichts an der Erdoberfl\u00e4che, verursacht durch atmosph\u00e4risches Kohlendioxid, das kurzwellige Strahlung durchl\u00e4sst, aber die von der Erde emittierte langwellige Strahlung absorbiert.<\/p>\n<p>Im Fall der <em>blaues Haus <\/em>Dadurch bleibt die Orgonenergie im Geb\u00e4ude erhalten. Orgon kommt aus dem Weltraum. Es ist das, was die Sterne funkeln und den Himmel blau machen l\u00e4sst.<\/p>\n<p>Orgon kann angesammelt werden, indem man eine Kiste baut, die au\u00dfen aus Holz und innen aus Eisenblech besteht. Das organische Material l\u00e4sst das Orgon durch und das Metallinnere reflektiert es.<\/p>\n<p>Dieser Zustand\/dieses Ph\u00e4nomen k\u00f6nnte daher als das bezeichnet werden <em>blaues Haus <\/em>Wirkung. In einer solchen Box sammeln sich ungew\u00f6hnlich hohe Konzentrationen an Psi-Org-Energie an.<\/p>\n<p>Psi-org kombiniert Abk\u00fcrzungen f\u00fcr psychische und Orgonenergie. Es sind unterschiedliche Namen f\u00fcr dieselbe Kraft. Das Psi-Feld, das die menschliche Aura erzeugt und f\u00fcr alle psychischen Kr\u00e4fte verantwortlich ist, ist nichts anderes als das, was Wilhelm Reich, Freuds umstrittener \u00f6sterreichischer Sch\u00fcler, \u201eOrgonenergie\u201c nannte.<\/p>\n<p>Die \u00c4gypter wussten alles \u00fcber Psi-Org-Energie, weil sie sie nutzten. Die alten \u00c4gypter waren die ersten, die entdeckten, dass die Form einer wohlproportionierten Pyramide die Psi-Org-Energie konzentrieren kann.<\/p>\n<p>Der Blauhauseffekt verst\u00e4rkt sich drastisch, wenn die Oberfl\u00e4che der Pyramide laminiert wird.<\/p>\n<p>Fr\u00fche Historiker und Reisende erz\u00e4hlten uns, wie die Verkleidungssteine der Pyramiden einst gl\u00e4nzten. Im und nach dem 13. Jahrhundert wurden Verkleidungssteine abgebaut, um Moscheen und Pal\u00e4ste zu bauen oder Kalk zu verbrennen.<\/p>\n<p>Der Test dieser Art von Energie wurde von Dr. Harald Puton durchgef\u00fchrt, einem sehr kompetenten belgischen Physiker, der herausfand, dass jede Form von Psi-Energie erh\u00f6ht wird, wenn man unter einer solchen harmonisch proportionierten Pyramide sitzt. Eine solche Person ist telepathischer, hellsichtiger und pr\u00e4kognitiver. Unter diesen Bedingungen ist es einfacher, au\u00dferk\u00f6rperliche Erfahrungen zu initiieren. Dar\u00fcber hinaus ist die Aura des K\u00f6rpers innerhalb einer Pyramide intensiver.<\/p>\n<p style=\"text-align: center;\">\u0394 \u0394 \u0394<\/p>\n<p><span style=\"text-decoration: underline;\"><strong>Die Energiekan\u00e4le im Inneren der Pyramiden<\/strong><\/span><\/p>\n<p>Wie bereits erw\u00e4hnt, haben die echten massiven Steinpyramiden \u00c4gyptens enge G\u00e4nge und einige leere R\u00e4ume, in denen keinerlei Grabinschriften und -elemente fehlen.<\/p>\n<p>Das Innere dieser wahrhaft geformten, massiven Pyramiden ist im Grunde ein Netzwerk aus Energiekan\u00e4len. Ein solches Energienetz besteht aus leeren R\u00e4umen, engen G\u00e4ngen, gro\u00dfen G\u00e4ngen, steilen H\u00e4ngen, leeren W\u00e4nden, glatten Fl\u00e4chen usw.<\/p>\n<p>&nbsp;<\/p>\n<p><span style=\"color: #ff0000;\"><strong>[Ein Auszug aus <\/strong><\/span><strong>Die \u00e4gyptischen Pyramiden erneut besucht<\/strong><span style=\"color: #ff0000;\"><strong> von Moustafa Gadalla]<br \/>\n<a href=\"https:\/\/egyptianwisdomcenter.org\/de\/produkt\/eine-neue-betrachtung-der-aegyptischen-pyramiden-2\/\"><span style=\"color: #0000ff;\">https:\/\/egyptianwisdomcenter.org\/product\/eine-neue-betrachtung-der-aegyptischen-pyramiden\/<\/span><\/a><br \/>\n<\/strong><\/span><\/p>\n<p><img decoding=\"async\" class=\"aligncenter\" src=\"https:\/\/egyptianwisdomcenter.org\/wp-content\/uploads\/2023\/01\/eine-neue-betrachtung-der-agyptischen-pyramiden-1.jpg\" \/><\/p>\n<p style=\"text-align: center;\"><a href=\"https:\/\/egyptianwisdomcenter.org\/de\/produkt\/eine-neue-betrachtung-der-aegyptischen-pyramiden-2\/\"><span style=\"color: #ff0000;\"><strong><span style=\"color: #0000ff;\">https:\/\/egyptianwisdomcenter.org\/product\/eine-neue-betrachtung-der-aegyptischen-pyramiden\/<\/span><\/strong><\/span><\/a><\/p>\n<div dir=\"auto\"><\/div>","protected":false},"excerpt":{"rendered":"<p>Pyramid Power &nbsp; Many researchers found that there was some property in the pyramidal shape that made it responsible for extraordinary powers. [&hellip;]<\/p>","protected":false},"author":3,"featured_media":0,"parent":0,"menu_order":0,"comment_status":"closed","ping_status":"closed","template":"","meta":{"footnotes":""},"class_list":["post-324","page","type-page","status-publish","hentry"],"aioseo_notices":[],"_links":{"self":[{"href":"https:\/\/egyptianwisdomcenter.org\/de\/wp-json\/wp\/v2\/pages\/324","targetHints":{"allow":["GET"]}}],"collection":[{"href":"https:\/\/egyptianwisdomcenter.org\/de\/wp-json\/wp\/v2\/pages"}],"about":[{"href":"https:\/\/egyptianwisdomcenter.org\/de\/wp-json\/wp\/v2\/types\/page"}],"author":[{"embeddable":true,"href":"https:\/\/egyptianwisdomcenter.org\/de\/wp-json\/wp\/v2\/users\/3"}],"replies":[{"embeddable":true,"href":"https:\/\/egyptianwisdomcenter.org\/de\/wp-json\/wp\/v2\/comments?post=324"}],"version-history":[{"count":0,"href":"https:\/\/egyptianwisdomcenter.org\/de\/wp-json\/wp\/v2\/pages\/324\/revisions"}],"wp:attachment":[{"href":"https:\/\/egyptianwisdomcenter.org\/de\/wp-json\/wp\/v2\/media?parent=324"}],"curies":[{"name":"wp","href":"https:\/\/api.w.org\/{rel}","templated":true}]}}