{"id":3244,"date":"2019-03-02T13:28:52","date_gmt":"2019-03-02T18:28:52","guid":{"rendered":"https:\/\/egyptianwisdomcenter.org\/las-tecnicas-de-cultivo-superior-egipcio-antiguo\/"},"modified":"2022-12-27T13:36:13","modified_gmt":"2022-12-27T18:36:13","slug":"las-tecnicas-de-cultivo-superior-egipcio-antiguo","status":"publish","type":"page","link":"https:\/\/egyptianwisdomcenter.org\/de\/las-tecnicas-de-cultivo-superior-egipcio-antiguo\/","title":{"rendered":"Las t\u00e9cnicas de cultivo superior egipcio antiguo"},"content":{"rendered":"<h2 style=\"text-align: center;\"><span style=\"color: #ff0000;\"><strong>Las t\u00e9cnicas de cultivo superior egipcio antiguo<\/strong><\/span><\/h2>\n<p>&nbsp;<\/p>\n<p>Egipto es (y era) una de las zonas m\u00e1s \u00e1ridas del mundo. En Egipto el r\u00edo Nilo recib\u00eda el 90% de su agua durante el per\u00edodo de 100 d\u00edas de inundaciones cada a\u00f1o, como atestigu\u00f3 Her\u00f3doto, en <em>La Historia<\/em>, [II, 92], donde afirmaba:<\/p>\n<p style=\"padding-left: 30px;\"><em><strong>&#8230;\u00bfPor qu\u00e9 el Nilo sale de madre en el solsticio del verano? \u00bfpor qu\u00e9 dura cien d\u00edas en su inundaci\u00f3n? \u00bfpor qu\u00e9 menguado otra vez se retira al antiguo cauce, y mantiene bajo su corriente por todo el invierno, hasta el solsticio del est\u00edo venidero?<\/strong><\/em><\/p>\n<p>Las aguas de inundaciones del Nilo se producen por la temporada de lluvias de Etiop\u00eda, que erosiona el limo de las tierras altas de Etiop\u00eda y las transporta hacia Egipto a trav\u00e9s del Nilo Azul y otros afluentes. Una cantidad no apreciable de agua llega a Egipto a trav\u00e9s del Nilo Blanco que parte desde \u00c1frica Central.<\/p>\n<p>Los antiguos egipcios gestionaban sus recursos limitados de agua de manera eficiente, y llegaron a ser los mejores agricultores de clima seco del mundo. El Antiguo Egipto era reconocido en todo el mundo por sus t\u00e9cnicas agr\u00edcolas y de riego de clima seco. Diodoro habl\u00f3 sobre este eficiente sistema agr\u00edcola,<\/p>\n<p style=\"padding-left: 30px;\"><strong><em>&#8230;criados desde ni\u00f1os en las labores agr\u00edcolas, aventajan mucho en experiencia a los campesinos de los otros pueblos: conocen m\u00e1s exactamente que todos la naturaleza de la tierra, el riego del agua y tambi\u00e9n los momentos de la siembra, de la siega y de las dem\u00e1s recolecciones de cosechas, tras haber aprendido unas cosas de la observaci\u00f3n de sus antepasados e instruidos en otras por su propia experienda. <\/em><\/strong><\/p>\n<p>Se constituyeron varias entidades por todo el Valle del Nilo para gestionar las abundantes aguas de inundaciones que hac\u00edan observaciones, mediciones y regulaciones del caudal de agua a todo el Valle del Nilo. Como consecuencia de ello, se desarroll\u00f3 un sistema de riego comunitario muy organizado que se utiliza desde tiempos inmemoriales.<\/p>\n<p>Los recursos limitados de agua disponible en el Antiguo Egipto se gestionaban del modo m\u00e1s eficiente al utilizar m\u00e9todos organizados de conservaci\u00f3n y desviaci\u00f3n de agua. Seg\u00fan Estrab\u00f3n, el sistema de riego comunitario egipcio estaba admirablemente gestionado,<\/p>\n<p style=\"padding-left: 30px;\"><em><strong>&#8230;ese arte consigui\u00f3 a veces proporcionar lo que negaba la naturaleza, y, mediante canales y diques, hab\u00eda peque\u00f1a diferencia en la cantidad de tierra regada, ya fuera la inundaci\u00f3n deficiente o abundante.<\/strong><\/em><\/p>\n<p>Los antiguos egipcios hicieron observaciones precisas del crecimiento de la cota del Nilo durante la temporada de inundaciones. Los nil\u00f3metros, dispositivos utilizados para medir el ascenso y descenso gradual del Nilo, se construyeron en varias partes de Egipto, e informaban y registraban las fluctuaciones de la superficie del agua. Las elevaciones en los nil\u00f3metros en todo Egipto se vinculaban todas a un dato comunitario \u00fanico. Funcionarios expertos controlaban la regulaci\u00f3n de las cantidades y duraci\u00f3n del caudal de agua a una altura y duraci\u00f3n determinada. Diodoro, en su <em>Libro I<\/em> [19, 5-6], afirma:<\/p>\n<p style=\"padding-left: 30px;\"><em><strong>&#8230;en \u00e9poca de inundaci\u00f3n no se pueden formar pozas estancadas sobre la tierra en perjuicio suyo, sino que el agua de la inundaci\u00f3n puede dejarse sobre el campo, en un flujo ligero en la cantidad que se pueda necesitar, mediante puertas que ellos [los egipcios] han construido.<\/strong><\/em><\/p>\n<p>El agua de la inundaci\u00f3n se gestionaba de manera distinta en varios distritos. Depend\u00eda de muchos factores, como las alturas\/cotas de las tierras contiguas, y las cosechas de las que dispon\u00edan para cultivar en ese momento, etc.<\/p>\n<p>Los antiguos egipcios conoc\u00edan los diferentes tipos de suelo, para producir diferentes productos agr\u00edcolas. Incluso se aprovechaban del l\u00edmite del desierto, donde los suelos son una mezcla de arcilla y arena, para cultivar la vid y algunas otras plantas, que eran adecuadas para estos suelos.<\/p>\n<p>Aparte de la mezcla de tierra nitrosa que se nutr\u00eda con limo de las colinas de Etiop\u00eda, los egipcios utilizaban nutrientes de suelo adicionales, como fertilizantes naturales, esti\u00e9rcol de diferentes animales y aves, con diferentes fines. Adem\u00e1s, los antiguos egipcios tambi\u00e9n utilizaban fertilizantes \u201cqu\u00edmicos\u201d, que se esparc\u00eda sobre las superficies. Estos se utilizaban para determinados cultivos, especialmente aquellos de cultivo tard\u00edo en el a\u00f1o.<\/p>\n<p>Los antiguos egipcios no solo suministraban agua a las tierras bajas, sino que pod\u00edan irrigar las tierras que estaban demasiado lejos del r\u00edo para anegarse directamente por \u00e9l. Para alcanzar todo el camino hacia las arenas del desierto, utilizaban un sistema de canales y dispositivos de elevaci\u00f3n de agua. En el Antiguo Egipto, el agua se elevaba a canales superiores utilizando:<\/p>\n<p style=\"padding-left: 30px;\">1. El <em>cigo\u00f1al<\/em>, el modo normal de elevar el agua del Nilo o de los canales de alimentaci\u00f3n para una cantidad peque\u00f1a de agua. Consta b\u00e1sicamente de una p\u00e9rtiga y un cubo.<\/p>\n<p style=\"padding-left: 30px;\">2. La m\u00e1quina de pie (bomba) mencionada por Fil\u00f3n, que se repite en el <em>Deuteronomio<\/em> [xi, 40].<\/p>\n<p style=\"padding-left: 60px;\"><em><strong>La tierra a la cual entras para tomarla <\/strong><\/em><strong><em>en posesi\u00f3n<\/em> <em>no es como la tierra de Egipto de donde has salido, donde sembrabas tu semilla, y la regabas con tu pie, como a huerto de hortaliza.<\/em><\/strong><\/p>\n<p style=\"padding-left: 30px;\">3. El tornillo hidr\u00e1ulico, las bombas de agua egipcias fueron famosas en todo el mundo, y se utilizaron en las actividades mineras de Iberia, seg\u00fan el siguiente testimonio de Estrab\u00f3n, <em>Geograf\u00eda<\/em>, [3.2.9]:<\/p>\n<p style=\"padding-left: 60px;\"><em><strong>Y Posidonio supone que la industria y la energ\u00eda de \u00e9stos [los turdetanos] es semejante, por cuanto abren sinuosas y profundas galer\u00edas, reduciendo a menudo <span style=\"text-decoration: underline;\">las corrientes que ellas encuentran, por medio de los tornillos egipcios.<\/span><\/strong><\/em><\/p>\n<p style=\"padding-left: 30px;\"><span lang=\"ES\">El \u201ctornillo egipcio\u201d se dise\u00f1o y fabric\u00f3 con el mismo principio que nuestras bombas actuales, que consiste en un tubo espiral enrollado sobre un eje, o un tornillo grande en un cilindro, girado a mano o por medios mec\u00e1nicos. En el Egipto actual, el de tipo impulsado manualmente es conocido com\u00fanmente como el <em>tambor<\/em>.<\/span><\/p>\n<p style=\"padding-left: 30px;\">4. La noria, con sus palas para coger el agua de los r\u00edos y dispersarla a canales de riego. Son eficientes para suministrar agua a los niveles superiores y por lo tanto pueden encontrarse en lugares como el Oasis Fay\u00fan, al sur de El Cairo.<\/p>\n<p class=\"NormaleWeb\" style=\"text-align: justify; line-height: 24.5pt; margin: 0in 0in 27.0pt 0in;\"><span lang=\"ES\">Las obras hidr\u00e1ulicas del Antiguo Egipto y los proyectos de recuperaci\u00f3n de tierras eran enormes, incluso para los est\u00e1ndares actuales de proyectos que utilizan maquinaria pesada. A continuaci\u00f3n destacamos algunos ejemplos:<\/span><\/p>\n<p style=\"padding-left: 30px;\">1. <span lang=\"ES\">Hace 4.000 a\u00f1os se realiz\u00f3 un importante proyecto de desviaci\u00f3n de v\u00eda fluvial. El proyecto comenz\u00f3 en el actual Asiut, donde una gran cantidad de aguas del Nilo se hizo llegar a la regi\u00f3n del actual Fay\u00fan, ubicado a 100 kil\u00f3metros al suroeste de El Cairo. El Oasis Fay\u00fan se halla bajo el nivel del mar, e incluye el lago Karun. El lago era originariamente utilizado como una cuenca hidrogr\u00e1fica para el desbordamiento del Nilo, y una vez llenada toda la regi\u00f3n. Esta agua llevaba consigo y depositaba, el f\u00e9rtil limo del Nilo en el fondo del lecho del lago. Este antiguo proyecto principal caus\u00f3 la desviaci\u00f3n de millones de galones de agua que se desperdiciaban por la regi\u00f3n de Fay\u00fan. El caudal de agua al lago se redujo. A ra\u00edz de ello, se recuper\u00f3 cerca del 80% de la zona del lago original y se cultiv\u00f3 su rico suelo. Por este afluente del Nilo se utilizaron diferentes norias para elevar el agua a las orillas. Asimismo, se dispon\u00eda de m\u00e1s agua en el norte del Valle del Nilo de Asiut, aumentando las tierras cultivables.<\/span><\/p>\n<p style=\"padding-left: 30px;\">2. <span lang=\"ES\">Existen evidencias arqueol\u00f3gicas de importantes proyectos p\u00fablicos en la Semna actual, durante la \u00e9poca del Rey Sesostris III [1878\u20131844 AEC]. La zona de Semna, por encima de la tercera catarata, era f\u00e9rtil y soportaba una gran poblaci\u00f3n. Durante el Reino Medio, una presa artificial bloque\u00f3 el cauce. Actualmente, todav\u00eda es visible una parte de esta presa, en Semna Oriental. La construcci\u00f3n de la presa elev\u00f3 el nivel del Nilo a lo largo de cientos de millas al sur, permitiendo que expediciones comerciales navegaran lejos al interior de \u00c1frica. Existen cerca de 25 inscripciones en las rocas por debajo del cauce en las fortalezas de Semna Oriental y Semna Occidental. Estas reflejan los niveles de las inundaciones del Nilo registrados durante el Reino Medio, y todas ellas muestran un nivel cercano a 8 metros superior a los actuales niveles de agua m\u00e1ximos.<\/span><\/p>\n<p>&nbsp;<\/p>\n<p><span style=\"color: #ff0000;\"><strong>[Un extracto de La Cultura Revelada Del Antiguo Egipto, Segunda edicion <\/strong><\/span><span style=\"color: #ff0000;\"><strong>por Moustafa Gadalla]<\/strong><\/span><\/p>\n<p><img decoding=\"async\" class=\"aligncenter\" src=\"https:\/\/egypt-tehuti.org\/wp-content\/uploads\/2017\/11\/spanish-2-e1514402470988-225x338.jpg\" \/><\/p>\n<p>&nbsp;<\/p>\n<div dir=\"auto\">Puntos de venta de libros:<\/div>\n<div dir=\"auto\">A &#8211; Los libros de bolsillo impresos est\u00e1n disponibles en\u00a0<a tabindex=\"0\" role=\"link\" href=\"https:\/\/www.amazon.com\/Cultura-Revelada-Antiguo-Egipto-Spanish\/dp\/1522021671\/ref=tmm_pap_swatch_0?_encoding=UTF8&amp;qid=1629217271&amp;sr=8-1\" target=\"_blank\" rel=\"noopener noreferrer\" data-auth=\"NotApplicable\" data-linkindex=\"8\">Amazon.com<\/a><\/div>\n<div dir=\"auto\">B &#8211; Audiolibro est\u00e1 disponible en\u00a0<a tabindex=\"0\" role=\"link\" href=\"https:\/\/www.amazon.com\/La-Cultura-Revelada-Antiguo-Egipto\/dp\/B07KPNKNM7\/ref=tmm_aud_swatch_0?_encoding=UTF8&amp;qid=1629217271&amp;sr=8-1\" target=\"_blank\" rel=\"noopener noreferrer\" data-auth=\"NotApplicable\" data-linkindex=\"9\">Amazon.com<\/a>,\u00a0<a tabindex=\"0\" role=\"link\" href=\"https:\/\/www.kobo.com\/us\/en\/audiobook\/la-cultura-revelada-del-antiguo-egipto-3\" target=\"_blank\" rel=\"noopener noreferrer\" data-auth=\"NotApplicable\" data-linkindex=\"10\">kobo.com<\/a>, etc.<\/div>\n<div dir=\"auto\">C: el formato PDF est\u00e1 disponible en\u00a0<a tabindex=\"0\" role=\"link\" href=\"https:\/\/www.smashwords.com\/books\/view\/730468\" target=\"_blank\" rel=\"noopener noreferrer\" data-auth=\"NotApplicable\" data-linkindex=\"11\">Smashwords.com<\/a><\/div>\n<div dir=\"auto\">D &#8211; El formato Epub est\u00e1 disponible en\u00a0<a tabindex=\"0\" role=\"link\" href=\"https:\/\/www.kobo.com\/us\/en\/ebook\/la-cultura-revelada-del-antiguo-egipto-2\" target=\"_blank\" rel=\"noopener noreferrer\" data-auth=\"NotApplicable\" data-linkindex=\"12\">Kobo.com<\/a>, Apple en\u00a0<a tabindex=\"0\" role=\"link\" href=\"https:\/\/books.apple.com\/us\/book\/la-cultura-revelada-del-antiguo-egipto\/id1573633333\" target=\"_blank\" rel=\"noopener noreferrer\" data-auth=\"NotApplicable\" data-linkindex=\"13\">https:\/\/books.apple.com\/us\/author\/moustafa-gadalla\/id578894528<\/a>\u00a0y\u00a0<a tabindex=\"0\" role=\"link\" href=\"https:\/\/www.smashwords.com\/books\/view\/730468\" target=\"_blank\" rel=\"noopener noreferrer\" data-auth=\"NotApplicable\" data-linkindex=\"14\">Smashwords.com<\/a><\/div>\n<div dir=\"auto\">E: el formato Mobi est\u00e1 disponible en\u00a0<a tabindex=\"0\" role=\"link\" href=\"https:\/\/www.amazon.com\/La-Cultura-Revelada-Antiguo-Egipto\/dp\/B07KPNKNM7\/ref=tmm_aud_swatch_0?_encoding=UTF8&amp;qid=1629217271&amp;sr=8-1\" target=\"_blank\" rel=\"noopener noreferrer\" data-auth=\"NotApplicable\" data-linkindex=\"15\">Amazon.com<\/a>\u00a0y\u00a0<a tabindex=\"0\" role=\"link\" href=\"https:\/\/www.smashwords.com\/books\/view\/730468\" target=\"_blank\" rel=\"noopener noreferrer\" data-auth=\"NotApplicable\" data-linkindex=\"16\">Smashwords.com<\/a><\/div>\n","protected":false},"excerpt":{"rendered":"<p>Las t\u00e9cnicas de cultivo superior egipcio antiguo &nbsp; Egipto es (y era) una de las zonas m\u00e1s \u00e1ridas del mundo. En Egipto [&hellip;]<\/p>\n","protected":false},"author":3,"featured_media":0,"parent":0,"menu_order":0,"comment_status":"closed","ping_status":"closed","template":"","meta":{"_monsterinsights_skip_tracking":false,"_monsterinsights_sitenote_active":false,"_monsterinsights_sitenote_note":"","_monsterinsights_sitenote_category":0,"footnotes":""},"class_list":["post-3244","page","type-page","status-publish","hentry"],"aioseo_notices":[],"_links":{"self":[{"href":"https:\/\/egyptianwisdomcenter.org\/de\/wp-json\/wp\/v2\/pages\/3244","targetHints":{"allow":["GET"]}}],"collection":[{"href":"https:\/\/egyptianwisdomcenter.org\/de\/wp-json\/wp\/v2\/pages"}],"about":[{"href":"https:\/\/egyptianwisdomcenter.org\/de\/wp-json\/wp\/v2\/types\/page"}],"author":[{"embeddable":true,"href":"https:\/\/egyptianwisdomcenter.org\/de\/wp-json\/wp\/v2\/users\/3"}],"replies":[{"embeddable":true,"href":"https:\/\/egyptianwisdomcenter.org\/de\/wp-json\/wp\/v2\/comments?post=3244"}],"version-history":[{"count":0,"href":"https:\/\/egyptianwisdomcenter.org\/de\/wp-json\/wp\/v2\/pages\/3244\/revisions"}],"wp:attachment":[{"href":"https:\/\/egyptianwisdomcenter.org\/de\/wp-json\/wp\/v2\/media?parent=3244"}],"curies":[{"name":"wp","href":"https:\/\/api.w.org\/{rel}","templated":true}]}}