{"id":326,"date":"2018-11-02T00:00:00","date_gmt":"2018-11-02T04:00:00","guid":{"rendered":"http:\/\/egyptianwisdomcenter.org\/the-flawed-common-construction-theory-of-the-pyramids\/"},"modified":"2023-01-03T01:36:24","modified_gmt":"2023-01-03T06:36:24","slug":"the-flawed-common-construction-theory-of-the-pyramids-2","status":"publish","type":"page","link":"https:\/\/egyptianwisdomcenter.org\/de\/die-fehlerhafte-allgemeine-konstruktionstheorie-der-pyramiden-2\/","title":{"rendered":"Die fehlerhafte \u201egemeinsame Konstruktionstheorie\u201c der Pyramiden"},"content":{"rendered":"<h2 style=\"text-align: center;\"><span style=\"color: #0000ff;\">Die fehlerhafte \u201egemeinsame Konstruktionstheorie\u201c der Pyramiden<\/span><\/h2>\n<p>&nbsp;<\/p>\n<h3><span style=\"color: #ff0000;\"><strong>1. Die gemeinsame \u201eTheorie\u201c<\/strong><\/span><\/h3>\n<p>Viele akademische \u00c4gyptologen behaupten, dass es keine alt\u00e4gyptischen Aufzeichnungen aus irgendeiner Zeit gibt, die beschreiben, wie die Pyramiden gebaut wurden. Ihr Fehler besteht darin, dass sie die Konstruktionsmethode im Voraus festgelegt haben und nur nach Aufzeichnungen suchen, um ihre vorgefasste Theorie zu best\u00e4tigen. Deshalb erfanden sie eine Theorie. Ihre \u201eerfundene\u201c Theorie lautet:<\/p>\n<p style=\"padding-left: 30px;\">A. Die Bl\u00f6cke der Pyramide bestehen aus zwei Arten:<\/p>\n<p style=\"padding-left: 60px;\">ich. Die Kernbl\u00f6cke wurden gr\u00f6\u00dftenteils aus lokalen Kalksteinbl\u00f6cken gebaut und mit einer hauchd\u00fcnnen M\u00f6rtelschicht zementiert.<\/p>\n<p style=\"padding-left: 60px;\">ii. Eine Au\u00dfenh\u00fclle aus Steinen aus feink\u00f6rnigem Kalkstein, die in Tura am Ostufer des Nils abgebaut und \u00fcber den Nil zur Fundstelle transportiert wurden.<\/p>\n<p><a href=\"http:\/\/egyptianwisdomcenter.org\/wp-content\/uploads\/2019\/02\/epr-ph-49bot-72c.jpg\"><img decoding=\"async\" class=\"size-full wp-image-1527 aligncenter\" src=\"http:\/\/egyptianwisdomcenter.org\/wp-content\/uploads\/2019\/02\/epr-ph-49bot-72c.jpg\" alt=\"\" width=\"216\" height=\"112\" \/><\/a><\/p>\n<p>&nbsp;<\/p>\n<p style=\"padding-left: 30px;\">B. Um die Steinbl\u00f6cke zu schneiden und zu formen, verwendeten die \u00c4gypter Folgendes:<\/p>\n<p style=\"padding-left: 60px;\">ich. Kupfermei\u00dfel und m\u00f6glicherweise Eisenwerkzeuge<\/p>\n<p style=\"padding-left: 60px;\">ii. Feuerstein-, Quarz- und Dioritstampfer<\/p>\n<p style=\"padding-left: 60px;\">iii. gro\u00dfe Brecheisen aus Holz<\/p>\n<p style=\"padding-left: 30px;\">C. Zum Transport der Steinbl\u00f6cke nutzten sie Holzschlitten und Rollen. Dann wurden die \u201eabgebauten\u201c Steine \u00fcber provisorische Rampen hochgeschleppt, deren H\u00f6he und L\u00e4nge zunahmen, je weiter sie auf die aufeinanderfolgenden Ebenen der Pyramide angehoben wurden.<\/p>\n<h3><strong>A. Die unbekannte \u201eQuelle\u201c abgebauter Bl\u00f6cke<\/strong><\/h3>\n<p>Betrachten wir die folgenden unbestrittenen Fakten \u00fcber die Khufu-Pyramide (Cheops) von Gizeh. [\u00c4hnliche Tatsachen wie die hier genannten gelten auch f\u00fcr alle gemauerten Pyramiden.]<\/p>\n<p class=\"hanging-indent\" style=\"padding-left: 30px;\">1. Die Gro\u00dfe Pyramide enth\u00e4lt etwa 2,6 Millionen Bausteine mit einem Gewicht von jeweils zwei bis siebzig Tonnen.<\/p>\n<p class=\"hanging-indent\" style=\"padding-left: 30px;\">2. Fast keiner der Pyramidenbl\u00f6cke passt chemisch oder mineralogisch zum Grundgestein von Gizeh.<\/p>\n<p class=\"hanging-indent\" style=\"padding-left: 30px;\">3. Das Grundgestein des Giza Palteau besteht aus Schichten, w\u00e4hrend die Pyramidenbl\u00f6cke keine Schichten enthalten.<\/p>\n<p class=\"hanging-indent\" style=\"padding-left: 30px;\">4. Schichten und Defekte machen es unm\u00f6glich, Steine auf vollkommen gleichm\u00e4\u00dfige Abmessungen zu schneiden.<\/p>\n<p class=\"hanging-indent\" style=\"padding-left: 30px;\">5. \u00dcber den Ursprung der Pyramidenbl\u00f6cke sind sich Geologen und Geochemiker nicht einig. Dies allein widerlegt die verbreitete Theorie, dass das Kernmauerwerk der Pyramide aus lokalem Grundgestein abgebaut wurde.<\/p>\n<p class=\"hanging-indent\" style=\"padding-left: 30px;\">6. Naturstein besteht aus fossilen Schalen, die durch die Bildung von Sedimentschichten des Grundgesteins \u00fcber Millionen von Jahren horizontal oder flach im Grundgestein liegen. Die Bl\u00f6cke der gemauerten Pyramiden \u00c4gyptens weisen durcheinandergebrachte Muscheln auf, was auf k\u00fcnstlichen Kunststein hinweist. In jedem Beton sind die Zuschlagstoffe durcheinander, so dass Gussbeton keine Sedimentschichten aufweist. Diese Pyramiden bestanden im Wesentlichen aus fossilem Muschelkalk, einem heterogenen Material, das nur sehr schwer pr\u00e4zise zu schneiden ist.<\/p>\n<p class=\"hanging-indent\" style=\"padding-left: 30px;\">7. Die franz\u00f6sischen Wissenschaftler fanden heraus, dass die Rohdichte der Pyramidenbl\u00f6cke 20% geringer ist als die des lokalen Kalksteingrundgesteins. Gussbl\u00f6cke sind immer 20-25% leichter als Naturgestein, da sie voller Luftblasen sind.<\/p>\n<h3><strong>B. Unm\u00f6glichkeiten beim Schneiden und Formen<\/strong><\/h3>\n<p class=\"hanging-indent\" style=\"padding-left: 30px;\">1. Stein- oder Kupferwerkzeuge (ein weiches Metall), die die \u00c4gypter damals verwendeten, k\u00f6nnen gro\u00dfe Granit- oder Millionen Kalksteinbl\u00f6cke nicht mit hauchd\u00fcnner Pr\u00e4zision schneiden, und das auch nie innerhalb der f\u00fcr den Bau dieser Pyramiden vorgesehenen Zeit.<\/p>\n<p class=\"hanging-indent\" style=\"padding-left: 30px;\">2. Kalkstein spaltet sich beim Schneiden h\u00e4ufig. Fehler und Schichten im Grundgestein sorgen daf\u00fcr, dass von jedem nach Norm geschnittenen Block mindestens einer rei\u00dft oder w\u00e4hrend des Steinbruchs die falsche Gr\u00f6\u00dfe aufweist.<\/p>\n<p style=\"padding-left: 60px;\"><strong>&gt;&gt; Angesichts der vielen Millionen Bl\u00f6cke all dieser Pyramiden m\u00fcssten in der N\u00e4he oder irgendwo in \u00c4gypten Millionen von gesprungenen Bl\u00f6cken liegen; aber sie sind nirgends zu finden.<\/strong><\/p>\n<p style=\"padding-left: 60px;\">Kurz gesagt: Kein Abfall von rissigen Bl\u00f6cken bedeutet, dass kein Steinbruch anf\u00e4llt. Antike Historiker, die ihre Besuche in \u00c4gypten dokumentierten, erw\u00e4hnten keine Haufen zerbrochener Bl\u00f6cke.<\/p>\n<p style=\"padding-left: 30px;\">3. Einige schlugen vor, dass die \u00c4gypter beim Abbau von Steinen die Oberfl\u00e4che des Steins mit Feuer auf eine sehr hohe Temperatur erhitzt und dann Wasser aufgespr\u00fcht h\u00e4tten, um ihn zu spalten. Dieser Vorschlag ist ung\u00fcltig, weil:<\/p>\n<p style=\"padding-left: 60px;\"><strong> zuerst<\/strong>Diese Methode f\u00fchrt zu unregelm\u00e4\u00dfigen Oberfl\u00e4chen und nicht zur Herstellung regelm\u00e4\u00dfig geformter Bl\u00f6cke. Mit dieser Methode k\u00f6nnen nur gro\u00dfe Sandstein-, Granit- oder Basaltst\u00fccke in kleine, unregelm\u00e4\u00dfige, fragmentierte Aggregate zerkleinert werden.<\/p>\n<p style=\"padding-left: 60px;\"><strong>Zweitens<\/strong>Beim Erhitzen mit Feuer wird Kalkstein bei 704 in Kalk umgewandelt<sup>\u00d6<\/sup> (1,300<sup>\u00d6<\/sup> F). Mit anderen Worten: Wir haben keine festen Felsbrocken mehr. Daher ist die Herstellung von Pyramidenbl\u00f6cken durch Erhitzen von Kalkstein unm\u00f6glich.<\/p>\n<p class=\"hanging-indent\" style=\"padding-left: 30px;\">4. In der gesamten Pyramide gibt es etwa zehn Standardblockl\u00e4ngen. Auch bei anderen Pyramiden gilt eine begrenzte Anzahl an Standardgr\u00f6\u00dfen. Das Schnitzen solch sehr gleichm\u00e4\u00dfiger Abmessungen ist unm\u00f6glich. Allerdings ist es eine logischere Schlussfolgerung, \u00fcber standardisierte Formen f\u00fcr die Betonformung zu verf\u00fcgen.<\/p>\n<p><a href=\"http:\/\/egyptianwisdomcenter.org\/wp-content\/uploads\/2019\/02\/epr-ch7-photo1-96c.jpg\"><img fetchpriority=\"high\" decoding=\"async\" class=\"wp-image-1411 aligncenter\" src=\"http:\/\/egyptianwisdomcenter.org\/wp-content\/uploads\/2019\/02\/epr-ch7-photo1-96c.jpg\" alt=\"\" width=\"293\" height=\"219\" \/><\/a><\/p>\n<p class=\"hanging-indent\" style=\"padding-left: 30px;\">5. Eine weitere best\u00e4tigende Tatsache ist, wie lang einige Bl\u00f6cke sind. Es wurde festgestellt, dass die l\u00e4ngsten Bl\u00f6cke in den Pyramiden immer die gleiche L\u00e4nge haben. Dies ist ein \u00e4u\u00dferst starker Beweis f\u00fcr den Einsatz von Gussformen.<\/p>\n<p><a href=\"http:\/\/egyptianwisdomcenter.org\/wp-content\/uploads\/2019\/02\/epr-ch7-photo2-96c.jpg\"><img decoding=\"async\" class=\"size-full wp-image-1412 aligncenter\" src=\"http:\/\/egyptianwisdomcenter.org\/wp-content\/uploads\/2019\/02\/epr-ch7-photo2-96c.jpg\" alt=\"\" width=\"288\" height=\"192\" \/><\/a><\/p>\n<h3><strong>C. Die Logistik der Theorie der hergestellten Rampen<\/strong><\/h3>\n<p class=\"hanging-indent\">\u0394 Dies ist eine totale Erfindung, aber sie wurde so oft wiederholt, dass sie zu einer wurde <em>Tatsache<\/em>, in den K\u00f6pfen der meisten Menschen.<\/p>\n<p class=\"hanging-indent\">\u0394 Herodot hat solche Rampen nie erw\u00e4hnt. Sein historischer Bericht beschrieb den typischen Steindamm zwischen der Basis der Pyramide und dem Taltempel. Dieser Damm war eine dauerhafte Einrichtung, die, wie Herodot beschrieb, 3300 Fu\u00df (1006 m) lang, 60 Fu\u00df (18 m) breit und 48 Fu\u00df (15 m) hoch war und nicht zum Transport von Bl\u00f6cken genutzt wurde.<\/p>\n<p class=\"hanging-indent\">\u0394 Viele Akademiker m\u00f6chten glauben, dass die einzige M\u00f6glichkeit, die Pyramide zu bauen, darin besteht, sowohl die H\u00f6he als auch die L\u00e4nge einer provisorischen Rampe zu erh\u00f6hen, w\u00e4hrend diese auf die aufeinanderfolgenden Ebenen der Pyramide angehoben wird.<\/p>\n<p class=\"hanging-indent\">\u0394 Die Leute, die an der Rampentheorie festhalten, beziehen sich auf etwas, das wie eine Schlammrampe aussieht, die im Sekhemket-Komplex in Sakkara gefunden wurde. Selbst wenn es sich um eine Rampe handelte, war sie nur 7 m hoch. Die gebauten Pyramiden sind viel h\u00f6her.<\/p>\n<p class=\"hanging-indent\">\u0394 Der d\u00e4nische Bauingenieur P. Garde-Hanson berechnete, dass f\u00fcr den Bau einer Rampe bis zur Spitze der Cheops-Pyramide 17,5 Millionen Kubikyards (13,4 Millionen Kubikmeter) Material erforderlich w\u00e4ren (das Siebenfache der f\u00fcr die Pyramide selbst ben\u00f6tigten Menge). ). F\u00fcr den Bau einer solchen Rampe w\u00e4ren w\u00e4hrend Cheops 23-j\u00e4hriger Herrschaft 240.000 Arbeitskr\u00e4fte n\u00f6tig gewesen.<\/p>\n<p class=\"hanging-indent\">\u0394 Der Abbau der Rampe nach der Fertigstellung der Cheops-Pyramide h\u00e4tte 300.000 Arbeitskr\u00e4fte und weitere acht Jahre erfordert. Eine so gro\u00dfe Menge M\u00fcll ist nirgendwo in der Umgebung sichtbar und wurde von fr\u00fcheren Historikern nie erw\u00e4hnt.<\/p>\n<p class=\"hanging-indent\">\u0394 Nachdem Garde-Hanson solch unglaubliche Zahlen erreicht hatte, entwickelte er die Theorie einer Kombination aus Rampe und Hebevorrichtung. Er stellte die Theorie auf, dass eine Rampe bis zur H\u00e4lfte der Pyramide reichen w\u00fcrde. Auf diesem Niveau w\u00e4ren etwa 90 Prozent des f\u00fcr die Pyramide ben\u00f6tigten Materials verbraucht worden. Das zweite Element seiner modifizierten Theorie, n\u00e4mlich die mysteri\u00f6se Hebevorrichtung, war und ist eine ungel\u00f6ste Frage.<\/p>\n<p class=\"hanging-indent\" style=\"padding-left: 30px;\">Hypothetisch stimmen wir den Theorien von Garde-Hanson zu und versuchen, uns die atemberaubenden Zahlen vorzustellen: 4.000 Steinbrucharbeiter produzieren das ganze Jahr \u00fcber 330 Bl\u00f6cke pro Tag. W\u00e4hrend der \u00dcberschwemmungssaison werden t\u00e4glich 4.000 Bl\u00f6cke zum Nil transportiert, mit der F\u00e4hre \u00fcberquert, die Rampe zum Gizeh-Plateau hinaufgeschleppt und im Kern verankert.<span style=\"text-decoration: underline;\">mit einer Rate von 6,67 Bl\u00f6cken pro Minute<\/span>! Stellen Sie sich 6,67 Bl\u00f6cke alle 60 Sekunden vor!<\/p>\n<p class=\"hanging-indent\" style=\"padding-left: 30px;\">Diese Quote ist unm\u00f6glich zu erreichen. Dies ist ein weiterer Grund, die G\u00fcltigkeit der Steinbruch- und Rampentheorien au\u00dfer Acht zu lassen.<\/p>\n<p class=\"hanging-indent\">\u0394\u00a0 <span style=\"text-decoration: underline;\">Der Bau und Abbau solcher Rampen w\u00e4re eine viel gr\u00f6\u00dfere Aufgabe gewesen als der Bau einer der Pyramiden selbst<\/span>. Wenn sich Akademiker \u201eprimitive Mittel\u201c f\u00fcr die alten \u00c4gypter ausdenken, verkomplizieren sie daher ihre eigenen unbegr\u00fcndeten Theorien.<\/p>\n<p style=\"text-align: center;\">\u0394 \u0394 \u0394<\/p>\n<h3><span style=\"color: #ff0000;\"><strong>2. Die vergessenen drei Pyramiden von Snefru<\/strong><\/span><\/h3>\n<p>Snefru konnte w\u00e4hrend seiner 24-j\u00e4hrigen Herrschaft die beiden Hauptpyramiden in Dahschur sowie eine dritte Pyramide in Meidum errichten. Das bedeutet, dass er im Laufe seiner 24-j\u00e4hrigen Herrschaft f\u00fcr die Produktion von rund neun Millionen Tonnen Stein verantwortlich war \u2013 ein Vielfaches der Menge der Gro\u00dfen Pyramide von Gizeh. Selbst der Versuch, die Logistik einer solchen Arbeit mit modernen Begriffen zu berechnen, ist \u00fcberw\u00e4ltigend.<\/p>\n<p style=\"text-align: center;\">\u0394 \u0394 \u0394<\/p>\n<h3><span style=\"color: #ff0000;\"><strong>3. Zusammenfassungsfragen, die die westliche \u201egemeinsame Theorie\u201c widerlegen<\/strong><\/span><\/h3>\n<p>Da diese Akademiker nicht aufgeschlossen waren, war es schwierig, Antworten auf viele Fragen zu finden.<\/p>\n<p>Wie k\u00f6nnen wir auf der Grundlage der Elemente der \u201egemeinsamen Theorie\u201c des Steinschneidens, -transports und -hebevorgangs die folgenden Fragen logisch beantworten:<\/p>\n<p class=\"hanging-indent\" style=\"padding-left: 30px;\">1. Woher bekamen sie die riesige Menge an Materialien, die f\u00fcr den Bau dieser und anderer Pyramiden erforderlich waren? Gibt es \u00fcberhaupt keine physischen Beweise f\u00fcr eine solche Quelle?<\/p>\n<p class=\"hanging-indent\" style=\"padding-left: 30px;\">2. Wie gelang es ihnen, die schr\u00e4gen Seiten der Pyramiden absolut flach zu machen?<\/p>\n<p class=\"hanging-indent\" style=\"padding-left: 30px;\">3. Wie haben sie daf\u00fcr gesorgt, dass die vier schr\u00e4gen Seiten an einem perfekten Punkt auf dem Gipfel zusammentreffen?<\/p>\n<p class=\"hanging-indent\" style=\"padding-left: 30px;\">4. Wie haben sie die Ebenen so eben gemacht?<\/p>\n<p class=\"hanging-indent\" style=\"padding-left: 30px;\">5. Wie haben sie die Steine so zugeschnitten, dass sie so genau zusammenpassen?<\/p>\n<p class=\"hanging-indent\" style=\"padding-left: 30px;\">6. Welche Werkzeuge haben sie verwendet?<\/p>\n<p class=\"hanging-indent\" style=\"padding-left: 30px;\">7. Wie konnte die erforderliche Zahl an Arbeitskr\u00e4ften (sch\u00e4tzungsweise 240-300.000 Menschen) auf der beengten Baustelle man\u00f6vrieren?<\/p>\n<p class=\"hanging-indent\" style=\"padding-left: 30px;\">8. Wie haben sie die Bl\u00f6cke so gleichm\u00e4\u00dfig geschnitten?<\/p>\n<p class=\"hanging-indent\" style=\"padding-left: 30px;\">9. Wie platzierten sie einige der schwersten Bl\u00f6cke der Pyramide in so gro\u00dfer H\u00f6he?<\/p>\n<p class=\"hanging-indent\" style=\"padding-left: 30px;\">10. Wie wurden 115.000 Geh\u00e4usebl\u00f6cke so hergestellt, dass sie alle haarscharf und enger zusammenpassten, wie es bei Cheops Pyramide der Fall war?<\/p>\n<p class=\"hanging-indent\" style=\"padding-left: 30px;\">11. Wie wurde die ganze Arbeit in etwa 20 Jahren erledigt?<\/p>\n<p>All diese Fragen machen die \u201egemeinsame Theorie\u201c ung\u00fcltig. Der gesunde Menschenverstand und die physischen Beweise f\u00fchren zu dem Schluss, dass die Bl\u00f6cke von Menschenhand geschaffen wurden, wie sp\u00e4ter erl\u00e4utert wird.<\/p>\n<p>&nbsp;<\/p>\n<p><span style=\"color: #ff0000;\"><strong>[Ein Auszug aus <\/strong><\/span><strong>Die \u00e4gyptischen Pyramiden erneut besucht von Moustafa Gadalla<\/strong><span style=\"color: #ff0000;\"><strong>]<br \/>\n<a href=\"https:\/\/egyptianwisdomcenter.org\/de\/produkt\/eine-neue-betrachtung-der-aegyptischen-pyramiden-2\/\"><span style=\"color: #0000ff;\">https:\/\/egyptianwisdomcenter.org\/product\/eine-neue-betrachtung-der-aegyptischen-pyramiden\/<\/span><\/a><br \/>\n<\/strong><\/span><img decoding=\"async\" class=\"aligncenter\" src=\"https:\/\/egyptianwisdomcenter.org\/wp-content\/uploads\/2023\/01\/eine-neue-betrachtung-der-agyptischen-pyramiden-1.jpg\" \/><\/p>\n<div dir=\"auto\" style=\"text-align: center;\"><a href=\"https:\/\/egyptianwisdomcenter.org\/de\/produkt\/eine-neue-betrachtung-der-aegyptischen-pyramiden-2\/\"><span style=\"color: #ff0000;\"><strong><span style=\"color: #0000ff;\">https:\/\/egyptianwisdomcenter.org\/product\/eine-neue-betrachtung-der-aegyptischen-pyramiden\/<\/span><\/strong><\/span><\/a><\/div>","protected":false},"excerpt":{"rendered":"<p>The Flawed &#8220;Common Construction Theory&#8221; Of The Pyramids &nbsp; 1. The Common &#8216;Theory&#8217; Many academic Egyptologists claim that there are no Ancient [&hellip;]<\/p>","protected":false},"author":3,"featured_media":0,"parent":0,"menu_order":0,"comment_status":"closed","ping_status":"closed","template":"","meta":{"footnotes":""},"class_list":["post-326","page","type-page","status-publish","hentry"],"aioseo_notices":[],"_links":{"self":[{"href":"https:\/\/egyptianwisdomcenter.org\/de\/wp-json\/wp\/v2\/pages\/326","targetHints":{"allow":["GET"]}}],"collection":[{"href":"https:\/\/egyptianwisdomcenter.org\/de\/wp-json\/wp\/v2\/pages"}],"about":[{"href":"https:\/\/egyptianwisdomcenter.org\/de\/wp-json\/wp\/v2\/types\/page"}],"author":[{"embeddable":true,"href":"https:\/\/egyptianwisdomcenter.org\/de\/wp-json\/wp\/v2\/users\/3"}],"replies":[{"embeddable":true,"href":"https:\/\/egyptianwisdomcenter.org\/de\/wp-json\/wp\/v2\/comments?post=326"}],"version-history":[{"count":0,"href":"https:\/\/egyptianwisdomcenter.org\/de\/wp-json\/wp\/v2\/pages\/326\/revisions"}],"wp:attachment":[{"href":"https:\/\/egyptianwisdomcenter.org\/de\/wp-json\/wp\/v2\/media?parent=326"}],"curies":[{"name":"wp","href":"https:\/\/api.w.org\/{rel}","templated":true}]}}