{"id":3347,"date":"2019-03-02T14:40:42","date_gmt":"2019-03-02T19:40:42","guid":{"rendered":"http:\/\/egyptianwisdomcenter.org\/la-proporcion-cosmica-de-la-figura-humana\/"},"modified":"2023-01-23T09:00:13","modified_gmt":"2023-01-23T14:00:13","slug":"la-proporcion-cosmica-de-la-figura-humana","status":"publish","type":"page","link":"https:\/\/egyptianwisdomcenter.org\/de\/la-proporcion-cosmica-de-la-figura-humana\/","title":{"rendered":"La proporci\u00f3n c\u00f3smica de la figura humana"},"content":{"rendered":"<h1 style=\"text-align: center;\"><strong>La proporci\u00f3n c\u00f3smica de la figura humana<\/strong><\/h1>\n<p>&nbsp;<\/p>\n<p>La proporci\u00f3n es la conmensuraci\u00f3n de las distintas partes constituyentes con el conjunto. El cuerpo humano es un ejemplo primordial de tal proporci\u00f3n arm\u00f3nica, donde el marco humano se ha formado con tal decoro que los varios miembros son proporcionales al conjunto.<\/p>\n<p>El Canon egipcio antiguo para la proporci\u00f3n arm\u00f3nica de figuras humanas difer\u00eda s\u00f3lo entre ni\u00f1os y adultos. Las diferencias reflejaban las diferencias f\u00edsicas reales en estas dos etapas. Al nacer, es el ombligo el que divide la altura del ni\u00f1o en dos mitades. Tras la maduraci\u00f3n (llegando a la pubertad), la Uni\u00f3n de ambas piernas (\u00f3rganos reproductivos) est\u00e1 a media altura de la figura adulta. La posici\u00f3n del ombligo ahora divide la altura en partes desiguales que hacen que las partes y el conjunto cumplan con la proporci\u00f3n NEB (Dorada).<\/p>\n<p>Los registros descubiertos m\u00e1s antiguos de la 5\u00aa dinast\u00eda muestran que el punto m\u00e1s alto definido a lo largo del eje vertical es la l\u00ednea del pelo de la cabeza de la persona, cuando se presenta en el reino terrenal.<\/p>\n<p>Las figuraciones egipcias marcan cuidadosamente \u2014 con una diadema, corona, diadema o articulaci\u00f3n \u2014 una l\u00ednea divisoria para la parte superior del cr\u00e1neo del hombre terrenal, separando as\u00ed la corona del cr\u00e1neo. La altura del cuerpo se midi\u00f3 excluyente de la corona, como se muestra aqu\u00ed en esta cuadr\u00edcula egipcia antigua recuperado.<\/p>\n<p><a href=\"https:\/\/egyptianwisdomcenter.org\/wp-content\/uploads\/2019\/02\/proportion.png\"><img fetchpriority=\"high\" decoding=\"async\" class=\"size-full wp-image-312 aligncenter\" src=\"https:\/\/egyptianwisdomcenter.org\/wp-content\/uploads\/2019\/02\/proportion.png\" alt=\"\" width=\"445\" height=\"333\"><\/a><\/p>\n<p>La representaci\u00f3n de los neteru (dioses\/diosas) y\/o seres humanos en el m\u00e1s all\u00e1 de la vida se muestran en una cuadr\u00edcula de 18 cuadrados, para la altura completa a la parte superior de la cabeza (es decir, incluyendo la corona de la cabeza).<\/p>\n<p>La diferencia en la altura entre los dos reinos refleja la profunda comprensi\u00f3n del egipcio antiguo de la fisiolog\u00eda y el papel de los humanos en la tierra.<\/p>\n<p>La remoci\u00f3n de esta parte del cerebro humano (la corona de la cabeza) deja al hombre vivo pero sin discernimiento, por lo tanto, con ning\u00fan juicio personal. La persona est\u00e1 en un estado vegetativo, viviendo y actuando s\u00f3lo como el ejecutante de un impulso que recibe, sin elecci\u00f3n real. Es como una persona en coma.<\/p>\n<p>El ombligo est\u00e1 ubicado a unos 11,1 cuadrados de rejilla desde la parte inferior del tal\u00f3n en el sistema de rejilla de 18 cuadrados (o la misma relaci\u00f3n equivalente 0,618 para sistemas de rejilla o no Grid). Tal divisi\u00f3n sigue las leyes de la armon\u00eda entre las dos partes ellos mismos, y las partes al conjunto, seg\u00fan las dos relaciones siguientes:<\/p>\n<p style=\"padding-left: 30px;\">1. la relaci\u00f3n entre las dos partes (superior e inferior) de la altura divina (18 cuadrados de rejilla) son arm\u00f3nicas.<\/p>\n<p style=\"padding-left: 60px;\">Arriba: inferior es 0,618<br \/>\nInferior: la parte superior es 1,618<\/p>\n<p><a href=\"https:\/\/egyptianwisdomcenter.org\/wp-content\/uploads\/2019\/02\/human-figuration.png\"><img decoding=\"async\" class=\"wp-image-313 aligncenter\" src=\"https:\/\/egyptianwisdomcenter.org\/wp-content\/uploads\/2019\/02\/human-figuration.png\" alt=\"\" width=\"377\" height=\"493\"><\/a><\/p>\n<p style=\"padding-left: 30px;\">2. entre las dos partes a toda la unidad (altura divina) \u2014 tomando toda la altura (a la l\u00ednea del cabello de la cabeza del hombre terrenal) como 1 \u2014 el cuerpo de los pies al ombligo, en el Canon egipcio, es igual al rec\u00edproco de la proporci\u00f3n NEB (Dorada) (1\/N) , es decir, 0,618. La porci\u00f3n del ombligo a la l\u00ednea del pelo de la cabeza iguala la energ\u00eda 2 del rec\u00edproco de la proporci\u00f3n de NEB (de oro) (1\/N2), o 0,382.<\/p>\n<p style=\"text-align: left; padding-left: 60px;\">1\/N + 1\/N<sup>2<\/sup> = 1<br \/>\n0,618 + 0,382 = 1<br \/>\ndonde N = la proporci\u00f3n NEB (Dorada) (1,618)<\/p>\n<p style=\"padding-left: 30px;\">Debido a la \u00edntima relaci\u00f3n entre la Serie de Suma y la proporci\u00f3n Neb (\u00c1urea), encontramos que las diferentes partes de la figura tambi\u00e9n siguen la Serie de Suma [as depicted in the above original grid from KV22 of Amenhotep III].<\/p>\n<p><strong>M\u00e1s sobre las matem\u00e1ticas en el antiguo Egipto en la secci\u00f3n de ap\u00e9ndices de este libro.<\/strong><\/p>\n<p><span style=\"color: #ff0000;\"><strong>[Ein Auszug aus \u201eThe Ancient Egyptian Metaphysical Architecture\u201c von Moustafa Gadalla]<\/strong><\/span><\/p>\n<p><img decoding=\"async\" class=\"aligncenter\" src=\"https:\/\/egyptianwisdomcenter.org\/wp-content\/uploads\/2019\/02\/cover-ema-225x338-225x338.jpg\" alt=\"La arquitectura metaf\u00edsica egipcia antigua\"><\/p>\n<p style=\"text-align: center;\"><span style=\"color: #0000ff;\"><strong>Ver contenido del libro athttps:\/\/egypt-tehuti.org\/product\/ancient-egyptian-architecture\/<\/strong><\/span><\/p>\n<p>&#8212;&#8212;&#8212;&#8212;&#8212;&#8212;&#8212;&#8212;&#8212;&#8212;&#8212;&#8212;&#8212;&#8212;&#8212;&#8212;&#8212;&#8212;&#8212;&#8212;&#8212;&#8212;&#8212;&#8212;&#8212;&#8212;&#8212;&#8212;&#8212;&#8212;&#8212;&#8212;&#8212;&#8212;&#8212;&#8212;&#8212;&#8212;-<\/p>\n<p><span style=\"color: #ff0000;\"><strong>Venta de libros:<\/strong><\/span><\/p>\n<p>Los libros en r\u00fastica <strong>impresos<\/strong> est\u00e1n disponibles en Amazon.<\/p>\n<p>&#8212;&#8212;&#8212;&#8212;&#8212;<br \/>\nB-el formato <strong>PDF<\/strong> est\u00e1 disponible en&#8230;<br \/>\ni-nuestro sitio web<br \/>\nII-Google Books y Google Play<br \/>\n&#8212;&#8211;<br \/>\nC-el formato <strong>mobi<\/strong> est\u00e1 disponible en&#8230;<br \/>\ni-nuestro sitio web<br \/>\nII-Amazonas<br \/>\n&#8212;&#8211;<br \/>\nD-el formato <strong>epub<\/strong> est\u00e1 disponible en&#8230;<br \/>\ni-nuestro sitio web<br \/>\nII-Google Books y Google Play<br \/>\nIII-iBooks, Kobo, B &amp; N (Nook) y Smashwords.com<\/p>","protected":false},"excerpt":{"rendered":"<p>La proporci\u00f3n c\u00f3smica de la figura humana &nbsp; La proporci\u00f3n es la conmensuraci\u00f3n de las distintas partes constituyentes con el conjunto. El [&hellip;]<\/p>","protected":false},"author":3,"featured_media":0,"parent":0,"menu_order":0,"comment_status":"closed","ping_status":"closed","template":"","meta":{"footnotes":""},"class_list":["post-3347","page","type-page","status-publish","hentry"],"aioseo_notices":[],"_links":{"self":[{"href":"https:\/\/egyptianwisdomcenter.org\/de\/wp-json\/wp\/v2\/pages\/3347","targetHints":{"allow":["GET"]}}],"collection":[{"href":"https:\/\/egyptianwisdomcenter.org\/de\/wp-json\/wp\/v2\/pages"}],"about":[{"href":"https:\/\/egyptianwisdomcenter.org\/de\/wp-json\/wp\/v2\/types\/page"}],"author":[{"embeddable":true,"href":"https:\/\/egyptianwisdomcenter.org\/de\/wp-json\/wp\/v2\/users\/3"}],"replies":[{"embeddable":true,"href":"https:\/\/egyptianwisdomcenter.org\/de\/wp-json\/wp\/v2\/comments?post=3347"}],"version-history":[{"count":0,"href":"https:\/\/egyptianwisdomcenter.org\/de\/wp-json\/wp\/v2\/pages\/3347\/revisions"}],"wp:attachment":[{"href":"https:\/\/egyptianwisdomcenter.org\/de\/wp-json\/wp\/v2\/media?parent=3347"}],"curies":[{"name":"wp","href":"https:\/\/api.w.org\/{rel}","templated":true}]}}