{"id":362,"date":"2018-11-04T00:00:00","date_gmt":"2018-11-04T04:00:00","guid":{"rendered":"http:\/\/egyptianwisdomcenter.org\/the-imagery-and-alphabetical-writing-modes\/"},"modified":"2023-01-03T00:31:57","modified_gmt":"2023-01-03T05:31:57","slug":"the-imagery-and-alphabetical-writing-modes-2","status":"publish","type":"page","link":"https:\/\/egyptianwisdomcenter.org\/de\/die-bildlichen-und-alphabetischen-schreibmodi-2\/","title":{"rendered":"Die bildlichen und alphabetischen Schreibmodi"},"content":{"rendered":"<h2 style=\"text-align: center;\"><span style=\"color: #ff0000;\">Die bildlichen und alphabetischen Schreibmodi<\/span><\/h2>\n<p>&nbsp;<\/p>\n<p>Alle fr\u00fchen griechischen und r\u00f6mischen Schriftsteller best\u00e4tigten, dass es grunds\u00e4tzlich zwei Formen alt\u00e4gyptischer Schriften gab: Hieroglyphen (bildliche Darstellungen) und die alphabetische Form. Die westliche Wissenschaft teilt den alt\u00e4gyptischen Alphabettyp willk\u00fcrlich in zwei Formen auf \u2013 hieratische und demotische. [Lesen Sie \u00fcber die Bewertung solcher unbegr\u00fcndeten Behauptungen in\u00a0<em>Die alt\u00e4gyptischen universellen Schreibmodi<\/em>\u00a0von Moustafa Gadalla.]<\/p>\n<p>Es muss betont werden, dass kein einziger klassischer Schriftsteller \u2013 einschlie\u00dflich Clemens von Alexandria (in <em>Stromata Buch V, <\/em>Kapitel IV<em>)<\/em> \u2013 jemals darauf hingewiesen, dass die \u00e4gyptische alphabetische Schriftform eine \u201ekursive\u201c oder \u201edegenerierte\u201c Form der alt\u00e4gyptischen Bildhieroglyphen sei. Doch schamlos beriefen sich einige \u201eGelehrte\u201c auf die Schrift von Clemens von Alexandria und bestanden darauf, dass aus den \u00e4gyptischen Hieroglyphen eine kursivere Schrift hervorgegangen sei, die wir als \u201e\u2026\u201c kennen <em>hieratisch<\/em>, und raus <em>hieratisch <\/em>Es entstand wieder ein sehr schnelles Skript, das manchmal so genannt wird <em>Enchorisch <\/em>oder <em>demotisch<\/em>.<\/p>\n<p>Viele ehrliche Gelehrte haben jedoch die historische Wahrheit best\u00e4tigt, dass es sich bei den Bildschriften um eine Reihe von Bildern handelt, die konzeptionelle Bedeutungen und nicht um einzelne Klangwerte vermitteln, wie etwa der britische \u00c4gyptologe WM Flinders Petrie, der in seinem Buch schrieb: <em>Die Entstehung der Alphabete <\/em>[S. 6]:<\/p>\n<p style=\"padding-left: 30px;\"><strong><em>\u201eDie Frage, ob die [alphabetischen] Zeichen von den eher bildhaften Hieroglyphen abgeleitet wurden oder ein unabh\u00e4ngiges System darstellten, wurde von Autoren zu diesem Thema so wenig beobachtet, dass die Angelegenheit mehr als einmal ohne Ber\u00fccksichtigung dieser entschieden wurde verschiedene Details beteiligt.\u201c<\/em><\/strong><\/p>\n<p>In der 12. Dynastie (2000\u20131780 v. Chr.) wurden etwa 700 Zeichen mehr oder weniger st\u00e4ndig verwendet. Es gibt praktisch unbegrenzt viele dieser Natursymbole. Da die Entschl\u00fcsselung der metaphysischen alt\u00e4gyptischen Hieroglyphen \u00fcber die F\u00e4higkeiten der westlichen Wissenschaft hinausgeht, haben sie es \u201eA\u201c genannt <em>Primitive <\/em>Form des Schreibens!<\/p>\n<p>Akademische \u00c4gyptologen w\u00e4hlten unbek\u00fcmmert 24 Zeichen aus Hunderten von Hieroglyphen aus und nannten sie \u201eAlphabet\u201c. Dann gaben sie den anderen Hunderten von Zeichen verschiedene \u201eFunktionen\u201c und nannten sie \u201eSilbe\u201c, \u201eDeterminativ\u201c usw. Sie erfanden im Laufe der Zeit die Regeln, und das Endergebnis war Chaos. Man kann leicht erkennen, wie schwierig es in der Wissenschaft ist, die hieroglyphischen (metaphysischen) Texte des alten \u00c4gypten zu verstehen.<\/p>\n<p>Ein Bildzeichen hat KEINEN SINGUL\u00c4REN Klangwert. Nur ein einzelner alphabetischer Buchstabe hat einen entsprechenden singul\u00e4ren Klang \u2013 was in der v\u00f6llig unabh\u00e4ngigen alphabetischen Sprache der alten \u00c4gypter der Fall war, die als \u201ehieratische\u201c und \u201edemotische\u201c Schriften bekannt ist \u2013 eine sehr ausgepr\u00e4gte und unabh\u00e4ngige Form, die nichts mit dem \u00c4gyptischen zu tun hat hieroglyphische Form der kosmischen Kommunikation. Lesen Sie mehr \u00fcber die alphabetische Sprache der alten \u00c4gypter in <em>Die alt\u00e4gyptischen universellen Schreibmodi <\/em>von Moustafa Gadalla.<\/p>\n<p>Die metaphysische Sprache der \u00e4gyptischen Hieroglyphen steht im Einklang mit der Tatsache, dass es tats\u00e4chlich Dinge gibt, die nicht in Worte gefasst werden k\u00f6nnen. Sie manifestieren sich. Sie sind das Mystische. Angesichts dieser mystischen \u201eDinge\u201c ist die Realit\u00e4t, die Sprache und Worte erlaubt, dazu verdammt, sich nur mit dem Schein zu befassen. Die Realit\u00e4t \u2013 ob logische Form oder Lebensformen \u2013 bleibt hartn\u00e4ckig au\u00dferhalb der Sprache. Es schr\u00e4nkt das ein, was wir sagen, weigert sich jedoch, ausgesprochen zu werden. Wenn wir nicht die Existenz einer transzendenten Realit\u00e4t au\u00dferhalb der Sprache anerkennen, werden wir zu Solipsisten ohne Grund zum Sprechen. Sprechen ist also auf Schweigen angewiesen. Wir k\u00f6nnen nur dann miteinander reden, wenn wir die Gr\u00fcnde unseres Redens in respektvolles Schweigen legen.<\/p>\n<p>&nbsp;<\/p>\n<p><span style=\"color: #ff0000;\"><strong>[Ein Auszug aus <\/strong><\/span><strong>Die \u00e4gyptische Hieroglyphe: Metaphysische Sprache von Moustafa Gadalla<\/strong><span style=\"color: #ff0000;\"><strong>]<br \/>\n<a href=\"https:\/\/egyptianwisdomcenter.org\/de\/produkt\/die-metaphysische-sprache-der-aegyptischen-hieroglyphen-2\/\"><span style=\"color: #0000ff;\">https:\/\/egyptianwisdomcenter.org\/product\/die-metaphysische-sprache-der-aegyptischen-hieroglyphen\/<\/span><\/a><br \/>\n<\/strong><\/span><\/p>\n<p><img decoding=\"async\" class=\"aligncenter\" src=\"https:\/\/egyptianwisdomcenter.org\/wp-content\/uploads\/2023\/01\/die-metaphysische-sprache-der-agyptischen-hieroglyphen-2.jpg\" \/><\/p>\n<div dir=\"auto\" style=\"text-align: center;\"><a href=\"https:\/\/egyptianwisdomcenter.org\/de\/produkt\/die-metaphysische-sprache-der-aegyptischen-hieroglyphen-2\/\"><span style=\"color: #ff0000;\"><strong><span style=\"color: #0000ff;\">https:\/\/egyptianwisdomcenter.org\/product\/die-metaphysische-sprache-der-aegyptischen-hieroglyphen\/<\/span><\/strong><\/span><\/a><\/div>","protected":false},"excerpt":{"rendered":"<p>The Imagery And Alphabetical Writing Modes &nbsp; All early Greek and Roman writers affirmed that there were basically two forms of Ancient [&hellip;]<\/p>","protected":false},"author":3,"featured_media":0,"parent":0,"menu_order":0,"comment_status":"closed","ping_status":"closed","template":"","meta":{"footnotes":""},"class_list":["post-362","page","type-page","status-publish","hentry"],"aioseo_notices":[],"_links":{"self":[{"href":"https:\/\/egyptianwisdomcenter.org\/de\/wp-json\/wp\/v2\/pages\/362","targetHints":{"allow":["GET"]}}],"collection":[{"href":"https:\/\/egyptianwisdomcenter.org\/de\/wp-json\/wp\/v2\/pages"}],"about":[{"href":"https:\/\/egyptianwisdomcenter.org\/de\/wp-json\/wp\/v2\/types\/page"}],"author":[{"embeddable":true,"href":"https:\/\/egyptianwisdomcenter.org\/de\/wp-json\/wp\/v2\/users\/3"}],"replies":[{"embeddable":true,"href":"https:\/\/egyptianwisdomcenter.org\/de\/wp-json\/wp\/v2\/comments?post=362"}],"version-history":[{"count":0,"href":"https:\/\/egyptianwisdomcenter.org\/de\/wp-json\/wp\/v2\/pages\/362\/revisions"}],"wp:attachment":[{"href":"https:\/\/egyptianwisdomcenter.org\/de\/wp-json\/wp\/v2\/media?parent=362"}],"curies":[{"name":"wp","href":"https:\/\/api.w.org\/{rel}","templated":true}]}}