{"id":364,"date":"2018-11-04T00:00:00","date_gmt":"2018-11-04T04:00:00","guid":{"rendered":"http:\/\/egyptianwisdomcenter.org\/images-language-of-the-mind-consciousness-divine\/"},"modified":"2023-01-03T00:34:22","modified_gmt":"2023-01-03T05:34:22","slug":"images-language-of-the-mind-consciousness-divine-2","status":"publish","type":"page","link":"https:\/\/egyptianwisdomcenter.org\/de\/bilder-sprache-des-geistes-bewusstsein-gottlich-2\/","title":{"rendered":"Bilder: Sprache des Geistes\/Bewusstseins\/G\u00f6ttliches"},"content":{"rendered":"<h2 style=\"text-align: center;\"><span style=\"color: #ff0000;\"><strong>Bilder: Sprache des Geistes\/Bewusstseins\/G\u00f6ttliches<\/strong><\/span><\/h2>\n<p>&nbsp;<\/p>\n<p>Als Menschen sagen wir einander:<\/p>\n<p style=\"padding-left: 30px;\">&#8211;\u00a0<strong>BILD<\/strong>\u00a0Das.<br \/>\n- Kannst du\u00a0<strong>VORSTELLEN<\/strong>\u00a0&#8230;.?<br \/>\n- Tust du\u00a0<strong>SEHEN<\/strong>\u00a0mein Punkt?<\/p>\n<p>Die Verwendung von W\u00f6rtern wie \u201eBILD\u201c, \u201eSTELLEN SIE SICH VOR\u201c und \u201eSehen Sie meinen Standpunkt\u201c spiegelt tiefgreifend wider, wie unser Geist Informationen verarbeitet, die uns \u00fcber unsere Sinne erreichen. Wir verarbeiten ALLE eingehenden Informationen \u00fcber BILDER.<\/p>\n<p>Sprachliche Kommunikation besteht in der \u00dcbertragung immaterieller Ideen oder Konzepte von einer Person (Schreiber oder Sprecher) zu einer anderen (Leser oder Zuh\u00f6rer) mittels materieller Zeichen wie Markierungen auf Papier oder Vibrationen der Luftwellen.<\/p>\n<p>Beim Lesen eines Textes durchlaufen wir einen Visionsprozess, bei dem materielle Zeichen in unserem Gehirn in Konzepte \u00fcbersetzt werden.<\/p>\n<p>Die traditionelle Interpretation von Kommunikation behauptet, das materielle Zeichen als blo\u00dfe Erscheinung einer zugrunde liegenden idealen Realit\u00e4t zu behandeln.<\/p>\n<p>Wenn Kommunikation auf diese Weise interpretiert wird, wird das Zusammenspiel der Zeichen nicht als eigenst\u00e4ndige Realit\u00e4t behandelt. Vielmehr wird das Zeichen als Signifikant, Indikator oder Erscheinung einer bezeichneten wesentlichen Realit\u00e4t verstanden, die ihm zugrunde liegt. Diese Realit\u00e4t ist der konzeptionelle Inhalt, der irgendwie im Gehirn der kommunizierenden Person gespeichert ist.<\/p>\n<p>Dieses scheinbar moderne Denken war nicht nur den alten \u00c4gyptern bekannt, wie wir den Text des S<em>Habaka-Stele <\/em>Der Text stammt erst aus dem Jahr 700 v. Chr., aber sprachliche, philologische und andere Beweise belegen eindeutig, dass er von einem Originaltext abgeleitet ist, der mindestens mehr als 2.000 Jahre fr\u00fcher liegt. Abschnitt 55 dieses \u00e4gyptischen Dokuments lautet:<\/p>\n<p style=\"padding-left: 30px;\"><strong><em>\u201eDas Sehen mit den Augen, das H\u00f6ren mit den Ohren und das Riechen der Luft mit der Nase berichten an das Herz. Dies ist es, was dazu f\u00fchrt, dass jedes vollendete (Konzept) zum Vorschein kommt, und es ist die Zunge, die verk\u00fcndet, was das Herz denkt. Die Sinne berichten dem Herzen. Mit diesem Berichtsmaterial erfasst das Herz Gedanken und gibt sie frei, die die Zunge als Verk\u00fcnder wirksam zum Ausdruck bringt<\/em><\/strong>.&#8221;<\/p>\n<p>Der <em>Herz <\/em>im alten \u00c4gypten symbolisiert es das Bewusstsein. Auf diese Weise werden die Informationen, die \u00fcber die f\u00fcnf Sinneskr\u00e4fte kanalisiert werden, an die Vorstellungskraft weitergeleitet, deren physischer Wohnort der Frontallappen des Gehirns ist.<\/p>\n<p>Die von den f\u00fcnf Sinnen gesammelten Daten \u2013 dieses intime, empfangene Wissen \u2013 werden durch die Vorstellungskraft vereinheitlicht. Der fantasievolle \u201eSchwei\u00dfprozess\u201c folgt nicht dem Weg der Vernunft und Logik. Der Geist sammelt Wahrnehmungsdaten und macht daraus einen \u201eSinn\u201c. Die Vorstellungskraft wiederum vereint sich auf \u00e4hnliche, nicht-logische Weise.<\/p>\n<p>Die Fantasie bewegt sich von einer Sache zur anderen. Angesichts der Tatsache, dass viele Dinge nahezu v\u00f6llig unterschiedlicher Natur sind, aber ein Tausendstel einer Eigenschaft gemeinsam haben (vorausgesetzt, sie ist neu oder ausgezeichnet), geh\u00f6ren diese Dinge zu einer imagin\u00e4ren Kategorie und nicht zu einer groben nat\u00fcrlichen Anordnung \u2013 das hei\u00dft nicht zu einer Sammlung von Daten, die durch blo\u00dfes Kopieren entstanden sind. Die Sprache er\u00f6ffnete den neuen Bereich der Spiritualit\u00e4t, in dem Konzepte, Erinnerungen und Schlussfolgerungen im Gegensatz zur niederen psychischen Aktivit\u00e4t, die sich mit den unmittelbaren Wahrnehmungen der Sinnesorgane befasste, von entscheidender Bedeutung wurden. Es war sicherlich eine der wichtigsten Etappen auf dem Weg zur Menschlichkeit.<\/p>\n<p><strong>Als solche sind repr\u00e4sentative wahre Bilder im Geist\/Bewusstsein die wahren Realit\u00e4ten des Universums. <\/strong>Daraus sollte geschlossen werden, dass eine vollst\u00e4ndige Entsprechung zwischen Bewusstsein und Welt besteht. Es ist das transzendentalistische Bewusstsein, das den weltlichen Himmel entstehen l\u00e4sst, wiederum mit der notwendigen zus\u00e4tzlichen Eigenschaft, ihn als Himmel zu bewahren, n\u00e4mlich dass seine Bewohner wissen, dass sie dort sind. Genauer gesagt sind sie sich der Entsprechung zwischen Bewusstsein und Bewusstsein sicher, und das gilt auch f\u00fcr jedes m\u00f6gliche Bewusstsein; und so die Welt.<\/p>\n<p>&nbsp;<\/p>\n<p><span style=\"color: #ff0000;\"><strong>[Ein Auszug aus <\/strong><\/span><strong>Die \u00e4gyptische Hieroglyphe: Metaphysische Sprache von Moustafa Gadalla<\/strong><span style=\"color: #ff0000;\"><strong>]<br \/>\n<a href=\"https:\/\/egyptianwisdomcenter.org\/de\/produkt\/die-metaphysische-sprache-der-aegyptischen-hieroglyphen-2\/\"><span style=\"color: #0000ff;\">https:\/\/egyptianwisdomcenter.org\/product\/die-metaphysische-sprache-der-aegyptischen-hieroglyphen\/<\/span><\/a><br \/>\n<\/strong><\/span><\/p>\n<p><img decoding=\"async\" class=\"aligncenter\" src=\"https:\/\/egyptianwisdomcenter.org\/wp-content\/uploads\/2023\/01\/die-metaphysische-sprache-der-agyptischen-hieroglyphen-2.jpg\" \/><\/p>\n<p style=\"text-align: center;\"><a href=\"https:\/\/egyptianwisdomcenter.org\/de\/produkt\/die-metaphysische-sprache-der-aegyptischen-hieroglyphen-2\/\"><span style=\"color: #ff0000;\"><strong><span style=\"color: #0000ff;\">https:\/\/egyptianwisdomcenter.org\/product\/die-metaphysische-sprache-der-aegyptischen-hieroglyphen\/<\/span><\/strong><\/span><\/a><\/p>","protected":false},"excerpt":{"rendered":"<p>Images: Language Of The Mind\/Consciousness\/Divine &nbsp; As human beings, we say to each other: &#8211;\u00a0PICTURE\u00a0this. &#8211; Can you\u00a0IMAGINE\u00a0&#8230;.? &#8211; Do you\u00a0SEE\u00a0my point? [&hellip;]<\/p>","protected":false},"author":3,"featured_media":0,"parent":0,"menu_order":0,"comment_status":"closed","ping_status":"closed","template":"","meta":{"footnotes":""},"class_list":["post-364","page","type-page","status-publish","hentry"],"aioseo_notices":[],"_links":{"self":[{"href":"https:\/\/egyptianwisdomcenter.org\/de\/wp-json\/wp\/v2\/pages\/364","targetHints":{"allow":["GET"]}}],"collection":[{"href":"https:\/\/egyptianwisdomcenter.org\/de\/wp-json\/wp\/v2\/pages"}],"about":[{"href":"https:\/\/egyptianwisdomcenter.org\/de\/wp-json\/wp\/v2\/types\/page"}],"author":[{"embeddable":true,"href":"https:\/\/egyptianwisdomcenter.org\/de\/wp-json\/wp\/v2\/users\/3"}],"replies":[{"embeddable":true,"href":"https:\/\/egyptianwisdomcenter.org\/de\/wp-json\/wp\/v2\/comments?post=364"}],"version-history":[{"count":0,"href":"https:\/\/egyptianwisdomcenter.org\/de\/wp-json\/wp\/v2\/pages\/364\/revisions"}],"wp:attachment":[{"href":"https:\/\/egyptianwisdomcenter.org\/de\/wp-json\/wp\/v2\/media?parent=364"}],"curies":[{"name":"wp","href":"https:\/\/api.w.org\/{rel}","templated":true}]}}