{"id":365,"date":"2018-11-04T00:00:00","date_gmt":"2018-11-04T04:00:00","guid":{"rendered":"http:\/\/egyptianwisdomcenter.org\/the-egyptian-pictorial-metaphysical-images-script\/"},"modified":"2023-01-03T00:35:12","modified_gmt":"2023-01-03T05:35:12","slug":"the-egyptian-pictorial-metaphysical-images-script-2","status":"publish","type":"page","link":"https:\/\/egyptianwisdomcenter.org\/de\/das-agyptische-bildliche-metaphysische-bilderskript-2\/","title":{"rendered":"Die \u00e4gyptischen bildlichen metaphysischen Bilder\/Schrift"},"content":{"rendered":"<h2 style=\"text-align: center;\"><span style=\"color: #ff0000;\"><strong>Die \u00e4gyptischen bildlichen metaphysischen Bilder\/Schrift<\/strong><\/span><\/h2>\n<p>&nbsp;<\/p>\n<p>Das Bildsystem der alten \u00c4gypter wird allgemein als \u201eHieroglyphen\u201c bezeichnet und umfasst eine Vielzahl von Bildsymbolen. Das Wort Hieroglyphe bedeutet \u201eheilige Schrift\u201c (<em>Hieros <\/em>= heilig, <em>Glyphein <\/em>= beeindrucken). Bis etwa 400 n. Chr. wurde in \u00e4gyptischen Tempeln Hieroglyphenschrift verwendet.<\/p>\n<p>Jedes Bild sagt mehr als tausend Worte und repr\u00e4sentiert diese Funktion oder dieses Prinzip auf allen Ebenen gleichzeitig, von der einfachsten, offensichtlichsten physischen Manifestation dieser Funktion bis hin zur abstraktesten und metaphysischsten. Diese Symbolsprache repr\u00e4sentiert in den dargestellten Symbolen eine F\u00fclle physischer, physiologischer, psychologischer und spiritueller Ideen.<\/p>\n<p>Das metaphorische und symbolische Konzept der \u00e4gyptischen Hieroglyphen wurde von allen fr\u00fchen Autoren zu diesem Thema, wie Plutarch, Diodorus, Clemens usw., einhellig anerkannt.<\/p>\n<ul>\n<li>In seiner Abhandlung \u00fcber Isis und Osiris, die eine der lehrreichsten Quellen f\u00fcr unser Verst\u00e4ndnis \u00e4gyptischer Religionsvorstellungen darstellt, erw\u00e4hnt Plutarch an mehreren Stellen die Hieroglyphen und ihre metaphorische und allegorische Bedeutung. In seinem <em>Moralia, Bd. V<\/em>, Plutarch erkl\u00e4rt:<\/li>\n<\/ul>\n<p style=\"padding-left: 30px;\"><strong><em>&quot;Der <span style=\"text-decoration: underline;\">Baby<\/span> ist das Symbol des Kommens in die Welt und des <span style=\"text-decoration: underline;\">Alter Mann<\/span> das Symbol des Abweichens davon, und durch a <span style=\"text-decoration: underline;\">Falke<\/span> Sie weisen auf Gott hin <span style=\"text-decoration: underline;\">Fisch<\/span> Hass, und durch die <span style=\"text-decoration: underline;\">Nilpferd<\/span> Schamlosigkeit.&quot;<\/em><\/strong><\/p>\n<p>Plutarch betonte, wie ALLE klassischen Schriftsteller seiner Zeit, die metaphysische Absicht als einziges Prinzip der Hieroglyphenschrift, die ein bildlicher Ausdruck g\u00f6ttlicher Ideen und heiligen Wissens ist.<\/p>\n<p>Plutarch listete eine gro\u00dfe Zahl angesehener Griechen auf, die \u00c4gypten zu unterschiedlichen Zeiten besuchten. Unter ihnen erw\u00e4hnte er Pythagoras, dessen Bewunderung und Abh\u00e4ngigkeit von \u201eden symbolischen und okkulten Lehren der \u00c4gypter\u201c durch einen Vergleich der allegorischen Methode, die in den sogenannten pythagor\u00e4ischen Vorschriften verwendet wird, und \u201e<strong><em>die Schriften, die Hieroglyphen genannt werden<\/em><\/strong>&#039;.<\/p>\n<ul>\n<li>Chairemon lebte in Alexandria, bevor er nach Rom ging, wo er ab 49 n. Chr. der Lehrer von Nero war. Chairemon beschrieb in seinen B\u00fcchern 19 Hieroglyphenzeichen, gefolgt von einer Erkl\u00e4rung der allegorischen Bedeutung jedes einzelnen.<\/li>\n<li>Diodorus von Sizilien, in seinem\u00a0<em>Buch I<\/em>, erkl\u00e4rte:<\/li>\n<\/ul>\n<p style=\"padding-left: 30px;\"><strong><em>\u201eIhre Schrift \u2013 die der \u00c4gypter \u2013 dr\u00fcckt den beabsichtigten Begriff nicht durch aneinandergef\u00fcgte Silben aus, sondern durch die Bedeutung der kopierten Gegenst\u00e4nde und durch ihre bildliche Bedeutung, die dadurch dem Ged\u00e4chtnis eingepr\u00e4gt wurde \u00fcben. Sie zeichnen zum Beispiel das Bild eines Falken, eines Krokodils \u2026 und dergleichen. Jetzt <span style=\"text-decoration: underline;\">Der Falke bedeutet f\u00fcr sie alles, was schnell geschieht, da dieses Tier praktisch das flinkste aller gefl\u00fcgelten Lebewesen ist<\/span>. Und der dargestellte Begriff wird dann durch die entsprechende metaphorische \u00dcbertragung auf alle schnellen Dinge und auf alles, worauf sie sich beziehen, \u00fcbertragen <span style=\"text-decoration: underline;\">Schnelligkeit<\/span> ist angemessen, ganz so, als ob sie benannt worden w\u00e4ren. Und das <span style=\"text-decoration: underline;\">Krokodil ist ein Symbol f\u00fcr alles B\u00f6se<\/span>.&#8221;<\/em><\/strong><\/p>\n<ul>\n<li>Clemens von Alexandria berichtete um 200 n. Chr. \u00fcber die Hieroglyphen. Gleichzeitig werden die metaphorischen und allegorischen Qualit\u00e4ten der Hieroglyphen ausdr\u00fccklich erw\u00e4hnt, und seine Beispiele werden auf die gleiche symbolische Weise dargelegt wie die fr\u00fcherer Autoren.<\/li>\n<li>Die beste Beschreibung stammt von Plotin, der schrieb\u00a0<em>Die Enneads <\/em>[Bd. V-VI]:<\/li>\n<\/ul>\n<p style=\"padding-left: 30px;\"><strong><em>&#8220;<span style=\"text-decoration: underline;\">Die Weisen \u00c4gyptens, entweder durch wissenschaftliches oder angeborenes Wissen<\/span>, und wenn sie etwas weise bedeuten wollten, verwendeten sie nicht Buchstabenformen, die der Reihenfolge von W\u00f6rtern und S\u00e4tzen folgen und Laute und die Aussprache philosophischer Aussagen nachahmen, sondern indem sie Bilder zeichneten und ein bestimmtes Bild jedes einzelnen in ihre Schl\u00e4fen eingravierten Sie manifestierten die Nicht-Diskursivit\u00e4t der intelligiblen Welt, das hei\u00dft, dass jedes Bild eine Art Wissen und Weisheit ist und Gegenstand von Aussagen, alle zusammen in einem, und nicht von Diskursen oder \u00dcberlegungen. Aber [erst] danach entdeckten [andere], ausgehend von ihm in seiner konzentrierten Einheit, eine Darstellung in etwas anderem, die sich bereits entfaltete und diskursiv aussprach und die Gr\u00fcnde angab, warum die Dinge so sind, so dass, weil das Entstandene ist so sch\u00f6n angelegt, dass jemand, der sie zu bewundern wei\u00df, seine Bewunderung daf\u00fcr zum Ausdruck bringt, wie diese Weisheit, die selbst nicht die Gr\u00fcnde daf\u00fcr besitzt, warum die Substanz so ist, wie sie ist, sie den Dingen verleiht, die nach ihr geschaffen sind.\u201c<\/em><\/strong><\/p>\n<p>\u00c4gyptische Hieroglyphen scheinen eine unn\u00f6tige B\u00fcrde zu sein, die die \u00e4gyptischen Priester \u201eerfunden\u201c haben, um Geheimnisse vor anderen Menschen geheim zu halten. Tatsache ist, dass solche Wahrnehmungen in jeder Hinsicht weit von der Wahrheit entfernt sind. Es werden Erkl\u00e4rungen entfaltet, die zeigen, dass das Konzept der bildlichen Darstellungen in den \u00e4gyptischen Hieroglyphen der gemeinsame Nenner aller Menschen \u00fcberall auf der Welt und der g\u00f6ttlichen Kr\u00e4fte des Universums ist.<\/p>\n<p>&nbsp;<\/p>\n<div dir=\"auto\">\n<p><span style=\"color: #ff0000;\"><strong>[Ein Auszug aus <\/strong><\/span><strong>Die \u00e4gyptische Hieroglyphe: Metaphysische Sprache von Moustafa Gadalla<\/strong><span style=\"color: #ff0000;\"><strong>]<br \/>\n<a href=\"https:\/\/egyptianwisdomcenter.org\/de\/produkt\/die-metaphysische-sprache-der-aegyptischen-hieroglyphen-2\/\"><span style=\"color: #0000ff;\">https:\/\/egyptianwisdomcenter.org\/product\/die-metaphysische-sprache-der-aegyptischen-hieroglyphen\/<\/span><\/a><br \/>\n<\/strong><\/span><\/p>\n<p><img decoding=\"async\" class=\"aligncenter\" src=\"https:\/\/egyptianwisdomcenter.org\/wp-content\/uploads\/2023\/01\/die-metaphysische-sprache-der-agyptischen-hieroglyphen-2.jpg\" \/><\/p>\n<div dir=\"auto\" style=\"text-align: center;\"><a href=\"https:\/\/egyptianwisdomcenter.org\/de\/produkt\/die-metaphysische-sprache-der-aegyptischen-hieroglyphen-2\/\"><span style=\"color: #ff0000;\"><strong><span style=\"color: #0000ff;\">https:\/\/egyptianwisdomcenter.org\/product\/die-metaphysische-sprache-der-aegyptischen-hieroglyphen\/<\/span><\/strong><\/span><\/a><\/div>\n<\/div>","protected":false},"excerpt":{"rendered":"<p>The Egyptian Pictorial Metaphysical Images\/Script &nbsp; The Ancient Egyptians\u2019 pictorial system is commonly called &#8216;hieroglyphs&#8217;, which comprises a large number of pictorial [&hellip;]<\/p>","protected":false},"author":3,"featured_media":0,"parent":0,"menu_order":0,"comment_status":"closed","ping_status":"closed","template":"","meta":{"footnotes":""},"class_list":["post-365","page","type-page","status-publish","hentry"],"aioseo_notices":[],"_links":{"self":[{"href":"https:\/\/egyptianwisdomcenter.org\/de\/wp-json\/wp\/v2\/pages\/365","targetHints":{"allow":["GET"]}}],"collection":[{"href":"https:\/\/egyptianwisdomcenter.org\/de\/wp-json\/wp\/v2\/pages"}],"about":[{"href":"https:\/\/egyptianwisdomcenter.org\/de\/wp-json\/wp\/v2\/types\/page"}],"author":[{"embeddable":true,"href":"https:\/\/egyptianwisdomcenter.org\/de\/wp-json\/wp\/v2\/users\/3"}],"replies":[{"embeddable":true,"href":"https:\/\/egyptianwisdomcenter.org\/de\/wp-json\/wp\/v2\/comments?post=365"}],"version-history":[{"count":0,"href":"https:\/\/egyptianwisdomcenter.org\/de\/wp-json\/wp\/v2\/pages\/365\/revisions"}],"wp:attachment":[{"href":"https:\/\/egyptianwisdomcenter.org\/de\/wp-json\/wp\/v2\/media?parent=365"}],"curies":[{"name":"wp","href":"https:\/\/api.w.org\/{rel}","templated":true}]}}