{"id":381,"date":"2018-11-04T00:00:00","date_gmt":"2018-11-04T04:00:00","guid":{"rendered":"http:\/\/egyptianwisdomcenter.org\/mathematics-and-numerology\/"},"modified":"2023-01-06T00:13:15","modified_gmt":"2023-01-06T05:13:15","slug":"mathematics-and-numerology-2","status":"publish","type":"page","link":"https:\/\/egyptianwisdomcenter.org\/de\/mathematik-und-numerologie-2\/","title":{"rendered":"Mathematik und Numerologie"},"content":{"rendered":"<h2 style=\"text-align: center;\"><span style=\"color: #ff0000;\"><strong>Mathematik und Numerologie<\/strong><\/span><\/h2>\n<p>&nbsp;<\/p>\n<p>F\u00fcr die alten \u00c4gypter waren die beiden Prim\u00e4rzahlen im Universum 2 und 3. Alle Ph\u00e4nomene sind ausnahmslos polarer Natur und im Prinzip dreifach. Daher sind die Zahlen 2 und 3 die einzigen Prim\u00e4rzahlen, von denen andere Zahlen abgeleitet werden.<\/p>\n<p>Zwei symbolisiert die Kraft der Vielfalt \u2013 das weibliche, ver\u00e4nderliche Gef\u00e4\u00df \u2013 w\u00e4hrend Drei das M\u00e4nnliche symbolisiert. Dies war die Musik der Sph\u00e4ren \u2013 die universellen Harmonien, die zwischen diesen beiden urspr\u00fcnglichen weiblichen und m\u00e4nnlichen Universalsymbolen von Isis und Osiris spielten, deren himmlische Hochzeit das Kind Horus hervorbrachte. Plutarch best\u00e4tigte dieses \u00e4gyptische Wissen in <em>Moralia Vol. V<\/em>:<\/p>\n<p style=\"padding-left: 30px;\"><strong><em>\u201eDrei (Osiris) ist die erste vollkommene ungerade Zahl: Vier ist ein Quadrat, dessen Seite die gerade Zahl zwei (Isis) ist; aber f\u00fcnf (Horus) \u00e4hnelt in mancher Hinsicht seinem Vater und in mancher Hinsicht seiner Mutter, da sie aus drei und zwei besteht \u2026\u201c<\/em><\/strong><\/p>\n<p>Die Bedeutung der beiden Prim\u00e4rzahlen 2 und 3 (wie sie durch Isis und Osiris dargestellt werden) wurde von Diodorus von Sizilien sehr deutlich gemacht [<em>Buch I<\/em>, 11. 5]:<\/p>\n<p style=\"padding-left: 30px;\"><strong><em>\u201eDiese beiden Neteru (G\u00f6tter) regulieren das gesamte Universum und geben allen Dingen sowohl Nahrung als auch Wachstum \u2026\u201c<\/em><\/strong><\/p>\n<p>In der belebten Welt des alten \u00c4gypten bezeichneten Zahlen nicht einfach Mengen, sondern galten als konkrete Definitionen energetischer Gestaltungsprinzipien der Natur. Die \u00c4gypter nannten diese energetischen Prinzipien Neteru (G\u00f6tter, G\u00f6ttinnen).<\/p>\n<p>F\u00fcr die \u00c4gypter waren Zahlen nicht nur gerade und ungerade. Diese animierten Zahlen im alten \u00c4gypten wurden von Plutarch erw\u00e4hnt <em>Moralia, Bd. V<\/em>, als er das \u00e4gyptische 3-4-5-Dreieck beschrieb:<\/p>\n<p style=\"padding-left: 30px;\"><strong><em>\u201eDer Aufrechte kann daher mit dem Mann verglichen werden, die Basis mit dem Weibchen und die Hypotenuse mit dem Kind beider, und so kann Osiris als Ursprung, Isis als Empf\u00e4nger und Horus als vollendetes Ergebnis angesehen werden.\u201c<\/em><\/strong><\/p>\n<p>Die Vitalit\u00e4t und die Wechselwirkungen zwischen diesen Zahlen zeigen, dass sie m\u00e4nnlich und weiblich, aktiv und passiv, vertikal und horizontal usw. sind. Die g\u00f6ttliche Bedeutung von Zahlen wird in alt\u00e4gyptischen Traditionen durch Seshat, den Aufz\u00e4hler, verk\u00f6rpert. Die Netert (G\u00f6ttin) Seshat wird auch beschrieben als: <em>Dame der Schrift(en)<\/em>, <em>Schreiber<\/em>, <em>Leiter des Hauses der G\u00f6ttlichen B\u00fccher <\/em>(Archive) und <em>die Dame der Baumeister<\/em>.<\/p>\n<p>Seshat ist eng mit Thoth (Tehuti) verbunden und gilt als sein weibliches Gegenst\u00fcck.<\/p>\n<p>Das \u00e4gyptische Konzept der Zahlensymbolik wurde sp\u00e4ter im Westen von und durch Pythagoras popul\u00e4r gemacht [ca. 580\u2013500 v. Chr.]. Es ist eine bekannte Tatsache, dass Pythagoras im 6. Jahrhundert v. Chr. etwa 20 Jahre lang in \u00c4gypten studierte.<\/p>\n<p>Pythagoras und seine unmittelbaren Anh\u00e4nger hinterlie\u00dfen nichts von ihren eigenen Schriften. Dennoch schrieb die westliche Wissenschaft ihm und den sogenannten gro\u00dfen Errungenschaften eine unbegrenzte Liste bedeutender Errungenschaften zu <em>Pythagor\u00e4er<\/em>. Ihnen wurde von der westlichen Wissenschaft ein Blankoscheck ausgestellt.<\/p>\n<p>Pythagoras und seine Anh\u00e4nger sollen Zahlen als g\u00f6ttliche Konzepte betrachten; Vorstellungen von Gott, der ein Universum unendlicher Vielfalt erschuf und einem numerischen Muster eine zufriedenstellende Ordnung gab. Die gleichen Prinzipien wurden mehr als 13 Jahrhunderte vor Pythagoras\u2018 Geburt in der \u00dcberschrift des \u00e4gyptischen Papyrus, bekannt als \u201eThe\u201c, dargelegt <em>Mathematischer Papyrus von Rhind <\/em>[1848\u20131801 v. Chr.], das verspricht:<\/p>\n<p style=\"padding-left: 30px;\"><strong><em>\u201eRegeln f\u00fcr die Erforschung der Natur und f\u00fcr das Wissen um alles, was existiert, jedes Geheimnis, jedes Geheimnis.\u201c<\/em><\/strong><\/p>\n<p>Die Absicht ist ganz klar: Die alten \u00c4gypter glaubten an die Regeln f\u00fcr Zahlen und ihre Wechselwirkungen (sogenannte Mathematik) und legten sie als Grundlage f\u00fcr \u201ealles, was existiert\u201c fest.<\/p>\n<p>Alle Gestaltungselemente \u00e4gyptischer Kunst und Geb\u00e4ude (Abmessungen, Proportionen, Zahlen usw.) basierten auf der \u00e4gyptischen Zahlensymbolik, wie zum Beispiel der alt\u00e4gyptische Name f\u00fcr den gr\u00f6\u00dften Tempel \u00c4gyptens, den Karnak-Tempelkomplex <strong><em>Apet-sut<\/em><\/strong>, Bedeutung <em>Enumerator der Orte<\/em>. Der Name des Tempels spricht f\u00fcr sich. Dieser Tempel entstand ca. im Reich der Mitte. 1971 v. Chr. und wurde in den n\u00e4chsten 1.500 Jahren kontinuierlich erweitert. [Weitere Informationen zu Zahlen und ihrer Bedeutung finden Sie unter <em>\u00c4gyptische Kosmologie: Das belebte Universum und die alt\u00e4gyptische metaphysische Architektur <\/em>von Moustafa Gadalla.]<\/p>\n<p>Was die heutige enge Anwendung des Fachs \u201eMathematik\u201c betrifft, so zeugt die Perfektion der alt\u00e4gyptischen Denkm\u00e4ler von deren \u00fcberlegenem Wissen. Zun\u00e4chst einmal hatten die \u00c4gypter ein dezimales Zahlensystem mit einem Vorzeichen f\u00fcr 1, einem weiteren f\u00fcr 10, 100, 1.000 und so weiter. Die Beweise zu Beginn der 1. Dynastie (2575 v. Chr.) zeigen, dass das Notationssystem bis zum Zeichen f\u00fcr 1.000.000 bekannt war. Sie verwendeten Addition und Subtraktion. Bei der Multiplikation handelte es sich, abgesehen von den einfachsten F\u00e4llen, in denen eine Zahl entweder verdoppelt oder mit zehn multipliziert werden musste, um einen Prozess des Verdoppelns und Addierens (wie \u00fcbrigens auch der Computerprozess funktioniert). Unsere Multiplikationstabellen basieren ausschlie\u00dflich auf dem Auswendiglernen und nicht mehr und k\u00f6nnen keinesfalls als menschliche Errungenschaft angesehen werden. Wie wir alle wissen, ist der Computerprozess einfacher, genauer und schneller.<\/p>\n<p>Akademiker ignorieren das Wissen, das in den zahlreichen alt\u00e4gyptischen Werken verankert ist. Sie wollen sich nur auf einige wenige geborgene alt\u00e4gyptische Papyri beziehen, die aus einem Papyrus des Mittleren Reiches stammen, sowie auf einige Fragmente anderer Texte \u00e4hnlicher Art. Das Studium der Mathematik begann lange bevor die gefundenen \u201emathematischen\u201c Papyri geschrieben wurden. Diese gefundenen Papyri stellen keine mathematische Abhandlung im modernen Sinne dar, das hei\u00dft, sie enthalten keine Reihe von Regeln f\u00fcr den Umgang mit Problemen unterschiedlicher Art, sondern pr\u00e4sentieren lediglich eine Reihe von Tabellen und Beispielen, die mithilfe von erarbeitet wurden die Tische. Die vier am h\u00e4ufigsten genannten Papyri sind:<\/p>\n<ol>\n<li>Der Rhind \u201eMathematical\u201c Papyrus (jetzt im British Museum), eine Kopie eines \u00e4lteren Dokuments aus der Zeit K\u00f6nig Nemaras (1849\u20131801 v. Chr.), 12<sup>Th<\/sup> Dynastie. Es enth\u00e4lt eine Reihe von Exemplaren, denen akademische \u00c4gyptologen die Seriennummern 1-84 gegeben haben.<\/li>\n<li>Der Moskauer \u201eMathematische\u201c Papyrus (im Museum der Sch\u00f6nen K\u00fcnste Moskau) stammt ebenfalls aus dem 12<sup>Th<\/sup> Dynastie. Es enth\u00e4lt eine Reihe von Exemplaren, denen akademische \u00c4gyptologen die Seriennummern 1-19 gegeben haben. Vier Beispiele sind geometrischer Natur.<\/li>\n<li>Die Kahun-Fragmente.<\/li>\n<li>Der Berliner Papyrus 6619, der aus vier Fragmenten besteht, die unter den Nummern 1-4 wiedergegeben sind.<\/li>\n<\/ol>\n<p>Hier ist eine Zusammenfassung des Inhalts des \u201eMathematischen\u201c Papyrus von Rhind:<\/p>\n<ul>\n<li>Arithmetik<\/li>\n<\/ul>\n<p style=\"padding-left: 60px;\">\u2013 Division verschiedener Zahlen.<br \/>\n\u2013 Multiplikation von Br\u00fcchen.<br \/>\n\u2013 L\u00f6sungen von Gleichungen ersten Grades.<br \/>\n\u2013 Aufteilung der Artikel in ungleichen Proportionen.<\/p>\n<ul>\n<li>Messung<\/li>\n<\/ul>\n<p style=\"padding-left: 60px;\">\u2013 Volumina und Kubikinhalt von zylindrischen Beh\u00e4ltern und rechteckigen Parallelepipektalen<\/p>\n<ul>\n<li>Bereiche von:<\/li>\n<\/ul>\n<p style=\"padding-left: 60px;\">\u2013 Rechteck<br \/>\n- Kreis<br \/>\n\u2013 Dreieck<br \/>\n\u2013 abgeschnittenes Dreieck<br \/>\n\u2013 Trapez<\/p>\n<ul>\n<li>Neigung oder Neigungswinkel einer Pyramide und eines Kegels.<\/li>\n<li>Verschiedene Probleme:<\/li>\n<\/ul>\n<p style=\"padding-left: 60px;\">\u2013 Divisionen in Anteile in arithmetischer Folge.<br \/>\n\u2013 Geometrischer Verlauf.<\/p>\n<p><strong>Weitere aus anderen Papyri bekannte mathematische Prozesse sind:<\/strong><\/p>\n<ul>\n<li>Quadrat und Quadratwurzel von Gr\u00f6\u00dfen mit einfachen Br\u00fcchen [Berlin 6619].<\/li>\n<li>L\u00f6sung von Gleichungen zweiten Grades [Berlin Papyrus 6619].<\/li>\n<li><strong>Es muss beachtet werden, dass der Rhind-Papyrus zeigt, dass die Berechnung der Neigung der Pyramide [Rhind Nr. 56-60] die Prinzipien eines viereckigen Dreiecks verwendet, das als das bezeichnet wird <em>Satz des Pythagoras<\/em>. Dieser \u00e4gyptische Papyrus ist Tausende von Jahren datiert, bevor Pythagoras jemals auf der Erde lebte.<\/strong><\/li>\n<\/ul>\n<p>Dieser Satz besagt, dass das Quadrat der Hypotenuse eines rechtwinkligen Dreiecks gleich der Summe der Quadrate der beiden anderen Seiten ist. Plutarch erkl\u00e4rte die Beziehung zwischen den drei Seiten des rechtwinkligen Dreiecks 3:4:5, das er (wie alle Menschen seiner Zeit) das \u201eOsiris\u201c-Dreieck nannte.<\/p>\n<p>&nbsp;<\/p>\n<p><span style=\"color: #ff0000;\"><strong>[Ein Auszug aus <\/strong><\/span><strong>Alt\u00e4gyptisch: Kultur enth\u00fcllt, Zweite Auflage von Moustafa Gadalla<\/strong><span style=\"color: #ff0000;\"><strong>]<br \/>\n<a href=\"https:\/\/egyptianwisdomcenter.org\/de\/produkt\/die-altaegyptische-kultur-enthuellt-zweite-ausgabe-2\/\"><span style=\"color: #0000ff;\">https:\/\/egyptianwisdomcenter.org\/product\/die-altaegyptische-kultur-enthuellt-zweite-ausgabe\/<\/span><\/a><\/strong><\/span><\/p>\n<p><img decoding=\"async\" class=\"aligncenter\" src=\"https:\/\/books2read-prod.s3.amazonaws.com\/CACHE\/images\/ubl_book_images\/book_display_image_6heB7g0\/9bcff3df91ca713a9cfe93997d847840\" alt=\"Die alt\u00e4gyptische Kultur enth\u00fcllthttps:\/\/egyptianwisdomcenter.org\/wp-content\/uploads\/2023\/01\/die-altagyptische-kultur-enthullt-zweite-ausgabe.jpg\" \/><\/p>\n<p style=\"text-align: center;\"><a href=\"https:\/\/egyptianwisdomcenter.org\/de\/produkt\/die-altaegyptische-kultur-enthuellt-zweite-ausgabe-2\/\"><span style=\"color: #ff0000;\"><strong><span style=\"color: #0000ff;\">https:\/\/egyptianwisdomcenter.org\/product\/die-altaegyptische-kultur-enthuellt-zweite-ausgabe\/<\/span><\/strong><\/span><\/a><\/p>\n<div dir=\"auto\"><\/div>\n<p>&nbsp;<\/p>","protected":false},"excerpt":{"rendered":"<p>Mathematics And Numerology &nbsp; For the Ancient Egyptians, the two primary numbers in the universe are 2 and 3. All phenomena, without [&hellip;]<\/p>","protected":false},"author":3,"featured_media":0,"parent":0,"menu_order":0,"comment_status":"closed","ping_status":"closed","template":"","meta":{"footnotes":""},"class_list":["post-381","page","type-page","status-publish","hentry"],"aioseo_notices":[],"_links":{"self":[{"href":"https:\/\/egyptianwisdomcenter.org\/de\/wp-json\/wp\/v2\/pages\/381","targetHints":{"allow":["GET"]}}],"collection":[{"href":"https:\/\/egyptianwisdomcenter.org\/de\/wp-json\/wp\/v2\/pages"}],"about":[{"href":"https:\/\/egyptianwisdomcenter.org\/de\/wp-json\/wp\/v2\/types\/page"}],"author":[{"embeddable":true,"href":"https:\/\/egyptianwisdomcenter.org\/de\/wp-json\/wp\/v2\/users\/3"}],"replies":[{"embeddable":true,"href":"https:\/\/egyptianwisdomcenter.org\/de\/wp-json\/wp\/v2\/comments?post=381"}],"version-history":[{"count":0,"href":"https:\/\/egyptianwisdomcenter.org\/de\/wp-json\/wp\/v2\/pages\/381\/revisions"}],"wp:attachment":[{"href":"https:\/\/egyptianwisdomcenter.org\/de\/wp-json\/wp\/v2\/media?parent=381"}],"curies":[{"name":"wp","href":"https:\/\/api.w.org\/{rel}","templated":true}]}}