{"id":382,"date":"2018-11-04T00:00:00","date_gmt":"2018-11-04T04:00:00","guid":{"rendered":"http:\/\/egyptianwisdomcenter.org\/squaring-the-circle\/"},"modified":"2023-10-21T12:22:12","modified_gmt":"2023-10-21T16:22:12","slug":"squaring-the-circle-2","status":"publish","type":"page","link":"https:\/\/egyptianwisdomcenter.org\/de\/squaring-the-circle-2\/","title":{"rendered":"Squaring The Circle"},"content":{"rendered":"<h2 style=\"text-align: center;\"><span style=\"color: #ff0000;\"><strong>Squaring The Circle<\/strong><\/span><\/h2>\n<h3 style=\"text-align: center;\"><span style=\"color: #0000ff;\"><strong>Die Manifestation der Sch\u00f6pfung<\/strong><\/span><\/h3>\n<p>&nbsp;<\/p>\n<p>\u201eDie Quadratur des Kreises\u201c stellte f\u00fcr die alten \u00c4gypter die Verwirklichung der Sch\u00f6pfung dar \u2013 den Transformationsprozess des Konzepts der Sch\u00f6pfung in seine tats\u00e4chliche Manifestation.<\/p>\n<p>Eine solche Transformation spiegelt sich in allen \u201emathematischen\u201c Papyri des alten \u00c4gypten wider und ist offensichtlich. In all diesen Papyri wurde die Fl\u00e4che eines Kreises ermittelt durch <strong>die Quadratur des Kreises<\/strong>. Der Durchmesser wurde immer mit 9 Ellen angegeben. Die alt\u00e4gyptischen Papyri setzen den Kreis mit einem Durchmesser von 9 Ellen einem Quadrat mit einer Seitenl\u00e4nge von 8 Ellen gleich.<\/p>\n<p><img decoding=\"async\" class=\"size-full wp-image-68458 aligncenter\" src=\"https:\/\/egyptianwisdomcenter.org\/wp-content\/uploads\/2023\/10\/eh-49-300-150x150-1.jpg\" alt=\"\" width=\"150\" height=\"150\" srcset=\"https:\/\/egyptianwisdomcenter.org\/wp-content\/uploads\/2023\/10\/eh-49-300-150x150-1.jpg 150w, https:\/\/egyptianwisdomcenter.org\/wp-content\/uploads\/2023\/10\/eh-49-300-150x150-1-45x45.jpg 45w, https:\/\/egyptianwisdomcenter.org\/wp-content\/uploads\/2023\/10\/eh-49-300-150x150-1-100x100.jpg 100w\" sizes=\"(max-width: 150px) 100vw, 150px\" \/><\/p>\n<p>Die Zahl 9 stellt als Durchmesser die Ennead dar, die Gruppe von 9 Neteru (G\u00f6ttern, G\u00f6ttinnen), die die Zutaten der Sch\u00f6pfung hervorbrachten. Die 9 sind alle Aspekte von Re, der urzeitlichen kosmischen sch\u00f6pferischen Kraft, deren Symbol der Kreis ist\/war.<\/p>\n<p>8 entspricht der physischen Welt, wie wir sie erleben. 8 ist die Zahl von Thoth, und in Khmunu (Hermopolis) ist Thoth als der bekannt <strong>Meister der Stadt der Acht.<\/strong><\/p>\n<p>Musikalisch ist das Verh\u00e4ltnis 8:9 der perfekte Ton. Das Verh\u00e4ltnis 8:9 ist in alt\u00e4gyptischen Werken vorhanden, beispielsweise im Verh\u00e4ltnis der inneren Kammer des oberen Heiligtums im Luxor-Tempel.<\/p>\n<p>Die zugrunde liegenden metaphysischen Muster des manifestierten Universums werden in der Beziehung von dargestellt <strong>die Quadratur des Kreises <\/strong>(Re und Thoth \u2013 empfangen und manifestiert).<\/p>\n<p>Thoth verwandelte das Sch\u00f6pfungskonzept (symbolisiert durch einen Kreis) in eine physische und metaphysische Realit\u00e4t. Diese Transformation spiegelt sich im alt\u00e4gyptischen Prozess der \u201eQuadratur des Kreises\u201c wider.<\/p>\n<p>Die Fl\u00e4che eines Kreises mit 9 Ellen Durchmesser = 63,61725.<\/p>\n<p>Die Fl\u00e4che des quadratischen Kreises mit 8 Ellen als Seite = 64.<\/p>\n<p>Die Differenz = 64 \u2013 63,61725 = 0,38.<\/p>\n<p>Ein solcher Unterschied = 0,6%, was die alt\u00e4gyptische \u00dcberlegung einer leichten Abweichung von der Vollkommenheit in der manifestierten Welt widerspiegelt.<\/p>\n<p>Ein gutes Beispiel f\u00fcr diese leichte Unvollkommenheit ist die Umlaufbahn der Erde um die Sonne, die einer elliptischen Form und nicht einem perfekten Kreis folgt.<\/p>\n<p>Musikalisch ist das Verh\u00e4ltnis 8:9 der perfekte Ton.<\/p>\n<p>Das Verh\u00e4ltnis 8:9 = 2 hoch 3. Potenz und 3 hoch 2. Potenz. Dies ist die perfekte Beziehung zwischen den Kehrwerten von 2 und 3 und ihren Kehrwerten von 3 und 2. Die Zahlen 2 und 3 sind die beiden prim\u00e4ren kosmischen Zahlen, wie in Kapitel 9 dieses Buches besprochen wird.<\/p>\n<p>Die W\u00e4nde des \u00e4gyptischen Tempels waren mit animierten Bildern \u2013 darunter Hieroglyphen \u2013 bedeckt, um die Kommunikation zwischen Oben und Unten zu erleichtern.<\/p>\n<p>Das alt\u00e4gyptische Grundger\u00fcst war normalerweise ein Quadrat, das die manifestierte Welt darstellte (Quadratur des Kreises). Dar\u00fcber hinaus hatte das quadratische Gitter selbst eine symbolische Bedeutung f\u00fcr die manifestierte Welt, was es auch einfach machte, die Wurzelrechtecke von 2, 3 und 5 auf\/durch den Hintergrund des Quadrats\/der Quadrate zu konstruieren. Die Ecken von Quadraten und Wurzelrechtecken wurden durch Kerben entlang des Umfangs oder sorgf\u00e4ltig durch eingeschnittene Linien definiert.<\/p>\n<p>&nbsp;<\/p>\n<p><span style=\"color: #ff0000;\"><strong>[Ein Auszug aus <span style=\"color: #000000;\">Die alt\u00e4gyptische metaphysische Architektur<\/span> von Moustafa Gadalla]<br \/>\n<a href=\"https:\/\/egyptianwisdomcenter.org\/de\/produkt\/die-altaegyptische-metaphysische-architektur-2\/\"><span style=\"color: #0000ff;\">https:\/\/egyptianwisdomcenter.org\/product\/the-ancient-egyptian-metaphysical-architecture\/<\/span><\/a><br \/>\n<\/strong><\/span><\/p>\n<p><img decoding=\"async\" class=\"aligncenter\" src=\"https:\/\/egyptianwisdomcenter.org\/wp-content\/uploads\/2023\/01\/die-altagyptische-metaphysische-architektur-1.jpg\" \/><\/p>\n<p style=\"text-align: center;\"><a href=\"https:\/\/egyptianwisdomcenter.org\/de\/produkt\/die-altaegyptische-metaphysische-architektur-2\/\"><span style=\"color: #0000ff;\"><strong>https:\/\/egyptianwisdomcenter.org\/product\/the-ancient-egyptian-metaphysical-architecture\/<\/strong><\/span><\/a><\/p>\n<div dir=\"auto\"><\/div>\n<div dir=\"auto\"><\/div>","protected":false},"excerpt":{"rendered":"<p>Squaring The Circle The Manifestation Of Creation &nbsp; \u201cSquaring the circle\u201d for the Ancient Egyptians represented the realization of creation\u2014the transformation process [&hellip;]<\/p>","protected":false},"author":3,"featured_media":0,"parent":0,"menu_order":0,"comment_status":"closed","ping_status":"closed","template":"","meta":{"footnotes":""},"class_list":["post-382","page","type-page","status-publish","hentry"],"aioseo_notices":[],"_links":{"self":[{"href":"https:\/\/egyptianwisdomcenter.org\/de\/wp-json\/wp\/v2\/pages\/382","targetHints":{"allow":["GET"]}}],"collection":[{"href":"https:\/\/egyptianwisdomcenter.org\/de\/wp-json\/wp\/v2\/pages"}],"about":[{"href":"https:\/\/egyptianwisdomcenter.org\/de\/wp-json\/wp\/v2\/types\/page"}],"author":[{"embeddable":true,"href":"https:\/\/egyptianwisdomcenter.org\/de\/wp-json\/wp\/v2\/users\/3"}],"replies":[{"embeddable":true,"href":"https:\/\/egyptianwisdomcenter.org\/de\/wp-json\/wp\/v2\/comments?post=382"}],"version-history":[{"count":4,"href":"https:\/\/egyptianwisdomcenter.org\/de\/wp-json\/wp\/v2\/pages\/382\/revisions"}],"predecessor-version":[{"id":68471,"href":"https:\/\/egyptianwisdomcenter.org\/de\/wp-json\/wp\/v2\/pages\/382\/revisions\/68471"}],"wp:attachment":[{"href":"https:\/\/egyptianwisdomcenter.org\/de\/wp-json\/wp\/v2\/media?parent=382"}],"curies":[{"name":"wp","href":"https:\/\/api.w.org\/{rel}","templated":true}]}}