{"id":387,"date":"2018-11-04T00:00:00","date_gmt":"2018-11-04T04:00:00","guid":{"rendered":"http:\/\/egyptianwisdomcenter.org\/the-egyptian-alphabetical-form-of-writing\/"},"modified":"2023-01-06T00:18:33","modified_gmt":"2023-01-06T05:18:33","slug":"the-egyptian-alphabetical-form-of-writing-2","status":"publish","type":"page","link":"https:\/\/egyptianwisdomcenter.org\/de\/die-agyptische-alphabetische-schreibweise-2\/","title":{"rendered":"Die \u00e4gyptische alphabetische Form des Schreibens"},"content":{"rendered":"<h2 style=\"text-align: center;\"><span style=\"color: #0000ff;\">Die \u00e4gyptische alphabetische Form des Schreibens<\/span><\/h2>\n<p>&nbsp;<\/p>\n<h3><span style=\"color: #ff0000;\"><strong>1. Fernes Zeitalter der \u00e4gyptischen Alphabete\u00a0<\/strong><\/span><\/h3>\n<p>Die meisten modernen westlichen Gelehrten best\u00e4tigen ausdr\u00fccklich und implizit, dass das alt\u00e4gyptische Alphabet (und die alt\u00e4gyptische Sprache) die \u00e4lteste Quelle der Welt ist. In seinem Buch <em>Die Literatur der alten \u00c4gypter <\/em>[Seite xxxiv-v] gibt der deutsche \u00c4gyptologe Adolf Erman zu:<\/p>\n<p style=\"padding-left: 30px;\"><em>&#8220;<strong>Nur die \u00c4gypter waren dazu bestimmt, eine bemerkenswerte Methode anzuwenden, mit der sie zur h\u00f6chsten Form der Schrift, dem Alphabet, gelangten. . .\u201c<\/strong><\/em><\/p>\n<p>Der britische \u00c4gyptologe WM Flinders Petrie in seinem Buch\u00a0<em>Die Entstehung der Alphabete<\/em> [Seite 3] kam zu dem Schluss:<\/p>\n<p style=\"padding-left: 30px;\"><span style=\"text-decoration: underline;\"><strong><em>\u201eSeit Beginn der Vorgeschichte wurde in \u00c4gypten sicherlich ein aus linearen Zeichen bestehendes Kursivsystem voller Vielfalt und Unterscheidung verwendet.\u201c<\/em><\/strong><\/span><\/p>\n<p>Der bedeutendste Autorit\u00e4t auf dem Gebiet der Sprachen, Isaac Taylor, in seinem Buch <em>Geschichte der Alphabete,<\/em> Band 1, Seite 62:<\/p>\n<p style=\"padding-left: 30px;\"><strong><em>\u201eDer \u00e4u\u00dferst fr\u00fche Zeitpunkt, zu dem Symbole alphabetischer Natur auf den \u00e4gyptischen Denkm\u00e4lern gefunden wurden, ist eine Tatsache von gro\u00dfem Interesse und Bedeutung. Es ist von gro\u00dfem Interesse, da es den Ausgangspunkt in der Geschichte des Alphabets darstellt und die w\u00f6rtliche Wahrheit der Behauptung beweist <span style=\"text-decoration: underline;\">Die Buchstaben des Alphabets sind \u00e4lter als die Pyramiden \u2013 wahrscheinlich \u00e4lter als jedes andere existierende Denkmal der menschlichen Zivilisation.<\/span>&#8221; <\/em><\/strong><\/p>\n<p>Isaac Taylor, in seinem Buch <em>Geschichte der Alphabete<\/em> Band I, S. 64, schrieb \u00fcber den \u00e4gyptischen K\u00f6nig Gesandt:<\/p>\n<p style=\"padding-left: 30px;\"><strong><em>\u201eEs kann davon ausgegangen werden, dass K\u00f6nig Sent, in dessen Regierungszeit die Buchstaben bereits in Gebrauch waren, gelebt hat <span style=\"text-decoration: underline;\">zwischen 4000 und 4700 v. Chr<\/span>. So verbl\u00fcffend das Ergebnis solcher Berechnungen auch erscheinen mag, es muss best\u00e4tigt werden, dass es wahrscheinlich ist, dass die <span style=\"text-decoration: underline;\">Die Anf\u00e4nge der grafischen Kunst im Niltal m\u00fcssen auf ein Datum von sieben- oder achttausend Jahren nach der Gegenwart zur\u00fcckgef\u00fchrt werden.<\/span>&#8220;<\/em><\/strong><\/p>\n<p>Es ist sehr klar, dass die alt\u00e4gyptische alphabetische Sprache tausende Jahre vor den \u201eSinai-Schriften\u201c, in denen es um nichts zu tun geht, die ERSTE auf der Welt war [siehe ein sp\u00e4teres Kapitel zu diesem Thema].<\/p>\n<p>In seinem Buch <em>Die Entstehung des Alphabets<\/em>, WM Flinders Petrie hat alphabetische Buchstabenformen gesammelt und tabellarisch zusammengestellt, die von der fr\u00fchen Vorgeschichte \u00c4gyptens bis in die griechische und r\u00f6mische Zeit reichten. Petrie hat au\u00dferdem (von mehreren unabh\u00e4ngigen Wissenschaftlern) \u00e4hnlich aussehende alphabetische Buchstabenformen aus 25 Orten in Kleinasien, Griechenland, Italien, Spanien und anderen Orten in ganz Europa zusammengestellt. Alle sind viel j\u00fcnger als die alt\u00e4gyptischen alphabetischen Buchstabenformen.<\/p>\n<p>Petries Tabellierung dieser alphabetischen Buchstabenformen zeigt, dass:<\/p>\n<p style=\"padding-left: 30px;\">1. Alle alphabetischen Buchstabenformen waren im alten \u00c4gypten seit der fr\u00fchen vordynastischen Zeit (vor \u00fcber 7.000 Jahren) vorhanden, also noch vor jedem anderen Ort der Welt.<\/p>\n<p style=\"padding-left: 30px;\">2. Alle \u00e4gyptischen alphabetischen Buchstabenformen sind in der \u00e4ltesten, vor mehr als 5.000 Jahren wiedergewonnenen sogenannten \u00e4gyptischen \u201eHieratischen Schrift\u201c klar unterscheidbar.<\/p>\n<p style=\"padding-left: 30px;\">3. Die exakt gleichen alt\u00e4gyptischen alphabetischen Buchstabenformen wurden sp\u00e4ter \u00fcbernommen und an andere Menschen auf der ganzen Welt weitergegeben.<\/p>\n<p>&nbsp;<\/p>\n<h3><span style=\"color: #ff0000;\"><strong>2. Die charakteristischen \u00e4gyptischen alphabetischen Papyri aus der Zeit vor Hyksos <\/strong><\/span><\/h3>\n<p>Der bedeutende deutsche \u00c4gyptologe Adolf Erman schrieb in seinem Buch\u00a0<em>Leben im alten \u00c4gypten<\/em>, Seite 339:<\/p>\n<p style=\"padding-left: 30px;\"><strong><em>\u201eAuch im Alten Reich <\/em><\/strong>[2575-2040 v. Chr.]<strong><em> F\u00fcr den t\u00e4glichen Gebrauch war bereits eine spezielle Schreibschrift erfunden worden, die sogenannte Hieratische.\u201c<\/em><\/strong><\/p>\n<p>Isaac Taylor, in seinem Buch <em>Die Geschichte des Alphabets<\/em>, Bd. 1, Seiten 94 und 95, bezog sich auf drei wichtige alt\u00e4gyptische Manuskripte aus der Zeit des Alten und Mittleren Reiches [2575-1783] vor der Hyksos-Zeit [ca. 1600 v. Chr.], die sehr klare und charakteristische alphabetische Kursivschriften hatten . Die drei Papyri stimmen im Wesentlichen \u00fcberein, was den allgemeinen Schreibstil und die Formen der einzelnen alphabetischen Zeichen in sauberer Kursivschrift betrifft.<\/p>\n<p>Diese fr\u00fchen alphabetischen Schriften [Hieratic] zeigen deutlich einen echten Kursivcharakter: schwarz, abgerundet und fett.<\/p>\n<p>Die drei alt\u00e4gyptischen Manuskripte, auf die sich bezieht<\/p>\n<p>Isaac Taylor sind:<\/p>\n<p style=\"padding-left: 30px;\">1. Ein \u00e4gyptisches Manuskript im Besitz von Prof. Lepsius, in dem der Erbauer der Gro\u00dfen Pyramide von Gizeh, Cheops [Cheops], und andere K\u00f6nige der fr\u00fcheren Dynastien von Memphis [2649\u20132465 v. Chr.] erw\u00e4hnt werden.<\/p>\n<p style=\"padding-left: 30px;\">2. Das vollkommenste Exemplar der alphabetischen, sauberen Kursivschrift der Fr\u00fchzeit ist der ber\u00fchmte Papyrus, den M. Prisse d&#039;Avennes in Theben erwarb und von ihm der Bibliotheque Nationale in Paris schenkte. Dieses Manuskript wird \u00fcblicherweise \u201ePapyrus Prisse\u201c genannt. Es wurde 1847 von M. Prisse als Faksimile ver\u00f6ffentlicht und besteht aus achtzehn Seiten einer gro\u00dfartigen alphabetischen Kursivschrift, die an Gr\u00f6\u00dfe und Sch\u00f6nheit ihresgleichen sucht, wobei die Zeichen ungew\u00f6hnlich gro\u00df, voll und fest sind. Eine Aussage am Ende des Papyrus zeigt, dass es sich nur um eine Kopie des Originalwerks handelt, das angeblich von Prinz Ptah-Hotep verfasst wurde, der w\u00e4hrend der Herrschaft von Assa, einem K\u00f6nig der f\u00fcnften Dynastie [2465\u20132323], lebte v. Chr.].<\/p>\n<p style=\"padding-left: 30px;\">3. Im Museum in Berlin befinden sich einige Fragmente eines hieratischen Papyrus aus der Zeit der \u00e4gyptischen K\u00f6nige Amenemhat und Usurtasen, die zur zw\u00f6lften Dynastie [1991-1783] geh\u00f6rten, die der Invasion der Hyksos vorausging.<\/p>\n<p><strong>Hier ist das <\/strong><strong>Faksimile des Papyrus Prisse<\/strong><strong>, wo Buchstabenformen in der gesamten anerkannten alt\u00e4gyptischen Geschichte und dar\u00fcber hinaus genau wie Buchstabenformen aussehen.<\/strong><\/p>\n<p><a href=\"http:\/\/egyptianwisdomcenter.org\/wp-content\/uploads\/2019\/02\/eu-ch1-2-96c-1.jpg\"><img decoding=\"async\" class=\"size-full wp-image-1369 aligncenter\" src=\"http:\/\/egyptianwisdomcenter.org\/wp-content\/uploads\/2019\/02\/eu-ch1-2-96c-1.jpg\" alt=\"\" width=\"307\" height=\"137\" \/><\/a><\/p>\n<div class=\"gmail_default\">Hier ist ein vergr\u00f6\u00dferter Teil dieses alt\u00e4gyptischen Papyrus, der charakteristische alphabetische Buchstabenformen zeigt, die jedes andere Land \u00fcbernehmen wird, wie die Beweise in diesem Buch zeigen werden.<\/div>\n<div><\/div>\n<div><a href=\"http:\/\/egyptianwisdomcenter.org\/wp-content\/uploads\/2019\/02\/eu-ch1-3-96c-1.jpg\"><img decoding=\"async\" class=\"size-full wp-image-1365 aligncenter\" src=\"http:\/\/egyptianwisdomcenter.org\/wp-content\/uploads\/2019\/02\/eu-ch1-3-96c-1.jpg\" alt=\"\" width=\"269\" height=\"124\" \/><\/a><\/div>\n<div><\/div>\n<div class=\"gmail_default\">\u00a0Es gibt zahlreiche weitere fr\u00fche alphabetische Schriften. Hier ein paar Beispiele:<\/div>\n<p style=\"padding-left: 30px;\">1. Klare Alphabete aus der Zeit des Alten Reiches [2575-2040 v. Chr.] aus einem auf Leinen geschriebenen Brief einer Witwe, \u00c4gyptisches Museum, Kairo, JE25975.<\/p>\n<p><a href=\"http:\/\/egyptianwisdomcenter.org\/wp-content\/uploads\/2019\/02\/eu-ch1-4-96c-1.jpg\"><img decoding=\"async\" class=\"size-full wp-image-1366 aligncenter\" src=\"http:\/\/egyptianwisdomcenter.org\/wp-content\/uploads\/2019\/02\/eu-ch1-4-96c-1.jpg\" alt=\"\" width=\"269\" height=\"172\" \/><\/a><\/p>\n<p style=\"padding-left: 30px;\">2. Dies ist der dritte eines Zyklus von f\u00fcnf Hymnen an Senwosret III., der in der Stadt el-Lahun gefunden wurde. Die Hymne an Senwosret III zeigt die strophische Anordnung und wurde Mitte der 12. Dynastie [1991-1783 v. Chr.] geschrieben.<\/p>\n<p><a href=\"http:\/\/egyptianwisdomcenter.org\/wp-content\/uploads\/2019\/02\/eu-ch1-5-96c-1.jpg\"><img loading=\"lazy\" decoding=\"async\" class=\"size-full wp-image-1367 aligncenter\" src=\"http:\/\/egyptianwisdomcenter.org\/wp-content\/uploads\/2019\/02\/eu-ch1-5-96c-1.jpg\" alt=\"\" width=\"384\" height=\"159\" \/><\/a><\/p>\n<p style=\"padding-left: 30px;\">3. Die hier gezeigte Schrift ist ein Memorandum des Aufsehers des Tempels an den Lector-Priester im Nubkaura-Tempel in el-Lahun (zur Zeit von Senwosret II., 1897\u20131878 v. Chr.), in dem er ihm mitteilte, dass Sirius am 16. Tag auferstehen w\u00fcrde des 4. Monats, um dessen genauen Ort und Zeitpunkt zu notieren und ihn in die Tempelunterlagen einzutragen.<\/p>\n<p><a href=\"http:\/\/egyptianwisdomcenter.org\/wp-content\/uploads\/2019\/02\/eu-ch1-6aa.-1-96c-1.jpg\"><img loading=\"lazy\" decoding=\"async\" class=\"size-full wp-image-1368 aligncenter\" src=\"http:\/\/egyptianwisdomcenter.org\/wp-content\/uploads\/2019\/02\/eu-ch1-6aa.-1-96c-1.jpg\" alt=\"\" width=\"307\" height=\"92\" \/><\/a><\/p>\n<p style=\"padding-left: 30px;\">4. Mehrere weitere \u00e4hnliche Beispiele zu verschiedenen Themen und Zwecken finden sich im Buch von RB Parkinson [siehe Ausgew\u00e4hlte Bibliographie.]<\/p>\n<p style=\"padding-left: 30px;\">5. Andere alt\u00e4gyptische Papyri mit sauberen alphabetischen Schriften zu allen m\u00f6glichen Themen aus dieser sehr fr\u00fchen \u00c4ra werden in verschiedenen Ver\u00f6ffentlichungen von Moustafa Gadalla erw\u00e4hnt und sind in den meisten \u00e4gyptologischen Referenzen enthalten.<\/p>\n<p>&nbsp;<\/p>\n<h3><span style=\"color: #ff0000;\"><strong>3. Tausende \u00e4gyptischer alphabetischer Schriften werden durch Rauch abgeschirmt<\/strong><\/span><\/h3>\n<p>Der GR\u00d6SSTE Nebelschleier der Geschichte verbirgt das (alte) \u00e4gyptische alphabetische Schriftsystem. Sie lie\u00dfen jeden die \u00e4gyptische Sprache als eine Sammlung \u201eprimitiver Bilder\u201c, sogenannter Hieroglyphen, betrachten. Sie verbargen das \u00e4gyptische Alphabetsystem als MUTTER ALLER Sprachen der Welt.<\/p>\n<p>Hier ist, wie Alan Gardiner in seinem Buch <em>\u00c4gyptische Grammatik<\/em>, versucht zu \u201erationalisieren\u201c, wie sie das \u00e4gyptische Alphabetsystem verschleierten:<\/p>\n<p style=\"padding-left: 30px;\"><strong><em>\u201e\u00c4gyptologen haben die praktische Notwendigkeit erfahren, einen gemeinsamen Standard zu \u00fcbernehmen, auf den verschiedene hieratische H\u00e4nde reduziert werden k\u00f6nnten, und haben es vorgezogen, alle hieratischen H\u00e4nde in Hieroglyphen umzuschreiben, anstatt f\u00fcr diesen Zweck einen einfachen hieratischen Stil auszuw\u00e4hlen.\u201c<\/em><\/strong><\/p>\n<p>Gardiners \u201eErkl\u00e4rung\/Rechtfertigung\u201c f\u00fcr das Vergraben alphabetischer [hieratischer] Schriften versichert uns, dass es solche gab <span style=\"text-decoration: underline;\">verschiedene Formen von Schriften f\u00fcr verschiedene Zwecke<\/span>. Dieselben westlichen Akademien benutzten NIEMALS dieselbe \u201elahme Ausrede\u201c mit Griechisch, Roman oder irgendeiner anderen Sprache auf der Welt!<\/p>\n<p>Diese lahme Ausrede wurde in \u00e4gyptischen Schriften NUR verwendet, um die alphabetische Schriftsprache der alten \u00c4gypter zu t\u00e4uschen und zu verbergen.<\/p>\n<p>Es gibt KEINEN EINZIGEN Hinweis \u2013 vor dieser Verschw\u00f6rung der \u201ewestlichen \u00c4gyptologen\u201c im 19. und 20. Jahrhundert \u2013, der eine Beziehung zwischen Hieroglyphen (Bildzeichen) und hieratischen\/demotischen alphabetischen Buchstabenformen feststellte. Im Gegenteil, in JEDER einzelnen Referenz wurde AUSDR\u00dcCKLICH angegeben, wie unzusammenh\u00e4ngend sie sind.<\/p>\n<p>&nbsp;<\/p>\n<h3><span style=\"color: #ff0000;\"><strong>4. \u00c4gypter ist tot, es lebe \u201eArabisch\u201c <\/strong><\/span><\/h3>\n<p>Nachdem sie das (alte) \u00e4gyptische alphabetische Schriftsystem verschwiegen hatten, das jeden dazu bringt, die \u00e4gyptische Sprache als eine Sammlung \u201eprimitiver Bilder\u201c namens Hieroglyphen zu betrachten, bestand ihr zweiter Schlag darin, zu erkl\u00e4ren, dass die alt\u00e4gyptische Sprache TOT sei und dass sie ersetzt wurde \u2013 aus dem Nichts Luft \u2013 durch die \u201earabische\u201c Sprache!<\/p>\n<p>Zu sagen, dass die \u00c4gypter \u201eArabisch\u201c sprechen, ist v\u00f6llig falsch und unlogisch. Es ist umgekehrt: Die \u201eAraber\u201c haben \u00c4GYPTISCH schon vor langer Zeit \u201eadoptiert\u201c und sprechen weiterhin \u00c4gyptisch.<\/p>\n<p>Der britische \u00c4gyptologe Alan Gardiner schreibt in seinem Buch: <em>\u00c4gyptische Grammatik<\/em>, Seite 3, schreibt:<\/p>\n<p style=\"padding-left: 30px;\"><span style=\"text-decoration: underline;\"><strong><em>\u201eEs kann tats\u00e4chlich nachgewiesen werden, dass das gesamte Vokalsystem des Alt\u00e4gyptischen ein Stadium erreicht hat, das dem des Hebr\u00e4ischen oder des modernen Arabisch \u00e4hnelt.\u201c<\/em><\/strong><\/span><\/p>\n<p>\u00c4gyptisch ist die Mutter aller semitischen Sprachen, wie ALLE Akademiker bewiesen und festgestellt haben.<\/p>\n<p>Was andere S\u00e4ulen einer Sprache wie Grammatik, Syntax usw. betrifft, bleibt sie genau wie die alt\u00e4gyptische Sprache.<\/p>\n<p>Der britische \u00c4gyptologe Alan Gardiner in seinem Buch\u00a0<em>\u00c4gyptische Grammatik<\/em>Auf Seite 2 hie\u00df es:<\/p>\n<p style=\"padding-left: 30px;\"><strong><em>\u201eDie \u00e4gyptische Sprache ist nicht nur mit den semitischen Sprachen (Hebr\u00e4isch, Arabisch, Aram\u00e4isch, Babylonisch usw.) verwandt, sondern auch mit den ostafrikanischen Sprachen (Galla, Somali usw.) und den Berbersprachen Nordafrikas. Die Verbindung mit den letztgenannten Gruppen, die zusammen als hamitische Familie bekannt sind, ist ein sehr heikles Thema, aber die Beziehung zu den semitischen Sprachen kann ziemlich genau definiert werden. Im allgemeinen Aufbau ist die \u00c4hnlichkeit sehr gro\u00df; Das \u00c4gyptische hat die Haupteigenschaft des Semitischen insofern gemeinsam, als seine Wortst\u00e4mme aus Kombinationen von Konsonanten bestehen, in der Regel drei an der Zahl, die theoretisch zumindest unver\u00e4nderlich sind. Die grammatikalische Beugung und geringf\u00fcgige Bedeutungsvariationen werden haupts\u00e4chlich durch Nachklingen der \u00c4nderungen an den internen Vokalen erreicht, obwohl f\u00fcr den gleichen Zweck auch angeh\u00e4ngte Endungen verwendet werden<\/em><\/strong>.<\/p>\n<p>Die \u201earabische Sprache\u201c entspricht genau allen sprachlichen Merkmalen der viel \u00e4lteren alt\u00e4gyptischen Sprache, die in Kapitel 15 dieses Buches detailliert beschrieben wurde. Dazu geh\u00f6ren (ohne darauf beschr\u00e4nkt zu sein) das prototypische miteinander verbundene Lexikon, die Grammatik und die Syntax des alten \u00c4gypten, wie die Bedeutung von Verben, Verbwurzeln, Verbst\u00e4mmen, Verbklassen und -strukturen, das Konjugationsschema f\u00fcr Verben und die \u00e4gyptische prototypische Etymologie\/Lexika und Wortbildung\/Ableitungen von einer dreibuchstabigen Wurzel (die ein bestimmtes allgemeines Konzept bezeichnet) in zahlreiche Muster durch die Verwendung von Zwischenvokalen und Pr\u00e4fixen, Infixen und Suffixen usw.; au\u00dferdem Silbentypen und -strukturen sowie Syntax\/Wortstellungen und Satztypen.<\/p>\n<p>&nbsp;<\/p>\n<div dir=\"auto\">\n<p><span style=\"color: #ff0000;\"><strong>[Ausz\u00fcge aus <\/strong><\/span><strong>Alt\u00e4gyptische universelle Schreibmodi von Moustafa Gadalla<\/strong><span style=\"color: #ff0000;\"><strong>]<br \/>\n<a href=\"https:\/\/egyptianwisdomcenter.org\/de\/produkt\/altagyptische-universelle-schreibweisen\/\"><span style=\"color: #0000ff;\">https:\/\/egyptianwisdomcenter.org\/product\/ancient-egyptian-universal-writing-modes\/<\/span><\/a><\/strong><\/span><\/p>\n<p><img decoding=\"async\" class=\"aligncenter\" src=\"https:\/\/books2read-prod.s3.amazonaws.com\/CACHE\/images\/ubl_book_images\/book_display_image_47HRC95\/515452d8b8f6b949614788303f629e63\" \/><\/p>\n<p style=\"text-align: center;\"><a href=\"https:\/\/egyptianwisdomcenter.org\/de\/produkt\/altagyptische-universelle-schreibweisen\/\"><strong style=\"color: #ff0000;\"><span style=\"color: #0000ff;\">https:\/\/egyptianwisdomcenter.org\/product\/ancient-egyptian-universal-writing-modes\/<\/span><\/strong><\/a><\/p>\n<\/div>","protected":false},"excerpt":{"rendered":"<p>The Egyptian Alphabetical Form Of Writing &nbsp; 1. Remote Age Of Egyptian Alphabets\u00a0 Most modern Western scholars affirm, explicitly and implicitly, that [&hellip;]<\/p>","protected":false},"author":3,"featured_media":0,"parent":0,"menu_order":0,"comment_status":"closed","ping_status":"closed","template":"","meta":{"footnotes":""},"class_list":["post-387","page","type-page","status-publish","hentry"],"aioseo_notices":[],"_links":{"self":[{"href":"https:\/\/egyptianwisdomcenter.org\/de\/wp-json\/wp\/v2\/pages\/387","targetHints":{"allow":["GET"]}}],"collection":[{"href":"https:\/\/egyptianwisdomcenter.org\/de\/wp-json\/wp\/v2\/pages"}],"about":[{"href":"https:\/\/egyptianwisdomcenter.org\/de\/wp-json\/wp\/v2\/types\/page"}],"author":[{"embeddable":true,"href":"https:\/\/egyptianwisdomcenter.org\/de\/wp-json\/wp\/v2\/users\/3"}],"replies":[{"embeddable":true,"href":"https:\/\/egyptianwisdomcenter.org\/de\/wp-json\/wp\/v2\/comments?post=387"}],"version-history":[{"count":0,"href":"https:\/\/egyptianwisdomcenter.org\/de\/wp-json\/wp\/v2\/pages\/387\/revisions"}],"wp:attachment":[{"href":"https:\/\/egyptianwisdomcenter.org\/de\/wp-json\/wp\/v2\/media?parent=387"}],"curies":[{"name":"wp","href":"https:\/\/api.w.org\/{rel}","templated":true}]}}