{"id":400,"date":"2018-11-04T00:00:00","date_gmt":"2018-11-04T04:00:00","guid":{"rendered":"http:\/\/egyptianwisdomcenter.org\/an-overview-of-the-egyptian-musical-heritage\/"},"modified":"2023-01-03T00:37:38","modified_gmt":"2023-01-03T05:37:38","slug":"an-overview-of-the-egyptian-musical-heritage-2","status":"publish","type":"page","link":"https:\/\/egyptianwisdomcenter.org\/de\/ein-uberblick-uber-das-agyptische-musikerbe-2\/","title":{"rendered":"Ein \u00dcberblick \u00fcber das \u00e4gyptische Musikerbe"},"content":{"rendered":"<h2 style=\"text-align: center;\"><span style=\"color: #ff0000;\">Ein \u00dcberblick \u00fcber das \u00e4gyptische Musikerbe<\/span><\/h2>\n<p>&nbsp;<\/p>\n<p>Die arch\u00e4ologische und traditionelle \u00e4gyptische Musikgeschichte ist viel reicher als in jedem anderen Land. Die Wandreliefs der alt\u00e4gyptischen Tempel und Gr\u00e4ber zeigen zahlreiche Arten und Formen von Musikinstrumenten, die Techniken, mit denen diese Instrumente gespielt und gestimmt wurden, das Ensemblespiel und vieles mehr.<\/p>\n<p>Diese Musikszenen zeigen sichtbar die H\u00e4nde des Harfenspielers, die bestimmte Saiten anschlagen,<\/p>\n<p><a href=\"http:\/\/egyptianwisdomcenter.org\/wp-content\/uploads\/2019\/02\/emus-ch1-photo1-96c.jpg\"><img decoding=\"async\" class=\"size-full wp-image-1381 aligncenter\" src=\"http:\/\/egyptianwisdomcenter.org\/wp-content\/uploads\/2019\/02\/emus-ch1-photo1-96c.jpg\" alt=\"\" width=\"192\" height=\"216\" \/><\/a><\/p>\n<p>und die Blasinstrumentenspieler spielen gemeinsam bestimmte Akkorde.<\/p>\n<p><a href=\"http:\/\/egyptianwisdomcenter.org\/wp-content\/uploads\/2019\/02\/emus-ch1-photo2-96c.jpg\"><img decoding=\"async\" class=\"size-full wp-image-1390 aligncenter\" src=\"http:\/\/egyptianwisdomcenter.org\/wp-content\/uploads\/2019\/02\/emus-ch1-photo2-96c.jpg\" alt=\"\" width=\"192\" height=\"152\" \/><\/a><\/p>\n<p>Die Abst\u00e4nde der Lautenb\u00fcnde zeigen deutlich, dass die entsprechenden Intervalle und Tonleitern gemessen und berechnet werden k\u00f6nnen. [Eine detaillierte Analyse finden Sie in einem sp\u00e4teren Kapitel dieses Buches.]<\/p>\n<p><a href=\"http:\/\/egyptianwisdomcenter.org\/wp-content\/uploads\/2019\/02\/emus-ch1-photo3-96c.jpg\"><img decoding=\"async\" class=\"size-full wp-image-1391 aligncenter\" src=\"http:\/\/egyptianwisdomcenter.org\/wp-content\/uploads\/2019\/02\/emus-ch1-photo3-96c.jpg\" alt=\"\" width=\"240\" height=\"157\" \/><\/a><\/p>\n<p>Die Positionen der H\u00e4nde der Harfenisten auf den Saiten zeigen deutlich Verh\u00e4ltnisse wie die Quarte, die Quinte und die Oktave an und offenbaren ein unbestreitbares Wissen \u00fcber die Gesetze der musikalischen Harmonie.<\/p>\n<p>Das Spielen von Musikinstrumenten wird auch durch die Handbewegungen der Dirigenten gesteuert, die uns auch helfen, bestimmte T\u00f6ne, Intervalle und Klangfunktionen zu identifizieren, wie links in der Abbildung unten gezeigt.<\/p>\n<p><a href=\"http:\/\/egyptianwisdomcenter.org\/wp-content\/uploads\/2019\/02\/emus-ch1-photo4-96c.jpg\"><img loading=\"lazy\" decoding=\"async\" class=\"size-full wp-image-1392 aligncenter\" src=\"http:\/\/egyptianwisdomcenter.org\/wp-content\/uploads\/2019\/02\/emus-ch1-photo4-96c.jpg\" alt=\"\" width=\"240\" height=\"167\" \/><\/a><\/p>\n<p>Die Intervalle Quarte, Quinte und Oktave waren in alt\u00e4gyptischen Darstellungen am h\u00e4ufigsten. Curt Sachs [in seinem Buch, <em>Geschichte der Musikinstrumente<\/em>] stellte fest, dass von den 17 Harfenisten, die auf \u00e4gyptischen Kunstwerken abgebildet sind (mit ausreichendem Realismus und Deutlichkeit, um verl\u00e4ssliche Aufzeichnungen zu sein), sieben einen Quartenakkord, f\u00fcnf einen Quintenakkord und f\u00fcnf einen Oktavenakkord schlagen.<\/p>\n<p>Die achtgliedrige Oktave wurde Harmonia oder harmonische Oktachordskala genannt und in fr\u00fchen griechischen Schriften als dorisches Oktachord beschrieben, das auf der Grundlage der Oktave, der Quarte und der Quinte \u2013 den drei Konsonantenintervallen \u2013 strukturiert ist. Diese drei Konsonantenintervalle beziehen sich auf die drei Jahreszeiten des alt\u00e4gyptischen Kalenders, wie wir sp\u00e4ter in diesem Buch sehen werden.<\/p>\n<p>Es stellte sich heraus, dass die am h\u00e4ufigsten abgebildeten Harfen sieben Saiten hatten, und laut Curt Sachs\u2018 Untersuchung der \u00e4gyptischen Instrumente stimmten die \u00c4gypter ihre Harfen in derselben diatonischen Intervallreihe.<\/p>\n<p>&gt;&gt; Eine der beiden Harfen, die im Grab von Ramses III. abgebildet sind, hat 13 Saiten. Wenn die l\u00e4ngste Saite pros-lambanomenos oder D darstellte, w\u00e4ren es die restlichen 12 Saiten <span style=\"text-decoration: underline;\"><strong>liefern alle T\u00f6ne, Halbt\u00f6ne und Viertelt\u00f6ne der diatonischen, chromatischen und enharmonischen Gattungen im Umfang einer Oktave.<\/strong><\/span><\/p>\n<p><a href=\"http:\/\/egyptianwisdomcenter.org\/wp-content\/uploads\/2019\/02\/harp.png\" rel=\"attachment wp-att-308\"><img loading=\"lazy\" decoding=\"async\" class=\"size-full wp-image-308 aligncenter\" src=\"http:\/\/egyptianwisdomcenter.org\/wp-content\/uploads\/2019\/02\/harp.png\" alt=\"Harfe\" width=\"188\" height=\"185\" \/><\/a><\/p>\n<p>Zus\u00e4tzlich zu den zahlreichen Darstellungen von Musikszenen in Tempeln und Gr\u00e4bern aus allen Epochen der \u00e4gyptischen Dynastiegeschichte haben wir auch Zugriff auf Hunderte verschiedener alt\u00e4gyptischer Musikinstrumente, die aus ihren Gr\u00e4bern geborgen wurden. Diese \u00e4gyptischen Instrumente sind heute in Museen und Privatsammlungen auf der ganzen Welt verbreitet.<\/p>\n<p>Die dargestellten Musikszenen in alt\u00e4gyptischen Gr\u00e4bern sowie auf Instrumenten aus dem Alten und Mittleren Reich zeigen Verh\u00e4ltnisse zwischen den offenen Saiten der Harfe und den dicht geordneten B\u00fcnden auf den langen H\u00e4lsen von Saiteninstrumenten sowie die Ma\u00dfe zwischen den Griffl\u00f6cher in Blasinstrumenten, die Folgendes offenbaren\/best\u00e4tigen:<\/p>\n<p style=\"padding-left: 30px;\">A. Es waren verschiedene Arten von Tonleitern bekannt\/verwendet.<\/p>\n<p style=\"padding-left: 30px;\">B. Engstufige Skalen waren seit der fr\u00fchesten bekannten \u00e4gyptischen Geschichte (vor mehr als 5.000 Jahren) \u00fcblich.<\/p>\n<p style=\"padding-left: 30px;\">C. Spiel- und Stimmtechniken von Streichinstrumenten, Solo- und Akkordspiel der Instrumente.<\/p>\n<p style=\"padding-left: 30px;\">D. Spieltechniken von Blasinstrumenten sorgten f\u00fcr kleine Tonabstufungen und den Orgeleffekt.<\/p>\n<p style=\"padding-left: 30px;\">e. Es wurden sowohl die zyklische (Auf-und-Ab)-Methode als auch die divisive Abstimmungsmethode verwendet.<\/p>\n<p>Die alten \u00c4gypter waren\/sind weltweit f\u00fcr ihre Beherrschung der Spieltechniken ihrer Musikinstrumente bekannt. Die Geschicklichkeit der \u00c4gypter im Umgang mit diesen Instrumenten wurde von Athen\u00e4us best\u00e4tigt, der (in seinen Texten [iv, 25]) feststellte: \u201e<strong><em>Sowohl die Griechen als auch die \u201eBarbaren\u201c erhielten Musikunterricht von \u00e4gyptischen Ureinwohnern<\/em><\/strong>.&#8221;<\/p>\n<p>Nach dem Ende der alt\u00e4gyptischen Pharaonenzeit blieb \u00c4gypten das Lernzentrum f\u00fcr Musik in den arabisierten\/islamisierten L\u00e4ndern.<\/p>\n<p><a href=\"http:\/\/egyptianwisdomcenter.org\/wp-content\/uploads\/2019\/02\/emus-ch1-photo6-96c.jpg\"><img loading=\"lazy\" decoding=\"async\" class=\"size-full wp-image-1393 aligncenter\" src=\"http:\/\/egyptianwisdomcenter.org\/wp-content\/uploads\/2019\/02\/emus-ch1-photo6-96c.jpg\" alt=\"\" width=\"240\" height=\"167\" \/><\/a><\/p>\n<p>All diese Erkenntnisse, zusammen mit den fr\u00fchen historischen Schriften des \u00e4gyptischen Musikerbes sowie den Traditionen der modernen Nilbewohner, belegen, dass es sich um das authentischste Beispiel der Musikgeschichte des alten \u00c4gypten handelt.<\/p>\n<p>Leider wurden viele dieser eindeutig \u00e4gyptischen Beweise im Laufe der Geschichte von der westlichen Wissenschaft immer wieder verf\u00e4lscht. Was das alte \u00c4gypten betrifft, hegen praktisch alle westlichen Akademiker Verachtung und Neid gegen\u00fcber dieser gro\u00dfen Zivilisation. Der typische westliche Akademiker wird gleichzeitig: 1) die \u00c4gypter als sehr konservativ beschreiben, die sich nicht ver\u00e4ndert oder weiterentwickelt haben und die keine Vorstellungskraft hatten usw.; und 2) beschreiben die Errungenschaften im alten \u00c4gypten als von Nicht-\u00c4gyptern geliehen\/gestohlen\/kopiert. Es ist irrational, wenn jemand gleichzeitig diese widerspr\u00fcchlichen Argumente anf\u00fchrt.<\/p>\n<p>Tatsache ist, dass die \u00c4gypter (Alt- und Baladi-\u00c4gypter) bis zu einem gewissen Grad bemerkenswert Traditionalisten sind, wie ALLE fr\u00fchen Historiker bezeugen, wie etwa Herodot, der in <em>Die Geschichten<\/em>In Buch Zwei, 79, hei\u00dft es:<\/p>\n<p style=\"padding-left: 30px;\"><strong><em>\u201eDie \u00c4gypter halten sich an ihre einheimischen Br\u00e4uche und \u00fcbernehmen niemals solche aus dem Ausland<\/em><\/strong>.&#8221;<\/p>\n<p>Herodot, in <em>Die Geschichten<\/em>In Buch Zwei, 91, hei\u00dft es au\u00dferdem:<\/p>\n<p style=\"padding-left: 30px;\">&#8220;<strong><em>Die \u00c4gypter sind nicht bereit, die Br\u00e4uche Griechenlands oder allgemeiner eines anderen Landes zu \u00fcbernehmen<\/em><\/strong>.&#8221;<\/p>\n<p>&nbsp;<\/p>\n<p><strong>[Ein Auszug aus<\/strong> <span style=\"color: #ff0000;\"><strong>Das dauerhafte alt\u00e4gyptische Musiksystem, Theorie und Praxis: Zweite Auflage von Moustafa Gadalla<\/strong><\/span>]<br \/>\n<a href=\"https:\/\/egyptianwisdomcenter.org\/de\/produkt\/aegyptische-musikinstrumente-2\/\"><strong><span style=\"color: #0000ff;\">https:\/\/egyptianwisdomcenter.org\/product\/aegyptische-musikinstrumente\/<\/span><\/strong><\/a><\/p>\n<p><img decoding=\"async\" class=\"aligncenter\" src=\"https:\/\/egyptianwisdomcenter.org\/wp-content\/uploads\/2023\/01\/agyptische-musikinstrumente-1.jpg\" \/><\/p>\n<p style=\"text-align: center;\"><a href=\"https:\/\/egyptianwisdomcenter.org\/de\/produkt\/aegyptische-musikinstrumente-2\/\"><strong><span style=\"color: #0000ff;\">https:\/\/egyptianwisdomcenter.org\/product\/aegyptische-musikinstrumente\/<\/span><\/strong><\/a><\/p>\n<div dir=\"auto\"><\/div>","protected":false},"excerpt":{"rendered":"<p>An Overview Of The Egyptian Musical Heritage &nbsp; The archaeological and traditional Egyptian history of music is much more abundant than in [&hellip;]<\/p>","protected":false},"author":3,"featured_media":0,"parent":0,"menu_order":0,"comment_status":"closed","ping_status":"closed","template":"","meta":{"footnotes":""},"class_list":["post-400","page","type-page","status-publish","hentry"],"aioseo_notices":[],"_links":{"self":[{"href":"https:\/\/egyptianwisdomcenter.org\/de\/wp-json\/wp\/v2\/pages\/400","targetHints":{"allow":["GET"]}}],"collection":[{"href":"https:\/\/egyptianwisdomcenter.org\/de\/wp-json\/wp\/v2\/pages"}],"about":[{"href":"https:\/\/egyptianwisdomcenter.org\/de\/wp-json\/wp\/v2\/types\/page"}],"author":[{"embeddable":true,"href":"https:\/\/egyptianwisdomcenter.org\/de\/wp-json\/wp\/v2\/users\/3"}],"replies":[{"embeddable":true,"href":"https:\/\/egyptianwisdomcenter.org\/de\/wp-json\/wp\/v2\/comments?post=400"}],"version-history":[{"count":0,"href":"https:\/\/egyptianwisdomcenter.org\/de\/wp-json\/wp\/v2\/pages\/400\/revisions"}],"wp:attachment":[{"href":"https:\/\/egyptianwisdomcenter.org\/de\/wp-json\/wp\/v2\/media?parent=400"}],"curies":[{"name":"wp","href":"https:\/\/api.w.org\/{rel}","templated":true}]}}