{"id":429,"date":"2018-11-04T00:00:00","date_gmt":"2018-11-04T04:00:00","guid":{"rendered":"http:\/\/egyptianwisdomcenter.org\/the-all-encompassing-capacities-of-ancient-egyptian-harps\/"},"modified":"2023-01-03T00:41:51","modified_gmt":"2023-01-03T05:41:51","slug":"the-all-encompassing-capacities-of-ancient-egyptian-harps-2","status":"publish","type":"page","link":"https:\/\/egyptianwisdomcenter.org\/de\/die-allumfassenden-fahigkeiten-der-altagyptischen-harfen-2\/","title":{"rendered":"Die allumfassenden M\u00f6glichkeiten der alt\u00e4gyptischen Harfen"},"content":{"rendered":"<h2 style=\"text-align: center;\"><span style=\"color: #ff0000;\">Die allumfassenden M\u00f6glichkeiten der alt\u00e4gyptischen Harfen<\/span><\/h2>\n<p>&nbsp;<\/p>\n<p>Die alt\u00e4gyptischen Harfen variierten stark in Form, Gr\u00f6\u00dfe und Anzahl ihrer Saiten. Sie werden in den antiken Gem\u00e4lden mit 4, 6, 7, 8, 9, 10, 11, 12, 14, 17, 20, 21 und 22 Saiten dargestellt.<\/p>\n<p><a href=\"http:\/\/egyptianwisdomcenter.org\/wp-content\/uploads\/2019\/02\/emus-ch15-photo4-96c.jpg\"><img decoding=\"async\" class=\"size-full wp-image-1406 aligncenter\" src=\"http:\/\/egyptianwisdomcenter.org\/wp-content\/uploads\/2019\/02\/emus-ch15-photo4-96c.jpg\" alt=\"\" width=\"259\" height=\"168\" \/><\/a><\/p>\n<p><a href=\"http:\/\/egyptianwisdomcenter.org\/wp-content\/uploads\/2019\/02\/emus-ch15-photo5-96c.jpg\"><img fetchpriority=\"high\" decoding=\"async\" class=\"size-full wp-image-1407 aligncenter\" src=\"http:\/\/egyptianwisdomcenter.org\/wp-content\/uploads\/2019\/02\/emus-ch15-photo5-96c.jpg\" alt=\"\" width=\"259\" height=\"196\" \/><\/a><\/p>\n<p><a href=\"http:\/\/egyptianwisdomcenter.org\/wp-content\/uploads\/2019\/02\/emus-ch15-photo6-96c.jpg\"><img decoding=\"async\" class=\"wp-image-1408 aligncenter\" src=\"http:\/\/egyptianwisdomcenter.org\/wp-content\/uploads\/2019\/02\/emus-ch15-photo6-96c.jpg\" alt=\"\" width=\"181\" height=\"254\" \/><\/a><\/p>\n<div>\n<p>Grunds\u00e4tzlich gab es zwei Arten von Harfen:<\/p>\n<p style=\"padding-left: 30px;\"><strong>1. <\/strong>Die kleine tragbare (Schulter-)Harfe (flacher Bogen). Schulterharfen sind in gro\u00dfer Zahl in Museen auf der ganzen Welt zu finden. Wie alle Instrumente dieser Art hatten sie eine Einstellung, die von vorne nach hinten und von oben nach unten oder umgekehrt verschoben werden konnte. Es handelte sich um eine Art Aufh\u00e4ngestange f\u00fcr die Saiten, die ein schnelles Stimmen auf verschiedene Tonh\u00f6hen erm\u00f6glichte.<\/p>\n<p style=\"padding-left: 30px;\"><a href=\"https:\/\/emus.pressbooks.com\/wp-content\/uploads\/sites\/42623\/2015\/11\/portable-harp.png\"><img loading=\"lazy\" decoding=\"async\" class=\"aligncenter wp-image-800 size-full\" src=\"http:\/\/egyptianwisdomcenter.org\/wp-content\/uploads\/2019\/02\/portable-harp-e1484696124557.png\" width=\"136\" height=\"190\" \/><\/a><\/p>\n<p style=\"padding-left: 30px;\"><strong>2. <\/strong>Die gr\u00f6\u00dfere, gew\u00f6lbte (Bogen-)Harfe oder Eckharfe. Von den gro\u00dfen Harfen gab es in \u00c4gypten verschiedene Variationen, etwa in ihrer Struktur und Gr\u00f6\u00dfe, abh\u00e4ngig vom Saitenhalter und davon, ob er oben oder unten liegt und ob der Resonator gerade oder gebogen ist. [Hier gezeigt ist eine Szene aus dem Grab von Amenemhet, Beni Hassan, 12<sup>Th<\/sup> Dynastie.]<\/p>\n<p style=\"padding-left: 30px;\"><a href=\"https:\/\/emus.pressbooks.com\/wp-content\/uploads\/sites\/42623\/2015\/11\/bow-harp.png\"><img loading=\"lazy\" decoding=\"async\" class=\"aligncenter wp-image-801 size-full\" src=\"http:\/\/egyptianwisdomcenter.org\/wp-content\/uploads\/2019\/02\/bow-harp-e1484696139970.png\" width=\"138\" height=\"160\" \/><\/a><\/p>\n<p>Klanglich gibt es kaum einen Unterschied zwischen Bogen und Eckharfe.<\/p>\n<p>Die gro\u00dfe Vielfalt der alt\u00e4gyptischen Harfen offenbart den Reichtum ihrer M\u00f6glichkeiten zur Musikproduktion. Die folgende \u00dcbersicht basiert nur auf dem Verh\u00e4ltnis zwischen leeren Saiten.<\/p>\n<p>&gt; Es ist zu beachten, dass durch die einh\u00e4ndige Spieltechnik, wie bereits gezeigt, viel mehr kleinere Musikt\u00f6ne erzielt werden k\u00f6nnen.<\/p>\n<p style=\"padding-left: 30px;\"><strong>1. <\/strong>Mit Harfen mit 4 bis 22 Saiten w\u00e4ren einige Harfen in der Lage gewesen, ein breites Spektrum an T\u00f6nen \u00fcber mehrere Oktaven zu erzeugen. Das Verh\u00e4ltnis zwischen der k\u00fcrzesten und der l\u00e4ngsten Melodie betr\u00e4gt 1:3 bis 1:4 (also 1 zu 2 Oktaven). Mit der einh\u00e4ndigen Spieltechnik [siehe vorheriger Abschnitt] k\u00f6nnen unbegrenzte M\u00f6glichkeiten verschiedener T\u00f6ne und Oktaven erreicht werden.<\/p>\n<p style=\"padding-left: 30px;\"><strong>2. <\/strong>Die Intervalle Quarte, Quinte und Oktave waren in alt\u00e4gyptischen Darstellungen am h\u00e4ufigsten. Curt Sachs [in seinem Buch, <em>Geschichte der Musikinstrumente<\/em>] stellte fest, dass von den 17 Harfenisten, die auf \u00e4gyptischen Kunstwerken abgebildet sind und deren Realismus und Deutlichkeit f\u00fcr verl\u00e4ssliche Aufzeichnungen ausreichend sind, sieben einen Quartenakkord, f\u00fcnf einen Quintenakkord und f\u00fcnf einen Oktavakkord schlagen.<\/p>\n<p style=\"padding-left: 30px;\"><strong>3. <\/strong>Das Verh\u00e4ltnis zwischen der k\u00fcrzesten und der l\u00e4ngsten Saite einiger alt\u00e4gyptischer Harfen betr\u00e4gt etwa 2:3. Da dieses Intervall auf f\u00fcnf Saiten aufgeteilt ist, w\u00fcrde die Tonleiter einen Tonumfang zwischen Halb- und Vollt\u00f6nen bieten. Bei Harfen mit zehn Saiten w\u00fcrde dies ein durchschnittliches Intervall von einem (Moll-)Halbton ergeben (90 Cent = 4 Kommas).<\/p>\n<p style=\"padding-left: 30px;\"><strong>4. <\/strong>Eine der beiden Harfen, die im Grab von Ramses III. gefunden wurden, hat 13 Saiten, wobei die l\u00e4ngste Saite dargestellt ist <em>Profis-Lambanomenos<\/em>, oder <em>D<\/em>, w\u00fcrden die verbleibenden 12 Saiten mehr als alle T\u00f6ne, Halbt\u00f6ne und Viertelt\u00f6ne der diatonischen, chromatischen und enharmonischen Gattungen im Umfang einer Oktave liefern.<\/p>\n<p><a href=\"http:\/\/egyptianwisdomcenter.org\/wp-content\/uploads\/2019\/02\/emus-ch15-photo13-96c.jpg\"><img loading=\"lazy\" decoding=\"async\" class=\"size-full wp-image-1416 aligncenter\" src=\"http:\/\/egyptianwisdomcenter.org\/wp-content\/uploads\/2019\/02\/emus-ch15-photo13-96c.jpg\" alt=\"\" width=\"300\" height=\"172\" \/><\/a><\/p>\n<p style=\"padding-left: 30px;\">Die Stimmung dieser 13-saitigen Harfe kann die vier Tetrachorde liefern, <em>Hypaton, Meson, Synemmenon<\/em>, Und <em>diezeugenon<\/em>, mit <em>proslambanomenos<\/em> ganz unten:<\/p>\n<p style=\"padding-left: 30px;\"><a href=\"http:\/\/egyptianwisdomcenter.org\/wp-content\/uploads\/2019\/02\/scale.png\" rel=\"attachment wp-att-385\"><img loading=\"lazy\" decoding=\"async\" class=\"aligncenter size-medium wp-image-385\" src=\"http:\/\/egyptianwisdomcenter.org\/wp-content\/uploads\/2019\/02\/scale-300x51.png\" alt=\"Skala\" width=\"300\" height=\"51\" \/><\/a><\/p>\n<p style=\"padding-left: 30px;\"><strong>5. <\/strong>Die am h\u00e4ufigsten abgebildeten Harfen hatten sieben Saiten, und laut Curt Sachs\u2018 Studie \u00fcber \u00e4gyptische Instrumente stimmten die \u00c4gypter ihre Harfen in derselben diatonischen Intervallreihe.<\/p>\n<p style=\"padding-left: 30px;\"><strong>6. <\/strong>Bei einer alt\u00e4gyptischen Harfe mit 20 Saiten [gefunden in Luxor (Theben)] scheint sich die pentatonische Tonleiter \u00fcber vier Oktaven zu erstrecken. Und die Harfe mit 21 Saiten [im Pariser Museum] hatte wahrscheinlich die gleiche Intervallreihenfolge, mit dem Zusatz des Grundtons oben.<\/p>\n<p>&nbsp;<\/p>\n<p style=\"padding-left: 30px;\"><strong style=\"font-size: 16px;\">[Ein Auszug aus <span style=\"color: #ff0000;\">Das dauerhafte alt\u00e4gyptische Musiksystem, Theorie und Praxis<\/span>: Zweite Auflage von Moustafa Gadalla]<br \/>\n<a href=\"https:\/\/egyptianwisdomcenter.org\/de\/produkt\/aegyptische-musikinstrumente-2\/\"><span style=\"color: #0000ff;\">https:\/\/egyptianwisdomcenter.org\/product\/aegyptische-musikinstrumente\/<\/span><\/a><\/strong><\/p>\n<p style=\"padding-left: 30px;\"><strong style=\"font-size: 16px;\"><br \/>\n<\/strong><img decoding=\"async\" class=\"aligncenter\" src=\"https:\/\/egyptianwisdomcenter.org\/wp-content\/uploads\/2023\/01\/agyptische-musikinstrumente-1.jpg\" \/><\/p>\n<\/div>\n<p style=\"padding-left: 30px;\"><a href=\"https:\/\/egyptianwisdomcenter.org\/de\/produkt\/aegyptische-musikinstrumente-2\/\"><strong style=\"font-size: 16px;\"><span style=\"color: #0000ff;\">https:\/\/egyptianwisdomcenter.org\/product\/aegyptische-musikinstrumente\/<\/span><\/strong><\/a><\/p>\n<div dir=\"auto\"><\/div>\n<div dir=\"auto\"><\/div>","protected":false},"excerpt":{"rendered":"<p>The All-Encompassing Capacities Of Ancient Egyptian Harps &nbsp; The Ancient Egyptian harps varied greatly in form, size, and the number of their [&hellip;]<\/p>","protected":false},"author":3,"featured_media":0,"parent":0,"menu_order":0,"comment_status":"closed","ping_status":"closed","template":"","meta":{"footnotes":""},"class_list":["post-429","page","type-page","status-publish","hentry"],"aioseo_notices":[],"_links":{"self":[{"href":"https:\/\/egyptianwisdomcenter.org\/de\/wp-json\/wp\/v2\/pages\/429","targetHints":{"allow":["GET"]}}],"collection":[{"href":"https:\/\/egyptianwisdomcenter.org\/de\/wp-json\/wp\/v2\/pages"}],"about":[{"href":"https:\/\/egyptianwisdomcenter.org\/de\/wp-json\/wp\/v2\/types\/page"}],"author":[{"embeddable":true,"href":"https:\/\/egyptianwisdomcenter.org\/de\/wp-json\/wp\/v2\/users\/3"}],"replies":[{"embeddable":true,"href":"https:\/\/egyptianwisdomcenter.org\/de\/wp-json\/wp\/v2\/comments?post=429"}],"version-history":[{"count":0,"href":"https:\/\/egyptianwisdomcenter.org\/de\/wp-json\/wp\/v2\/pages\/429\/revisions"}],"wp:attachment":[{"href":"https:\/\/egyptianwisdomcenter.org\/de\/wp-json\/wp\/v2\/media?parent=429"}],"curies":[{"name":"wp","href":"https:\/\/api.w.org\/{rel}","templated":true}]}}