{"id":437,"date":"2018-11-04T00:00:00","date_gmt":"2018-11-04T04:00:00","guid":{"rendered":"http:\/\/egyptianwisdomcenter.org\/the-musical-orchestras\/"},"modified":"2023-01-03T00:42:56","modified_gmt":"2023-01-03T05:42:56","slug":"the-musical-orchestras-2","status":"publish","type":"page","link":"https:\/\/egyptianwisdomcenter.org\/de\/die-musikorchester-2\/","title":{"rendered":"Die Musikorchester"},"content":{"rendered":"<h2 style=\"text-align: center;\"><span style=\"color: #ff0000;\"><strong>Das Musikorchester<\/strong><\/span><\/h2>\n<p>&nbsp;<\/p>\n<p>Musikinstrumente unterscheiden sich im Tonumfang, der St\u00e4rke einer einzelnen Note, dem Akzentwert, dem \u00dcberlebenswert, der Artikulationsgeschwindigkeit einer wiederholten Note und der Anzahl der Noten, die jedes Instrument gleichzeitig spielen kann. Daher nutzten die alten \u00c4gypter eine Vielzahl von Instrumenten, um ein vollst\u00e4ndiges System bzw. Spektrum musikalischer Kl\u00e4nge bereitzustellen.<\/p>\n<p>Es ist zu beachten, dass sich der \u00dcberblick \u00fcber alt\u00e4gyptische Musikinstrumente in diesem Buch auf Instrumente beschr\u00e4nkt, die mit heutigen Instrumenten vergleichbar sind. Einige der Instrumente der alten \u00c4gypter weichen zu sehr von der heutigen Klassifizierung ab, als dass sie einer von ihnen zugeordnet werden k\u00f6nnten.<\/p>\n<p>Im alten \u00c4gypten gab es verschiedene Musikkapellen. Kleinere und gr\u00f6\u00dfere Ensembles wurden f\u00fcr verschiedene Zwecke eingesetzt, wie Musikszenen in alt\u00e4gyptischen Geb\u00e4uden zeigen. Aus den Skulpturen der alten \u00c4gypter geht hinreichend hervor, dass ihre Musiker mit der Dreifachsymphonie vertraut waren \u2013 der Harmonie von Instrumenten, Stimmen sowie von Stimmen und Instrumenten. Das Spielen von Musikinstrumenten wurde durch die Handbewegungen der Dirigenten (Chironomiden) gesteuert. Ihre Handzeichen zeigen unterschiedliche Spielweisen: Unisono, Akkord, Polyphonie usw., wie bereits gezeigt.<\/p>\n<p>Das \u00e4gyptische Orchester\/Ensemble bestand im Allgemeinen aus den vier Instrumentengruppen:<\/p>\n<p style=\"padding-left: 30px;\"><strong>1. <\/strong>Saiteninstrumente mit leeren Saiten, wie Trigonon, Leier, Harfe usw. [Siehe Kapitel 15.]<\/p>\n<p style=\"padding-left: 30px;\"><strong>2. <\/strong>Saiteninstrumente mit angehaltenen Saiten am Hals, wie Tanboura, Gitarre, Oud\/Laute usw. [Siehe Kapitel 15.]<\/p>\n<p style=\"padding-left: 30px;\"><strong>3. <\/strong>Blasinstrumente wie Fl\u00f6te, Pfeife usw. [Siehe Kapitel 16.]<\/p>\n<p style=\"padding-left: 30px;\"><strong>4. <\/strong>Schlaginstrumente wie Trommeln, Kl\u00f6ppel, Glocken usw. [Siehe Kapitel 17.]<\/p>\n<p>Der Chironomide leitete das Musikensemble und bestimmte mit verschiedenen Gesten die Tonh\u00f6he und die Intervalle, auf denen die Musiker ihren Auftritt basierten. \u00dcber die Einzelheiten dieser Untersuchung wird in einer speziellen Studie berichtet [H. Hickmann, <em>Die Chironomie im alten \u00c4gypten<\/em>, Magazine of Egyptian Language and the Antique 83, 2, 1958.].<\/p>\n<div>\n<p>Symphonische und polyphone Variationen werden in musikalischen Szenen alt\u00e4gyptischer Geb\u00e4ude aus dem Alten Reich (vor 4500 Jahren) dargestellt, wobei ein Regisseur das Gesamtensemble mittels sichtbarer Gesten leitet. Zur Kennzeichnung der Art der Darbietung wurden ein oder mehrere Chironomiden dargestellt. Es muss beachtet werden, dass die Darstellung von mehr als einem Chironomiden f\u00fcr ein Instrument ein Symbol f\u00fcr die Handlung ist, die in der k\u00fcnstlerischen Darstellung des alten \u00c4gypten beabsichtigt war.<\/p>\n<\/div>\n<p>\u00c4gyptische Chironomiden f\u00fchrten die Musiker im Wesentlichen auf drei verschiedene Arten an, um einfache, doppelte und dreifache Tonalit\u00e4ten wie folgt bereitzustellen:<\/p>\n<p style=\"text-align: left;\"><strong>1. <\/strong>Die Chironomiden zeigen identische Handzeichen; somit spielen die Musiker im Einklang.<\/p>\n<p><a href=\"http:\/\/egyptianwisdomcenter.org\/wp-content\/uploads\/2019\/02\/chironomids.png\" rel=\"attachment wp-att-366\"><img decoding=\"async\" class=\"aligncenter size-medium wp-image-366\" src=\"http:\/\/egyptianwisdomcenter.org\/wp-content\/uploads\/2019\/02\/chironomids-300x150.png\" alt=\"Chironomiden\" width=\"300\" height=\"150\" \/><\/a><\/p>\n<p><strong>2. <\/strong>Die Chironomiden zeigen unterschiedliche Handzeichen; also spielen die Musiker einen Akkord. Nachfolgend zwei Beispiele:<\/p>\n<p style=\"padding-left: 30px;\"><strong>A.<\/strong> Im Grab von Ti [Saqqara, Altes Reich] haben wir zwei illustrierte Chironomiden, die unterschiedliche Handzeichen f\u00fcr ein einzelnes Instrument (Harfe) geben, was zwei verschiedene Kl\u00e4nge darstellt; dh ein Beispiel f\u00fcr Polyphonie darstellen.<\/p>\n<p style=\"padding-left: 30px;\"><a href=\"http:\/\/egyptianwisdomcenter.org\/wp-content\/uploads\/2019\/02\/hand-signals-1.png\"><img decoding=\"async\" class=\"size-full wp-image-761 aligncenter\" src=\"http:\/\/egyptianwisdomcenter.org\/wp-content\/uploads\/2019\/02\/hand-signals-1.png\" alt=\"\" width=\"233\" height=\"180\" \/><\/a><\/p>\n<p style=\"padding-left: 30px;\">Diese Darstellung zweier Chironomiden weist auf eine Doppeltonalit\u00e4t hin, die entweder aufeinanderfolgender oder gleichzeitiger Natur sein kann.<\/p>\n<p style=\"padding-left: 30px;\"><strong>B.<\/strong> Das Spielen eines Akkords mit drei verschiedenen T\u00f6nen ist in Nencheftkas Grab dargestellt [siehe unten] [5<sup>Th<\/sup> Dynastie, Sakkara, jetzt im Kairoer Museum]. Die dargestellten Chironomiden zeigen drei verschiedene Handzeichen.<\/p>\n<p style=\"padding-left: 30px;\"><a href=\"http:\/\/egyptianwisdomcenter.org\/wp-content\/uploads\/2019\/02\/playing-chord.png\"><img decoding=\"async\" class=\"size-full wp-image-780 aligncenter\" src=\"http:\/\/egyptianwisdomcenter.org\/wp-content\/uploads\/2019\/02\/playing-chord.png\" alt=\"\" width=\"400\" height=\"113\" \/><\/a><\/p>\n<p style=\"padding-left: 30px;\">Ein weiteres Beispiel f\u00fcr Polyphonie, die aus drei verschiedenen T\u00f6nen besteht, wird in einer Musikszene aus einem Relief aus dem Grab von Nekauhor [Saqqara, 5<sup>Th<\/sup> Dynasty, derzeit im Metropolitan Museum of Art, New York].<\/p>\n<p>&nbsp;<\/p>\n<div dir=\"auto\">\n<div>\n<p style=\"padding-left: 30px;\"><strong style=\"font-size: 16px;\">[Ein Auszug aus <span style=\"color: #ff0000;\">Das dauerhafte alt\u00e4gyptische Musiksystem, Theorie und Praxis<\/span>: Zweite Auflage von Moustafa Gadalla]<br \/>\n<a href=\"https:\/\/egyptianwisdomcenter.org\/de\/produkt\/aegyptische-musikinstrumente-2\/\"><span style=\"color: #0000ff;\">https:\/\/egyptianwisdomcenter.org\/product\/aegyptische-musikinstrumente\/<\/span><\/a><\/strong><\/p>\n<p style=\"padding-left: 30px;\"><strong style=\"font-size: 16px;\"><br \/>\n<\/strong><img decoding=\"async\" class=\"aligncenter\" src=\"https:\/\/egyptianwisdomcenter.org\/wp-content\/uploads\/2023\/01\/agyptische-musikinstrumente-1.jpg\" \/><\/p>\n<\/div>\n<p style=\"padding-left: 30px;\"><a href=\"https:\/\/egyptianwisdomcenter.org\/de\/produkt\/aegyptische-musikinstrumente-2\/\"><strong style=\"font-size: 16px;\"><span style=\"color: #0000ff;\">https:\/\/egyptianwisdomcenter.org\/product\/aegyptische-musikinstrumente\/<\/span><\/strong><\/a><\/p>\n<\/div>","protected":false},"excerpt":{"rendered":"<p>The Musical Orchestra &nbsp; Musical instruments differ in compass, the variety of\u00a0 strength\u00a0 of\u00a0 a\u00a0 single\u00a0 note,\u00a0 accent\u00a0 value,\u00a0 survival value, the [&hellip;]<\/p>","protected":false},"author":3,"featured_media":0,"parent":0,"menu_order":0,"comment_status":"closed","ping_status":"closed","template":"","meta":{"footnotes":""},"class_list":["post-437","page","type-page","status-publish","hentry"],"aioseo_notices":[],"_links":{"self":[{"href":"https:\/\/egyptianwisdomcenter.org\/de\/wp-json\/wp\/v2\/pages\/437","targetHints":{"allow":["GET"]}}],"collection":[{"href":"https:\/\/egyptianwisdomcenter.org\/de\/wp-json\/wp\/v2\/pages"}],"about":[{"href":"https:\/\/egyptianwisdomcenter.org\/de\/wp-json\/wp\/v2\/types\/page"}],"author":[{"embeddable":true,"href":"https:\/\/egyptianwisdomcenter.org\/de\/wp-json\/wp\/v2\/users\/3"}],"replies":[{"embeddable":true,"href":"https:\/\/egyptianwisdomcenter.org\/de\/wp-json\/wp\/v2\/comments?post=437"}],"version-history":[{"count":0,"href":"https:\/\/egyptianwisdomcenter.org\/de\/wp-json\/wp\/v2\/pages\/437\/revisions"}],"wp:attachment":[{"href":"https:\/\/egyptianwisdomcenter.org\/de\/wp-json\/wp\/v2\/media?parent=437"}],"curies":[{"name":"wp","href":"https:\/\/api.w.org\/{rel}","templated":true}]}}