{"id":44956,"date":"2019-04-13T20:00:24","date_gmt":"2019-04-14T00:00:24","guid":{"rendered":"http:\/\/egyptianwisdomcenter.org\/ba-the-migrant-bird\/"},"modified":"2023-02-13T17:41:20","modified_gmt":"2023-02-13T22:41:20","slug":"ba-the-migrant-bird","status":"publish","type":"page","link":"https:\/\/egyptianwisdomcenter.org\/de\/ba-the-migrant-bird\/","title":{"rendered":"Ba, Der Zugvogel"},"content":{"rendered":"<h2 style=\"text-align: center;\"><span style=\"color: #ff0000;\"><strong>Ba, Der Zugvogel<\/strong><\/span><\/h2>\n<p>&nbsp;<\/p>\n<p style=\"padding-left: 30px;\">The Ba is one of the metaphysical components of the human (and other) beings.<\/p>\n<p style=\"padding-left: 30px;\">Der Ba ist unsterblich. Wenn das Ba verschwindet, stirbt der K\u00f6rper. Der Ba wird als menschenk\u00f6pfiger Vogel dargestellt, was das Gegenteil der normalen Darstellung ist <em>neteru <\/em>(G\u00f6tter, G\u00f6ttinnen) als menschliche K\u00f6rper mit Tierk\u00f6pfen \u2013 mit anderen Worten, als der g\u00f6ttliche Aspekt des Irdischen. Der Ba kann als Storch oder Falke dargestellt werden. Der Storch ist f\u00fcr seinen Wander- und Suchinstinkt bekannt. Der Storch ist weltweit als der Vogel bekannt, der Neugeborene zu ihren neuen Familien tr\u00e4gt. Der Storch kehrt mit gleichbleibender Pr\u00e4zision in sein eigenes Nest zur\u00fcck \u2013 ein Zugvogel schlechthin ist also der Vogel, der f\u00fcr die Seele ausgew\u00e4hlt wurde. \u201eBa\u201c wird \u00fcblicherweise mit \u201eSeele\u201c \u00fcbersetzt.<\/p>\n<p><span style=\"color: #ff0000;\"><strong>Bennu\/Benben<\/strong><\/span><\/p>\n<p>Bennu wird als fliegender Vogel dargestellt \u2013 als Mischling aus Reiher und Storch oder als Mischling aus Falke und Storch.<\/p>\n<p>Der Storch ist f\u00fcr seinen Wander- und Heimsuchinstinkt bekannt und weltweit auch als der Vogel bekannt, der Neugeborene zu ihren neuen Familien tr\u00e4gt.<\/p>\n<p>Bennu bringt in Form eines Storchs neues Leben.<\/p>\n<p>Der Storch kehrt mit gleichbleibender Pr\u00e4zision in sein eigenes Nest zur\u00fcck \u2013 daher ist ein Zugvogel die perfekte Wahl, um die Seele darzustellen, die zur Quelle zur\u00fcckkehrt.<\/p>\n<p>An der Quelle ist Bennu auf dem Benben, dem Symbol des Urh\u00fcgels, dargestellt.<\/p>\n<p>In dieser Hinsicht ist Bennu der Ph\u00f6nix, der aus der Asche von Benben aufersteht, um ein neues Leben zu beginnen.<\/p>\n<p>Es ist ein kontinuierlicher Zyklus des Hervorbringens und Zur\u00fcckkehrens zur Quelle.<\/p>\n<p><a href=\"http:\/\/egyptianwisdomcenter.org\/wp-content\/uploads\/2019\/02\/ed-ch9-photo6-96c.jpg\"><img fetchpriority=\"high\" decoding=\"async\" class=\"size-medium wp-image-902 aligncenter\" src=\"http:\/\/egyptianwisdomcenter.org\/wp-content\/uploads\/2019\/02\/ed-ch9-photo6-96c-300x195.jpg\" alt=\"\" width=\"300\" height=\"195\"><\/a><\/p>\n<p>Bennu als solches ist ein Symbol der Auferstehung, und es gab Formeln, die dem Verstorbenen Anweisungen gaben, wie er Bennu werden konnte.<\/p>\n<p><a href=\"http:\/\/egyptianwisdomcenter.org\/wp-content\/uploads\/2019\/02\/ed-ch9-photo7-96c.jpg\"><img decoding=\"async\" class=\"size-medium wp-image-903 aligncenter\" src=\"http:\/\/egyptianwisdomcenter.org\/wp-content\/uploads\/2019\/02\/ed-ch9-photo7-96c-300x224.jpg\" alt=\"\" width=\"300\" height=\"224\"><\/a><\/p>\n<p>Osiris repr\u00e4sentiert das G\u00f6ttliche in einer sterblichen Form, die lebt, stirbt und wiedergeboren wird. Deshalb wohnt die Seele von Osiris im Vogel Bennu, der immer in der N\u00e4he von Auferstehungsszenen zu finden ist.<\/p>\n<p>Jeder verstorbene Mensch ist Osiris, der auferstehen und wiedergeboren werden wird.<\/p>\n<p>Denn Bennu wird alle als auferstandener Osiris \u2013 Horus und seine J\u00fcnger \u2013 zur Quelle f\u00fchren.<\/p>\n<p><a href=\"http:\/\/egyptianwisdomcenter.org\/wp-content\/uploads\/2019\/02\/ed-ch9-photo8-96c.jpg\"><img decoding=\"async\" class=\"size-medium wp-image-904 aligncenter\" src=\"http:\/\/egyptianwisdomcenter.org\/wp-content\/uploads\/2019\/02\/ed-ch9-photo8-96c-300x260.jpg\" alt=\"\" width=\"300\" height=\"260\"><\/a><\/p>\n<p>&nbsp;<\/p>\n<p><span style=\"color: #ff0000;\"><strong>[Ein Auszug aus <\/strong><\/span><strong>Egyptian Divinities: The All Who Are The ONE, 2. Auflage von Moustafa Gadalla<\/strong><span style=\"color: #ff0000;\"><strong>]<br \/>\n<a href=\"https:\/\/egyptianwisdomcenter.org\/de\/produkt\/agyptische-gottheiten-alle-die-eins-sind-2-auflage\/\"><span style=\"color: #0000ff;\">https:\/\/egyptianwisdomcenter.org\/product\/egyptian-divinities-the-all-who-are-the-one-2nd-edition\/<\/span><\/a><\/strong><\/span><\/p>\n<p><img decoding=\"async\" class=\"aligncenter\" src=\"https:\/\/books2read-prod.s3.amazonaws.com\/CACHE\/images\/ubl_book_images\/book_display_image_qOuT56H\/40d95446cc17340ec7b02939eaa44c10\"><\/p>\n<div dir=\"auto\">\n<div dir=\"auto\">\n<p style=\"text-align: center;\"><a href=\"https:\/\/egyptianwisdomcenter.org\/de\/produkt\/agyptische-gottheiten-alle-die-eins-sind-2-auflage\/\"><strong><span style=\"color: #ff0000;\"><span style=\"color: #0000ff;\">https:\/\/egyptianwisdomcenter.org\/product\/egyptian-divinities-the-all-who-are-the-one-2nd-edition\/<\/span><\/span><\/strong><\/a><\/p>\n<\/div>\n<\/div>","protected":false},"excerpt":{"rendered":"<p>Ba, The Migrant Bird &nbsp; The Ba is one of the metaphysical components of the human (and other) beings. The Ba is [&hellip;]<\/p>","protected":false},"author":3,"featured_media":0,"parent":0,"menu_order":0,"comment_status":"closed","ping_status":"closed","template":"","meta":{"footnotes":""},"class_list":["post-44956","page","type-page","status-publish","hentry"],"aioseo_notices":[],"_links":{"self":[{"href":"https:\/\/egyptianwisdomcenter.org\/de\/wp-json\/wp\/v2\/pages\/44956","targetHints":{"allow":["GET"]}}],"collection":[{"href":"https:\/\/egyptianwisdomcenter.org\/de\/wp-json\/wp\/v2\/pages"}],"about":[{"href":"https:\/\/egyptianwisdomcenter.org\/de\/wp-json\/wp\/v2\/types\/page"}],"author":[{"embeddable":true,"href":"https:\/\/egyptianwisdomcenter.org\/de\/wp-json\/wp\/v2\/users\/3"}],"replies":[{"embeddable":true,"href":"https:\/\/egyptianwisdomcenter.org\/de\/wp-json\/wp\/v2\/comments?post=44956"}],"version-history":[{"count":0,"href":"https:\/\/egyptianwisdomcenter.org\/de\/wp-json\/wp\/v2\/pages\/44956\/revisions"}],"wp:attachment":[{"href":"https:\/\/egyptianwisdomcenter.org\/de\/wp-json\/wp\/v2\/media?parent=44956"}],"curies":[{"name":"wp","href":"https:\/\/api.w.org\/{rel}","templated":true}]}}