{"id":45130,"date":"2019-04-13T20:06:49","date_gmt":"2019-04-14T00:06:49","guid":{"rendered":"http:\/\/egyptianwisdomcenter.org\/ancient-egyptian-settlements-throughout-the-world\/"},"modified":"2023-02-07T10:39:48","modified_gmt":"2023-02-07T15:39:48","slug":"ancient-egyptian-settlements-throughout-the-world","status":"publish","type":"page","link":"https:\/\/egyptianwisdomcenter.org\/de\/altagyptische-siedlungen-auf-der-ganzen-welt\/","title":{"rendered":"Alt\u00e4gyptische Siedlungen auf der ganzen Welt"},"content":{"rendered":"<h2 style=\"text-align: center;\"><span style=\"color: #ff0000;\"><strong>Alt\u00e4gyptische Siedlungen auf der ganzen Welt<\/strong><\/span><\/h2>\n<p>&nbsp;<\/p>\n<p>\u00c4gypten war das dominanteste, bev\u00f6lkerungsreichste und ber\u00fchmteste Land der Antike, wie Diodorus best\u00e4tigte. <em>Buch I<\/em>, [31, 6-9]:<\/p>\n<p style=\"padding-left: 30px;\"><strong><em><span style=\"text-decoration: underline;\">Was die Bev\u00f6lkerungsdichte betrifft, \u00fcbertraf \u00c4gypten bei weitem alle bekannten Regionen der bewohnten Welt und gilt selbst in unseren Tagen als un\u00fcbertroffen<\/span> . . .<\/em><\/strong><br \/>\n<strong><em>. . .Die Gesamtbev\u00f6lkerung betrug einst etwa sieben Millionen, und die Zahl ist bis heute nicht geringer.<\/em><\/strong><\/p>\n<p>Herodot best\u00e4tigte, dass es w\u00e4hrend der Herrschaft von Amasis in \u00c4gypten 20.000 bev\u00f6lkerungsreiche St\u00e4dte gab. Diodorus berichtete von 18.000 gro\u00dfen D\u00f6rfern und St\u00e4dten und gab an, dass sie unter Ptolemaios Lagus mehr als 30.000 Menschen z\u00e4hlten. Josephus sch\u00e4tzte die Bev\u00f6lkerung. w\u00e4hrend der Herrschaft von Vespasian lebten im Niltal 7,5 Millionen Menschen, zus\u00e4tzlich zur Bev\u00f6lkerung von Alexandria (die etwa 800.000 betrug).<\/p>\n<p>Oberfl\u00e4chlich betrachtet scheint das alte \u00c4gypten isoliert und vom Rest der Welt abgegrenzt zu sein. isoliert durch die W\u00fcsten, die das enge Tal des Nils s\u00e4umen. Dennoch standen die \u00c4gypter in st\u00e4ndigem Kontakt mit anderen L\u00e4ndern. Klassische Schriftsteller wie Plutarch, Herodot und Diodorus berichteten, dass das alte \u00c4gypten \u00fcberall auf der Welt friedliche Kolonien hatte. Diodorus von Sizilien, <em>Buch I<\/em>, [29, 5], hei\u00dft es:<\/p>\n<p style=\"padding-left: 30px;\"><strong><em>Im Allgemeinen sagen die \u00c4gypter, dass ihre Vorfahren aufgrund der Vormachtstellung ihrer fr\u00fcheren K\u00f6nige und ihrer \u00fcberm\u00e4\u00dfigen Bev\u00f6lkerung zahlreiche Kolonien in viele Teile der bewohnten Welt sandten;<\/em><\/strong><\/p>\n<p>Diodorus, <em>Buch I<\/em>, [28, 1-4], berichtet auch von einigen friedlichen \u00e4gyptischen Kolonien, die ihm in Asien und Europa gemeldet wurden:<\/p>\n<p style=\"padding-left: 30px;\"><strong><em>. . . <span style=\"text-decoration: underline;\">Von \u00c4gypten aus breiteten sich zahlreiche Kolonien \u00fcber die gesamte bewohnte Welt aus<\/span>. Nach Babylon beispielsweise wurden Kolonisten von Belus gef\u00fchrt, der als Sohn Poseidons und Libyens galt. . . . .<\/em><\/strong><br \/>\n<strong><em>. . . . . Sie sagen auch, dass diejenigen, die mit Danaus auszogen, ebenfalls <span style=\"text-decoration: underline;\">aus \u00c4gypten besiedelten die praktisch \u00e4lteste Stadt Griechenlands, Argos<\/span>und dass die Nation der Kolcher in Pontus und die der Juden, die zwischen Arabien und Syrien liegt, von bestimmten Auswanderern aus ihrem Land als Kolonien gegr\u00fcndet wurden. . . . .<\/em><\/strong><\/p>\n<p>Die \u00e4gyptischen Kolonisten in Asien und Europa spielten aufgrund ihrer Bedeutung eine wichtige Rolle im Land ihrer neuen Siedlungen. Diodorus, <em>Buch I<\/em>, [28,6-7], diskutiert die bedeutende Rolle der \u00e4gyptischen Kolonisten als Herrscher dieser neuen Kolonien:<\/p>\n<p style=\"padding-left: 30px;\"><strong><em>Dar\u00fcber hinaus seien einige der Herrscher Athens urspr\u00fcnglich \u00c4gypter gewesen, hei\u00dft es. Petes, [in Ilias 2. 552 Peteus genannt] zum Beispiel, der Vater des Menestheus, der am Feldzug gegen Troja teilnahm, war eindeutig \u00c4gypter und erlangte sp\u00e4ter das B\u00fcrgerrecht von Athen und die K\u00f6nigsw\u00fcrde.<\/em><\/strong><\/p>\n<p>Diodorus, <em>Buch I<\/em>In [29, 1-5] hei\u00dft es au\u00dferdem:<\/p>\n<p style=\"padding-left: 30px;\"><strong><em>Auf die gleiche Weise fahren sie fort: <span style=\"text-decoration: underline;\">Auch Erechtheus, ein geb\u00fcrtiger \u00c4gypter, wurde K\u00f6nig von Athen<\/span>. . . . Erechtheus brachte durch seine rassische Verbindung zu \u00c4gypten von dort einen gro\u00dfen Vorrat an Getreide nach Athen, und im Gegenzug machten diejenigen, die diese Hilfe genossen hatten, ihren G\u00f6nner zum K\u00f6nig.<span style=\"text-decoration: underline;\"> Nachdem er sich den Thron gesichert hatte, f\u00fchrte er in Eleusis die Initiationsriten der Demeter ein und etablierte die Mysterien, indem er ihr Ritual aus \u00c4gypten \u00fcbertrug. . . . . Und ihre Opfer sowie ihre alten Zeremonien werden von den Athenern auf die gleiche Weise begangen wie von den \u00c4gyptern<\/span>. . . . .<\/em><\/strong><br \/>\n<strong><em>. . . . . verantwortlich f\u00fcr die wichtigeren religi\u00f6sen Zeremonien Attikas; Die Pastophoroi waren jene \u00e4gyptischen Priester, die in Prozessionen kleine Schreine der G\u00f6tter trugen. Sie sind auch die einzigen Griechen, die auf Isis schw\u00f6ren, und sie \u00e4hneln sowohl in ihrem Aussehen als auch in ihren Manieren stark den \u00c4gyptern.<\/em><\/strong><\/p>\n<p>Herodot [500 v. Chr.] gab an, aus Halikarnassos, einer dorischen Stadt, zu stammen. Er stellte die Verbindung zwischen den Dorern und \u00c4gypten klar dar <em>Die Geschichten, Buch 6<\/em>, [Abschnitte 53-55]:<\/p>\n<p style=\"padding-left: 30px;\"><strong><em>[53] . . . Wenn man die Abstammungslinie von Dana\u00eb, der Tochter des Akrisios, Generation f\u00fcr Generation zur\u00fcckverfolgen w\u00fcrde, w\u00fcrde sich herausstellen, dass die H\u00e4uptlinge der Dorer echte \u00c4gypter waren.<\/em><\/strong><\/p>\n<p style=\"padding-left: 30px;\"><strong><em>[55] \u00dcber all das wurde genug gesagt. Andere haben erkl\u00e4rt, wie und durch welche Errungenschaften sie K\u00f6nige \u00fcber die Dorer wurden, obwohl sie \u00c4gypter waren, und deshalb werde ich nicht n\u00e4her darauf eingehen. Ich werde Dinge aufzeichnen, die andere nicht aufgegriffen haben.<\/em><\/strong><\/p>\n<p>Herodot stellte in [55] oben fest, dass eine solche Tatsache zu seiner Zeit [500 v. Chr.] allgemein bekannt war und keiner n\u00e4heren Erl\u00e4uterung bedarf. Andere Verbindungen zwischen den Doriern und den \u00c4gyptern wurden von Herodot mehrfach erw\u00e4hnt, etwa in <em>Die Geschichten, Buch 2<\/em>, [\u00a7 91].<\/p>\n<p>Abschlie\u00dfend ist anzumerken, dass die Aufzeichnungen des alten \u00c4gypten (wie auch Aufzeichnungen aus anderen Gebieten) unz\u00e4hlige Namen von Orten auf der Welt enthalten, die in unserer heutigen Zeit nicht wiederzuerkennen sind. Die Namen von Orten, ethnischen Gruppen und L\u00e4ndern \u00e4ndern sich st\u00e4ndig. Die Namen europ\u00e4ischer L\u00e4nder vor gerade einmal 100 Jahren sind beispielsweise f\u00fcr die meisten heutigen Europ\u00e4er nicht mehr wiederzuerkennen. Wenn diese Aufzeichnungen irgendwann in ein paar Jahrhunderten verschwinden, werden die Namen dieser L\u00e4nder v\u00f6llig unkenntlich sein.<\/p>\n<p>An zahlreichen Orten auf der Welt gibt es Hinweise auf gebr\u00e4unte\/braunh\u00e4utige Menschen, die Regionen auf der ganzen Welt erleuchteten. Sie werden beschrieben als:<\/p>\n<ol>\n<li>Von \u201eorientalischem\u201c Ursprung und Merkmalen.<\/li>\n<li>Kriegsfeindliche Menschen, die sich friedlich unter der lokalen Bev\u00f6lkerung niederlie\u00dfen.<\/li>\n<li>Hochentwickelt in der Metallurgie und Herstellung gro\u00dfer Mengen an Metallprodukten.<\/li>\n<li>Sehr gut organisiert und sehr talentiert im Management.<\/li>\n<li>Hochentwickelt in der Trockenwetterlandwirtschaft, Bew\u00e4sserung usw.<\/li>\n<li>Erfahrene Bauherren und Handwerker, die Megalithgr\u00e4ber usw. gebaut haben.<\/li>\n<li>Sehr religi\u00f6se Menschen mit animistischen \u00dcberzeugungen.<\/li>\n<\/ol>\n<p>Die obigen Beschreibungen k\u00f6nnen nur auf ein Land zutreffen: \u00c4gypten. Durch die Kombination m\u00fcndlicher \u00dcberlieferungen, Ethnogeschichte und arch\u00e4ologischer Beweise (Datierung wichtiger Siedlungen, Gr\u00e4ber, Bergbauaktivit\u00e4ten usw.) aller Menschen im Mittelmeerraum kann man erkennen, dass die zivilisierten Neuank\u00f6mmlinge nur aus dem Niltal stammen konnten.<\/p>\n<p>Die Einwanderung aus \u00c4gypten erfolgte in mehreren Wellen. Es stand in engem Zusammenhang mit Ereignissen im alten \u00c4gypten. Einige verlie\u00dfen das Land in wohlhabenden Zeiten, um Gesch\u00e4ftskontakte zu kn\u00fcpfen. Die meisten verlie\u00dfen das Unternehmen in stressigen Zeiten.<\/p>\n<p>&nbsp;<\/p>\n<p><strong><span style=\"color: #ff0000;\">[Ein Auszug aus <\/span>Alt\u00e4gyptisch: Kultur enth\u00fcllt, Zweite Auflage von Moustafa Gadalla<span style=\"color: #ff0000;\">]<br \/>\n<a href=\"https:\/\/egyptianwisdomcenter.org\/de\/produkt\/die-altaegyptische-kultur-enthuellt-zweite-ausgabe-2\/\"><span style=\"color: #0000ff;\">https:\/\/egyptianwisdomcenter.org\/product\/die-altaegyptische-kultur-enthuellt-zweite-ausgabe\/<\/span><\/a><\/span><\/strong><\/p>\n<p style=\"text-align: center;\"><img decoding=\"async\" class=\"aligncenter\" src=\"https:\/\/egyptianwisdomcenter.org\/wp-content\/uploads\/2023\/01\/die-altagyptische-kultur-enthullt-zweite-ausgabe.jpg\"><\/p>\n<p style=\"text-align: center;\"><a href=\"https:\/\/egyptianwisdomcenter.org\/de\/produkt\/die-altaegyptische-kultur-enthuellt-zweite-ausgabe-2\/\"><strong><span style=\"color: #ff0000;\"><span style=\"color: #0000ff;\">https:\/\/egyptianwisdomcenter.org\/product\/die-altaegyptische-kultur-enthuellt-zweite-ausgabe\/<\/span><\/span><\/strong><\/a><\/p>\n<hr>\n<p><strong><span style=\"color: #000000;\">Egyptian Roma: The Essence of Hispania, 2. Auflage von Moustafa Gadalla<\/span><\/strong><br \/>\n<a href=\"https:\/\/egyptianwisdomcenter.org\/de\/produkt\/egyptian-romany-the-essence-of-hispania-2nd-edition\/\"><span style=\"color: #0000ff;\"><strong>https:\/\/egyptianwisdomcenter.org\/product\/egyptian-romany-the-essence-of-hispania-2nd-edition\/<\/strong><\/span><\/a><\/p>\n<p><img decoding=\"async\" class=\"aligncenter\" src=\"https:\/\/books2read-prod.s3.amazonaws.com\/CACHE\/images\/ubl_book_images\/book_display_image_qaPDJrL\/0f50e50083bd15df18e00383d25e0605\"><\/p>\n<div dir=\"auto\">\n<div dir=\"auto\">\n<p style=\"text-align: center;\"><a href=\"https:\/\/egyptianwisdomcenter.org\/de\/produkt\/egyptian-romany-the-essence-of-hispania-2nd-edition\/\"><span style=\"color: #0000ff;\"><strong>https:\/\/egyptianwisdomcenter.org\/product\/egyptian-romany-the-essence-of-hispania-2nd-edition\/<\/strong><\/span><\/a><\/p>\n<\/div>\n<\/div>","protected":false},"excerpt":{"rendered":"<p>Ancient Egyptian Settlements Throughout The World &nbsp; Egypt was the most dominant, populous, and famed country in the ancient world, as affirmed [&hellip;]<\/p>","protected":false},"author":3,"featured_media":0,"parent":0,"menu_order":0,"comment_status":"closed","ping_status":"closed","template":"","meta":{"footnotes":""},"class_list":["post-45130","page","type-page","status-publish","hentry"],"aioseo_notices":[],"_links":{"self":[{"href":"https:\/\/egyptianwisdomcenter.org\/de\/wp-json\/wp\/v2\/pages\/45130","targetHints":{"allow":["GET"]}}],"collection":[{"href":"https:\/\/egyptianwisdomcenter.org\/de\/wp-json\/wp\/v2\/pages"}],"about":[{"href":"https:\/\/egyptianwisdomcenter.org\/de\/wp-json\/wp\/v2\/types\/page"}],"author":[{"embeddable":true,"href":"https:\/\/egyptianwisdomcenter.org\/de\/wp-json\/wp\/v2\/users\/3"}],"replies":[{"embeddable":true,"href":"https:\/\/egyptianwisdomcenter.org\/de\/wp-json\/wp\/v2\/comments?post=45130"}],"version-history":[{"count":0,"href":"https:\/\/egyptianwisdomcenter.org\/de\/wp-json\/wp\/v2\/pages\/45130\/revisions"}],"wp:attachment":[{"href":"https:\/\/egyptianwisdomcenter.org\/de\/wp-json\/wp\/v2\/media?parent=45130"}],"curies":[{"name":"wp","href":"https:\/\/api.w.org\/{rel}","templated":true}]}}