{"id":45844,"date":"2019-04-14T10:39:45","date_gmt":"2019-04-14T14:39:45","guid":{"rendered":"http:\/\/egyptianwisdomcenter.org\/horse\/"},"modified":"2022-12-28T14:47:27","modified_gmt":"2022-12-28T19:47:27","slug":"horse","status":"publish","type":"page","link":"https:\/\/egyptianwisdomcenter.org\/de\/horse\/","title":{"rendered":"Ghoda"},"content":{"rendered":"<h5 style=\"text-align: center;\"><span style=\"color: #ff0000;\"> [anuvaad lambit hai]<\/span><br \/>\n<span style=\"color: #ff0000;\">[Devanaagaree mein upalabdh hai: \u092e\u093f\u0938\u094d\u0930\u0940-\u091c\u094d\u091e\u093e\u0928-\u0915\u0947\u0902\u0926\u094d\u0930.\u092d\u093e\u0930\u0924]<\/span><\/h5>\n<h1 style=\"text-align: center;\"><strong>Pferd<\/strong><\/h1>\n<p>Verschiedene Eigenschaften h\u00e4ngen alle mit dem Pferd zusammen. Das spezifische Attribut wird im Kontext bestimmt.<\/p>\n<p>1. Das Pferd symbolisiert St\u00e4rke und Selbstvertrauen, so Clemens <em>Stromata Buch V<\/em>, Kapitel VII:<\/p>\n<p style=\"padding-left: 30px;\"><strong><em>\u201eDas Pferd symbolisiert St\u00e4rke und Selbstvertrauen\u201c<\/em><\/strong><\/p>\n<p>2. Pferd ist das hieroglyphische Symbol f\u00fcr Noble.<\/p>\n<p>Das Pferd stellt die treibende Kraft dar, die bei richtiger F\u00fchrung zum Adel f\u00fchrt.<\/p>\n<p><a href=\"https:\/\/egyptianwisdomcenter.org\/wp-content\/uploads\/2019\/02\/ed-ch9-photo17-96c.jpg\"><img fetchpriority=\"high\" decoding=\"async\" class=\"size-full wp-image-912 aligncenter\" src=\"https:\/\/egyptianwisdomcenter.org\/wp-content\/uploads\/2019\/02\/ed-ch9-photo17-96c.jpg\" alt=\"\" width=\"269\" height=\"248\" \/><\/a><\/p>\n<p>3. Au\u00dfergew\u00f6hnliche Menschen werden vom Monarchen zum Ritter geschlagen.<\/p>\n<p>Dieses \u00e4gyptische Konzept des Adels findet sich in der heutigen Tradition wieder, wenn eine Person aufgrund au\u00dfergew\u00f6hnlicher Leistungen von keiner anderen Person als dem Monarchen zum Ritter geschlagen wird.<\/p>\n<p>Es ist kein Zufall, dass das englische Wort \u201ePferd\u201c im Grunde dasselbe ist wie die \u00e4gyptische Gottheit Horus.<\/p>\n<p>Horus bedeutet <em>wer er OBEN ist.<\/em><\/p>\n<p>4. Das Pferd ist auch ein sehr sch\u00f6nes und anmutiges Tier.<\/p>\n<p>Das \u00e4gyptische Wort MaHR bedeutet sowohl ein Pony als auch eine Mitgift \u2013 denn eine Jungfrau ist es <em>edel<\/em>.<\/p>\n<p>5. Darstellung der siegreichen Kr\u00e4fte des Chaos.<\/p>\n<p>Der g\u00f6ttliche Mensch wird in \u00e4gyptischen Tempeln als angreifende und besiegende chaotische Kr\u00e4fte dargestellt, dargestellt als Fremde und wilde Tiere.<\/p>\n<p>Diese Darstellungen sind symbolische Darstellungen des inneren Kampfes zwischen den Kr\u00e4ften des Guten und des B\u00f6sen.<\/p>\n<p><a href=\"http:\/\/egyptianwisdomcenter.org\/wp-content\/uploads\/2019\/02\/ed-ch9-photo9-96c.jpg\"><img decoding=\"async\" class=\"size-medium wp-image-905 aligncenter\" src=\"http:\/\/egyptianwisdomcenter.org\/wp-content\/uploads\/2019\/02\/ed-ch9-photo9-96c-300x195.jpg\" alt=\"\" width=\"300\" height=\"195\" \/><\/a><\/p>\n<p>In mundane sense, Mounted Police everywhere use horses to guide and control crowds. Horse power is also used by police to dissipate disorderly crowds.<\/p>\n<p>Wir verwenden den Begriff \u201ePferdest\u00e4rke\u201c als Ma\u00df f\u00fcr die Energie.<\/p>\n<p>6. In \u00e4gyptischen Traditionen <strong>Die menschliche Zunge wird mit einem Pferd gleichgesetzt<\/strong>. Die Zunge ist der st\u00e4rkste Muskel im menschlichen K\u00f6rper. Die treibende Kraft des Pferdes oder der Zunge kontrolliert Ihr Schicksal.<\/p>\n<p>Die Symbolik des Pferdes als treibende Kraft ist in der Tat sehr kraftvoll.<\/p>\n<p><a href=\"https:\/\/egyptianwisdomcenter.org\/wp-content\/uploads\/2019\/02\/ed-ch9-photo18-96c.jpg\"><img decoding=\"async\" class=\"size-full wp-image-913 aligncenter\" src=\"https:\/\/egyptianwisdomcenter.org\/wp-content\/uploads\/2019\/02\/ed-ch9-photo18-96c.jpg\" alt=\"\" width=\"269\" height=\"211\" \/><\/a><\/p>\n<p>7. Human and horses are so close that long ago, Ancient Egyptians used horse hair for both the strings and bows of their violin family of instruments. The sound of this instrument is as close as it gets to the human voice.<\/p>\n<p>&nbsp;<\/p>\n<p><span style=\"color: #ff0000;\"><strong>[An excerpt from Egyptian Divinities : The All Who Are The ONE ,2nd edition by Moustafa Gadalla]<\/strong><\/span><\/p>\n<p><img decoding=\"async\" class=\"aligncenter\" src=\"https:\/\/hi-ro.egyptianwisdomcenter.org\/wp-content\/uploads\/\/2019\/02\/cover-ed-225x338-225x338.jpg\" alt=\"Egyptian Divinities: The All Who Are THE ONE, 2nd ed.\" \/><\/p>\n<p style=\"text-align: center;\">\n<p>\u2014\u2014\u2014\u2014\u2014\u2014\u2014\u2014\u2014\u2014\u2014\u2014\u2014\u2014\u2014\u2014\u2014\u2014\u2014\u2014\u2014\u2014\u2014\u2014\u2014\u2014\u2014\u2014\u2014\u2014\u2014\u2014\u2014\u2014\u2014\u2014\u2014\u2014\u2013<\/p>\n<p>pustak khareed aautalet:<br \/>\nu \u2013 odiyobuk <a href=\"https:\/\/www.kobo.com\/us\/en\/audiobook\/egyptian-divinities-the-all-who-are-the-one-2nd-edition-1\">kobo.chom<\/a>, aadi par upalabdh hai.<br \/>\nBiene \u2013 peedeeeph praaroop <a href=\"https:\/\/www.smashwords.com\/books\/view\/717976\">smashwords.chom<\/a> par upalabdh hai<br \/>\nsiehe \u2013 epab praaroop\u00a0<a class=\"oajrlxb2 g5ia77u1 qu0x051f esr5mh6w e9989ue4 r7d6kgcz rq0escxv nhd2j8a9 nc684nl6 p7hjln8o kvgmc6g5 cxmmr5t8 oygrvhab hcukyx3x jb3vyjys rz4wbd8a qt6c0cv9 a8nywdso i1ao9s8h esuyzwwr f1sip0of lzcic4wl py34i1dx gpro0wi8\" tabindex=\"0\" role=\"link\" href=\"https:\/\/books.apple.com\/us\/book\/egyptian-divinities-the-all-who-are-the-one\/id1566393885\" target=\"_blank\" rel=\"nofollow noopener\">https:\/\/books.applai.chom\/&#8230;\/moustaf-gadall\/id578894528<\/a>\u00a0aur <a href=\"https:\/\/www.smashwords.com\/books\/view\/717976\">smashwords.chom<\/a> Par <a href=\"https:\/\/www.kobo.com\/us\/en\/ebook\/egyptian-divinities-the-all-who-are-the-one-2nd-edition\">kobo.chom<\/a>, applai par upalabdh hai.<br \/>\ndee \u2013 mobee praaroop <a href=\"https:\/\/www.amazon.com\/Egyptian-Divinities-All-Who-Are-ebook\/dp\/B06ZYLZ2QV\/ref=sr_1_1?crid=33A2FZ5323TZ9&amp;dchild=1&amp;keywords=egyptian+divinities+the+all+who+are+the+one&amp;qid=1635273483&amp;qsid=134-6656756-3639059&amp;sprefix=Egyptian+Divi%2Caps%2C172&amp;sr=8-1&amp;sres=1931446598%2CB076PRWVFG%2CB071LDMFSS%2CB077Y2SJML%2CB00P0VCCZU%2CB08QHRSBGL%2CB01IMKHVCE%2CB078SS34FS%2CB00FD43BEK%2CB085VB97S6%2CB000GYSZES%2CB088BBY728%2CB076N9H3RZ%2CB08MQ7MHCM%2CB08N6YLXP3%2CB0761VNZ6G%2CB08JZF5CTP%2CB08MXBGR38%2CB07NYHK3TQ%2CB00SQGOB50&amp;srpt=ABIS_BOOK\">amazon.chom<\/a> aur <a href=\"https:\/\/www.smashwords.com\/books\/view\/717976\">smashwords.chom<\/a> par upalabdh hai<\/p>","protected":false},"excerpt":{"rendered":"<p>[anuvaad lambit hai] [Devanaagaree mein upalabdh hai: \u092e\u093f\u0938\u094d\u0930\u0940-\u091c\u094d\u091e\u093e\u0928-\u0915\u0947\u0902\u0926\u094d\u0930.\u092d\u093e\u0930\u0924] Horse Various attributes are all related to the horse. The specific attribute will be [&hellip;]<\/p>","protected":false},"author":3,"featured_media":0,"parent":0,"menu_order":0,"comment_status":"closed","ping_status":"closed","template":"","meta":{"footnotes":""},"class_list":["post-45844","page","type-page","status-publish","hentry"],"aioseo_notices":[],"_links":{"self":[{"href":"https:\/\/egyptianwisdomcenter.org\/de\/wp-json\/wp\/v2\/pages\/45844","targetHints":{"allow":["GET"]}}],"collection":[{"href":"https:\/\/egyptianwisdomcenter.org\/de\/wp-json\/wp\/v2\/pages"}],"about":[{"href":"https:\/\/egyptianwisdomcenter.org\/de\/wp-json\/wp\/v2\/types\/page"}],"author":[{"embeddable":true,"href":"https:\/\/egyptianwisdomcenter.org\/de\/wp-json\/wp\/v2\/users\/3"}],"replies":[{"embeddable":true,"href":"https:\/\/egyptianwisdomcenter.org\/de\/wp-json\/wp\/v2\/comments?post=45844"}],"version-history":[{"count":0,"href":"https:\/\/egyptianwisdomcenter.org\/de\/wp-json\/wp\/v2\/pages\/45844\/revisions"}],"wp:attachment":[{"href":"https:\/\/egyptianwisdomcenter.org\/de\/wp-json\/wp\/v2\/media?parent=45844"}],"curies":[{"name":"wp","href":"https:\/\/api.w.org\/{rel}","templated":true}]}}