{"id":461,"date":"2018-11-04T00:00:00","date_gmt":"2018-11-04T04:00:00","guid":{"rendered":"http:\/\/egyptianwisdomcenter.org\/business-transactions\/"},"modified":"2023-02-07T14:33:53","modified_gmt":"2023-02-07T19:33:53","slug":"business-transactions-2","status":"publish","type":"page","link":"https:\/\/egyptianwisdomcenter.org\/de\/geschaftstransaktionen-2\/","title":{"rendered":"Gesch\u00e4ftliche Transaktionen"},"content":{"rendered":"<h2 style=\"text-align: center;\"><span style=\"color: #ff0000;\"><strong>Gesch\u00e4ftliche Transaktionen<\/strong><\/span><\/h2>\n<p>&nbsp;<\/p>\n<p>Vor nicht allzu langer Zeit wurde ein Nobelpreis an einen US-\u00d6konomen verliehen, der eine \u201ebargeldlose Gesellschaft\u201c als die effektivste Art der Gesch\u00e4ftstransaktionen bef\u00fcrwortete. Es ist ironisch, dass im alten \u00c4gypten Waren und Dienstleistungen auf der gleichen bargeldlosen Grundlage ausgetauscht wurden \u2013 durch Tauschhandel, bei dem Waren und Dienstleistungen ohne Geld getauscht wurden. Beim Tausch (bargeldloser Tausch) muss ein mittlerer Gegenstand mit einem angenehmen Wert als Ma\u00df f\u00fcr die ausgetauschten Waren\/Dienstleistungen verwendet werden. Dieses Medium kann alles sein, was f\u00fcr die Parteien der Transaktion akzeptabel ist. Somit rechnen K\u00e4ufer und Verk\u00e4ufer den aktuellen Marktwert ihrer Waren mit einem dritten Gut des gemeinsamen Gebrauchs ab. Im internationalen Handel ist heutzutage Gold, US-Dollar usw. die mittlere Ware. Zwischen den Parteien findet kein Austausch von Gold oder Dollar statt, au\u00dfer vielleicht einem kleinen Betrag, um eine geringf\u00fcgige Differenz zwischen den Werten der ausgetauschten Waren auszugleichen.<\/p>\n<p>Es wurden mehrere alt\u00e4gyptische Vertr\u00e4ge gefunden, die die Bedingungen und Einzelheiten von Tauschvereinbarungen zwischen Parteien enthalten, die am Austausch von Waren und Dienstleistungen beteiligt sind. Ein gutes Beispiel sind die aus Asyut geborgenen Vertr\u00e4ge von Hepd&#039;efae aus dem Reich der Mitte (2040\u20131783 v. Chr.). Diese Vertr\u00e4ge zeigen, dass mit diesen Zahlungsbedingungen komplizierte Handelsgesch\u00e4fte abgewickelt werden konnten. [Details finden Sie bei Erman <em>Leben im alten \u00c4gypten<\/em>, S. 494-8.]<\/p>\n<p>F\u00fcr Gesch\u00e4ftstransaktionen, die nicht durch Tauschgesch\u00e4fte abgewickelt werden konnten, nutzten die alten \u00c4gypter M\u00fcnzen. Im alten \u00c4gypten wurden M\u00fcnzen nur in begrenztem Umfang verwendet; meist um ausl\u00e4ndische S\u00f6ldner zu bezahlen, die das Geld in ihr Heimatland schicken oder mit in ihr Heimatland nehmen konnten, wo es dann gegen Waren und Dienstleistungen eingetauscht werden konnte.<\/p>\n<p>Die alt\u00e4gyptischen Begriffe f\u00fcr Geld wurden auch f\u00fcr Gewichte verwendet. Ebenso bedeutet der Begriff \u201ePfund\u201c im heutigen Gro\u00dfbritannien sowohl eine Gewichtseinheit als auch eine W\u00e4hrungseinheit. Wir finden auch, dass das hebr\u00e4ische Wort f\u00fcr Geld ist <em>Schekel\/Schekel<\/em>, was eine leichte Lautverschiebung des \u00e4gyptischen (und arabischen) Wortes von ist <em>theqel<\/em>\u2013 was Gewicht\/Geld bedeutet.<\/p>\n<p>Im alten \u00c4gypten wurden M\u00fcnzen in Form von Ringen aus Gold, Silber und Kupfer hergestellt, deren spezifisches Gewicht von Spezialisten zertifiziert wurde. Das Wort f\u00fcr \u201eSiegel\/Stempel\u201c und \u201eRing\u201c ist in der \u00e4gyptischen Sprache dasselbe. Alle Gewichte wurden gemessen und zertifiziert. Auf den Gem\u00e4lden von Gr\u00e4bern aus der Zeit der Herrschaft von Twt Homosis III. [1490\u20131436 v. Chr.] finden sich Goldm\u00fcnzen. Aus der Zeit von Amenophis II. [1436\u20131413 v. Chr.] wurden Dokumente gefunden, aus denen hervorgeht, dass der Wert verschiedener Gegenst\u00e4nde in Metallst\u00fccken \u2013 Gold, Silber und Kupfer \u2013 mit festem Gewicht und Wert ausgedr\u00fcckt wurde, die als Zahlungsmittel verwendet wurden Austausch. \u00c4hnliche Beispiele wurden aus der Zeit der Ramessiden geborgen.<\/p>\n<p>Das Konzept des Wiegens war ein wichtiges und gemeinsames Thema f\u00fcr die alten (und baladiischen) \u00c4gypter, das sich auf jeden Aspekt des Lebens erstreckte. Skalen sind \u00fcberall zu finden, vom Kauf von Gem\u00fcse bis hin zu Darstellungen musikalischer Harmonie, Gedichtformen und dem Ma\u00dfstab der Gerechtigkeit, der in der Szene des J\u00fcngsten Gerichts dargestellt wurde. Ebenso in unserer heutigen Zeit das englische Wort <em>Skala<\/em> wird zum Wiegen von G\u00fctern sowie in der Musik (Musikwaage) verwendet.<\/p>\n<p>Darstellungen in alt\u00e4gyptischen Gr\u00e4bern zeigen \u00f6ffentliche Waagen und Notare, die das genaue Gewicht von allem ermitteln, was sie auf der \u00f6ffentlichen Stra\u00dfe oder auf dem Markt messen sollten, wo sie vor\u00fcbergehend ihre Waagen aufstellten. Sie wurden als Regierungsbeamte unter strengster Achtung der Gerechtigkeit eingesetzt, ohne den K\u00e4ufer oder Verk\u00e4ufer zu beg\u00fcnstigen.<\/p>\n<p><a href=\"http:\/\/egyptianwisdomcenter.org\/wp-content\/uploads\/2019\/02\/aecr-ch16-2-72c-1-1.jpg\"><img decoding=\"async\" class=\"size-full wp-image-1099 aligncenter\" src=\"http:\/\/egyptianwisdomcenter.org\/wp-content\/uploads\/2019\/02\/aecr-ch16-2-72c-1-1.jpg\" alt=\"\" width=\"187\" height=\"44\" \/><\/a><\/p>\n<p style=\"text-align: center;\"><strong>Ringe aus Gold und Silber aus Gr\u00e4bern in Ta-Apet (Theben)<\/strong><\/p>\n<p><a href=\"http:\/\/egyptianwisdomcenter.org\/wp-content\/uploads\/2019\/02\/aecr-ch16-3-72c-1-1.jpg\"><img decoding=\"async\" class=\"size-full wp-image-1100 aligncenter\" src=\"http:\/\/egyptianwisdomcenter.org\/wp-content\/uploads\/2019\/02\/aecr-ch16-3-72c-1-1.jpg\" alt=\"\" width=\"187\" height=\"184\" \/><\/a><\/p>\n<p style=\"text-align: center;\"><strong>Offizielle Zertifizierung der Gewichte auf dem Markt.<\/strong><\/p>\n<p>Ein Schreiber oder Notar wird gezeigt, wie er die Gewichtsmenge notiert, unabh\u00e4ngig davon, um welche Ware es sich handelt. und dieses Dokument, das den Parteien ausgeh\u00e4ndigt oder gezeigt wurde, genehmigte den Handel vollst\u00e4ndig und diente als offizielle Bescheinigung der Transaktion.<\/p>\n<p>Der gleiche Brauch wird von den Baladi-\u00c4gyptern noch immer in den Waagen der \u00f6ffentlichen Kabbaneh beibehalten, die die Genauigkeit der Gewichte messen und bescheinigen, die auf Antrag der Parteien schriftlich zur\u00fcckgegeben werden.<\/p>\n<p>&nbsp;<\/p>\n<p><span style=\"color: #ff0000;\"><strong>[Ein Auszug aus <\/strong><\/span><strong>Alt\u00e4gyptisch: Kultur enth\u00fcllt, Zweite Auflage von Moustafa Gadalla<\/strong><span style=\"color: #ff0000;\"><strong>]<br \/>\n<a href=\"https:\/\/egyptianwisdomcenter.org\/de\/produkt\/die-altaegyptische-kultur-enthuellt-zweite-ausgabe-2\/\"><span style=\"color: #0000ff;\">https:\/\/egyptianwisdomcenter.org\/product\/die-altaegyptische-kultur-enthuellt-zweite-ausgabe\/<\/span><\/a><\/strong><\/span><\/p>\n<p><img decoding=\"async\" class=\"aligncenter\" src=\"https:\/\/books2read-prod.s3.amazonaws.com\/CACHE\/images\/ubl_book_images\/book_display_image_6heB7g0\/9bcff3df91ca713a9cfe93997d847840\" alt=\"Die alt\u00e4gyptische Kultur enth\u00fcllthttps:\/\/egyptianwisdomcenter.org\/wp-content\/uploads\/2023\/01\/die-altagyptische-kultur-enthullt-zweite-ausgabe.jpg\" \/><\/p>\n<p style=\"text-align: center;\"><a href=\"https:\/\/egyptianwisdomcenter.org\/de\/produkt\/die-altaegyptische-kultur-enthuellt-zweite-ausgabe-2\/\"><span style=\"color: #ff0000;\"><strong><span style=\"color: #0000ff;\">https:\/\/egyptianwisdomcenter.org\/product\/die-altaegyptische-kultur-enthuellt-zweite-ausgabe\/<\/span><\/strong><\/span><\/a><\/p>\n<div dir=\"auto\"><\/div>","protected":false},"excerpt":{"rendered":"<p>Business Transactions &nbsp; Not long time ago, a Nobel Prize was awarded to a U.S. economist who endorsed a \u201ccashless society\u201d as [&hellip;]<\/p>","protected":false},"author":3,"featured_media":0,"parent":0,"menu_order":0,"comment_status":"closed","ping_status":"closed","template":"","meta":{"footnotes":""},"class_list":["post-461","page","type-page","status-publish","hentry"],"aioseo_notices":[],"_links":{"self":[{"href":"https:\/\/egyptianwisdomcenter.org\/de\/wp-json\/wp\/v2\/pages\/461","targetHints":{"allow":["GET"]}}],"collection":[{"href":"https:\/\/egyptianwisdomcenter.org\/de\/wp-json\/wp\/v2\/pages"}],"about":[{"href":"https:\/\/egyptianwisdomcenter.org\/de\/wp-json\/wp\/v2\/types\/page"}],"author":[{"embeddable":true,"href":"https:\/\/egyptianwisdomcenter.org\/de\/wp-json\/wp\/v2\/users\/3"}],"replies":[{"embeddable":true,"href":"https:\/\/egyptianwisdomcenter.org\/de\/wp-json\/wp\/v2\/comments?post=461"}],"version-history":[{"count":0,"href":"https:\/\/egyptianwisdomcenter.org\/de\/wp-json\/wp\/v2\/pages\/461\/revisions"}],"wp:attachment":[{"href":"https:\/\/egyptianwisdomcenter.org\/de\/wp-json\/wp\/v2\/media?parent=461"}],"curies":[{"name":"wp","href":"https:\/\/api.w.org\/{rel}","templated":true}]}}