{"id":4636,"date":"2019-03-03T10:41:10","date_gmt":"2019-03-03T15:41:10","guid":{"rendered":"https:\/\/egyptianwisdomcenter.org\/geometrie-sacree\/"},"modified":"2023-01-06T07:34:13","modified_gmt":"2023-01-06T12:34:13","slug":"geometrie-sacree","status":"publish","type":"page","link":"https:\/\/egyptianwisdomcenter.org\/de\/geometrie-sacree\/","title":{"rendered":"G\u00e9om\u00e9trie sacr\u00e9e"},"content":{"rendered":"<h2 style=\"text-align: center;\"><span style=\"color: #ff0000;\">G\u00e9om\u00e9trie sacr\u00e9e<\/span><\/h2>\n<p>&nbsp;<\/p>\n<h3><span style=\"color: #0000ff;\"><strong>1. <\/strong><strong>LA G<\/strong><strong>\u00c9OM\u00c9TRIE SACR\u00c9E DE L\u2019ARCHITECTURE DIVINE<\/strong><\/span><\/h3>\n<p>Pour les \u00c9gyptiens de l\u2019Antiquit\u00e9, la g\u00e9om\u00e9trie \u00e9tait beaucoup plus qu\u2019une \u00e9tude de points, de lignes, de surfaces et de solides, ainsi que de leurs propri\u00e9t\u00e9s et de leurs mesures. L\u2019harmonie inh\u00e9rente \u00e0 la g\u00e9om\u00e9trie \u00e9tait consid\u00e9r\u00e9e comme l\u2019expression la plus convaincante de l\u2019existence du divin qui sous-tend le monde, d\u2019un plan m\u00e9taphysique qui d\u00e9termine la mati\u00e8re.<\/p>\n<p>Pour les \u00c9gyptiens de l\u2019Antiquit\u00e9, la g\u00e9om\u00e9trie \u00e9tait le moyen par lequel l\u2019humanit\u00e9 pouvait comprendre les myst\u00e8res de l\u2019ordre divin. La g\u00e9om\u00e9trie est pr\u00e9sente partout dans la nature\u00a0: son ordre d\u00e9termine la structure de toute chose, des mol\u00e9cules aux galaxies. La nature de la forme g\u00e9om\u00e9trique permet son fonctionnement. La conception utilisant les principes de g\u00e9om\u00e9trie sacr\u00e9e doit atteindre le m\u00eame but, \u00e0 savoir la forme sert\/repr\u00e9sente une fonction.<\/p>\n<p>H\u00e9rodote, le p\u00e8re de l\u2019histoire originaire de Gr\u00e8ce, a d\u00e9clar\u00e9 en 500 AEC\u00a0:<\/p>\n<p style=\"padding-left: 30px;\"><strong><em>Permettez-moi \u00e0 pr\u00e9sent de m\u2019attarder sur l\u2019\u00c9gypte, car ce pays poss\u00e8de de nombreuses choses admirables et ce que l\u2019on peut y voir est sup\u00e9rieur \u00e0 tout autre pays.<\/em><\/strong><\/p>\n<p>Les \u0153uvres de l\u2019ancienne \u00c9gypte, petites et grandes, sont admir\u00e9es de tous, car elles sont proportionnellement harmonieuses et attirent ainsi nos sentiments int\u00e9rieurs et ext\u00e9rieurs. Ce concept de conception harmonique est commun\u00e9ment connu sous le nom de g\u00e9om\u00e9trie sacr\u00e9e \u2013 o\u00f9 toutes les figures peuvent \u00eatre tir\u00e9es ou cr\u00e9\u00e9es \u00e0 partir d\u2019une ligne droite (sans avoir n\u00e9cessairement de r\u00e8gle) et un compas, donc sans mesure (d\u00e9pendant uniquement des proportions).<\/p>\n<p>&nbsp;<\/p>\n<h3><span style=\"color: #0000ff;\"><strong>2. LA CORDE SACR\u00c9E \u00c9GYPTIENNE [OUTIL]<\/strong><\/span><\/h3>\n<p>\u00c9tant donn\u00e9 que la g\u00e9om\u00e9trie sacr\u00e9e s\u2019appuie sur la proportion harmonique, l\u2019unit\u00e9 de distance (longueur) peut th\u00e9oriquement \u00eatre toute unit\u00e9. Le seul outil n\u00e9cessaire est une corde consistant en 12 intervalles identiques. La distance d\u2019unit\u00e9 peut \u00eatre petite ou grande, afin de convenir \u00e0 la conception d\u2019\u0153uvre requise sur une toile, des statues ou le plan d\u2019\u00e9difices.<\/p>\n<p><a href=\"https:\/\/abrema.pressbooks.com\/wp-content\/uploads\/sites\/43845\/2016\/08\/tool.png\"><img loading=\"lazy\" decoding=\"async\" class=\"aligncenter wp-image-320 size-full\" src=\"https:\/\/abrema.pressbooks.com\/wp-content\/uploads\/sites\/43845\/2016\/08\/tool.png\" alt=\"tool\" width=\"275\" height=\"33\" \/><\/a><\/p>\n<p>Le plan des temples et autres \u00e9difices en \u00c9gypte antique \u00e9tait \u00e9tabli dans un c\u00e9r\u00e9monial religieux. Cet agencement \u00e9tait effectu\u00e9 par des personnes savantes qui sont connues des Grecs sous le nom d\u2019<em>harp\u00e9donaptes.<\/em><\/p>\n<p>Les harp\u00e9donaptes sont les personnes qui adh\u00e9raient de mani\u00e8re stricte aux principes de g\u00e9om\u00e9trie sacr\u00e9e (utilisant uniquement une ligne droite et un compas). Leur corde \u00e9tait (et est encore, dans certaines parties de l\u2019\u00c9gypte actuelle) une corde tr\u00e8s sp\u00e9ciale de 13 n\u0153uds contenant donc 12 intervalles identiques d\u2019une coud\u00e9e \u00e9gyptienne (0,5236 m).<\/p>\n<p>Toute corde poss\u00e9dant 13 n\u0153uds \u00e0 distance \u00e9gale est l\u2019outil de base utilis\u00e9 pour \u00e9tablir diff\u00e9rentes figures g\u00e9om\u00e9triques.<\/p>\n<p>&nbsp;<\/p>\n<h3><span style=\"color: #0000ff;\"><strong>3. <\/strong><strong>SCH\u00c9MA G\u00c9N\u00c9RAL DES FIGURES G\u00c9OM\u00c9TRIQUES<\/strong><\/span><\/h3>\n<p>Les triangles sont les blocs de construction de tout type de conception.<br \/>\nLa formation la plus simple est le triangle \u00e9quilat\u00e9ral, qui peut \u00eatre pr\u00e9par\u00e9 avec la corde \u00e9gyptienne nou\u00e9e \u00e0 12 intervalles identiques et enroul\u00e9e autour de trois chevilles, afin de former les 3 c\u00f4t\u00e9s, chacun mesurant 4 unit\u00e9s.<\/p>\n<p><img decoding=\"async\" class=\"aligncenter\" src=\"https:\/\/abrema.pressbooks.com\/wp-content\/uploads\/sites\/43845\/2016\/10\/triangle-4.png\" alt=\"triangle-4\" \/><\/p>\n<p>Chaque ligne partant d\u2019un angle vers le centre du c\u00f4t\u00e9 oppos\u00e9 est perpendiculaire. Cependant, l\u2019origine du plan de construction historique \u00e9tait la formation du triangle 3:4:5 avec la corde \u00e9gyptienne, enroul\u00e9e autour de trois chevilles afin de former trois c\u00f4t\u00e9s mesurant trois, quatre et cinq unit\u00e9s, cr\u00e9ant un angle de 90\u00b0 entre le c\u00f4t\u00e9 3 et le c\u00f4t\u00e9 4.<\/p>\n<p><img decoding=\"async\" class=\"aligncenter\" src=\"https:\/\/abrema.pressbooks.com\/wp-content\/uploads\/sites\/43845\/2016\/10\/triangle-345.png\" alt=\"triangle-345\" \/><\/p>\n<p>Le rectangle et d\u2019autres figures g\u00e9om\u00e9triques plus complexes \u00e9taient relativement simples \u00e0 agencer, apr\u00e8s avoir \u00e9tabli le triangle rectangle 3:4:5.<\/p>\n<p>Un carr\u00e9 EBCF, par exemple, peut \u00eatre \u00e9tabli comme suit\u00a0:<\/p>\n<p style=\"padding-left: 30px;\"><a href=\"https:\/\/abrema.pressbooks.com\/wp-content\/uploads\/sites\/43845\/2016\/10\/square-ebcf.png\"><img loading=\"lazy\" decoding=\"async\" class=\"aligncenter wp-image-323 size-full\" src=\"https:\/\/abrema.pressbooks.com\/wp-content\/uploads\/sites\/43845\/2016\/10\/square-ebcf.png\" alt=\"square-ebcf\" width=\"262\" height=\"138\" \/><\/a><\/p>\n<p style=\"padding-left: 30px;\">(A) Construire deux triangles 3:4:5 avec une diagonale commune AC.<\/p>\n<p style=\"padding-left: 30px;\">(B) Relier FE o\u00f9 FC = EB = 3 unit\u00e9s.<\/p>\n<p>La corde \u00e9gyptienne peut \u00eatre utilis\u00e9e comme un compas pour dessiner des arrondis circulaires, comme dans le sch\u00e9ma ci-dessous.<\/p>\n<p><a href=\"https:\/\/abrema.pressbooks.com\/wp-content\/uploads\/sites\/43845\/2016\/10\/circular-curves-300x84.png\"><img loading=\"lazy\" decoding=\"async\" class=\"aligncenter wp-image-324 size-full\" src=\"https:\/\/abrema.pressbooks.com\/wp-content\/uploads\/sites\/43845\/2016\/10\/circular-curves-300x84.png\" alt=\"circular-curves-300x84\" width=\"300\" height=\"84\" \/><\/a><\/p>\n<p>D\u2019autres formes telles que le triangle Neb (d\u2019Or) 8:5 ou le rectangle, comme pr\u00e9sent\u00e9s ci-dessous, peuvent \u00e9galement \u00eatre cr\u00e9\u00e9es avec la corde \u00e9gyptienne.<\/p>\n<p><a href=\"https:\/\/abrema.pressbooks.com\/wp-content\/uploads\/sites\/43845\/2016\/10\/neb-triangle-300x114.png\"><img loading=\"lazy\" decoding=\"async\" class=\"aligncenter wp-image-325 size-full\" src=\"https:\/\/abrema.pressbooks.com\/wp-content\/uploads\/sites\/43845\/2016\/10\/neb-triangle-300x114.png\" alt=\"neb-triangle-300x114\" width=\"300\" height=\"114\" \/><\/a><\/p>\n<p>[Pour en savoir plus sur la formation d\u2019un large \u00e9ventail de figures g\u00e9om\u00e9triques, lire <em>G\u00e9om\u00e9trie Sacr\u00e9e et Num\u00e9rologie<\/em> du m\u00eame auteur.]<br \/>\nLe symbole hi\u00e9roglyphique du neter (dieu) R\u00ea, la force cr\u00e9atrice cosmique, est le cercle. Lorsque la corde est boucl\u00e9e en un cercle entier, l\u2019arch\u00e9type de la cr\u00e9ation, le rayon de ce cercle sacr\u00e9 \u00e9quivaut \u00e0 1,91 coud\u00e9e. En convertissant cette mesure de 1,91 coud\u00e9e du rayon dans le syst\u00e8me m\u00e9trique, nous obtenons 1 m\u00e8tre exact (1,91 x 0,5236). 1 m\u00e8tre = 1\/100,000e du quartier du m\u00e9ridien de la terre. En d\u2019autres termes, cette corde particuli\u00e8re \u00e9gyptienne \u00e0 13 n\u0153uds, ainsi que l\u2019unit\u00e9 \u00e9gyptienne de mesure connue sous le nom de coud\u00e9e s\u2019appuient sur la mesure de la circonf\u00e9rence de la Terre.<\/p>\n<p><img loading=\"lazy\" decoding=\"async\" class=\" wp-image-190 aligncenter\" src=\"https:\/\/pressbooks.com\/app\/uploads\/sites\/56525\/2016\/12\/circle-191-cubits.jpg\" alt=\"\" width=\"117\" height=\"114\" \/><\/p>\n<p>Tout au long de cet ouvrage, vous verrez que cette corde est le seul outil n\u00e9cessaire pour \u00e9tablir toutes les figures g\u00e9om\u00e9triques sacr\u00e9es, en partant d\u2019une ligne droite pour obtenir une courbe et d\u2019autres formes.<\/p>\n<p>&nbsp;<\/p>\n<p><span style=\"color: #ff0000;\"><strong>[Un extrait de L\u2019architecture m\u00e9taphysique des anciens \u00c9gyptiens<\/strong><\/span><span style=\"color: #ff0000;\"><strong> par Moustafa Gadalla]<\/strong><\/span><\/p>\n<p><span style=\"color: #0000ff;\"><strong>https:\/\/egyptianwisdomcenter.org\/product\/larchitecture-metaphysique-des-anciens-egyptiens\/<\/strong><\/span><\/p>\n<p><img decoding=\"async\" class=\"aligncenter\" src=\"https:\/\/books2read-prod.s3.amazonaws.com\/CACHE\/images\/ubl_book_images\/book_display_image_35YmJ5H\/0e5836a2372cf22d95d9511184f87000\" \/><\/p>\n<p style=\"text-align: center;\"><span style=\"color: #0000ff;\"><strong>https:\/\/egyptianwisdomcenter.org\/product\/larchitecture-metaphysique-des-anciens-egyptiens\/<\/strong><\/span><\/p>\n","protected":false},"excerpt":{"rendered":"<p>G\u00e9om\u00e9trie sacr\u00e9e &nbsp; 1. LA G\u00c9OM\u00c9TRIE SACR\u00c9E DE L\u2019ARCHITECTURE DIVINE Pour les \u00c9gyptiens de l\u2019Antiquit\u00e9, la g\u00e9om\u00e9trie \u00e9tait beaucoup plus qu\u2019une \u00e9tude [&hellip;]<\/p>\n","protected":false},"author":3,"featured_media":0,"parent":0,"menu_order":0,"comment_status":"closed","ping_status":"closed","template":"","meta":{"_monsterinsights_skip_tracking":false,"_monsterinsights_sitenote_active":false,"_monsterinsights_sitenote_note":"","_monsterinsights_sitenote_category":0,"footnotes":""},"class_list":["post-4636","page","type-page","status-publish","hentry"],"aioseo_notices":[],"_links":{"self":[{"href":"https:\/\/egyptianwisdomcenter.org\/de\/wp-json\/wp\/v2\/pages\/4636","targetHints":{"allow":["GET"]}}],"collection":[{"href":"https:\/\/egyptianwisdomcenter.org\/de\/wp-json\/wp\/v2\/pages"}],"about":[{"href":"https:\/\/egyptianwisdomcenter.org\/de\/wp-json\/wp\/v2\/types\/page"}],"author":[{"embeddable":true,"href":"https:\/\/egyptianwisdomcenter.org\/de\/wp-json\/wp\/v2\/users\/3"}],"replies":[{"embeddable":true,"href":"https:\/\/egyptianwisdomcenter.org\/de\/wp-json\/wp\/v2\/comments?post=4636"}],"version-history":[{"count":0,"href":"https:\/\/egyptianwisdomcenter.org\/de\/wp-json\/wp\/v2\/pages\/4636\/revisions"}],"wp:attachment":[{"href":"https:\/\/egyptianwisdomcenter.org\/de\/wp-json\/wp\/v2\/media?parent=4636"}],"curies":[{"name":"wp","href":"https:\/\/api.w.org\/{rel}","templated":true}]}}